{"id":885,"date":"2024-10-08T16:52:19","date_gmt":"2024-10-08T14:52:19","guid":{"rendered":"https:\/\/stage.poppersparadise.eu\/product\/iron-fist-black-label-24ml\/"},"modified":"2025-08-20T15:53:22","modified_gmt":"2025-08-20T13:53:22","slug":"iron-fist-black-label-poppers-24ml","status":"publish","type":"product","link":"https:\/\/stage.poppersparadise.eu\/es\/producto\/iron-fist-black-label-poppers-24ml\/","title":{"rendered":"Iron Fist Black Label 24ml"},"content":{"rendered":"<h2 class=\"wp-block-heading\">Descubra la emoci\u00f3n de Iron Fist Etiqueta Negra Poppers 24ml<\/h2>\n\n\n\n<p>Viva una poderosa experiencia olfativa con Iron Fist Etiqueta Negra Poppers 24ml. Especialmente dise\u00f1ado para los amantes de los aromas intensos, este producto ofrece una difusi\u00f3n de fragancias \u00fanica y duradera que lleva cualquier ocasi\u00f3n al siguiente nivel.<\/p>\n\n\n\n<h3 class=\"wp-block-heading\">\u00bfQu\u00e9 hace especial al Iron Fist Etiqueta Negra?<\/h3>\n\n\n\n<ul class=\"wp-block-list\">\n<li><strong>Potente mezcla<\/strong>Combinaci\u00f3n \u00fanica de nitrito de pentilo y nitrito de isoamilo para una experiencia arom\u00e1tica intensa.<\/li>\n\n\n\n<li><strong>Formato pr\u00e1ctico<\/strong>: 24 ml en un fino frasco met\u00e1lico, ideal para un uso prolongado.<\/li>\n\n\n\n<li><strong>Difusi\u00f3n directa de olores<\/strong>: Cree un ambiente \u00fanico en cuesti\u00f3n de minutos.<\/li>\n\n\n\n<li><strong>Uso vers\u00e1til<\/strong>Adecuado para diversos momentos y ocasiones.<\/li>\n\n\n\n<li><strong>Uso econ\u00f3mico<\/strong>Gracias a su potente f\u00f3rmula, s\u00f3lo se necesita una peque\u00f1a cantidad para obtener un gran efecto.<\/li>\n<\/ul>\n\n\n\n<h3 class=\"wp-block-heading\">Los ingredientes<\/h3>\n\n\n\n<ul class=\"wp-block-list\">\n<li><strong>Nitrito de isoamilo<\/strong>: Conocido por su potente difusi\u00f3n de fragancias, ideal para una experiencia intensa y duradera.<\/li>\n\n\n\n<li><strong>Nitrito de pentilo<\/strong>: Ofrece una experiencia de fragancia ligeramente m\u00e1s suave, perfecta para principiantes o para quienes buscan una experiencia m\u00e1s sutil.<\/li>\n<\/ul>\n\n\n\n<h3 class=\"wp-block-heading\">Informaci\u00f3n de seguridad importante<\/h3>\n\n\n\n<ul class=\"wp-block-list\">\n<li><strong>No tome<\/strong>Este producto est\u00e1 dise\u00f1ado \u00fanicamente como difusor de fragancias o disolvente de limpieza.<\/li>\n\n\n\n<li><strong>Evite mezclar<\/strong>No utilizar en combinaci\u00f3n con otros productos.<\/li>\n\n\n\n<li><strong>Sin contacto con la piel<\/strong>Evitar el contacto directo debido a sus propiedades corrosivas.<\/li>\n<\/ul>\n\n\n\n<h3 class=\"wp-block-heading\">Utilice<\/h3>\n\n\n\n<ul class=\"wp-block-list\">\n<li>S\u00f3lo se utiliza como difusor de fragancias o disolvente de limpieza.<\/li>\n\n\n\n<li>No es apto para el consumo humano y no debe inhalarse.<\/li>\n<\/ul>\n\n\n\n<h3 class=\"wp-block-heading\">Almacenamiento<\/h3>\n\n\n\n<ul class=\"wp-block-list\">\n<li>Conservar en lugar fresco y seco.<\/li>\n\n\n\n<li>Mantener fuera del alcance de los ni\u00f1os.<\/li>\n<\/ul>\n\n\n\n<h3 class=\"wp-block-heading\">Pa\u00eds de origen<\/h3>\n\n\n\n<ul class=\"wp-block-list\">\n<li>Luxemburgo<\/li>\n<\/ul>\n\n\n\n<p>Cree una atm\u00f3sfera \u00fanica y disfrute de una intensa experiencia olfativa con Iron Fist Etiqueta Negra Poppers 24ml. \u00a1Haz tu pedido hoy mismo y descubre por qu\u00e9 este producto es tan apreciado por los amantes de los aromas potentes!<\/p>","protected":false},"excerpt":{"rendered":"<p><strong><br \/>ACCESORIOS COMPATIBLES:<\/strong><\/p>\n<ul>\n<li><a href=\"https:\/\/stage.poppersparadise.eu\/es\/categoria-de-productos\/accesorios\/olfateadores-pequenos\/\">Olfateadores Peque\u00f1os<\/a><\/li>\n<\/ul>","protected":false},"featured_media":362,"comment_status":"open","ping_status":"closed","template":"","meta":[],"product_brand":[742],"product_cat":[35],"product_tag":[],"class_list":{"0":"post-885","1":"product","2":"type-product","3":"status-publish","4":"has-post-thumbnail","6":"product_brand-iron-fist","7":"product_cat-grote-flesjes-poppers","9":"first","10":"instock","11":"taxable","12":"shipping-taxable","13":"purchasable","14":"product-type-simple"},"_links":{"self":[{"href":"https:\/\/stage.poppersparadise.eu\/es\/wp-json\/wp\/v2\/product\/885","targetHints":{"allow":["GET"]}}],"collection":[{"href":"https:\/\/stage.poppersparadise.eu\/es\/wp-json\/wp\/v2\/product"}],"about":[{"href":"https:\/\/stage.poppersparadise.eu\/es\/wp-json\/wp\/v2\/types\/product"}],"replies":[{"embeddable":true,"href":"https:\/\/stage.poppersparadise.eu\/es\/wp-json\/wp\/v2\/comments?post=885"}],"wp:featuredmedia":[{"embeddable":true,"href":"https:\/\/stage.poppersparadise.eu\/es\/wp-json\/wp\/v2\/media\/362"}],"wp:attachment":[{"href":"https:\/\/stage.poppersparadise.eu\/es\/wp-json\/wp\/v2\/media?parent=885"}],"wp:term":[{"taxonomy":"product_brand","embeddable":true,"href":"https:\/\/stage.poppersparadise.eu\/es\/wp-json\/wp\/v2\/product_brand?post=885"},{"taxonomy":"product_cat","embeddable":true,"href":"https:\/\/stage.poppersparadise.eu\/es\/wp-json\/wp\/v2\/product_cat?post=885"},{"taxonomy":"product_tag","embeddable":true,"href":"https:\/\/stage.poppersparadise.eu\/es\/wp-json\/wp\/v2\/product_tag?post=885"}],"curies":[{"name":"wp","href":"https:\/\/api.w.org\/{rel}","templated":true}]}}