{"id":901,"date":"2024-10-08T16:52:23","date_gmt":"2024-10-08T14:52:23","guid":{"rendered":"https:\/\/stage.poppersparadise.eu\/product\/king-gold-pentyl-15ml\/"},"modified":"2025-08-20T09:00:27","modified_gmt":"2025-08-20T07:00:27","slug":"king-gold-pentyl-poppers-15ml","status":"publish","type":"product","link":"https:\/\/stage.poppersparadise.eu\/es\/producto\/king-gold-pentyl-poppers-15ml\/","title":{"rendered":"King Gold Pentyl 15ml"},"content":{"rendered":"<h2 class=\"wp-block-heading\">Descubra King Gold Pentyl Poppers<\/h2>\n\n\n\n<p>Viva una experiencia de fragancia \u00fanica con King Gold Pentyl Poppers. Especialmente dise\u00f1ado para los entusiastas, este difusor de fragancias ofrece una potente f\u00f3rmula de nitrito de pentilo XXstrong. Gracias a su eficaz composici\u00f3n, disfrutar\u00e1 de una difusi\u00f3n de fragancia de larga duraci\u00f3n, perfecta para ocasiones festivas.<\/p>\n\n\n\n<h3 class=\"wp-block-heading\">Caracter\u00edsticas principales de King Gold Pentyl Poppers<\/h3>\n\n\n\n<ul class=\"wp-block-list\">\n<li><strong>F\u00f3rmula extrafuerte<\/strong>: Contiene nitrito de pentilo XXstrong para una difusi\u00f3n potente y eficaz de los olores.<\/li>\n\n\n\n<li><strong>Placer duradero<\/strong>: El frasco de 15 ml dura mucho tiempo gracias a su uso eficaz.<\/li>\n\n\n\n<li><strong>Rentable<\/strong>Disfrute de atractivos descuentos por volumen al comprar varias botellas.<\/li>\n<\/ul>\n\n\n\n<h3 class=\"wp-block-heading\">Informaci\u00f3n importante para el usuario<\/h3>\n\n\n\n<ul class=\"wp-block-list\">\n<li>Este producto est\u00e1 destinado a utilizarse \u00fanicamente como difusor de fragancias o disolvente de limpieza.<\/li>\n\n\n\n<li>No es apto para el consumo humano ni para la inhalaci\u00f3n.<\/li>\n\n\n\n<li>Evitar el contacto directo con la piel debido a sus propiedades c\u00e1usticas.<\/li>\n\n\n\n<li>Gu\u00e1rdelo en un lugar fresco y oscuro y cierre bien el frasco despu\u00e9s de usarlo.<\/li>\n<\/ul>\n\n\n\n<h3 class=\"wp-block-heading\">Advertencias<\/h3>\n\n\n\n<ul class=\"wp-block-list\">\n<li>L\u00edquido y vapores f\u00e1cilmente inflamables (H225).<\/li>\n\n\n\n<li>Provoca irritaci\u00f3n cut\u00e1nea y ocular (H315\/H319).<\/li>\n\n\n\n<li>T\u00f3xico por inhalaci\u00f3n (H331).<\/li>\n\n\n\n<li>No es un medicamento ni un producto m\u00e9dico.<\/li>\n\n\n\n<li>Utilizar s\u00f3lo seg\u00fan las indicaciones.<\/li>\n<\/ul>\n\n\n\n<h3 class=\"wp-block-heading\">Almacenamiento<\/h3>\n\n\n\n<ul class=\"wp-block-list\">\n<li>Conservar en lugar fresco y seco.<\/li>\n\n\n\n<li>Mantener fuera del alcance de los ni\u00f1os.<\/li>\n<\/ul>\n\n\n\n<h3 class=\"wp-block-heading\">\u00bfPor qu\u00e9 elegir King Gold Pentyl Poppers?<\/h3>\n\n\n\n<p>King Gold Pentyl Poppers combinan una potente difusi\u00f3n de fragancias con una f\u00f3rmula para principiantes y ventajas econ\u00f3micas. Perfecto para los entusiastas que buscan una experiencia de fragancia de alta calidad.<\/p>\n\n\n\n<p>\u00a1Pida su botella de King Gold Pentyl Poppers hoy mismo y descubra el poder y la intensidad que este producto tiene para ofrecer!<\/p>","protected":false},"excerpt":{"rendered":"<p><strong><br \/>ACCESORIOS COMPATIBLES:<\/strong><\/p>\n<ul>\n<li><a href=\"https:\/\/stage.poppersparadise.eu\/es\/categoria-de-productos\/accesorios\/olfateadores-xs\/\">Olfateadores XS<\/a><\/li>\n<\/ul>","protected":false},"featured_media":594,"comment_status":"open","ping_status":"closed","template":"","meta":[],"product_brand":[],"product_cat":[34],"product_tag":[],"class_list":{"0":"post-901","1":"product","2":"type-product","3":"status-publish","4":"has-post-thumbnail","6":"product_cat-kleine-flesjes-poppers","8":"first","9":"instock","10":"taxable","11":"shipping-taxable","12":"purchasable","13":"product-type-simple"},"_links":{"self":[{"href":"https:\/\/stage.poppersparadise.eu\/es\/wp-json\/wp\/v2\/product\/901","targetHints":{"allow":["GET"]}}],"collection":[{"href":"https:\/\/stage.poppersparadise.eu\/es\/wp-json\/wp\/v2\/product"}],"about":[{"href":"https:\/\/stage.poppersparadise.eu\/es\/wp-json\/wp\/v2\/types\/product"}],"replies":[{"embeddable":true,"href":"https:\/\/stage.poppersparadise.eu\/es\/wp-json\/wp\/v2\/comments?post=901"}],"wp:featuredmedia":[{"embeddable":true,"href":"https:\/\/stage.poppersparadise.eu\/es\/wp-json\/wp\/v2\/media\/594"}],"wp:attachment":[{"href":"https:\/\/stage.poppersparadise.eu\/es\/wp-json\/wp\/v2\/media?parent=901"}],"wp:term":[{"taxonomy":"product_brand","embeddable":true,"href":"https:\/\/stage.poppersparadise.eu\/es\/wp-json\/wp\/v2\/product_brand?post=901"},{"taxonomy":"product_cat","embeddable":true,"href":"https:\/\/stage.poppersparadise.eu\/es\/wp-json\/wp\/v2\/product_cat?post=901"},{"taxonomy":"product_tag","embeddable":true,"href":"https:\/\/stage.poppersparadise.eu\/es\/wp-json\/wp\/v2\/product_tag?post=901"}],"curies":[{"name":"wp","href":"https:\/\/api.w.org\/{rel}","templated":true}]}}