{"id":937,"date":"2024-10-08T16:52:34","date_gmt":"2024-10-08T14:52:34","guid":{"rendered":"https:\/\/stage.poppersparadise.eu\/product\/original-black-label-pentyl10ml\/"},"modified":"2025-09-09T12:17:25","modified_gmt":"2025-09-09T10:17:25","slug":"pentyl-poppers-original-etiqueta-negra-10ml","status":"publish","type":"product","link":"https:\/\/stage.poppersparadise.eu\/es\/producto\/pentyl-poppers-original-etiqueta-negra-10ml\/","title":{"rendered":"\u26a1Original Black Label Pentyl\u26a110ml"},"content":{"rendered":"<h2 class=\"wp-block-heading\">Descubra el Pentyl Original Etiqueta Negra Poppers<\/h2>\n\n\n\n<p>Viva una experiencia de fragancia \u00fanica con el Pentyl Original Etiqueta Negra, la elecci\u00f3n definitiva para quienes buscan una difusi\u00f3n de fragancia intensa y duradera. Fabricados con una potente f\u00f3rmula de nitrito de pentilo, estos poppers est\u00e1n dise\u00f1ados para crear un ambiente agradable y relajante.<\/p>\n\n\n\n<h3 class=\"wp-block-heading\">Caracter\u00edsticas principales<\/h3>\n\n\n\n<ul class=\"wp-block-list\">\n<li><strong>Potente f\u00f3rmula<\/strong>: Elaborado con nitrito de pentilo para una difusi\u00f3n duradera e intensa de la fragancia.<\/li>\n\n\n\n<li><strong>Experiencia de alta calidad<\/strong>: Crea una experiencia arom\u00e1tica \u00fanica y refrescante.<\/li>\n\n\n\n<li><strong>Port\u00e1til y discreto<\/strong>: Disponible en frascos de 10 ml y 30 ml, ideal para facilitar su transporte y uso.<\/li>\n\n\n\n<li><strong>Oferta exclusiva<\/strong>Aproveche los atractivos descuentos por volumen al comprar 3 o m\u00e1s botellas.<\/li>\n<\/ul>\n\n\n\n<h3 class=\"wp-block-heading\">Especificaciones<\/h3>\n\n\n\n<ul class=\"wp-block-list\">\n<li><strong>B\u00e1sico<\/strong>: Nitrito de isopentilo<\/li>\n\n\n\n<li><strong>Tallas disponibles<\/strong>10 ml \/ 30 ml<\/li>\n<\/ul>\n\n\n\n<h3 class=\"wp-block-heading\">Aplicaci\u00f3n<\/h3>\n\n\n\n<p>Los Pentyl Original Etiqueta Negra son ideales para crear un ambiente relajante y agradable en cualquier habitaci\u00f3n. El producto est\u00e1 destinado a utilizarse \u00fanicamente como difusor de fragancias o soluci\u00f3n limpiadora.<\/p>\n\n\n\n<h3 class=\"wp-block-heading\">Informaci\u00f3n importante para el usuario<\/h3>\n\n\n\n<ul class=\"wp-block-list\">\n<li>Este producto est\u00e1 destinado a utilizarse \u00fanicamente como difusor de fragancias o disolvente de limpieza.<\/li>\n\n\n\n<li>No es apto para el consumo humano ni para la inhalaci\u00f3n.<\/li>\n\n\n\n<li>Evitar el contacto directo con la piel debido a sus propiedades c\u00e1usticas.<\/li>\n\n\n\n<li>Gu\u00e1rdelo en un lugar fresco y oscuro y cierre bien el frasco despu\u00e9s de usarlo.<\/li>\n<\/ul>\n\n\n\n<h3 class=\"wp-block-heading\">Advertencias<\/h3>\n\n\n\n<ul class=\"wp-block-list\">\n<li>L\u00edquido y vapores f\u00e1cilmente inflamables (H225)<\/li>\n\n\n\n<li>Provoca irritaci\u00f3n cut\u00e1nea y ocular (H315\/H319)<\/li>\n\n\n\n<li>T\u00f3xico por inhalaci\u00f3n (H331)<\/li>\n\n\n\n<li>No es un medicamento ni un producto m\u00e9dico<\/li>\n\n\n\n<li>Utilizar s\u00f3lo como se indica<\/li>\n<\/ul>\n\n\n\n<h3 class=\"wp-block-heading\">Almacenamiento<\/h3>\n\n\n\n<ul class=\"wp-block-list\">\n<li>Conservar en lugar fresco y seco.<\/li>\n\n\n\n<li>Mantener fuera del alcance de los ni\u00f1os.<\/li>\n<\/ul>\n\n\n\n<h3 class=\"wp-block-heading\">Pa\u00eds de origen<\/h3>\n\n\n\n<ul class=\"wp-block-list\">\n<li>Luxemburgo<\/li>\n<\/ul>\n\n\n\n<p>Descubra la exclusiva difusi\u00f3n de fragancias del Pentyl Original Etiqueta Negra y experimente la calidad e intensidad que ofrecen. \u00a1Haz tu pedido hoy y transforma cada momento en algo especial!<\/p>","protected":false},"excerpt":{"rendered":"<p><strong><br \/>ACCESORIOS COMPATIBLES:<\/strong><\/p>\n<ul>\n<li><a href=\"https:\/\/stage.poppersparadise.eu\/es\/categoria-de-productos\/accesorios\/olfateadores-pequenos\/\">Olfateadores Peque\u00f1os<\/a><\/li>\n<li><a href=\"https:\/\/stage.poppersparadise.eu\/es\/producto\/xtrm-poppers-houder-zwart-small\/\">XTRM Poppers Soporte Peque\u00f1o<\/a><\/li>\n<li><a href=\"https:\/\/stage.poppersparadise.eu\/es\/producto\/xtrm-poppers-keeper-pequeno-10ml\/\">XTRM Poppers Guardi\u00e1n peque\u00f1o<\/a><\/li>\n<\/ul>","protected":false},"featured_media":645,"comment_status":"open","ping_status":"closed","template":"","meta":[],"product_brand":[748],"product_cat":[34],"product_tag":[],"class_list":{"0":"post-937","1":"product","2":"type-product","3":"status-publish","4":"has-post-thumbnail","6":"product_brand-original","7":"product_cat-kleine-flesjes-poppers","9":"first","10":"instock","11":"taxable","12":"shipping-taxable","13":"purchasable","14":"product-type-simple"},"_links":{"self":[{"href":"https:\/\/stage.poppersparadise.eu\/es\/wp-json\/wp\/v2\/product\/937","targetHints":{"allow":["GET"]}}],"collection":[{"href":"https:\/\/stage.poppersparadise.eu\/es\/wp-json\/wp\/v2\/product"}],"about":[{"href":"https:\/\/stage.poppersparadise.eu\/es\/wp-json\/wp\/v2\/types\/product"}],"replies":[{"embeddable":true,"href":"https:\/\/stage.poppersparadise.eu\/es\/wp-json\/wp\/v2\/comments?post=937"}],"wp:featuredmedia":[{"embeddable":true,"href":"https:\/\/stage.poppersparadise.eu\/es\/wp-json\/wp\/v2\/media\/645"}],"wp:attachment":[{"href":"https:\/\/stage.poppersparadise.eu\/es\/wp-json\/wp\/v2\/media?parent=937"}],"wp:term":[{"taxonomy":"product_brand","embeddable":true,"href":"https:\/\/stage.poppersparadise.eu\/es\/wp-json\/wp\/v2\/product_brand?post=937"},{"taxonomy":"product_cat","embeddable":true,"href":"https:\/\/stage.poppersparadise.eu\/es\/wp-json\/wp\/v2\/product_cat?post=937"},{"taxonomy":"product_tag","embeddable":true,"href":"https:\/\/stage.poppersparadise.eu\/es\/wp-json\/wp\/v2\/product_tag?post=937"}],"curies":[{"name":"wp","href":"https:\/\/api.w.org\/{rel}","templated":true}]}}