{"id":943,"date":"2024-10-08T16:52:35","date_gmt":"2024-10-08T14:52:35","guid":{"rendered":"https:\/\/stage.poppersparadise.eu\/product\/original-zero10ml\/"},"modified":"2025-08-19T15:44:04","modified_gmt":"2025-08-19T13:44:04","slug":"original-zero-poppers-10ml","status":"publish","type":"product","link":"https:\/\/stage.poppersparadise.eu\/es\/producto\/original-zero-poppers-10ml\/","title":{"rendered":"\u26a1Original Zero\u26a110ml"},"content":{"rendered":"<h2 class=\"wp-block-heading\">Desata un subid\u00f3n emocionante con el potente Original Zero Poppers<\/h2>\n\n\n\n<p>Viva una experiencia de fragancia \u00fanica con Original Zero Poppers, especialmente dise\u00f1ado para quienes buscan una difusi\u00f3n de fragancia intensa y duradera. Con una avanzada mezcla de nitritos de isoamilo e isopropilo, este producto ofrece un potente efecto perfecto para crear un ambiente relajante y agradable.<\/p>\n\n\n\n<h3 class=\"wp-block-heading\">Especificaciones del producto<\/h3>\n\n\n\n<ul class=\"wp-block-list\">\n<li><strong>Potente f\u00f3rmula<\/strong>Nitritos de isoamilo e isopropilo: Una mezcla \u00fanica de nitritos de isoamilo e isopropilo para una difusi\u00f3n duradera e intensa de la fragancia.<\/li>\n\n\n\n<li><strong>Envases c\u00f3modos<\/strong>: Disponible en frascos de vidrio de 10 ml y 30 ml, ideales para facilitar su transporte y uso.<\/li>\n\n\n\n<li><strong>Mejor retenci\u00f3n del aroma<\/strong>Cada frasco contiene una pastilla para preservar la frescura y la potencia del aroma.<\/li>\n\n\n\n<li><strong>Oferta exclusiva<\/strong>Aproveche los descuentos por volumen al comprar 3 o m\u00e1s botellas.<\/li>\n<\/ul>\n\n\n\n<h3 class=\"wp-block-heading\">Aplicaci\u00f3n<\/h3>\n\n\n\n<p>Los Original Zero Poppers son ideales para crear un ambiente relajante y agradable en cualquier habitaci\u00f3n. El producto est\u00e1 destinado a utilizarse \u00fanicamente como difusor de fragancias o soluci\u00f3n limpiadora.<\/p>\n\n\n\n<h3 class=\"wp-block-heading\">Informaci\u00f3n importante para el usuario<\/h3>\n\n\n\n<ul class=\"wp-block-list\">\n<li>Este producto est\u00e1 destinado a utilizarse \u00fanicamente como difusor de fragancias o disolvente de limpieza.<\/li>\n\n\n\n<li>No es apto para el consumo humano ni para la inhalaci\u00f3n.<\/li>\n\n\n\n<li>Evitar el contacto directo con la piel debido a sus propiedades c\u00e1usticas.<\/li>\n\n\n\n<li>Gu\u00e1rdelo en un lugar fresco y oscuro y cierre bien el frasco despu\u00e9s de usarlo.<\/li>\n<\/ul>\n\n\n\n<h3 class=\"wp-block-heading\">Advertencias<\/h3>\n\n\n\n<ul class=\"wp-block-list\">\n<li>L\u00edquido y vapores f\u00e1cilmente inflamables (H225).<\/li>\n\n\n\n<li>Provoca irritaci\u00f3n cut\u00e1nea y ocular (H315\/H319).<\/li>\n\n\n\n<li>T\u00f3xico por inhalaci\u00f3n (H331).<\/li>\n\n\n\n<li>No es un medicamento ni un producto m\u00e9dico.<\/li>\n\n\n\n<li>Utilizar s\u00f3lo seg\u00fan las indicaciones.<\/li>\n<\/ul>\n\n\n\n<h3 class=\"wp-block-heading\">Almacenamiento<\/h3>\n\n\n\n<ul class=\"wp-block-list\">\n<li>Conservar en lugar fresco y seco.<\/li>\n\n\n\n<li>Mantener fuera del alcance de los ni\u00f1os.<\/li>\n<\/ul>\n\n\n\n<h3 class=\"wp-block-heading\">Pa\u00eds de origen<\/h3>\n\n\n\n<ul class=\"wp-block-list\">\n<li>Luxemburgo<\/li>\n<\/ul>\n\n\n\n<p>Mejore su experiencia olfativa con Original Zero Poppers y descubra la calidad e intensidad que ofrecen. \u00a1Haz tu pedido hoy y haz que cada momento sea especial con estos potentes poppers!<\/p>","protected":false},"excerpt":{"rendered":"<p><strong><br \/>ACCESORIOS COMPATIBLES:<\/strong><\/p>\n<ul>\n<li><a href=\"https:\/\/stage.poppersparadise.eu\/es\/categoria-de-productos\/accesorios\/olfateadores-pequenos\/\">Olfateadores Peque\u00f1os<\/a><\/li>\n<li><a href=\"https:\/\/stage.poppersparadise.eu\/es\/producto\/xtrm-poppers-houder-zwart-small\/\">XTRM Poppers Soporte Peque\u00f1o<\/a><\/li>\n<li><a href=\"https:\/\/stage.poppersparadise.eu\/es\/producto\/xtrm-poppers-keeper-pequeno-10ml\/\">XTRM Poppers Guardi\u00e1n peque\u00f1o<\/a><\/li>\n<\/ul>","protected":false},"featured_media":650,"comment_status":"open","ping_status":"closed","template":"","meta":[],"product_brand":[748],"product_cat":[34],"product_tag":[],"class_list":{"0":"post-943","1":"product","2":"type-product","3":"status-publish","4":"has-post-thumbnail","6":"product_brand-original","7":"product_cat-kleine-flesjes-poppers","9":"first","10":"instock","11":"taxable","12":"shipping-taxable","13":"purchasable","14":"product-type-simple"},"_links":{"self":[{"href":"https:\/\/stage.poppersparadise.eu\/es\/wp-json\/wp\/v2\/product\/943","targetHints":{"allow":["GET"]}}],"collection":[{"href":"https:\/\/stage.poppersparadise.eu\/es\/wp-json\/wp\/v2\/product"}],"about":[{"href":"https:\/\/stage.poppersparadise.eu\/es\/wp-json\/wp\/v2\/types\/product"}],"replies":[{"embeddable":true,"href":"https:\/\/stage.poppersparadise.eu\/es\/wp-json\/wp\/v2\/comments?post=943"}],"wp:featuredmedia":[{"embeddable":true,"href":"https:\/\/stage.poppersparadise.eu\/es\/wp-json\/wp\/v2\/media\/650"}],"wp:attachment":[{"href":"https:\/\/stage.poppersparadise.eu\/es\/wp-json\/wp\/v2\/media?parent=943"}],"wp:term":[{"taxonomy":"product_brand","embeddable":true,"href":"https:\/\/stage.poppersparadise.eu\/es\/wp-json\/wp\/v2\/product_brand?post=943"},{"taxonomy":"product_cat","embeddable":true,"href":"https:\/\/stage.poppersparadise.eu\/es\/wp-json\/wp\/v2\/product_cat?post=943"},{"taxonomy":"product_tag","embeddable":true,"href":"https:\/\/stage.poppersparadise.eu\/es\/wp-json\/wp\/v2\/product_tag?post=943"}],"curies":[{"name":"wp","href":"https:\/\/api.w.org\/{rel}","templated":true}]}}