{"id":10631,"date":"2024-10-13T19:06:52","date_gmt":"2024-10-13T19:06:52","guid":{"rendered":"https:\/\/stage.poppersparadise.eu\/product\/xtrm-snffr-solo-large\/"},"modified":"2025-10-06T23:06:21","modified_gmt":"2025-10-06T21:06:21","slug":"xtrm-snffr-solo-suuri","status":"publish","type":"product","link":"https:\/\/stage.poppersparadise.eu\/fi\/product\/xtrm-snffr-solo-suuri\/","title":{"rendered":"XTRM SNFFR Large Solo"},"content":{"rendered":"<p><strong>XTRM Sniffer-inhalaattori on nahanpuhdistimille tarkoitettu nuuskainhalaattorin lis\u00e4laite.<\/strong>. T\u00e4m\u00e4n lis\u00e4laitteen avulla nuuskaaminen antaa sinulle aivan uudenlaisen kiireen. Niin intensiivist\u00e4, niin puhdasta, niin kiimaista ja lihavinta vasaraa, jota et ole koskaan n\u00e4hnyt.<\/p>\n<p>T\u00e4m\u00e4n XTRM Sniffer-inhalaattorin avulla nahanpuhdistusaineesi on heti k\u00e4ytt\u00f6valmis, eik\u00e4 kierrekorkin kanssa tarvitse en\u00e4\u00e4 n\u00e4pytell\u00e4. Vattua tai maskia ei en\u00e4\u00e4 tarvita ja tuotteen l\u00e4ikkymisen mahdollisuus on paljon pienempi.<\/p>\n<p><strong>Ja mik\u00e4 parasta: sivuvaikutuksia ei ole. Ei ep\u00e4miellytt\u00e4v\u00e4\u00e4 ihokosketusta aromin kanssa, ei iho\u00e4rsytyst\u00e4 tai punoitusta.<\/strong><\/p>\n<ul>\n<li>Sopii kaikkiin suuriin Leather Cleaner -pulloihin<\/li>\n<li>Vaikutus voimistuu moninkertaisesti<\/li>\n<li>Inhalaatioj\u00e4rjestelm\u00e4 saa mahtavan potkun aromin moninkertaisesta kierrosta.<\/li>\n<li>Ei iho\u00e4rsytyst\u00e4 tai punaista nen\u00e4\u00e4<\/li>\n<li>Vanhat aromit her\u00e4\u00e4v\u00e4t henkiin SNFFR:n avulla ja ovat j\u00e4lleen voimakkaita kuten ennenkin.<\/li>\n<li>Ei ep\u00e4miellytt\u00e4v\u00e4\u00e4 ihokosketusta aromin kanssa, ei iho\u00e4rsytyst\u00e4 tai punoitusta.<\/li>\n<li>Hauskuus k\u00e4den ulottuvilla, ei en\u00e4\u00e4 vaivaa ruuvikorkin kanssa.<\/li>\n<li>100 % valmistettu It\u00e4vallassa (ei Kiinassa tai muissa halpamaissa).<\/li>\n<li>XTRM Sniffer-inhalaattori on nahanpuhdistusaineisiin tarkoitettu haistelulaite. T\u00e4m\u00e4n lis\u00e4laitteen avulla nuuskaaminen antaa sinulle aivan uudenlaisen kiireen. Niin intensiivist\u00e4, niin puhdasta, niin kiimaista ja lihavinta vasarahumua, jota et ole koskaan n\u00e4hnyt.<\/li>\n<li>T\u00e4m\u00e4n XTRM Sniffer-inhalaattorin avulla nahanpuhdistusaineesi on heti k\u00e4ytt\u00f6valmis, eik\u00e4 en\u00e4\u00e4 tarvitse n\u00e4pytell\u00e4 kierrekorkkia. Vattua tai maskia ei en\u00e4\u00e4 tarvita ja tuotteen l\u00e4ikkymisen mahdollisuus on paljon pienempi.<\/li>\n<li>Ja mik\u00e4 parasta: sivuvaikutuksia ei ole. Ei ep\u00e4miellytt\u00e4v\u00e4\u00e4 ihokosketusta aromin kanssa, ei iho\u00e4rsytyst\u00e4 tai punoitusta.<\/li>\n<\/ul>\n<p><strong><br \/>K\u00e4ytt\u00e4j\u00e4n k\u00e4sikirja<\/strong>: XTRM Sniffer-inhalaattori ei pid\u00e4 auringosta, kuumuudesta, kylmyydest\u00e4 tai kovista puhdistusaineista. Se on parasta pest\u00e4 jokaisen k\u00e4yt\u00f6n j\u00e4lkeen ja laittaa takaisin pakkaukseensa.<\/p>\n<p><img decoding=\"async\" src=\"https:\/\/cdn.webshopapp.com\/shops\/261986\/files\/457767906\/large-bottles.jpg\" alt=\"\" width=\"100%\" \/><\/p>","protected":false},"excerpt":{"rendered":"<p>XTRM Sniffer-inhalaattori on nahanpuhdistuslaitteisiin tarkoitettu haistelulaite. T\u00e4m\u00e4n lis\u00e4laitteen avulla nuuhkiminen antaa sinulle aivan uudenlaisen kiireen. Niin intensiivist\u00e4, niin puhdasta, niin kiimaista ja lihavinta vasarahumua, jota et ole koskaan n\u00e4hnyt.<\/p>","protected":false},"featured_media":14750,"comment_status":"open","ping_status":"closed","template":"","meta":[],"product_brand":[752],"product_cat":[330,530],"product_tag":[528],"class_list":{"0":"post-10631","1":"product","2":"type-product","3":"status-publish","4":"has-post-thumbnail","6":"product_brand-xtrm","7":"product_cat-accessoires","8":"product_cat-sniffers-large","9":"product_tag-largesnnfr","11":"first","12":"instock","13":"sale","14":"taxable","15":"shipping-taxable","16":"purchasable","17":"product-type-simple"},"_links":{"self":[{"href":"https:\/\/stage.poppersparadise.eu\/fi\/wp-json\/wp\/v2\/product\/10631","targetHints":{"allow":["GET"]}}],"collection":[{"href":"https:\/\/stage.poppersparadise.eu\/fi\/wp-json\/wp\/v2\/product"}],"about":[{"href":"https:\/\/stage.poppersparadise.eu\/fi\/wp-json\/wp\/v2\/types\/product"}],"replies":[{"embeddable":true,"href":"https:\/\/stage.poppersparadise.eu\/fi\/wp-json\/wp\/v2\/comments?post=10631"}],"wp:featuredmedia":[{"embeddable":true,"href":"https:\/\/stage.poppersparadise.eu\/fi\/wp-json\/wp\/v2\/media\/14750"}],"wp:attachment":[{"href":"https:\/\/stage.poppersparadise.eu\/fi\/wp-json\/wp\/v2\/media?parent=10631"}],"wp:term":[{"taxonomy":"product_brand","embeddable":true,"href":"https:\/\/stage.poppersparadise.eu\/fi\/wp-json\/wp\/v2\/product_brand?post=10631"},{"taxonomy":"product_cat","embeddable":true,"href":"https:\/\/stage.poppersparadise.eu\/fi\/wp-json\/wp\/v2\/product_cat?post=10631"},{"taxonomy":"product_tag","embeddable":true,"href":"https:\/\/stage.poppersparadise.eu\/fi\/wp-json\/wp\/v2\/product_tag?post=10631"}],"curies":[{"name":"wp","href":"https:\/\/api.w.org\/{rel}","templated":true}]}}