{"id":12105,"date":"2024-11-01T12:53:55","date_gmt":"2024-11-01T11:53:55","guid":{"rendered":"https:\/\/stage.poppersparadise.eu\/?post_type=product&#038;p=12105"},"modified":"2025-08-04T18:10:58","modified_gmt":"2025-08-04T16:10:58","slug":"xtrm-poppers-haltija-alumiini","status":"publish","type":"product","link":"https:\/\/stage.poppersparadise.eu\/fi\/product\/xtrm-poppers-haltija-alumiini\/","title":{"rendered":"XTRM Poppers Houder (Aluminium)"},"content":{"rendered":"<h2 class=\"font-bold text-h3 leading-[36px] pt-[21px] pb-[2px] [&amp;_a]:underline-offset-[6px] [&amp;_.underline]:underline-offset-[6px]\" dir=\"ltr\">Mullista makuel\u00e4myksesi XTRM-pidikkeell\u00e4.<\/h2>\n<p class=\"text-body font-regular leading-[24px] pt-[9px] pb-[2px]\" dir=\"ltr\">XTRM Holder on enemm\u00e4n kuin pelkk\u00e4 jalusta; se on teknisen suunnittelun mestariteos, joka on suunniteltu pit\u00e4m\u00e4\u00e4n popperit turvallisesti paikallaan miss\u00e4 tahansa ymp\u00e4rist\u00f6ss\u00e4. T\u00e4m\u00e4 v\u00e4ltt\u00e4m\u00e4t\u00f6n lis\u00e4varuste varmistaa, ett\u00e4 popperisi tai kanisterisi pysyy tukevasti paikallaan ja tarjoaa vertaansa vailla olevan vakauden.<\/p>\n<h3 class=\"font-bold text-h4 leading-[30px] pt-[15px] pb-[2px] [&amp;_a]:underline-offset-[6px] [&amp;_.underline]:underline-offset-[6px]\" dir=\"ltr\">T\u00e4rkeimm\u00e4t ominaisuudet:<\/h3>\n<ul class=\"pt-[9px] pb-[2px] pl-[24px] list-disc [&amp;_ul]:pt-[5px] pt-[5px]\">\n<li class=\"text-body font-regular leading-[24px] my-[5px] [&amp;&gt;ol]:!pt-0 [&amp;&gt;ol]:!pb-0 [&amp;&gt;ul]:!pt-0 [&amp;&gt;ul]:!pb-0\" value=\"1\"><b><strong class=\"font-bold\">Turvallinen ote<\/strong><\/b>: Pit\u00e4\u00e4 popparit vakaina ja est\u00e4\u00e4 roiskeet ja kaatumisen.<\/li>\n<li class=\"text-body font-regular leading-[24px] my-[5px] [&amp;&gt;ol]:!pt-0 [&amp;&gt;ol]:!pb-0 [&amp;&gt;ul]:!pt-0 [&amp;&gt;ul]:!pb-0\" value=\"2\"><b><strong class=\"font-bold\">Mukautuva suunnittelu<\/strong><\/b>: Mukautuu vaivattomasti erilaisiin pullon muotoihin ja antaa pit\u00e4v\u00e4n otteen.<\/li>\n<li class=\"text-body font-regular leading-[24px] my-[5px] [&amp;&gt;ol]:!pt-0 [&amp;&gt;ol]:!pb-0 [&amp;&gt;ul]:!pt-0 [&amp;&gt;ul]:!pb-0\" value=\"3\"><b><strong class=\"font-bold\">Kest\u00e4v\u00e4 rakenne<\/strong><\/b>: Rakennettu kest\u00e4m\u00e4\u00e4n intensiivist\u00e4 k\u00e4ytt\u00f6\u00e4 menett\u00e4m\u00e4tt\u00e4 vakauttaan.<\/li>\n<li class=\"text-body font-regular leading-[24px] my-[5px] [&amp;&gt;ol]:!pt-0 [&amp;&gt;ol]:!pb-0 [&amp;&gt;ul]:!pt-0 [&amp;&gt;ul]:!pb-0\" value=\"4\"><b><strong class=\"font-bold\">Keskity kokemukseen<\/strong><\/b>: Varmistaa keskeytym\u00e4tt\u00f6m\u00e4n nautinnon aistiseikkailustasi.<\/li>\n<li class=\"text-body font-regular leading-[24px] my-[5px] [&amp;&gt;ol]:!pt-0 [&amp;&gt;ol]:!pb-0 [&amp;&gt;ul]:!pt-0 [&amp;&gt;ul]:!pb-0\" value=\"5\"><b><strong class=\"font-bold\">Helppo k\u00e4ytt\u00e4\u00e4<\/strong><\/b>: Suunniteltu pysym\u00e4\u00e4n pullon p\u00e4\u00e4ll\u00e4 k\u00e4yt\u00f6n aikana, jotta se on helposti saatavilla.<\/li>\n<li class=\"text-body font-regular leading-[24px] my-[5px] [&amp;&gt;ol]:!pt-0 [&amp;&gt;ol]:!pb-0 [&amp;&gt;ul]:!pt-0 [&amp;&gt;ul]:!pb-0\" value=\"6\"><b><strong class=\"font-bold\">Monipuolinen k\u00e4ytt\u00f6<\/strong><\/b>: Ihanteellinen sek\u00e4 henkil\u00f6kohtaiseen ett\u00e4 ammatilliseen ymp\u00e4rist\u00f6\u00f6n.<\/li>\n<\/ul>\n<h3 class=\"font-bold text-h4 leading-[30px] pt-[15px] pb-[2px] [&amp;_a]:underline-offset-[6px] [&amp;_.underline]:underline-offset-[6px]\" dir=\"ltr\">Tuotteen tekniset tiedot:<\/h3>\n<ul class=\"pt-[9px] pb-[2px] pl-[24px] list-disc [&amp;_ul]:pt-[5px] pt-[5px]\">\n<li class=\"text-body font-regular leading-[24px] my-[5px] [&amp;&gt;ol]:!pt-0 [&amp;&gt;ol]:!pb-0 [&amp;&gt;ul]:!pt-0 [&amp;&gt;ul]:!pb-0\" value=\"1\">Sopii kaikille alumiinipulloille<\/li>\n<li class=\"text-body font-regular leading-[24px] my-[5px] [&amp;&gt;ol]:!pt-0 [&amp;&gt;ol]:!pb-0 [&amp;&gt;ul]:!pt-0 [&amp;&gt;ul]:!pb-0\" value=\"2\">Vankka XTRM tuotantolaatu<\/li>\n<li class=\"text-body font-regular leading-[24px] my-[5px] [&amp;&gt;ol]:!pt-0 [&amp;&gt;ol]:!pb-0 [&amp;&gt;ul]:!pt-0 [&amp;&gt;ul]:!pb-0\" value=\"3\">Suunniteltu helppok\u00e4ytt\u00f6iseksi ja mahdollisimman vakaaksi<\/li>\n<\/ul>\n<p class=\"text-body font-regular leading-[24px] pt-[9px] pb-[2px]\" dir=\"ltr\">Nauti intensiivisest\u00e4 hauskanpidosta ilman h\u00e4iri\u00f6tekij\u00f6it\u00e4. Tyylik\u00e4s ja eritt\u00e4in k\u00e4yt\u00e4nn\u00f6llinen XTRM-pidike varmistaa, ett\u00e4 pullo pysyy paikallaan riippumatta siit\u00e4, miten se on sijoitettu.<\/p>\n\n\n<p><\/p>","protected":false},"excerpt":{"rendered":"<p>Pid\u00e4 nepparit turvassa XTRM-pidikkeell\u00e4. Kest\u00e4v\u00e4, mukautuva ja t\u00e4ydellinen kaikkiin tilaisuuksiin.<\/p>","protected":false},"featured_media":12057,"comment_status":"open","ping_status":"closed","template":"","meta":[],"product_brand":[],"product_cat":[330,534],"product_tag":[],"class_list":{"0":"post-12105","1":"product","2":"type-product","3":"status-publish","4":"has-post-thumbnail","6":"product_cat-accessoires","7":"product_cat-poppers-houders","9":"first","10":"instock","11":"taxable","12":"shipping-taxable","13":"purchasable","14":"product-type-simple"},"_links":{"self":[{"href":"https:\/\/stage.poppersparadise.eu\/fi\/wp-json\/wp\/v2\/product\/12105","targetHints":{"allow":["GET"]}}],"collection":[{"href":"https:\/\/stage.poppersparadise.eu\/fi\/wp-json\/wp\/v2\/product"}],"about":[{"href":"https:\/\/stage.poppersparadise.eu\/fi\/wp-json\/wp\/v2\/types\/product"}],"replies":[{"embeddable":true,"href":"https:\/\/stage.poppersparadise.eu\/fi\/wp-json\/wp\/v2\/comments?post=12105"}],"wp:featuredmedia":[{"embeddable":true,"href":"https:\/\/stage.poppersparadise.eu\/fi\/wp-json\/wp\/v2\/media\/12057"}],"wp:attachment":[{"href":"https:\/\/stage.poppersparadise.eu\/fi\/wp-json\/wp\/v2\/media?parent=12105"}],"wp:term":[{"taxonomy":"product_brand","embeddable":true,"href":"https:\/\/stage.poppersparadise.eu\/fi\/wp-json\/wp\/v2\/product_brand?post=12105"},{"taxonomy":"product_cat","embeddable":true,"href":"https:\/\/stage.poppersparadise.eu\/fi\/wp-json\/wp\/v2\/product_cat?post=12105"},{"taxonomy":"product_tag","embeddable":true,"href":"https:\/\/stage.poppersparadise.eu\/fi\/wp-json\/wp\/v2\/product_tag?post=12105"}],"curies":[{"name":"wp","href":"https:\/\/api.w.org\/{rel}","templated":true}]}}