{"id":12966,"date":"2024-11-25T12:15:44","date_gmt":"2024-11-25T11:15:44","guid":{"rendered":"https:\/\/stage.poppersparadise.eu\/?post_type=product&#038;p=12966"},"modified":"2025-09-07T10:35:17","modified_gmt":"2025-09-07T08:35:17","slug":"rauta-nyrkki-raaka-poppers-10ml","status":"publish","type":"product","link":"https:\/\/stage.poppersparadise.eu\/fi\/product\/rauta-nyrkki-raaka-poppers-10ml\/","title":{"rendered":"Iron Fist RAW 10ml"},"content":{"rendered":"<h2 class=\"wp-block-heading\">Tutustu sensaatioon Iron Fist RAW Poppers 10ml:n kanssa.<\/h2>\n\n\n\n<p>Tervetuloa maailmaan Iron Fist RAW Poppers 10ml, joka on erityisesti suunniteltu tarjoamaan ainutlaatuisen ja intensiivisen tuoksukokemuksen. Huolellisesti laaditun koostumuksen ja kest\u00e4v\u00e4n muotoilun ansiosta t\u00e4m\u00e4 tuote on t\u00e4ydellinen niille, jotka etsiv\u00e4t erityist\u00e4 tunnelmaa.<\/p>\n\n\n\n<h3 class=\"wp-block-heading\">T\u00e4rkeimm\u00e4t ominaisuudet<\/h3>\n\n\n\n<ul class=\"wp-block-list\">\n<li><strong>Ainutlaatuinen kaava hienostuneita aromeja varten<\/strong>: Suunniteltu luomaan poikkeuksellinen tuoksukokemus.<\/li>\n\n\n\n<li><strong>Ultra-Amyl taika<\/strong>: Tunnettu voimakkaasta ja pitk\u00e4kestoisesta tuoksun levi\u00e4misest\u00e4.<\/li>\n\n\n\n<li><strong>Parannettu intensiteetti<\/strong>: Nauti eritt\u00e4in voimakkaasta tuoksukokemuksesta.<\/li>\n\n\n\n<li><strong>Kest\u00e4v\u00e4 alumiinirakenne<\/strong>: Tarjoaa pitk\u00e4kestoisen raikkauden ja on k\u00e4tev\u00e4 mukana matkalla.<\/li>\n\n\n\n<li><strong>Turvakorkki<\/strong>: Suojaa ei-toivotulta avautumiselta ja takaa turvallisen k\u00e4yt\u00f6n.<\/li>\n<\/ul>\n\n\n\n<h3 class=\"wp-block-heading\">T\u00e4rke\u00e4\u00e4 tiet\u00e4\u00e4<\/h3>\n\n\n\n<p>T\u00e4m\u00e4 tuote on tarkoitettu k\u00e4ytett\u00e4v\u00e4ksi vain hajusteiden hajottajana tai puhdistusliuottimena. Se ei sovellu ihmisravinnoksi tai hengitett\u00e4v\u00e4ksi. S\u00e4ilyt\u00e4 tuote viile\u00e4ss\u00e4, pime\u00e4ss\u00e4 paikassa ja sulje pullo tiiviisti k\u00e4yt\u00f6n j\u00e4lkeen.<\/p>\n\n\n\n<h3 class=\"wp-block-heading\">Varoitukset<\/h3>\n\n\n\n<ul class=\"wp-block-list\">\n<li>Helposti syttyv\u00e4 neste ja h\u00f6yry (H225).<\/li>\n\n\n\n<li>Aiheuttaa iho- ja silm\u00e4-\u00e4rsytyst\u00e4 (H315\/H319).<\/li>\n\n\n\n<li>Myrkyllist\u00e4 hengitettyn\u00e4 (H331).<\/li>\n\n\n\n<li>Ei l\u00e4\u00e4kkeit\u00e4.<\/li>\n\n\n\n<li>K\u00e4yt\u00e4 vain ohjeiden mukaan.<\/li>\n<\/ul>\n\n\n\n<h3 class=\"wp-block-heading\">Varastointi<\/h3>\n\n\n\n<p>S\u00e4ilyt\u00e4 viile\u00e4ss\u00e4 ja kuivassa paikassa. S\u00e4ilytett\u00e4v\u00e4 lasten ulottumattomissa.<\/p>\n\n\n\n<h3 class=\"wp-block-heading\">Alkuper\u00e4maa<\/h3>\n\n\n\n<p>Ranska<\/p>","protected":false},"excerpt":{"rendered":"<p><strong><br \/>YHTEENSOPIVAT LIS\u00c4VARUSTEET:<\/strong><\/p>\n<ul>\n<li><a href=\"https:\/\/stage.poppersparadise.eu\/fi\/tuoteryhma\/tarvikkeet\/nuuskaajat-pienet\/\">Nuuskaajat Pieni<\/a><\/li>\n<li><a href=\"https:\/\/stage.poppersparadise.eu\/fi\/product\/xtrm-poppers-houder-zwart-small\/\">XTRM Poppers Pidike Pieni<\/a><\/li>\n<li><a href=\"https:\/\/stage.poppersparadise.eu\/fi\/product\/xtrm-poppers-keeper-pieni-10ml\/\">XTRM Poppers Pit\u00e4j\u00e4 pieni<\/a><\/li>\n<\/ul>","protected":false},"featured_media":12967,"comment_status":"open","ping_status":"closed","template":"","meta":[],"product_brand":[742],"product_cat":[34],"product_tag":[],"class_list":{"0":"post-12966","1":"product","2":"type-product","3":"status-publish","4":"has-post-thumbnail","6":"product_brand-iron-fist","7":"product_cat-kleine-flesjes-poppers","9":"first","10":"instock","11":"taxable","12":"shipping-taxable","13":"purchasable","14":"product-type-simple"},"_links":{"self":[{"href":"https:\/\/stage.poppersparadise.eu\/fi\/wp-json\/wp\/v2\/product\/12966","targetHints":{"allow":["GET"]}}],"collection":[{"href":"https:\/\/stage.poppersparadise.eu\/fi\/wp-json\/wp\/v2\/product"}],"about":[{"href":"https:\/\/stage.poppersparadise.eu\/fi\/wp-json\/wp\/v2\/types\/product"}],"replies":[{"embeddable":true,"href":"https:\/\/stage.poppersparadise.eu\/fi\/wp-json\/wp\/v2\/comments?post=12966"}],"wp:featuredmedia":[{"embeddable":true,"href":"https:\/\/stage.poppersparadise.eu\/fi\/wp-json\/wp\/v2\/media\/12967"}],"wp:attachment":[{"href":"https:\/\/stage.poppersparadise.eu\/fi\/wp-json\/wp\/v2\/media?parent=12966"}],"wp:term":[{"taxonomy":"product_brand","embeddable":true,"href":"https:\/\/stage.poppersparadise.eu\/fi\/wp-json\/wp\/v2\/product_brand?post=12966"},{"taxonomy":"product_cat","embeddable":true,"href":"https:\/\/stage.poppersparadise.eu\/fi\/wp-json\/wp\/v2\/product_cat?post=12966"},{"taxonomy":"product_tag","embeddable":true,"href":"https:\/\/stage.poppersparadise.eu\/fi\/wp-json\/wp\/v2\/product_tag?post=12966"}],"curies":[{"name":"wp","href":"https:\/\/api.w.org\/{rel}","templated":true}]}}