{"id":15493,"date":"2025-03-26T09:48:57","date_gmt":"2025-03-26T08:48:57","guid":{"rendered":"https:\/\/stage.poppersparadise.eu\/product\/black-label-extra-dik-glijmiddel-op-waterbasis-500-ml\/"},"modified":"2025-08-15T11:40:24","modified_gmt":"2025-08-15T09:40:24","slug":"fist-it-black-label-erittain-paksu-vesipohjainen-voiteluaine-500-ml","status":"publish","type":"product","link":"https:\/\/stage.poppersparadise.eu\/fi\/product\/fist-it-black-label-erittain-paksu-vesipohjainen-voiteluaine-500-ml\/","title":{"rendered":"Fist-It Black Label Eritt\u00e4in paksu vesipohjainen voiteluaine - 500 ml"},"content":{"rendered":"<h2 class=\"font-bold text-h3 leading-[40px] pt-[21px] pb-[2px] [&amp;_a]:underline-offset-[6px] [&amp;_.underline]:underline-offset-[6px]\" dir=\"ltr\">Nauti \u00e4\u00e4rimm\u00e4isest\u00e4 mukavuudesta Fist It Black Label Extra paksulla voiteluaineella - 500 ml<\/h2>\n<p class=\"text-body font-regular leading-[24px] pt-[9px] pb-[2px]\" dir=\"ltr\">Vie intiimit hetket seuraavalle tasolle Fist It Black Label Extra Thick -voiteluaineella. Suunniteltu erityisesti \u00e4\u00e4rimm\u00e4ist\u00e4 mukavuutta varten seikkailunhaluisten tutkimusretkien aikana. Ainutlaatuisen ekstrapaksun koostumuksen ansiosta t\u00e4m\u00e4 liukuvoide tarjoaa pitk\u00e4kestoista ja ylellist\u00e4 voitelua. T\u00e4m\u00e4 500 ml:n tuote tukevassa s\u00e4ili\u00f6ss\u00e4 tarjoaa t\u00e4ydellisen tasapainon tehokkuutta ja mukavuutta.<\/p>\n<h3 class=\"font-bold text-h4 leading-[30px] pt-[15px] pb-[2px] [&amp;_a]:underline-offset-[6px] [&amp;_.underline]:underline-offset-[6px]\" dir=\"ltr\">Tuotteen tekniset tiedot<\/h3>\n<ul class=\"pt-[9px] pb-[2px] pl-[24px] list-inside list-disc pt-[5px]\">\n<li class=\"text-body font-regular leading-[24px] my-[5px] [&amp;&gt;ol]:!pt-0 [&amp;&gt;ol]:!pb-0 [&amp;&gt;ul]:!pt-0 [&amp;&gt;ul]:!pb-0\" value=\"1\"><b><strong class=\"font-bold\">Kaava:<\/strong><\/b> Vesiohenteinen ja eritt\u00e4in paksu pitk\u00e4aikaiseen k\u00e4ytt\u00f6\u00f6n.<\/li>\n<li class=\"text-body font-regular leading-[24px] my-[5px] [&amp;&gt;ol]:!pt-0 [&amp;&gt;ol]:!pb-0 [&amp;&gt;ul]:!pt-0 [&amp;&gt;ul]:!pb-0\" value=\"2\"><b><strong class=\"font-bold\">Tekstuuri:<\/strong><\/b> Ylellisen paksu maksimaalista liukumista ja nautintoa varten.<\/li>\n<li class=\"text-body font-regular leading-[24px] my-[5px] [&amp;&gt;ol]:!pt-0 [&amp;&gt;ol]:!pb-0 [&amp;&gt;ul]:!pt-0 [&amp;&gt;ul]:!pb-0\" value=\"3\"><b><strong class=\"font-bold\">Ei h\u00e4iritsevi\u00e4 elementtej\u00e4:<\/strong><\/b> Rasvaton, v\u00e4rit\u00f6n, hajuton ja mauton.<\/li>\n<li class=\"text-body font-regular leading-[24px] my-[5px] [&amp;&gt;ol]:!pt-0 [&amp;&gt;ol]:!pb-0 [&amp;&gt;ul]:!pt-0 [&amp;&gt;ul]:!pb-0\" value=\"4\"><b><strong class=\"font-bold\">Yhteensopivuus:<\/strong><\/b> Soveltuu k\u00e4ytett\u00e4v\u00e4ksi lateksikondomien kanssa.<\/li>\n<li class=\"text-body font-regular leading-[24px] my-[5px] [&amp;&gt;ol]:!pt-0 [&amp;&gt;ol]:!pb-0 [&amp;&gt;ul]:!pt-0 [&amp;&gt;ul]:!pb-0\" value=\"5\"><b><strong class=\"font-bold\">M\u00e4\u00e4r\u00e4:<\/strong><\/b> 500 ml.<\/li>\n<li class=\"text-body font-regular leading-[24px] my-[5px] [&amp;&gt;ol]:!pt-0 [&amp;&gt;ol]:!pb-0 [&amp;&gt;ul]:!pt-0 [&amp;&gt;ul]:!pb-0\" value=\"6\"><b><strong class=\"font-bold\">Kohderyhm\u00e4:<\/strong><\/b> T\u00e4ydellinen aikuisille ja pariskunnille.<\/li>\n<\/ul>\n<h3 class=\"font-bold text-h4 leading-[30px] pt-[15px] pb-[2px] [&amp;_a]:underline-offset-[6px] [&amp;_.underline]:underline-offset-[6px]\" dir=\"ltr\">Ainesosat<\/h3>\n<p class=\"text-body font-regular leading-[24px] pt-[9px] pb-[2px]\" dir=\"ltr\">AQUA, GLYSERIINI, HYDROKSIETYYLISELLULOOSA, SITRUUNAHAPPO, NATRIUMBENTSOAATTI, KALIUMSORBAATTI, PENTYLEENIGLYKOLI, SORBITOLI, NATRIUMLAKTAATTI, UREA, MAITOHAPPO, SERIINI, NATRIUMHYDROKSIDI, NATRIUMKLORIDI, ALLANTOIINI.<\/p>\n<p class=\"text-body font-regular leading-[24px] pt-[9px] pb-[2px]\" dir=\"ltr\">Koe sujuvampi, turvallisempi ja miellytt\u00e4v\u00e4mpi vuorovaikutus ilman h\u00e4iri\u00f6tekij\u00f6it\u00e4. Luota siihen, ett\u00e4 Fist It Black Label Extra Thick Lubricant muuttaa intiimit hetkesi.<\/p>","protected":false},"excerpt":{"rendered":"<p>Fist Se tekee nyrkkeily- tai nyrkkipanoistasi helpompia, parempia ja intensiivisempi\u00e4. Mallistossamme on erilaisia liukuvoiteita, mukaan lukien anaalirentouttimet, eritt\u00e4in paksut, luonnolliset ja puuduttavat vaihtoehdot. Jokainen voiteluaine on suunniteltu parantamaan kokemustasi ja lis\u00e4\u00e4m\u00e4\u00e4n nautintoa.<\/p>","protected":false},"featured_media":16638,"comment_status":"open","ping_status":"closed","template":"","meta":[],"product_brand":[],"product_cat":[479,671],"product_tag":[],"class_list":{"0":"post-15493","1":"product","2":"type-product","3":"status-publish","4":"has-post-thumbnail","6":"product_cat-drogist","7":"product_cat-glijmiddelen","9":"first","10":"instock","11":"taxable","12":"shipping-taxable","13":"purchasable","14":"product-type-simple"},"_links":{"self":[{"href":"https:\/\/stage.poppersparadise.eu\/fi\/wp-json\/wp\/v2\/product\/15493","targetHints":{"allow":["GET"]}}],"collection":[{"href":"https:\/\/stage.poppersparadise.eu\/fi\/wp-json\/wp\/v2\/product"}],"about":[{"href":"https:\/\/stage.poppersparadise.eu\/fi\/wp-json\/wp\/v2\/types\/product"}],"replies":[{"embeddable":true,"href":"https:\/\/stage.poppersparadise.eu\/fi\/wp-json\/wp\/v2\/comments?post=15493"}],"wp:featuredmedia":[{"embeddable":true,"href":"https:\/\/stage.poppersparadise.eu\/fi\/wp-json\/wp\/v2\/media\/16638"}],"wp:attachment":[{"href":"https:\/\/stage.poppersparadise.eu\/fi\/wp-json\/wp\/v2\/media?parent=15493"}],"wp:term":[{"taxonomy":"product_brand","embeddable":true,"href":"https:\/\/stage.poppersparadise.eu\/fi\/wp-json\/wp\/v2\/product_brand?post=15493"},{"taxonomy":"product_cat","embeddable":true,"href":"https:\/\/stage.poppersparadise.eu\/fi\/wp-json\/wp\/v2\/product_cat?post=15493"},{"taxonomy":"product_tag","embeddable":true,"href":"https:\/\/stage.poppersparadise.eu\/fi\/wp-json\/wp\/v2\/product_tag?post=15493"}],"curies":[{"name":"wp","href":"https:\/\/api.w.org\/{rel}","templated":true}]}}