{"id":15522,"date":"2025-03-26T09:50:32","date_gmt":"2025-03-26T08:50:32","guid":{"rendered":"https:\/\/stage.poppersparadise.eu\/product\/black-label-verdovend-glijmiddel-op-waterbasis-500-ml\/"},"modified":"2025-08-26T10:15:43","modified_gmt":"2025-08-26T08:15:43","slug":"fist-it-black-label-narkoottinen-vesipohjainen-voiteluaine-500-ml-2","status":"publish","type":"product","link":"https:\/\/stage.poppersparadise.eu\/fi\/product\/fist-it-black-label-narkoottinen-vesipohjainen-voiteluaine-500-ml-2\/","title":{"rendered":"Fist-It Black Label Narkoottinen vesipohjainen voiteluaine - 500 ml"},"content":{"rendered":"<h2 class=\"font-bold text-h3 leading-[40px] pt-[21px] pb-[2px] [&amp;_a]:underline-offset-[6px] [&amp;_.underline]:underline-offset-[6px]\" dir=\"ltr\">Fist It Black Label Numbing Lubricant - 500 ml<\/h2>\n<p class=\"text-body font-regular leading-[24px] pt-[9px] pb-[2px]\" dir=\"ltr\">Hanki rajasi ty\u00f6nt\u00e4\u00e4 kanssa <b><strong class=\"font-bold\">Fist It Black Label Numbing Lubricant - 500 ml<\/strong><\/b>. T\u00e4m\u00e4 korkealaatuinen liukuvoide on erityisesti suunniteltu viem\u00e4\u00e4n intiimit seikkailusi uusiin korkeuksiin. Ainutlaatuinen vesipohjainen koostumus tuntuu ihanan kermaiselta ja tarjoaa sek\u00e4 mukavuutta ett\u00e4 intensiivist\u00e4 nautintoa. T\u00e4ydellinen kaikille, jotka etsiv\u00e4t turvallista, ylellist\u00e4 kokemusta.<\/p>\n<h3 class=\"font-bold text-h4 leading-[30px] pt-[15px] pb-[2px] [&amp;_a]:underline-offset-[6px] [&amp;_.underline]:underline-offset-[6px]\" dir=\"ltr\">Tekniset tiedot:<\/h3>\n<ul class=\"pt-[9px] pb-[2px] pl-[24px] list-inside list-disc pt-[5px]\">\n<li class=\"text-body font-regular leading-[24px] my-[5px] [&amp;&gt;ol]:!pt-0 [&amp;&gt;ol]:!pb-0 [&amp;&gt;ul]:!pt-0 [&amp;&gt;ul]:!pb-0\" value=\"1\"><b><strong class=\"font-bold\">Vesipohjainen:<\/strong><\/b> Turvallinen k\u00e4ytt\u00e4\u00e4 ja helppo pest\u00e4 pois.<\/li>\n<li class=\"text-body font-regular leading-[24px] my-[5px] [&amp;&gt;ol]:!pt-0 [&amp;&gt;ol]:!pb-0 [&amp;&gt;ul]:!pt-0 [&amp;&gt;ul]:!pb-0\" value=\"2\"><b><strong class=\"font-bold\">Sopii miehille ja naisille:<\/strong><\/b> T\u00e4ydellinen yksil\u00f6lliseen k\u00e4ytt\u00f6\u00f6n tai kumppanin kanssa.<\/li>\n<li class=\"text-body font-regular leading-[24px] my-[5px] [&amp;&gt;ol]:!pt-0 [&amp;&gt;ol]:!pb-0 [&amp;&gt;ul]:!pt-0 [&amp;&gt;ul]:!pb-0\" value=\"3\"><b><strong class=\"font-bold\">Lateksikondomi yhteensopiva:<\/strong><\/b> Turvallinen k\u00e4ytett\u00e4v\u00e4ksi kondomien kanssa.<\/li>\n<li class=\"text-body font-regular leading-[24px] my-[5px] [&amp;&gt;ol]:!pt-0 [&amp;&gt;ol]:!pb-0 [&amp;&gt;ul]:!pt-0 [&amp;&gt;ul]:!pb-0\" value=\"4\"><b><strong class=\"font-bold\">500 ml:n pakkaus:<\/strong><\/b> Suuri koko takaa pitk\u00e4aikaisen hauskanpidon.<\/li>\n<li class=\"text-body font-regular leading-[24px] my-[5px] [&amp;&gt;ol]:!pt-0 [&amp;&gt;ol]:!pb-0 [&amp;&gt;ul]:!pt-0 [&amp;&gt;ul]:!pb-0\" value=\"5\"><b><strong class=\"font-bold\">Luonnollinen tunne:<\/strong><\/b> J\u00e4ljittelee siemennesteen t\u00e4ytt\u00e4, sile\u00e4\u00e4 koostumusta ja antaa realistisen tuntuman.<\/li>\n<li class=\"text-body font-regular leading-[24px] my-[5px] [&amp;&gt;ol]:!pt-0 [&amp;&gt;ol]:!pb-0 [&amp;&gt;ul]:!pt-0 [&amp;&gt;ul]:!pb-0\" value=\"6\"><b><strong class=\"font-bold\">Kermainen koostumus:<\/strong><\/b> Varmistaa vaivattoman liukumisen ja maksimaalisen mukavuuden.<\/li>\n<\/ul>\n<h3 class=\"font-bold text-h4 leading-[30px] pt-[15px] pb-[2px] [&amp;_a]:underline-offset-[6px] [&amp;_.underline]:underline-offset-[6px]\" dir=\"ltr\">Ainesosat:<\/h3>\n<p class=\"text-body font-regular leading-[24px] pt-[9px] pb-[2px]\" dir=\"ltr\">Aqua, glyseroli, styreeni\/akrylaattikopolymeeri, fenoksietanoli, propyleeniglykoli, akrylaatti\/C10-30-alkyyliakrylaattiristipolymeeri, ksantaanikumi, mentoli, natriumhydroksidi, etyyliheksyyliglyseriini.<\/p>\n<p class=\"text-body font-regular leading-[24px] pt-[9px] pb-[2px]\" dir=\"ltr\">Kun <b><strong class=\"font-bold\">Fist It Black Label Numbing Lubricant -nukahdusvoide<\/strong><\/b> sinulle taataan riemastuttava, dekadentti kokemus - t\u00e4ysin turvallinen ja ammattimaisesti muotoiltu. T\u00e4ydellinen leikkis\u00e4n ja aistillisen etsinn\u00e4n iltaan.<\/p>","protected":false},"excerpt":{"rendered":"<p>Fist Se tekee nyrkkeily- tai nyrkkipanoistasi helpompia, parempia ja intensiivisempi\u00e4. Mallistossamme on erilaisia liukuvoiteita, mukaan lukien anaalirentouttimet, eritt\u00e4in paksut, luonnolliset ja puuduttavat vaihtoehdot. Jokainen voiteluaine on suunniteltu parantamaan kokemustasi ja lis\u00e4\u00e4m\u00e4\u00e4n nautintoa.<\/p>","protected":false},"featured_media":16636,"comment_status":"open","ping_status":"closed","template":"","meta":[],"product_brand":[],"product_cat":[479,671],"product_tag":[],"class_list":{"0":"post-15522","1":"product","2":"type-product","3":"status-publish","4":"has-post-thumbnail","6":"product_cat-drogist","7":"product_cat-glijmiddelen","9":"first","10":"instock","11":"taxable","12":"shipping-taxable","13":"purchasable","14":"product-type-simple"},"_links":{"self":[{"href":"https:\/\/stage.poppersparadise.eu\/fi\/wp-json\/wp\/v2\/product\/15522","targetHints":{"allow":["GET"]}}],"collection":[{"href":"https:\/\/stage.poppersparadise.eu\/fi\/wp-json\/wp\/v2\/product"}],"about":[{"href":"https:\/\/stage.poppersparadise.eu\/fi\/wp-json\/wp\/v2\/types\/product"}],"replies":[{"embeddable":true,"href":"https:\/\/stage.poppersparadise.eu\/fi\/wp-json\/wp\/v2\/comments?post=15522"}],"wp:featuredmedia":[{"embeddable":true,"href":"https:\/\/stage.poppersparadise.eu\/fi\/wp-json\/wp\/v2\/media\/16636"}],"wp:attachment":[{"href":"https:\/\/stage.poppersparadise.eu\/fi\/wp-json\/wp\/v2\/media?parent=15522"}],"wp:term":[{"taxonomy":"product_brand","embeddable":true,"href":"https:\/\/stage.poppersparadise.eu\/fi\/wp-json\/wp\/v2\/product_brand?post=15522"},{"taxonomy":"product_cat","embeddable":true,"href":"https:\/\/stage.poppersparadise.eu\/fi\/wp-json\/wp\/v2\/product_cat?post=15522"},{"taxonomy":"product_tag","embeddable":true,"href":"https:\/\/stage.poppersparadise.eu\/fi\/wp-json\/wp\/v2\/product_tag?post=15522"}],"curies":[{"name":"wp","href":"https:\/\/api.w.org\/{rel}","templated":true}]}}