{"id":15605,"date":"2025-03-26T18:46:24","date_gmt":"2025-03-26T17:46:24","guid":{"rendered":"https:\/\/stage.poppersparadise.eu\/?post_type=product&#038;p=15605"},"modified":"2025-08-16T12:07:28","modified_gmt":"2025-08-16T10:07:28","slug":"rush-poppers-juhlapakkaus-5-x-24ml","status":"publish","type":"product","link":"https:\/\/stage.poppersparadise.eu\/fi\/product\/rush-poppers-juhlapakkaus-5-x-24ml\/","title":{"rendered":"Rush Party Pack 5 x 24ml + Gratis XTRM SNFFR"},"content":{"rendered":"<h2 class=\"wp-block-heading\">Luo oma Rush Party Pack -paketti<\/h2>\n\n\n\n<p>T\u00e4ydenn\u00e4 juhlasi <strong>Rush Poppers Juhlapakkaus 5 x 24ml<\/strong>! Valitse omat viisi pulloa Rush 24ml:t\u00e4 laajasta valikoimastamme. Lis\u00e4\u00e4 juhliisi persoonallinen tunnelma suosikkilajikkeillasi Rush. Lis\u00e4ksi voit nauttia ilmaisesta <strong><strong><strong><strong>XTRM SNFFR<\/strong><\/strong> <strong>arvo 9,95 euroa<\/strong><\/strong><\/strong> ostoksesi yhteydess\u00e4 <strong>JA saat 15% lis\u00e4alennuksen<\/strong> per pullo!<\/p>\n\n\n\n<h3 class=\"wp-block-heading\"><strong>Valitse suosikkilajikkeistasi:<\/strong><\/h3>\n\n\n\n<ul class=\"wp-block-list\">\n<li>Rush Butanol Black Label 24ml<\/li>\n\n\n\n<li>Gold Rush 24ml<\/li>\n\n\n\n<li>Rush 24ml<\/li>\n\n\n\n<li>Rush Imperial Gold 24ml<\/li>\n\n\n\n<li>Rush Amyl 24ml<\/li>\n\n\n\n<li>Rush Butanol 24ml<\/li>\n\n\n\n<li>Super Rush Black Label 24ml<\/li>\n\n\n\n<li>Rush Copper Deluxe 24ml<\/li>\n\n\n\n<li>Super Rush Cosmic Power 24ml<\/li>\n\n\n\n<li>Super Rush 24ml<\/li>\n\n\n\n<li>Rush Zero Red Distilled 24ml<\/li>\n\n\n\n<li>Rush Zero 24ml<\/li>\n\n\n\n<li>Rush Brut Premium 24ml<\/li>\n<\/ul>\n\n\n\n<h3 class=\"wp-block-heading\">Lis\u00e4edut<\/h3>\n\n\n\n<ul class=\"wp-block-list\">\n<li><strong>Lis\u00e4varusteet:<\/strong> ilmainen XTRM SNFFR tilauksen mukana.<\/li>\n\n\n\n<li><strong>Ainutlaatuinen alennus:<\/strong> Saat 15% lis\u00e4alennuksen per pullo, kun ostat t\u00e4m\u00e4n tuotteen.<\/li>\n<\/ul>\n\n\n\n<h3 class=\"wp-block-heading\">Miten se toimii?<\/h3>\n\n\n\n<p>Valitse vain kymmenen pulloa luettelosta ja luo oma ainutlaatuinen pakettisi. T\u00e4ydellinen jaettavaksi tai nautittavaksi yksin erityishetkill\u00e4.<\/p>\n\n\n\n<h3 class=\"wp-block-heading\">T\u00e4rke\u00e4\u00e4 tiet\u00e4\u00e4<\/h3>\n\n\n\n<p>K\u00e4yt\u00e4 n\u00e4it\u00e4 tuotteita vain tuoksusumuttimina tai puhdistusliuottimina. Ne eiv\u00e4t sovellu ihmisravinnoksi, eik\u00e4 niit\u00e4 saa hengitt\u00e4\u00e4. S\u00e4ilyt\u00e4 pulloja viile\u00e4ss\u00e4, pime\u00e4ss\u00e4 paikassa ja sulje ne tiiviisti k\u00e4yt\u00f6n j\u00e4lkeen.<\/p>\n\n\n\n<h3 class=\"wp-block-heading\">Varoitukset<\/h3>\n\n\n\n<ul class=\"wp-block-list\">\n<li>Helposti syttyv\u00e4 neste ja h\u00f6yry (H225).<\/li>\n\n\n\n<li>Aiheuttaa iho- ja silm\u00e4-\u00e4rsytyst\u00e4 (H315\/H319).<\/li>\n\n\n\n<li>Myrkyllist\u00e4 hengitettyn\u00e4 (H331).<\/li>\n\n\n\n<li>K\u00e4yt\u00e4 vain ohjeiden mukaan.<\/li>\n<\/ul>\n\n\n\n<h3 class=\"wp-block-heading\">Varastointi<\/h3>\n\n\n\n<p>S\u00e4ilyt\u00e4 viile\u00e4ss\u00e4 ja kuivassa paikassa. S\u00e4ilytett\u00e4v\u00e4 lasten ulottumattomissa.<\/p>\n\n\n\n<h3 class=\"wp-block-heading\">Alkuper\u00e4maa<\/h3>\n\n\n\n<p>EU.<\/p>\n\n\n\n<p>Kokoa oma Rush Party Pack -pakettisi jo t\u00e4n\u00e4\u00e4n ja tutustu n\u00e4iden korkealaatuisten tuoksusumuttimien monipuolisuuteen!<\/p>","protected":false},"excerpt":{"rendered":"<p><strong><br \/>YHTEENSOPIVAT LIS\u00c4VARUSTEET:<\/strong><\/p>\n<ul>\n<li><a href=\"https:\/\/stage.poppersparadise.eu\/fi\/tuoteryhma\/tarvikkeet\/nuuskaajat-suuret\/\">Sniffers Large<\/a><\/li>\n<li><a href=\"https:\/\/stage.poppersparadise.eu\/fi\/product\/xtrm-poppers-haltija-iso\/\">XTRM Poppers pidike Suuri<\/a><\/li>\n<li><a href=\"https:\/\/stage.poppersparadise.eu\/fi\/product\/xtrm-poppers-keeper-iso-24ml\/\">XTRM Poppers Keeper Suuri<\/a><\/li>\n<\/ul>","protected":false},"featured_media":15740,"comment_status":"open","ping_status":"closed","template":"","meta":[],"product_brand":[751],"product_cat":[33],"product_tag":[],"class_list":{"0":"post-15605","1":"product","2":"type-product","3":"status-publish","4":"has-post-thumbnail","6":"product_brand-rush","7":"product_cat-party-packs","9":"first","10":"instock","11":"sale","12":"taxable","13":"shipping-taxable","14":"purchasable","15":"product-type-simple"},"_links":{"self":[{"href":"https:\/\/stage.poppersparadise.eu\/fi\/wp-json\/wp\/v2\/product\/15605","targetHints":{"allow":["GET"]}}],"collection":[{"href":"https:\/\/stage.poppersparadise.eu\/fi\/wp-json\/wp\/v2\/product"}],"about":[{"href":"https:\/\/stage.poppersparadise.eu\/fi\/wp-json\/wp\/v2\/types\/product"}],"replies":[{"embeddable":true,"href":"https:\/\/stage.poppersparadise.eu\/fi\/wp-json\/wp\/v2\/comments?post=15605"}],"wp:featuredmedia":[{"embeddable":true,"href":"https:\/\/stage.poppersparadise.eu\/fi\/wp-json\/wp\/v2\/media\/15740"}],"wp:attachment":[{"href":"https:\/\/stage.poppersparadise.eu\/fi\/wp-json\/wp\/v2\/media?parent=15605"}],"wp:term":[{"taxonomy":"product_brand","embeddable":true,"href":"https:\/\/stage.poppersparadise.eu\/fi\/wp-json\/wp\/v2\/product_brand?post=15605"},{"taxonomy":"product_cat","embeddable":true,"href":"https:\/\/stage.poppersparadise.eu\/fi\/wp-json\/wp\/v2\/product_cat?post=15605"},{"taxonomy":"product_tag","embeddable":true,"href":"https:\/\/stage.poppersparadise.eu\/fi\/wp-json\/wp\/v2\/product_tag?post=15605"}],"curies":[{"name":"wp","href":"https:\/\/api.w.org\/{rel}","templated":true}]}}