{"id":16548,"date":"2025-04-30T21:40:24","date_gmt":"2025-04-30T19:40:24","guid":{"rendered":"https:\/\/stage.poppersparadise.eu\/?post_type=product&#038;p=16548"},"modified":"2025-09-30T16:17:55","modified_gmt":"2025-09-30T14:17:55","slug":"play-hard-black-label-25ml-poppers","status":"publish","type":"product","link":"https:\/\/stage.poppersparadise.eu\/fi\/product\/play-hard-black-label-25ml-poppers\/","title":{"rendered":"Play Hard Black Label 25ml"},"content":{"rendered":"<h2 class=\"wp-block-heading\">Play Hard Black Label 25ml poppers \u2013 intens, krachtig en exclusief<\/h2>\n\n\n\n<p>Play Hard Black Label 25ml poppers zijn speciaal ontworpen voor ervaren gebruikers die op zoek zijn naar een krachtige geurervaring. Met een hoogwaardige formule op basis van isopentylnitriet en een royale flesinhoud van 25ml, biedt dit product een premium geurbeleving die perfect is voor intense en avontuurlijke momenten. Ideaal voor wie grenzen wil verleggen en geen genoegen neemt met minder.<\/p>\n\n\n\n<h3 class=\"wp-block-heading\">Belangrijkste kenmerken van Play Hard Black Label 25ml<\/h3>\n\n\n\n<ul class=\"wp-block-list\">\n<li><strong>Tehokas kaava<\/strong>: Gemaakt met zuiver isopentylnitriet voor een intense geurverspreiding.<\/li>\n\n\n\n<li><strong>Avok\u00e4tinen sis\u00e4lt\u00f6<\/strong>: Vankka 25 ml:n pullo tarjoaa pitk\u00e4kestoisen k\u00e4yt\u00f6n ja maksimaalisen vaikutuksen.<\/li>\n\n\n\n<li><strong>Korkea laatu<\/strong>: Tuotettu tiukkojen laatuvaatimusten mukaisesti luotettavan kokemuksen takaamiseksi.<\/li>\n<\/ul>\n\n\n\n<h3 class=\"wp-block-heading\">Waarom Play Hard Black Label een favoriet is<\/h3>\n\n\n\n<p>Play Hard Black Label 25ml poppers combineren een krachtige formule met een robuust design en gebruiksvriendelijk formaat. Het product is geliefd om zijn betrouwbaarheid en intensiteit, en is een perfecte keuze voor wie op zoek is naar een premium geurervaring. Of je nu solo speelt, met een partner bent of een feestje wilt opfleuren, Play Hard Black Label biedt een unieke en onvergetelijke beleving.<\/p>\n\n\n\n<h3 class=\"wp-block-heading\">Hoe gebruik je Play Hard Black Label 25ml?<\/h3>\n\n\n\n<p>Gebruik Play Hard Black Label 25ml uitsluitend als geurverspreider of cleaning solvent. Het is niet geschikt voor menselijke consumptie en mag niet worden ge\u00efnhaleerd. Bewaar het product op een koele, droge plek en sluit de fles na gebruik goed af.<\/p>\n\n\n\n<h3 class=\"wp-block-heading\">Varoitukset<\/h3>\n\n\n\n<ul class=\"wp-block-list\">\n<li>Helposti syttyv\u00e4 neste ja h\u00f6yry (H225).<\/li>\n\n\n\n<li>Aiheuttaa iho- ja silm\u00e4-\u00e4rsytyst\u00e4 (H315\/H319).<\/li>\n\n\n\n<li>Myrkyllist\u00e4 hengitettyn\u00e4 (H331).<\/li>\n\n\n\n<li>Ei l\u00e4\u00e4ke. K\u00e4yt\u00e4 omalla vastuullasi.<\/li>\n<\/ul>\n\n\n\n<h3 class=\"wp-block-heading\">K\u00e4yt\u00e4<\/h3>\n\n\n\n<p>Tarkoitettu vain tuoksun hajustimeksi tai puhdistusliuottimeksi.<br>Ei sovellu ihmisravinnoksi eik\u00e4 sit\u00e4 saa hengitt\u00e4\u00e4.<\/p>\n\n\n\n<h3 class=\"wp-block-heading\">Varastointi<\/h3>\n\n\n\n<p>S\u00e4ilyt\u00e4 viile\u00e4ss\u00e4 ja kuivassa paikassa. S\u00e4ilytett\u00e4v\u00e4 lasten ulottumattomissa.<\/p>\n\n\n\n<h3 class=\"wp-block-heading\">Alkuper\u00e4maa<\/h3>\n\n\n\n<p>Ranska.<\/p>","protected":false},"excerpt":{"rendered":"<p><strong><br \/>YHTEENSOPIVAT LIS\u00c4VARUSTEET:<\/strong><\/p>\n<ul>\n<li><a href=\"https:\/\/stage.poppersparadise.eu\/fi\/tuoteryhma\/tarvikkeet\/nuuskaajat-suuret\/\">Sniffers Large<\/a><\/li>\n<li><a href=\"https:\/\/stage.poppersparadise.eu\/fi\/product\/xtrm-poppers-haltija-iso\/\">XTRM Poppers pidike Suuri<\/a><\/li>\n<li><a href=\"https:\/\/stage.poppersparadise.eu\/fi\/product\/xtrm-poppers-keeper-iso-24ml\/\">XTRM Poppers Keeper Suuri<\/a><\/li>\n<\/ul>","protected":false},"featured_media":16549,"comment_status":"open","ping_status":"closed","template":"","meta":[],"product_brand":[749],"product_cat":[35],"product_tag":[],"class_list":{"0":"post-16548","1":"product","2":"type-product","3":"status-publish","4":"has-post-thumbnail","6":"product_brand-play-hard","7":"product_cat-grote-flesjes-poppers","9":"first","10":"instock","11":"taxable","12":"shipping-taxable","13":"purchasable","14":"product-type-simple"},"_links":{"self":[{"href":"https:\/\/stage.poppersparadise.eu\/fi\/wp-json\/wp\/v2\/product\/16548","targetHints":{"allow":["GET"]}}],"collection":[{"href":"https:\/\/stage.poppersparadise.eu\/fi\/wp-json\/wp\/v2\/product"}],"about":[{"href":"https:\/\/stage.poppersparadise.eu\/fi\/wp-json\/wp\/v2\/types\/product"}],"replies":[{"embeddable":true,"href":"https:\/\/stage.poppersparadise.eu\/fi\/wp-json\/wp\/v2\/comments?post=16548"}],"wp:featuredmedia":[{"embeddable":true,"href":"https:\/\/stage.poppersparadise.eu\/fi\/wp-json\/wp\/v2\/media\/16549"}],"wp:attachment":[{"href":"https:\/\/stage.poppersparadise.eu\/fi\/wp-json\/wp\/v2\/media?parent=16548"}],"wp:term":[{"taxonomy":"product_brand","embeddable":true,"href":"https:\/\/stage.poppersparadise.eu\/fi\/wp-json\/wp\/v2\/product_brand?post=16548"},{"taxonomy":"product_cat","embeddable":true,"href":"https:\/\/stage.poppersparadise.eu\/fi\/wp-json\/wp\/v2\/product_cat?post=16548"},{"taxonomy":"product_tag","embeddable":true,"href":"https:\/\/stage.poppersparadise.eu\/fi\/wp-json\/wp\/v2\/product_tag?post=16548"}],"curies":[{"name":"wp","href":"https:\/\/api.w.org\/{rel}","templated":true}]}}