{"id":16867,"date":"2025-05-08T18:22:56","date_gmt":"2025-05-08T16:22:56","guid":{"rendered":"https:\/\/stage.poppersparadise.eu\/?post_type=product&#038;p=16867"},"modified":"2025-08-04T18:11:13","modified_gmt":"2025-08-04T16:11:13","slug":"jauheoljya-2","status":"publish","type":"product","link":"https:\/\/stage.poppersparadise.eu\/fi\/product\/jauheoljya-2\/","title":{"rendered":"Powder Lube - 8,1 oz \/ 230 gr Vesipohjainen voiteluaine"},"content":{"rendered":"<h2 class=\"font-bold text-h3 leading-[40px] pt-[21px] pb-[2px] [&amp;_a]:underline-offset-[6px] [&amp;_.underline]:underline-offset-[6px]\" dir=\"ltr\">Lis\u00e4\u00e4 intiimej\u00e4 hetki\u00e4 DIY-jauhe-voiteella<\/h2>\n<p class=\"text-body font-regular leading-[24px] pt-[9px] pb-[2px]\" dir=\"ltr\">Muunna kosketuksesi r\u00e4\u00e4t\u00e4l\u00f6it\u00e4v\u00e4n Powder Lube DIY Powder-to-lube -kaavan avulla. Suunniteltu niille, jotka pit\u00e4v\u00e4t luovasta kosketuksesta: sekoita t\u00e4m\u00e4 jauhe yksinkertaisesti veteen luodaksesi silkkisen pehme\u00e4n, r\u00e4\u00e4t\u00e4l\u00f6idyn liukuvoiteen koostumuksen. T\u00e4ysin mauton ja hajuton, joten voit keskitty\u00e4 olennaiseen. Kevyt ja matkustusyst\u00e4v\u00e4llinen, t\u00e4ydellinen seikkailuihin tien p\u00e4\u00e4ll\u00e4. Lis\u00e4ksi se huuhtoutuu helposti pois, joten siivoaminen k\u00e4yt\u00f6n j\u00e4lkeen on helppoa. T\u00e4m\u00e4 monipuolinen liukuvoide sopii sek\u00e4 yksin tutkimiseen ett\u00e4 jaettuun nautintoon, ja se sopii mihin tahansa intiimiin tilaisuuteen.<\/p>\n<h3 class=\"font-bold text-h4 leading-[30px] pt-[15px] pb-[2px] [&amp;_a]:underline-offset-[6px] [&amp;_.underline]:underline-offset-[6px]\" dir=\"ltr\">Tuotteen tekniset tiedot:<\/h3>\n<ul class=\"pt-[9px] pb-[2px] pl-[24px] list-inside list-disc pt-[5px]\">\n<li class=\"text-body font-regular leading-[24px] my-[5px] [&amp;&gt;ol]:!pt-0 [&amp;&gt;ol]:!pb-0 [&amp;&gt;ul]:!pt-0 [&amp;&gt;ul]:!pb-0\" value=\"1\">DIY-jauhemainen kaava, jonka avulla voiteluaineen koostumus on r\u00e4\u00e4t\u00e4l\u00f6it\u00e4viss\u00e4.<\/li>\n<li class=\"text-body font-regular leading-[24px] my-[5px] [&amp;&gt;ol]:!pt-0 [&amp;&gt;ol]:!pb-0 [&amp;&gt;ul]:!pt-0 [&amp;&gt;ul]:!pb-0\" value=\"2\">T\u00e4ysin mauton ja hajuton h\u00e4iri\u00f6tt\u00f6m\u00e4n k\u00e4ytt\u00f6kokemuksen takaamiseksi.<\/li>\n<li class=\"text-body font-regular leading-[24px] my-[5px] [&amp;&gt;ol]:!pt-0 [&amp;&gt;ol]:!pb-0 [&amp;&gt;ul]:!pt-0 [&amp;&gt;ul]:!pb-0\" value=\"3\">Pienikokoinen ja matkustusyst\u00e4v\u00e4llinen, helppo sekoittaa miss\u00e4 ja milloin vain.<\/li>\n<li class=\"text-body font-regular leading-[24px] my-[5px] [&amp;&gt;ol]:!pt-0 [&amp;&gt;ol]:!pb-0 [&amp;&gt;ul]:!pt-0 [&amp;&gt;ul]:!pb-0\" value=\"4\">Helppo huuhdella, vaivaton puhdistus k\u00e4yt\u00f6n j\u00e4lkeen<\/li>\n<li class=\"text-body font-regular leading-[24px] my-[5px] [&amp;&gt;ol]:!pt-0 [&amp;&gt;ol]:!pb-0 [&amp;&gt;ul]:!pt-0 [&amp;&gt;ul]:!pb-0\" value=\"5\">Sopii sek\u00e4 yksin- ett\u00e4 paripeliin, mik\u00e4 lis\u00e4\u00e4 mukavuutta ja monipuolisuutta.<\/li>\n<li value=\"5\">Ainesosat: NATRIUMPOLYAKRYLAATTI<\/li>\n<\/ul>\n\n\n<p><\/p>","protected":false},"excerpt":{"rendered":"<p>Fist Se tekee nyrkkeily- tai nyrkkipanoistasi helpompia, parempia ja intensiivisempi\u00e4. Mallistossamme on erilaisia liukuvoiteita, mukaan lukien anaalirentouttimet, eritt\u00e4in paksut, luonnolliset ja puuduttavat vaihtoehdot. Jokainen voiteluaine on suunniteltu parantamaan kokemustasi ja lis\u00e4\u00e4m\u00e4\u00e4n nautintoa.<\/p>","protected":false},"featured_media":16868,"comment_status":"open","ping_status":"closed","template":"","meta":[],"product_brand":[],"product_cat":[479,671],"product_tag":[],"class_list":{"0":"post-16867","1":"product","2":"type-product","3":"status-publish","4":"has-post-thumbnail","6":"product_cat-drogist","7":"product_cat-glijmiddelen","9":"first","10":"instock","11":"taxable","12":"shipping-taxable","13":"purchasable","14":"product-type-simple"},"_links":{"self":[{"href":"https:\/\/stage.poppersparadise.eu\/fi\/wp-json\/wp\/v2\/product\/16867","targetHints":{"allow":["GET"]}}],"collection":[{"href":"https:\/\/stage.poppersparadise.eu\/fi\/wp-json\/wp\/v2\/product"}],"about":[{"href":"https:\/\/stage.poppersparadise.eu\/fi\/wp-json\/wp\/v2\/types\/product"}],"replies":[{"embeddable":true,"href":"https:\/\/stage.poppersparadise.eu\/fi\/wp-json\/wp\/v2\/comments?post=16867"}],"wp:featuredmedia":[{"embeddable":true,"href":"https:\/\/stage.poppersparadise.eu\/fi\/wp-json\/wp\/v2\/media\/16868"}],"wp:attachment":[{"href":"https:\/\/stage.poppersparadise.eu\/fi\/wp-json\/wp\/v2\/media?parent=16867"}],"wp:term":[{"taxonomy":"product_brand","embeddable":true,"href":"https:\/\/stage.poppersparadise.eu\/fi\/wp-json\/wp\/v2\/product_brand?post=16867"},{"taxonomy":"product_cat","embeddable":true,"href":"https:\/\/stage.poppersparadise.eu\/fi\/wp-json\/wp\/v2\/product_cat?post=16867"},{"taxonomy":"product_tag","embeddable":true,"href":"https:\/\/stage.poppersparadise.eu\/fi\/wp-json\/wp\/v2\/product_tag?post=16867"}],"curies":[{"name":"wp","href":"https:\/\/api.w.org\/{rel}","templated":true}]}}