{"id":16872,"date":"2025-05-08T18:35:27","date_gmt":"2025-05-08T16:35:27","guid":{"rendered":"https:\/\/stage.poppersparadise.eu\/?post_type=product&#038;p=16872"},"modified":"2025-10-05T15:42:24","modified_gmt":"2025-10-05T13:42:24","slug":"saada-anaali-liukuvoidetta","status":"publish","type":"product","link":"https:\/\/stage.poppersparadise.eu\/fi\/product\/saada-anaali-liukuvoidetta\/","title":{"rendered":"Get In - Anaalirasva - 5 fl oz \/ 150 ml"},"content":{"rendered":"<h2 class=\"font-bold text-h3 leading-[40px] pt-[21px] pb-[2px] [&amp;_a]:underline-offset-[6px] [&amp;_.underline]:underline-offset-[6px]\" dir=\"ltr\">Suunniteltu mukavaan ja nautinnolliseen kokemukseen,<\/h2>\n<p class=\"text-body font-regular leading-[24px] pt-[9px] pb-[2px]\" dir=\"ltr\">Get In Anal Lube on korkealaatuinen, vesipohjainen koostumus, joka on kehitetty erityisesti anaalik\u00e4ytt\u00f6\u00f6n. Tarkkuusk\u00e4rjen ansiosta levitys on helppoa ja tarkkaa, ja puristettava pullo takaa hallitun annostelun joka kerta. Yhdist\u00e4 se Clean In -lelupuhdistusaineeseen helppoon ja tehokkaaseen puhdistukseen k\u00e4yt\u00f6n j\u00e4lkeen.<\/p>\n<h3 class=\"font-bold text-h4 leading-[30px] pt-[15px] pb-[2px] [&amp;_a]:underline-offset-[6px] [&amp;_.underline]:underline-offset-[6px]\" dir=\"ltr\">T\u00e4rkeimm\u00e4t ominaisuudet<\/h3>\n<ul class=\"pt-[9px] pb-[2px] pl-[24px] list-inside list-disc pt-[5px]\">\n<li class=\"text-body font-regular leading-[24px] my-[5px] [&amp;&gt;ol]:!pt-0 [&amp;&gt;ol]:!pb-0 [&amp;&gt;ul]:!pt-0 [&amp;&gt;ul]:!pb-0\" value=\"1\"><b><strong class=\"font-bold\">Vesipohjainen kaava<\/strong><\/b> tasaiseen ja hell\u00e4varaiseen voiteluun<\/li>\n<li class=\"text-body font-regular leading-[24px] my-[5px] [&amp;&gt;ol]:!pt-0 [&amp;&gt;ol]:!pb-0 [&amp;&gt;ul]:!pt-0 [&amp;&gt;ul]:!pb-0\" value=\"2\">Yhteensopiva <b><strong class=\"font-bold\">Clean In lelujen puhdistusaine<\/strong><\/b> yksinkertaiseen hygieniaan<\/li>\n<li class=\"text-body font-regular leading-[24px] my-[5px] [&amp;&gt;ol]:!pt-0 [&amp;&gt;ol]:!pb-0 [&amp;&gt;ul]:!pt-0 [&amp;&gt;ul]:!pb-0\" value=\"3\">Suunniteltu <b><strong class=\"font-bold\">k\u00e4ytt\u00e4j\u00e4yst\u00e4v\u00e4llinen tarkkuusk\u00e4rki<\/strong><\/b> t\u00e4sm\u00e4lliseen soveltamiseen<\/li>\n<li class=\"text-body font-regular leading-[24px] my-[5px] [&amp;&gt;ol]:!pt-0 [&amp;&gt;ol]:!pb-0 [&amp;&gt;ul]:!pt-0 [&amp;&gt;ul]:!pb-0\" value=\"4\"><b><strong class=\"font-bold\">Puristettava pullo<\/strong><\/b> valvontaa ja mukavuutta varten<\/li>\n<li class=\"text-body font-regular leading-[24px] my-[5px] [&amp;&gt;ol]:!pt-0 [&amp;&gt;ol]:!pb-0 [&amp;&gt;ul]:!pt-0 [&amp;&gt;ul]:!pb-0\" value=\"5\">Valmistettu <b><strong class=\"font-bold\">korkealaatuiset ainesosat<\/strong><\/b> turvallisuutta ja mukavuutta<\/li>\n<li class=\"text-body font-regular leading-[24px] my-[5px] [&amp;&gt;ol]:!pt-0 [&amp;&gt;ol]:!pb-0 [&amp;&gt;ul]:!pt-0 [&amp;&gt;ul]:!pb-0\" value=\"6\"><b><strong class=\"font-bold\">Sis\u00e4lt\u00f6<\/strong><\/b>: 150 ml (5 fl oz)<\/li>\n<\/ul>\n<h3 class=\"font-bold text-h4 leading-[30px] pt-[15px] pb-[2px] [&amp;_a]:underline-offset-[6px] [&amp;_.underline]:underline-offset-[6px]\" dir=\"ltr\">Ainesosat<\/h3>\n<p class=\"text-body font-regular leading-[24px] pt-[9px] pb-[2px]\" dir=\"ltr\">AQUA, GLYSERIINI, HYDROKSIETYYLISELLULOOSA, SITRUUNAHAPPO, NATRIUMBENTSOAATTI, KALIUMSORBAATTI, PENTYLEENIGLYKOLI, SORBITOLI, NATRIUMLAKTAATTI, UREA, MAITOHAPPO, SERIINI, NATRIUMHYDROKSIDI, NATRIUMKLORIDI, ALLANTOIINI.<\/p>\n\n\n<p><\/p>","protected":false},"excerpt":{"rendered":"<p>Fist Se tekee nyrkkeily- tai nyrkkipanoistasi helpompia, parempia ja intensiivisempi\u00e4. Mallistossamme on erilaisia liukuvoiteita, mukaan lukien anaalirentouttimet, eritt\u00e4in paksut, luonnolliset ja puuduttavat vaihtoehdot. Jokainen voiteluaine on suunniteltu parantamaan kokemustasi ja lis\u00e4\u00e4m\u00e4\u00e4n nautintoa.<\/p>","protected":false},"featured_media":16873,"comment_status":"open","ping_status":"closed","template":"","meta":[],"product_brand":[],"product_cat":[479,671],"product_tag":[],"class_list":{"0":"post-16872","1":"product","2":"type-product","3":"status-publish","4":"has-post-thumbnail","6":"product_cat-drogist","7":"product_cat-glijmiddelen","9":"first","10":"instock","11":"taxable","12":"shipping-taxable","13":"purchasable","14":"product-type-simple"},"_links":{"self":[{"href":"https:\/\/stage.poppersparadise.eu\/fi\/wp-json\/wp\/v2\/product\/16872","targetHints":{"allow":["GET"]}}],"collection":[{"href":"https:\/\/stage.poppersparadise.eu\/fi\/wp-json\/wp\/v2\/product"}],"about":[{"href":"https:\/\/stage.poppersparadise.eu\/fi\/wp-json\/wp\/v2\/types\/product"}],"replies":[{"embeddable":true,"href":"https:\/\/stage.poppersparadise.eu\/fi\/wp-json\/wp\/v2\/comments?post=16872"}],"wp:featuredmedia":[{"embeddable":true,"href":"https:\/\/stage.poppersparadise.eu\/fi\/wp-json\/wp\/v2\/media\/16873"}],"wp:attachment":[{"href":"https:\/\/stage.poppersparadise.eu\/fi\/wp-json\/wp\/v2\/media?parent=16872"}],"wp:term":[{"taxonomy":"product_brand","embeddable":true,"href":"https:\/\/stage.poppersparadise.eu\/fi\/wp-json\/wp\/v2\/product_brand?post=16872"},{"taxonomy":"product_cat","embeddable":true,"href":"https:\/\/stage.poppersparadise.eu\/fi\/wp-json\/wp\/v2\/product_cat?post=16872"},{"taxonomy":"product_tag","embeddable":true,"href":"https:\/\/stage.poppersparadise.eu\/fi\/wp-json\/wp\/v2\/product_tag?post=16872"}],"curies":[{"name":"wp","href":"https:\/\/api.w.org\/{rel}","templated":true}]}}