{"id":17249,"date":"2025-05-20T16:32:16","date_gmt":"2025-05-20T14:32:16","guid":{"rendered":"https:\/\/stage.poppersparadise.eu\/?post_type=product&#038;p=17249"},"modified":"2025-09-19T16:30:00","modified_gmt":"2025-09-19T14:30:00","slug":"xtrm-kinky-snffr-vuototurva-solo-medium","status":"publish","type":"product","link":"https:\/\/stage.poppersparadise.eu\/fi\/product\/xtrm-kinky-snffr-vuototurva-solo-medium\/","title":{"rendered":"XTRM Kinky SNFFR Vuodonkest\u00e4v\u00e4 Solo - Medium - Sarja"},"content":{"rendered":"<h2 class=\"font-bold text-h3 leading-[36px] pt-[21px] pb-[2px] [&amp;_a]:underline-offset-[6px] [&amp;_.underline]:underline-offset-[6px]\" dir=\"ltr\">XTRM Kinky SNFFR Vuodonkest\u00e4v\u00e4 Solo - Medium - Perimm\u00e4inen nautinto vakavalle k\u00e4ytt\u00e4j\u00e4lle<\/h2>\n<p class=\"text-body font-regular leading-[24px] pt-[9px] pb-[2px]\" dir=\"ltr\">Koe ennenn\u00e4kem\u00e4t\u00f6n kokemus uuden XTRM Kinky SNFFR Leak Proof Solo - Medium -suojan kanssa. T\u00e4m\u00e4 vallankumouksellinen muotoilu vie nautintosi seuraavalle tasolle kehittyneiden ominaisuuksiensa ansiosta.<\/p>\n<h3 class=\"font-bold text-h4 leading-[30px] pt-[15px] pb-[2px] [&amp;_a]:underline-offset-[6px] [&amp;_.underline]:underline-offset-[6px]\" dir=\"ltr\">Mik\u00e4 tekee siit\u00e4 erityisen?<\/h3>\n<ul class=\"pt-[9px] pb-[2px] pl-[24px] list-disc [&amp;_ul]:pt-[5px] pt-[5px]\">\n<li class=\"text-body font-regular leading-[24px] my-[5px] [&amp;&gt;ol]:!pt-0 [&amp;&gt;ol]:!pb-0 [&amp;&gt;ul]:!pt-0 [&amp;&gt;ul]:!pb-0\" value=\"1\"><b><strong class=\"font-bold\">Vallankumouksellinen muotoilu<\/strong><\/b>: XTRM KINKY SNFFR on valmistettu yhdest\u00e4 kappaleesta, eik\u00e4 siin\u00e4 ole irrallisia osia, jotka voivat siirty\u00e4. Se on suunniteltu \u00e4\u00e4rimm\u00e4isen helppok\u00e4ytt\u00f6iseksi.<\/li>\n<li class=\"text-body font-regular leading-[24px] my-[5px] [&amp;&gt;ol]:!pt-0 [&amp;&gt;ol]:!pb-0 [&amp;&gt;ul]:!pt-0 [&amp;&gt;ul]:!pb-0\" value=\"2\"><b><strong class=\"font-bold\">Vuodonkest\u00e4v\u00e4 tiiviste<\/strong><\/b>: Integroitu tiivisterengas varmistaa, ettei mit\u00e4\u00e4n putoa ulos, joten voit aina olla varma turvallisesta ja k\u00e4tev\u00e4st\u00e4 k\u00e4ytt\u00f6kokemuksesta.<\/li>\n<li class=\"text-body font-regular leading-[24px] my-[5px] [&amp;&gt;ol]:!pt-0 [&amp;&gt;ol]:!pb-0 [&amp;&gt;ul]:!pt-0 [&amp;&gt;ul]:!pb-0\" value=\"3\"><b><strong class=\"font-bold\">Power Channel -tekniikka<\/strong><\/b>: Nauti jopa viisi kertaa enemm\u00e4n tuoksua kuin perinteisell\u00e4 XTRM-turbolla, joka on tiivis.<\/li>\n<li class=\"text-body font-regular leading-[24px] my-[5px] [&amp;&gt;ol]:!pt-0 [&amp;&gt;ol]:!pb-0 [&amp;&gt;ul]:!pt-0 [&amp;&gt;ul]:!pb-0\" value=\"4\"><b><strong class=\"font-bold\">Viiv\u00e4stynyt potku<\/strong><\/b>: Koe ainutlaatuinen tunne viiv\u00e4styneest\u00e4, voimakkaasta iskusta, jota et pian unohda.<\/li>\n<li class=\"text-body font-regular leading-[24px] my-[5px] [&amp;&gt;ol]:!pt-0 [&amp;&gt;ol]:!pb-0 [&amp;&gt;ul]:!pt-0 [&amp;&gt;ul]:!pb-0\" value=\"5\"><b><strong class=\"font-bold\">Tyylik\u00e4s ja k\u00e4yt\u00e4nn\u00f6llinen muotoilu<\/strong><\/b>: Saatavana mustana ja punaisena, jossa on kontrastinen painike ja pidike turvallista s\u00e4ilytyst\u00e4 ja siirrett\u00e4vyytt\u00e4 varten.<\/li>\n<li><strong>Pakkauksen sis\u00e4lt\u00f6<\/strong>: XTRM Kinky SNFFR Leak Proof Solo - Medium &amp; sopiva pidike<\/li>\n<\/ul>\n<h3>\"Niin paljon SNFFR:i\u00e4 - meid\u00e4n oli vihdoin saatava talomme kuntoon\"<br \/>T\u00e4st\u00e4 l\u00e4htien jokaiselle pullolle on selke\u00e4t koot: uusi XTRM SNFFR -kokotaulukkomme n\u00e4ytt\u00e4\u00e4 tarkalleen, mik\u00e4 sopii - ei arvailua, ei haparointia.\"<br \/><br \/><\/h3>\n\n\n<p><\/p>\n\n\n\n<figure class=\"wp-block-table\"><table class=\"has-fixed-layout\"><thead><tr><th>Koko<\/th><th>Esimerkki&nbsp;<\/th><th>Kuvaus<\/th><\/tr><\/thead><tbody><tr><td><strong>XXS<\/strong><\/td><td><img decoding=\"async\" src=\"https:\/\/wholesale.xtrm.net\/TAP\/XXS.jpg\" alt=\"XXS pullo\"><\/td><td>Kallo 24 ml pullot<\/td><\/tr><tr><td><strong>XS<\/strong><\/td><td><img decoding=\"async\" src=\"https:\/\/wholesale.xtrm.net\/TAP\/XS.jpg\" alt=\"XS-pullo\"><\/td><td>Ranskalainen, Double Scorpio (USA), Everest, OXY - ohuet alumiinipullot (10-15 ml)<\/td><\/tr><tr><td><strong>S<\/strong><\/td><td><img decoding=\"async\" src=\"https:\/\/wholesale.xtrm.net\/TAP\/SMALL.jpg\" alt=\"S Pullo\"><\/td><td>Rush, Amsterdam, soikeat XTRM-pullot, leve\u00e4t Lockerroom-pullot (ei korkeat), PWD 10ml, Funline 10ml.<\/td><\/tr><tr><td><strong>M<\/strong><\/td><td><img decoding=\"async\" src=\"https:\/\/wholesale.xtrm.net\/TAP\/M.jpg\" alt=\"M-pullo\"><\/td><td>Uudet Lockerroomin korkeat pullot (30 ml) - aiemmin \"Small\", nyt Medium-kokoiset pullot<\/td><\/tr><tr><td><strong>L<\/strong><\/td><td><img decoding=\"async\" src=\"https:\/\/wholesale.xtrm.net\/TAP\/large.jpg\" alt=\"L pullo\"><\/td><td>Nelikulmaiset retropullot (24-25 ml), esim. Belgo, Funline, Lockerroom, jotkut yhdysvaltalaiset pullot.<\/td><\/tr><tr><td><strong>XL<\/strong><\/td><td><img decoding=\"async\" src=\"https:\/\/wholesale.xtrm.net\/TAP\/xl.jpg\" alt=\"XL pullo\"><\/td><td>Uudet OXY- ja Lockerroom-alumiinipullot (suuret, py\u00f6re\u00e4t).<\/td><\/tr><tr><td><strong>2XL<\/strong><\/td><td><img decoding=\"async\" src=\"https:\/\/wholesale.xtrm.net\/TAP\/2xl.jpg\" alt=\"2XL pullo\"><\/td><td>Eritt\u00e4in leve\u00e4t 30 ml:n alumiinipullot, joissa on suuri aukko<\/td><\/tr><tr><td><strong>3XL<\/strong><\/td><td><img decoding=\"async\" src=\"https:\/\/wholesale.xtrm.net\/TAP\/3xl.jpg\" alt=\"3XL pullo\"><\/td><td>Isoamyl-muovipullot, Everest 30 ml, leve\u00e4suiset lasipullot<\/td><\/tr><tr><td><strong>4XL<\/strong><\/td><td><img decoding=\"async\" src=\"https:\/\/wholesale.xtrm.net\/TAP\/4xl.jpg\" alt=\"4XL pullo\"><\/td><td>XTRM-pullot 60-100 ml, kuten XTRM BEAST-pullot.<\/td><\/tr><\/tbody><\/table><\/figure>","protected":false},"excerpt":{"rendered":"<p>It\u00e4vallan upouusi Kinky SNFFR Leak Proof by XTRM on vihdoin saatavilla, ja se lupaa vied\u00e4 tuoksukokemuksesi uudelle X-TASOLLE.<\/p>","protected":false},"featured_media":17250,"comment_status":"open","ping_status":"closed","template":"","meta":[],"product_brand":[752],"product_cat":[330,596],"product_tag":[528],"class_list":{"0":"post-17249","1":"product","2":"type-product","3":"status-publish","4":"has-post-thumbnail","6":"product_brand-xtrm","7":"product_cat-accessoires","8":"product_cat-sniffers-medium","9":"product_tag-largesnnfr","11":"first","12":"instock","13":"taxable","14":"shipping-taxable","15":"purchasable","16":"product-type-simple"},"_links":{"self":[{"href":"https:\/\/stage.poppersparadise.eu\/fi\/wp-json\/wp\/v2\/product\/17249","targetHints":{"allow":["GET"]}}],"collection":[{"href":"https:\/\/stage.poppersparadise.eu\/fi\/wp-json\/wp\/v2\/product"}],"about":[{"href":"https:\/\/stage.poppersparadise.eu\/fi\/wp-json\/wp\/v2\/types\/product"}],"replies":[{"embeddable":true,"href":"https:\/\/stage.poppersparadise.eu\/fi\/wp-json\/wp\/v2\/comments?post=17249"}],"wp:featuredmedia":[{"embeddable":true,"href":"https:\/\/stage.poppersparadise.eu\/fi\/wp-json\/wp\/v2\/media\/17250"}],"wp:attachment":[{"href":"https:\/\/stage.poppersparadise.eu\/fi\/wp-json\/wp\/v2\/media?parent=17249"}],"wp:term":[{"taxonomy":"product_brand","embeddable":true,"href":"https:\/\/stage.poppersparadise.eu\/fi\/wp-json\/wp\/v2\/product_brand?post=17249"},{"taxonomy":"product_cat","embeddable":true,"href":"https:\/\/stage.poppersparadise.eu\/fi\/wp-json\/wp\/v2\/product_cat?post=17249"},{"taxonomy":"product_tag","embeddable":true,"href":"https:\/\/stage.poppersparadise.eu\/fi\/wp-json\/wp\/v2\/product_tag?post=17249"}],"curies":[{"name":"wp","href":"https:\/\/api.w.org\/{rel}","templated":true}]}}