{"id":17371,"date":"2025-05-23T08:56:51","date_gmt":"2025-05-23T06:56:51","guid":{"rendered":"https:\/\/stage.poppersparadise.eu\/?post_type=product&#038;p=17371"},"modified":"2025-10-03T19:12:13","modified_gmt":"2025-10-03T17:12:13","slug":"red-rush-vortex-power-sniffer","status":"publish","type":"product","link":"https:\/\/stage.poppersparadise.eu\/fi\/product\/red-rush-vortex-power-sniffer\/","title":{"rendered":"Punainen Rush Vortex Power Sniffer - Pieni"},"content":{"rendered":"<h2 class=\"wp-block-heading\"><strong>Markkinoiden tehokkain ja tyylikk\u00e4in nuuskaaja<\/strong><\/h2>\n\n\n\n<p>T\u00e4ss\u00e4 on Red Rush Vortex Power Sniffer - Small, innovatiivinen ratkaisu vaivattomaan ja turvalliseen haisteluun. Snifferiss\u00e4mme yhdistyv\u00e4t ylellisyys ja suorituskyky, mik\u00e4 nostaa kokemuksesi uudelle tasolle. Sen 100-prosenttisesti tiiviin ja ilmatiiviin rakenteen ansiosta voit luottaa jokaisen nuuskauksen \u00e4\u00e4rimm\u00e4iseen puhtauteen ja tehokkuuteen. Ei roiskeita, ei h\u00f6ss\u00f6tyst\u00e4.<\/p>\n\n\n\n<h3 class=\"wp-block-heading\">Katso se toiminnassa<\/h3>\n\n\n\n<figure class=\"wp-block-video\"><video controls src=\"https:\/\/stage.poppersparadise.eu\/wp-content\/uploads\/2025\/05\/Actie.mp4\"><\/video><\/figure>\n\n\n\n<h3 class=\"wp-block-heading\"><br>Beakr:n ydin - hienostuneisuus ja ammattitaito yhdistyv\u00e4t siin\u00e4<\/h3>\n\n\n\n<p>Tuotteet <strong>Beakr<\/strong> on kehitetty ja valmistettu eritt\u00e4in huolellisesti Yhdysvalloissa k\u00e4ytt\u00e4en vain tiukimpia laatustandardeja. Beakr on tunnettu tarkkuudestaan ja luotettavuudestaan - ja huomaat sen jokaisella nuuhkaisulla. Ihanteellinen niille, jotka etsiv\u00e4t intensiivist\u00e4, johdonmukaista huippuluokan kokemusta.<\/p>\n\n\n\n<h3 class=\"wp-block-heading\">Miksi valita Red Rush Vortex Power Sniffer?<\/h3>\n\n\n\n<ul class=\"wp-block-list\">\n<li><strong>\u00c4l\u00e4 en\u00e4\u00e4 koskaan l\u00e4ikyt\u00e4:<\/strong> Patentoitu dial-tekniikka takaa t\u00e4ydellisen ilmatiiviin tiivisteen, joten et tuhlaa pisaraakaan.<\/li>\n\n\n\n<li><strong>Eritt\u00e4in vahva:<\/strong> Koe jatkuva teho Vortex Power -tekniikan ansiosta. Ilma puristetaan optimaalisesti voimakkaan nuuskan aikaansaamiseksi viimeist\u00e4 pisaraa my\u00f6ten.<\/li>\n\n\n\n<li><strong>Ainutlaatuinen \u00e4\u00e4ni<\/strong>: Pelk\u00e4st\u00e4\u00e4n \"pop\"-\u00e4\u00e4ni, jonka kuulet heti, kun ty\u00f6nn\u00e4t sen auki, saa sinut haluamaan haistella sit\u00e4 heti.<\/li>\n\n\n\n<li><strong>\u00c4l\u00e4 koskaan polta:<\/strong> Rakenne pit\u00e4\u00e4 nesteen kaukana suuttimesta. Suojaa sieraimesi ik\u00e4vilt\u00e4 palovammoilta.<\/li>\n<\/ul>\n\n\n\n<h3 class=\"wp-block-heading\">Ainutlaatuiset ominaisuudet<\/h3>\n\n\n\n<ul class=\"wp-block-list\">\n<li><strong>Ruiskuvalettu kest\u00e4vyys:<\/strong> Paljon vahvempi ja luotettavampi kuin 3D-tulostettu muovi.<\/li>\n\n\n\n<li><strong>V\u00e4rivaihtoehdot:<\/strong> Saatavana viidess\u00e4 v\u00e4riss\u00e4 - Black Caviar, Red Rush, Royal Purple, Pretty in Pink ja Greedy Green.<\/li>\n\n\n\n<li><strong>Kompakti ja monipuolinen:<\/strong> Sopii 10 ml:n pulloille, Iron Fist-alumiinipulloille, soikeille 24 ml:n pulloille ja korkeille\/ohuille pulloille.<\/li>\n<\/ul>\n\n\n\n<h3 class=\"wp-block-heading\">Tekniset tiedot<\/h3>\n\n\n\n<ul class=\"wp-block-list\">\n<li><strong>Vuodonkest\u00e4v\u00e4:<\/strong> 100% taattu<\/li>\n\n\n\n<li><strong>Sulkeminen:<\/strong> Ilmanpit\u00e4v\u00e4 patentoidulla kiertonuppitekniikalla varustettuna<\/li>\n\n\n\n<li><strong>Materiaalin laatu:<\/strong> Ensiluokkainen ruiskuvalettu muovi<\/li>\n\n\n\n<li><strong>V\u00e4rit:<\/strong> 5 tyylik\u00e4st\u00e4 vaihtoehtoa<\/li>\n<\/ul>\n\n\n\n<h3 class=\"wp-block-heading\">Tyyliisi perustuvat v\u00e4rit<\/h3>\n\n\n\n<ul class=\"wp-block-list\">\n<li><strong><a href=\"https:\/\/stage.poppersparadise.eu\/fi\/product\/musta-kaviaari-teho-nuuskaaja\/\">Musta kaviaari<\/a><\/strong>: Klassinen, tyylik\u00e4s ja ajaton. Valitse hienostuneisuus t\u00e4ll\u00e4 ylellisell\u00e4 mustalla viimeistelyll\u00e4.<\/li>\n\n\n\n<li><strong><a href=\"https:\/\/stage.poppersparadise.eu\/fi\/product\/red-rush-power-sniffer\/\">Punainen Rush<\/a><\/strong>: Tulista ja rohkeaa, anna kokemuksellesi energinen kierre t\u00e4ll\u00e4 voimakkaalla punaisella s\u00e4vyll\u00e4.<\/li>\n\n\n\n<li><strong><a href=\"https:\/\/stage.poppersparadise.eu\/fi\/product\/red-rush-power-sniffer-copy\/\">Royal Purple<\/a><\/strong>: Majesteettinen ja salaper\u00e4inen v\u00e4ri, joka huokuu tyyli\u00e4 vaativimpaankin makuun.<\/li>\n\n\n\n<li><strong><a href=\"https:\/\/stage.poppersparadise.eu\/fi\/product\/pretty-in-pink-teho-nuuskaaja\/\">Pretty in Pink<\/a><\/strong>: Kevyt, leikkis\u00e4 ja vieh\u00e4tt\u00e4v\u00e4. Lis\u00e4\u00e4 piristyst\u00e4 t\u00e4ll\u00e4 upealla vaaleanpunaisella v\u00e4rill\u00e4.<\/li>\n\n\n\n<li><strong><a href=\"https:\/\/stage.poppersparadise.eu\/fi\/product\/ahne-vihrea-vortex-power-sniffer\/\">Ahne vihre\u00e4<\/a><\/strong>: Raikas, elinvoimainen ja huomiota her\u00e4tt\u00e4v\u00e4. T\u00e4ydellinen niille, jotka haluavat erottua tyylikk\u00e4\u00e4sti.<\/li>\n<\/ul>\n\n\n\n<h3 class=\"wp-block-heading\">V\u00e4liaikainen tutustumistarjous<\/h3>\n\n\n\n<p>Ei ole parempaa aikaa p\u00e4ivitt\u00e4\u00e4 kokemusta. Hy\u00f6dynn\u00e4 nyt <strong>johdantoalennus 20%:st\u00e4<\/strong> Red Rush Vortex Power Sniffer. \u00c4l\u00e4 odota, t\u00e4m\u00e4 tarjous on v\u00e4liaikainen!<\/p>\n\n\n\n<p><strong>Tilaa Red Rush Vortex Power Sniffer nyt ja koe itse, miksi t\u00e4m\u00e4 on paras saatavilla oleva Sniffer.<\/strong><\/p>","protected":false},"excerpt":{"rendered":"<p><strong>Saatavilla 1. kes\u00e4kuuta alkaen <\/strong> Tutustu Red Rush Power Snifferiin, joka on innovatiivinen ratkaisu vaivattomaan ja turvalliseen haisteluun. Nuuskaajassamme yhdistyv\u00e4t ylellisyys ja suorituskyky, mik\u00e4 nostaa kokemuksesi uudelle tasolle. Sen 100-prosenttisen tiiviyden ja ilmatiiviin rakenteen ansiosta voit luottaa jokaisen nuuskauksen \u00e4\u00e4rimm\u00e4iseen puhtauteen ja tehokkuuteen. Ei roiskeita, ei h\u00f6ss\u00f6tyst\u00e4.<\/p>","protected":false},"featured_media":17569,"comment_status":"open","ping_status":"closed","template":"","meta":[],"product_brand":[753],"product_cat":[330,529],"product_tag":[],"class_list":{"0":"post-17371","1":"product","2":"type-product","3":"status-publish","4":"has-post-thumbnail","6":"product_brand-beakr","7":"product_cat-accessoires","8":"product_cat-sniffers-small","10":"first","11":"instock","12":"sale","13":"taxable","14":"shipping-taxable","15":"purchasable","16":"product-type-simple"},"_links":{"self":[{"href":"https:\/\/stage.poppersparadise.eu\/fi\/wp-json\/wp\/v2\/product\/17371","targetHints":{"allow":["GET"]}}],"collection":[{"href":"https:\/\/stage.poppersparadise.eu\/fi\/wp-json\/wp\/v2\/product"}],"about":[{"href":"https:\/\/stage.poppersparadise.eu\/fi\/wp-json\/wp\/v2\/types\/product"}],"replies":[{"embeddable":true,"href":"https:\/\/stage.poppersparadise.eu\/fi\/wp-json\/wp\/v2\/comments?post=17371"}],"wp:featuredmedia":[{"embeddable":true,"href":"https:\/\/stage.poppersparadise.eu\/fi\/wp-json\/wp\/v2\/media\/17569"}],"wp:attachment":[{"href":"https:\/\/stage.poppersparadise.eu\/fi\/wp-json\/wp\/v2\/media?parent=17371"}],"wp:term":[{"taxonomy":"product_brand","embeddable":true,"href":"https:\/\/stage.poppersparadise.eu\/fi\/wp-json\/wp\/v2\/product_brand?post=17371"},{"taxonomy":"product_cat","embeddable":true,"href":"https:\/\/stage.poppersparadise.eu\/fi\/wp-json\/wp\/v2\/product_cat?post=17371"},{"taxonomy":"product_tag","embeddable":true,"href":"https:\/\/stage.poppersparadise.eu\/fi\/wp-json\/wp\/v2\/product_tag?post=17371"}],"curies":[{"name":"wp","href":"https:\/\/api.w.org\/{rel}","templated":true}]}}