{"id":18175,"date":"2025-06-06T22:55:42","date_gmt":"2025-06-06T20:55:42","guid":{"rendered":"https:\/\/stage.poppersparadise.eu\/?post_type=product&#038;p=18175"},"modified":"2025-08-09T11:19:31","modified_gmt":"2025-08-09T09:19:31","slug":"xtrm-turbo-snffr-3","status":"publish","type":"product","link":"https:\/\/stage.poppersparadise.eu\/fi\/product\/xtrm-turbo-snffr-3\/","title":{"rendered":"XTRM Turbo SNFFR\u00ae Vuodonkest\u00e4v\u00e4 pieni ja suuri sarja - violetti"},"content":{"rendered":"<h2 class=\"font-semibold pdf-heading-class-replace text-h3 leading-[40px] pt-[21px] pb-[2px] [&amp;_a]:underline-offset-[6px] [&amp;_.underline]:underline-offset-[6px]\" dir=\"ltr\">Erikoistarjous XTRM TURBO SNFFR\u00ae Vuototurvallinen pieni ja suuri setti<\/h2>\n<p class=\"text-body font-regular leading-[24px] pt-[9px] pb-[2px]\" dir=\"ltr\">Haluatko haistinsarjan, jossa yhdistyv\u00e4t laatu, tyyli ja helppok\u00e4ytt\u00f6isyys? XTRM TURBO SNFFR\u00ae Leak Proof Small &amp; Large Set tarjoaa sinulle kaiken etsim\u00e4si ja enemm\u00e4n. Lis\u00e4ksi t\u00e4m\u00e4n setin mukana tulee vastustamaton tarjous, jota et halua j\u00e4tt\u00e4\u00e4 v\u00e4liin.<\/p>\n<h3 class=\"font-semibold pdf-heading-class-replace text-h4 leading-[30px] pt-[15px] pb-[2px] [&amp;_a]:underline-offset-[6px] [&amp;_.underline]:underline-offset-[6px]\" dir=\"ltr\">T\u00e4rkeimm\u00e4t ominaisuudet ja edut:<\/h3>\n<ul class=\"pt-[9px] pb-[2px] pl-[24px] list-disc pt-[5px]\">\n<li><b><strong class=\"font-semibold\">Setti edulliseen hintaan<\/strong><\/b> - Pelkk\u00e4 Small- tai Large-versio maksaa <strong>normaalisti 43,95 euroa kappale. Nyt saatavilla yhdess\u00e4 vain 49,95 \u20ac<\/strong>.<\/li>\n<li value=\"1\"><b><strong class=\"font-semibold\">Vuodonkest\u00e4v\u00e4 rakenne<\/strong><\/b> - Laadukkaan tiiviysmekanismin ansiosta ei en\u00e4\u00e4 koskaan vuoda.<\/li>\n<li class=\"text-body font-regular leading-[24px] my-[5px] [&amp;&gt;ol]:!pt-0 [&amp;&gt;ol]:!pb-0 [&amp;&gt;ul]:!pt-0 [&amp;&gt;ul]:!pb-0\" value=\"2\"><b><strong class=\"font-semibold\">Laatua It\u00e4vallasta<\/strong><\/b> - Suunniteltu tarkasti ja tehty pitk\u00e4aikaiseen k\u00e4ytt\u00f6\u00f6n.<\/li>\n<li class=\"text-body font-regular leading-[24px] my-[5px] [&amp;&gt;ol]:!pt-0 [&amp;&gt;ol]:!pb-0 [&amp;&gt;ul]:!pt-0 [&amp;&gt;ul]:!pb-0\" value=\"3\"><b><strong class=\"font-semibold\">Tyylikk\u00e4\u00e4t v\u00e4rivaihtoehdot<\/strong><\/b> - Voit valita mustan, vaaleanpunaisen tai violetin, joka sopii t\u00e4ydellisesti tyyliisi.<\/li>\n<\/ul>\n<h3 class=\"font-semibold pdf-heading-class-replace text-h4 leading-[30px] pt-[15px] pb-[2px] [&amp;_a]:underline-offset-[6px] [&amp;_.underline]:underline-offset-[6px]\" dir=\"ltr\">Erikoistarjous<\/h3>\n<p class=\"text-body font-regular leading-[24px] pt-[9px] pb-[2px]\" dir=\"ltr\">Hanki koko setti (sek\u00e4 Small ett\u00e4 Large) vain 49,95 eurolla. Ainutlaatuinen tilaisuus yhdist\u00e4\u00e4 laatu ja s\u00e4\u00e4st\u00f6t.<\/p>\n<h3 class=\"font-semibold pdf-heading-class-replace text-h4 leading-[30px] pt-[15px] pb-[2px] [&amp;_a]:underline-offset-[6px] [&amp;_.underline]:underline-offset-[6px]\" dir=\"ltr\">Saatavilla olevat v\u00e4rivaihtoehdot<\/h3>\n<p class=\"text-body font-regular leading-[24px] pt-[9px] pb-[2px]\" dir=\"ltr\">T\u00e4m\u00e4 tyylik\u00e4s setti on saatavana <b><strong class=\"font-semibold\">musta<\/strong><\/b>, <b><strong class=\"font-semibold\">vaaleanpunainen<\/strong><\/b>ja <b><strong class=\"font-semibold\">violetti<\/strong><\/b>. Valitse suosikkisi ja tee v\u00e4lit\u00f6n vaikutelma!<\/p>\n<p class=\"text-body font-regular leading-[24px] pt-[9px] pb-[2px]\" dir=\"ltr\">\u00c4l\u00e4 missaa t\u00e4t\u00e4 tilaisuutta t\u00e4ydent\u00e4\u00e4 kokoelmaasi XTRM TURBO SNFFR\u00ae -sarjalla. Tilaa nyt ja ota itse selv\u00e4\u00e4, miksi t\u00e4m\u00e4 on nuuskan yst\u00e4vien must-have.<\/p>\n<h3>\"Niin paljon SNFFR:i\u00e4 - meid\u00e4n oli vihdoin saatava talomme kuntoon\"<br \/>T\u00e4st\u00e4 l\u00e4htien jokaiselle pullolle on selke\u00e4t koot: uusi XTRM SNFFR -kokotaulukkomme n\u00e4ytt\u00e4\u00e4 tarkalleen, mik\u00e4 sopii - ei arvailua, ei haparointia.\"<br \/><br \/><\/h3>\n\n\n<figure class=\"wp-block-table\"><table class=\"has-fixed-layout\"><thead><tr><th>Koko<\/th><th>Esimerkki&nbsp;<\/th><th>Kuvaus<\/th><\/tr><\/thead><tbody><tr><td><strong>XXS<\/strong><\/td><td><img decoding=\"async\" src=\"https:\/\/wholesale.xtrm.net\/TAP\/XXS.jpg\" alt=\"XXS pullo\"><\/td><td>Kallo 24 ml pullot<\/td><\/tr><tr><td><strong>XS<\/strong><\/td><td><img decoding=\"async\" src=\"https:\/\/wholesale.xtrm.net\/TAP\/XS.jpg\" alt=\"XS-pullo\"><\/td><td>Ranskalainen, Double Scorpio (USA), Everest, OXY - ohuet alumiinipullot (10-15 ml)<\/td><\/tr><tr><td><strong>S<\/strong><\/td><td><img decoding=\"async\" src=\"https:\/\/wholesale.xtrm.net\/TAP\/SMALL.jpg\" alt=\"S Pullo\"><\/td><td>Rush, Amsterdam, soikeat XTRM-pullot, leve\u00e4t Lockerroom-pullot (ei korkeat), PWD 10ml, Funline 10ml.<\/td><\/tr><tr><td><strong>M<\/strong><\/td><td><img decoding=\"async\" src=\"https:\/\/wholesale.xtrm.net\/TAP\/M.jpg\" alt=\"M-pullo\"><\/td><td>Uudet Lockerroomin korkeat pullot (30 ml) - aiemmin \"Small\", nyt Medium-kokoiset pullot<\/td><\/tr><tr><td><strong>L<\/strong><\/td><td><img decoding=\"async\" src=\"https:\/\/wholesale.xtrm.net\/TAP\/large.jpg\" alt=\"L pullo\"><\/td><td>Nelikulmaiset retropullot (24-25 ml), esim. Belgo, Funline, Lockerroom, jotkut yhdysvaltalaiset pullot.<\/td><\/tr><tr><td><strong>XL<\/strong><\/td><td><img decoding=\"async\" src=\"https:\/\/wholesale.xtrm.net\/TAP\/xl.jpg\" alt=\"XL pullo\"><\/td><td>Uudet OXY- ja Lockerroom-alumiinipullot (suuret, py\u00f6re\u00e4t).<\/td><\/tr><tr><td><strong>2XL<\/strong><\/td><td><img decoding=\"async\" src=\"https:\/\/wholesale.xtrm.net\/TAP\/2xl.jpg\" alt=\"2XL pullo\"><\/td><td>Eritt\u00e4in leve\u00e4t 30 ml:n alumiinipullot, joissa on suuri aukko<\/td><\/tr><tr><td><strong>3XL<\/strong><\/td><td><img decoding=\"async\" src=\"https:\/\/wholesale.xtrm.net\/TAP\/3xl.jpg\" alt=\"3XL pullo\"><\/td><td>Isoamyl-muovipullot, Everest 30 ml, leve\u00e4suiset lasipullot<\/td><\/tr><tr><td><strong>4XL<\/strong><\/td><td><img decoding=\"async\" src=\"https:\/\/wholesale.xtrm.net\/TAP\/4xl.jpg\" alt=\"4XL pullo\"><\/td><td>XTRM-pullot 60-100 ml, kuten XTRM BEAST-pullot.<\/td><\/tr><\/tbody><\/table><\/figure>\n\n\n\n<p><\/p>","protected":false},"excerpt":{"rendered":"<p class=\"text-body font-semibold !p-0 !pt-[4px] !pb-[2px]\">Ei kopiota. Ei korkkia. Ei vertailua. T\u00e4m\u00e4 on alkuper\u00e4inen - valmistettu It\u00e4vallassa.<\/p>\n<p>The\u00a0<strong>XTRM Turbo-SNFFR\u00ae Turbo SNFFR\u00ae<\/strong>\u00a0ei ole lelu. Se on piirin halutuin inhalaatiotarvike, joka on suunniteltu, rakennettu ja hiottu tinkim\u00e4t\u00f6nt\u00e4 nautintoa varten.\u00a0<strong>Kosketukseton. Vuodonkest\u00e4v\u00e4. Hallittu haihtuminen.<\/strong>\u00a0Yksinkertainen napin painallus vapauttaa aromin - hallittu, puhdas ja voimakas. Kun vapautat painikkeen, j\u00e4rjestelm\u00e4 sulkeutuu v\u00e4litt\u00f6m\u00e4sti. Ei vuotoja, ei tippumista, ei ihokosketusta. Vain puhdas aromi - juuri oikeaan aikaan.<\/p>","protected":false},"featured_media":18176,"comment_status":"open","ping_status":"closed","template":"","meta":[],"product_brand":[752],"product_cat":[482,330,756],"product_tag":[],"class_list":{"0":"post-18175","1":"product","2":"type-product","3":"status-publish","4":"has-post-thumbnail","6":"product_brand-xtrm","7":"product_cat-aanbiedingen","8":"product_cat-accessoires","9":"product_cat-sniffers-small-large-sets","11":"first","12":"instock","13":"sale","14":"taxable","15":"shipping-taxable","16":"purchasable","17":"product-type-simple"},"_links":{"self":[{"href":"https:\/\/stage.poppersparadise.eu\/fi\/wp-json\/wp\/v2\/product\/18175","targetHints":{"allow":["GET"]}}],"collection":[{"href":"https:\/\/stage.poppersparadise.eu\/fi\/wp-json\/wp\/v2\/product"}],"about":[{"href":"https:\/\/stage.poppersparadise.eu\/fi\/wp-json\/wp\/v2\/types\/product"}],"replies":[{"embeddable":true,"href":"https:\/\/stage.poppersparadise.eu\/fi\/wp-json\/wp\/v2\/comments?post=18175"}],"wp:featuredmedia":[{"embeddable":true,"href":"https:\/\/stage.poppersparadise.eu\/fi\/wp-json\/wp\/v2\/media\/18176"}],"wp:attachment":[{"href":"https:\/\/stage.poppersparadise.eu\/fi\/wp-json\/wp\/v2\/media?parent=18175"}],"wp:term":[{"taxonomy":"product_brand","embeddable":true,"href":"https:\/\/stage.poppersparadise.eu\/fi\/wp-json\/wp\/v2\/product_brand?post=18175"},{"taxonomy":"product_cat","embeddable":true,"href":"https:\/\/stage.poppersparadise.eu\/fi\/wp-json\/wp\/v2\/product_cat?post=18175"},{"taxonomy":"product_tag","embeddable":true,"href":"https:\/\/stage.poppersparadise.eu\/fi\/wp-json\/wp\/v2\/product_tag?post=18175"}],"curies":[{"name":"wp","href":"https:\/\/api.w.org\/{rel}","templated":true}]}}