{"id":18769,"date":"2025-06-20T21:36:59","date_gmt":"2025-06-20T19:36:59","guid":{"rendered":"https:\/\/stage.poppersparadise.eu\/?post_type=product&#038;p=18769"},"modified":"2025-08-15T15:03:58","modified_gmt":"2025-08-15T13:03:58","slug":"oranssi-prowler-punainen-huivi-nenaliina","status":"publish","type":"product","link":"https:\/\/stage.poppersparadise.eu\/fi\/product\/oranssi-prowler-punainen-huivi-nenaliina\/","title":{"rendered":"Prowler Hanky Oranje"},"content":{"rendered":"<h2 class=\"wp-block-heading\">Oranssi Prowler RED Bandana\/Hanky on enemm\u00e4n kuin pala kangasta - se on rohkea kannanotto, joka korostaa tyyli\u00e4si ja persoonallisuuttasi. <\/h2>\n\n\n\n<p>Etsitp\u00e4 sitten muotia, symboliikkaa tai toiminnallisuutta, t\u00e4ss\u00e4 kaulaliinassa yhdistyy kaikki. Ilmaise mieltymyksesi sanattomasti ja k\u00e4yt\u00e4 sit\u00e4 ylpe\u00e4n\u00e4, vasemmalla tai oikealla.<\/p>\n\n\n\n<p><strong>Tuotteen tekniset tiedot:<\/strong><\/p>\n\n\n\n<ul class=\"wp-block-list\">\n<li><strong>Materiaali:<\/strong> 100 % ensiluokkaista puuvillaa, joka takaa \u00e4\u00e4rimm\u00e4isen mukavuuden ja kest\u00e4vyyden.<\/li>\n\n\n\n<li><strong>Mitat:<\/strong> 55 x 55 cm (22 x 22 tuumaa) - ihanteellinen erilaisiin kantovaihtoehtoihin.<\/li>\n\n\n\n<li><strong>V\u00e4rit:<\/strong> Saatavana eri s\u00e4vyj\u00e4, ja jokaisella v\u00e4rill\u00e4 on oma symbolinen merkityksens\u00e4.<\/li>\n\n\n\n<li><strong>Huolto:<\/strong> Helppohoitoinen; konepest\u00e4v\u00e4 ja sopii kuivausrumpuun.<\/li>\n\n\n\n<li><strong>Alkuper\u00e4:<\/strong> Tuonti ja huolellinen valinta huippulaadun varmistamiseksi.<\/li>\n\n\n\n<li><strong>K\u00e4ytt\u00f6:<\/strong> Sopii muotiasusteeksi, k\u00e4yt\u00e4nn\u00f6lliseksi ty\u00f6kaluksi tai ilmeikk\u00e4\u00e4ksi symboliksi.<\/li>\n\n\n\n<li><strong>Lis\u00e4kest\u00e4vyys:<\/strong> V\u00e4rinkest\u00e4v\u00e4 ja suunniteltu pitk\u00e4aikaiseen k\u00e4ytt\u00f6\u00f6n.<\/li>\n\n\n\n<li><strong>Symboliikka:<\/strong> Oranssilla on ainutlaatuinen merkitys; ota selv\u00e4\u00e4, miten voit k\u00e4ytt\u00e4\u00e4 sit\u00e4.<\/li>\n\n\n\n<li><strong>Sijoitus:<\/strong> K\u00e4yt\u00e4 vasemmalle tai oikealle viestitt\u00e4\u00e4ksesi mieltymyksesi huomaamattomasti.<\/li>\n<\/ul>\n\n\n\n<p><strong>Nen\u00e4liina koodi oranssi<\/strong><\/p>\n\n\n\n<ul class=\"wp-block-list\">\n<li><strong>K\u00e4ytet\u00e4\u00e4n vasemmalla:<\/strong> Kaikki k\u00e4y<\/li>\n\n\n\n<li><strong>K\u00e4ytet\u00e4\u00e4n oikealla:<\/strong> Just cruising<\/li>\n<\/ul>\n\n\n\n<p>T\u00e4ydenn\u00e4 tyyli\u00e4si oranssilla Prowler RED Bandana\/Hanky -kaulaliinalla ja ilmaise sill\u00e4 itse\u00e4si. K\u00e4ytitp\u00e4 sit\u00e4 sitten voimakkaana asusteena tai symbolina, valintasi kertoo paljon. Valitse tietoisesti, k\u00e4yt\u00e4 sit\u00e4 ylpeydell\u00e4 ja n\u00e4yt\u00e4 kuka olet.<\/p>","protected":false},"excerpt":{"rendered":"<p>De Oranje Prowler RED Bandana\/Hanky is meer dan een stuk stof \u2013 het is een gedurfd statement dat jouw stijl \u00e9n persoonlijkheid benadrukt. Of je nu mode, symboliek of functionaliteit zoekt, deze bandana combineert het allemaal. Geef jouw voorkeuren non-verbaal weer en draag het met trots, links of rechts. Productspecificaties: Hanky Code Oranje Maak jouw [&hellip;]<\/p>","protected":false},"featured_media":18733,"comment_status":"open","ping_status":"closed","template":"","meta":[],"product_brand":[761],"product_cat":[330,762],"product_tag":[],"class_list":{"0":"post-18769","1":"product","2":"type-product","3":"status-publish","4":"has-post-thumbnail","6":"product_brand-prowler-red","7":"product_cat-accessoires","8":"product_cat-hanky-code","10":"first","11":"instock","12":"taxable","13":"shipping-taxable","14":"purchasable","15":"product-type-simple"},"_links":{"self":[{"href":"https:\/\/stage.poppersparadise.eu\/fi\/wp-json\/wp\/v2\/product\/18769","targetHints":{"allow":["GET"]}}],"collection":[{"href":"https:\/\/stage.poppersparadise.eu\/fi\/wp-json\/wp\/v2\/product"}],"about":[{"href":"https:\/\/stage.poppersparadise.eu\/fi\/wp-json\/wp\/v2\/types\/product"}],"replies":[{"embeddable":true,"href":"https:\/\/stage.poppersparadise.eu\/fi\/wp-json\/wp\/v2\/comments?post=18769"}],"wp:featuredmedia":[{"embeddable":true,"href":"https:\/\/stage.poppersparadise.eu\/fi\/wp-json\/wp\/v2\/media\/18733"}],"wp:attachment":[{"href":"https:\/\/stage.poppersparadise.eu\/fi\/wp-json\/wp\/v2\/media?parent=18769"}],"wp:term":[{"taxonomy":"product_brand","embeddable":true,"href":"https:\/\/stage.poppersparadise.eu\/fi\/wp-json\/wp\/v2\/product_brand?post=18769"},{"taxonomy":"product_cat","embeddable":true,"href":"https:\/\/stage.poppersparadise.eu\/fi\/wp-json\/wp\/v2\/product_cat?post=18769"},{"taxonomy":"product_tag","embeddable":true,"href":"https:\/\/stage.poppersparadise.eu\/fi\/wp-json\/wp\/v2\/product_tag?post=18769"}],"curies":[{"name":"wp","href":"https:\/\/api.w.org\/{rel}","templated":true}]}}