{"id":18967,"date":"2025-06-27T17:27:29","date_gmt":"2025-06-27T15:27:29","guid":{"rendered":"https:\/\/stage.poppersparadise.eu\/product\/radiant-red-dildo-s\/"},"modified":"2025-09-23T11:25:13","modified_gmt":"2025-09-23T09:25:13","slug":"sateileva-punainen-dildo-s","status":"publish","type":"product","link":"https:\/\/stage.poppersparadise.eu\/fi\/product\/sateileva-punainen-dildo-s\/","title":{"rendered":"S\u00e4teilev\u00e4 punainen dildo - S"},"content":{"rendered":"<h2 class=\"font-bold text-h3 leading-[36px] pt-[21px] pb-[2px] [&amp;_a]:underline-offset-[6px] [&amp;_.underline]:underline-offset-[6px]\" dir=\"ltr\">Koe kosmoksen kirkkaus Radiant Redin kanssa.<\/h2>\n<p class=\"text-body font-regular leading-[24px] pt-[9px] pb-[2px]\" dir=\"ltr\">Sytyt\u00e4 mielikuvituksesi ja vie intiimit hetket seuraavalle tasolle Radiant Red Dildon kanssa. Rohkea, t\u00e4htien inspiroima muotoilu vangitsee maailmankaikkeuden kauneuden ja vetovoiman ja vie kokemuksesi tavallista pidemm\u00e4lle. Radiant Red on koristeltu kiehtovalla sekoituksella elinvoimaista punaista ja syvi\u00e4 tummia s\u00e4vyj\u00e4, ja se edustaa kosmoksen \u00e4\u00e4ret\u00f6nt\u00e4 loistoa.<\/p>\n<p class=\"text-body font-regular leading-[24px] pt-[9px] pb-[2px]\" dir=\"ltr\">T\u00e4m\u00e4 seikkailijoille ja fantasian yst\u00e4ville t\u00e4ydellisesti suunniteltu poikkeuksellinen esine on enemm\u00e4n kuin pelkk\u00e4 lis\u00e4varuste - se on portti vertaansa vailla olevaan nautintoon ja l\u00f6yt\u00f6retkiin. Tutkitpa sitten yksin tai etsit j\u00e4nnityst\u00e4 roolipeleiss\u00e4, Radiant Red tarjoaa poikkeuksellisen kokemuksen, joka tuntuu tuonpuoleiselta.<\/p>\n<h3 class=\"font-bold text-h4 leading-[30px] pt-[15px] pb-[2px] [&amp;_a]:underline-offset-[6px] [&amp;_.underline]:underline-offset-[6px]\" dir=\"ltr\">Tuotteen tekniset tiedot<\/h3>\n<ul class=\"pt-[9px] pb-[2px] pl-[24px] list-disc [&amp;_ul]:pt-[5px] pt-[5px]\">\n<li class=\"text-body font-regular leading-[24px] my-[5px] [&amp;&gt;ol]:!pt-0 [&amp;&gt;ol]:!pb-0 [&amp;&gt;ul]:!pt-0 [&amp;&gt;ul]:!pb-0\" value=\"1\"><b><strong class=\"font-bold\">Kokonaispituus<\/strong><\/b>: Vaikuttava <strong>20.<\/strong><b><strong class=\"font-bold\">7 cm<\/strong><\/b> syv\u00e4llist\u00e4 tutkimusta varten.<\/li>\n<li class=\"text-body font-regular leading-[24px] my-[5px] [&amp;&gt;ol]:!pt-0 [&amp;&gt;ol]:!pb-0 [&amp;&gt;ul]:!pt-0 [&amp;&gt;ul]:!pb-0\" value=\"2\"><b><strong class=\"font-bold\">Sis\u00e4\u00e4nliit\u00e4nn\u00e4n pituus<\/strong><\/b>: <b><strong class=\"font-bold\">17,0 cm<\/strong><\/b> r\u00e4\u00e4t\u00e4l\u00f6ityyn nautintoon vertaansa vailla olevaan tyytyv\u00e4isyyteen.<\/li>\n<li class=\"text-body font-regular leading-[24px] my-[5px] [&amp;&gt;ol]:!pt-0 [&amp;&gt;ol]:!pb-0 [&amp;&gt;ul]:!pt-0 [&amp;&gt;ul]:!pb-0\" value=\"3\"><b><strong class=\"font-bold\">Ylin halkaisija<\/strong><\/b>: <b><strong class=\"font-bold\">3,6 cm<\/strong><\/b>, joka on suunniteltu kutsuvaksi ja sujuvaksi sis\u00e4\u00e4nk\u00e4ynniksi.<\/li>\n<li class=\"text-body font-regular leading-[24px] my-[5px] [&amp;&gt;ol]:!pt-0 [&amp;&gt;ol]:!pb-0 [&amp;&gt;ul]:!pt-0 [&amp;&gt;ul]:!pb-0\" value=\"4\"><b><strong class=\"font-bold\">Keskihalkaisija<\/strong><\/b>: Vankka <b><strong class=\"font-bold\">5,3 cm<\/strong><\/b>, tarjoaa tyydytt\u00e4v\u00e4n koon.<\/li>\n<li class=\"text-body font-regular leading-[24px] my-[5px] [&amp;&gt;ol]:!pt-0 [&amp;&gt;ol]:!pb-0 [&amp;&gt;ul]:!pt-0 [&amp;&gt;ul]:!pb-0\" value=\"5\"><b><strong class=\"font-bold\">Pohjan halkaisija<\/strong><\/b>: Vakaa <b><strong class=\"font-bold\">10,5 cm<\/strong><\/b>, turvallisen ja mukavan k\u00e4sittelyn varmistamiseksi.<\/li>\n<li class=\"text-body font-regular leading-[24px] my-[5px] [&amp;&gt;ol]:!pt-0 [&amp;&gt;ol]:!pb-0 [&amp;&gt;ul]:!pt-0 [&amp;&gt;ul]:!pb-0\" value=\"6\"><b><strong class=\"font-bold\">Paino<\/strong><\/b>: Merkitt\u00e4v\u00e4 <strong>534 g<\/strong><b><strong class=\"font-bold\">ram<\/strong><\/b> realistisen ja vakaan tuntuman saavuttamiseksi.<\/li>\n<li class=\"text-body font-regular leading-[24px] my-[5px] [&amp;&gt;ol]:!pt-0 [&amp;&gt;ol]:!pb-0 [&amp;&gt;ul]:!pt-0 [&amp;&gt;ul]:!pb-0\" value=\"7\"><b><strong class=\"font-bold\">Materiaali<\/strong><\/b>: Korkealuokkainen platinaa sis\u00e4lt\u00e4v\u00e4 silikoni takaa kest\u00e4vyyden ja el\u00e4v\u00e4n tuntuisen kosketuksen.<\/li>\n<li class=\"text-body font-regular leading-[24px] my-[5px] [&amp;&gt;ol]:!pt-0 [&amp;&gt;ol]:!pb-0 [&amp;&gt;ul]:!pt-0 [&amp;&gt;ul]:!pb-0\" value=\"8\"><b><strong class=\"font-bold\">V\u00e4rit<\/strong><\/b>: Upea sekoitus punaisia ja tummia s\u00e4vyj\u00e4, jotka symboloivat t\u00e4htien ajatonta kauneutta.<\/li>\n<\/ul>\n<p class=\"text-body font-regular leading-[24px] pt-[9px] pb-[2px]\" dir=\"ltr\">Antaudu Radiant Redin poikkeukselliselle laadulle ja upealle muotoilulle. T\u00e4m\u00e4 kosminen mestariteos lupaa unohtumattoman kokemuksen, joka ylitt\u00e4\u00e4 kaikki mielikuvitukset.<\/p>","protected":false},"excerpt":{"rendered":"<p>Tutustu kauniisti muotoiltuun Radiant Red Dildoon, joka on ylellinen, tuuhea ja kosmoksen inspiroima muotoilu. Koe \u00e4\u00e4rimm\u00e4inen tyydytys.<\/p>","protected":false},"featured_media":18966,"comment_status":"open","ping_status":"closed","template":"","meta":[],"product_brand":[767],"product_cat":[766,787],"product_tag":[],"class_list":{"0":"post-18967","1":"product","2":"type-product","3":"status-publish","4":"has-post-thumbnail","6":"product_brand-giant-space-intruders","7":"product_cat-dildos","8":"product_cat-monster-fantasy-dildos","10":"first","11":"instock","12":"sale","13":"taxable","14":"shipping-taxable","15":"purchasable","16":"product-type-simple"},"_links":{"self":[{"href":"https:\/\/stage.poppersparadise.eu\/fi\/wp-json\/wp\/v2\/product\/18967","targetHints":{"allow":["GET"]}}],"collection":[{"href":"https:\/\/stage.poppersparadise.eu\/fi\/wp-json\/wp\/v2\/product"}],"about":[{"href":"https:\/\/stage.poppersparadise.eu\/fi\/wp-json\/wp\/v2\/types\/product"}],"replies":[{"embeddable":true,"href":"https:\/\/stage.poppersparadise.eu\/fi\/wp-json\/wp\/v2\/comments?post=18967"}],"wp:featuredmedia":[{"embeddable":true,"href":"https:\/\/stage.poppersparadise.eu\/fi\/wp-json\/wp\/v2\/media\/18966"}],"wp:attachment":[{"href":"https:\/\/stage.poppersparadise.eu\/fi\/wp-json\/wp\/v2\/media?parent=18967"}],"wp:term":[{"taxonomy":"product_brand","embeddable":true,"href":"https:\/\/stage.poppersparadise.eu\/fi\/wp-json\/wp\/v2\/product_brand?post=18967"},{"taxonomy":"product_cat","embeddable":true,"href":"https:\/\/stage.poppersparadise.eu\/fi\/wp-json\/wp\/v2\/product_cat?post=18967"},{"taxonomy":"product_tag","embeddable":true,"href":"https:\/\/stage.poppersparadise.eu\/fi\/wp-json\/wp\/v2\/product_tag?post=18967"}],"curies":[{"name":"wp","href":"https:\/\/api.w.org\/{rel}","templated":true}]}}