{"id":19011,"date":"2025-06-27T17:30:07","date_gmt":"2025-06-27T15:30:07","guid":{"rendered":"https:\/\/stage.poppersparadise.eu\/product\/emerald-excitement-squirting-dildo-m\/"},"modified":"2025-09-23T11:25:14","modified_gmt":"2025-09-23T09:25:14","slug":"smaragdinvihrea-jannitysta-squirting-dildo-m","status":"publish","type":"product","link":"https:\/\/stage.poppersparadise.eu\/fi\/product\/smaragdinvihrea-jannitysta-squirting-dildo-m\/","title":{"rendered":"Emerald Excitement Squirting Dildo - M"},"content":{"rendered":"<h2 class=\"font-bold text-h3 leading-[36px] pt-[21px] pb-[2px] [&amp;_a]:underline-offset-[6px] [&amp;_.underline]:underline-offset-[6px]\" dir=\"ltr\">Tutustu Emerald Excitement Squirting Dildoon<\/h2>\n<p class=\"text-body font-regular leading-[24px] pt-[9px] pb-[2px]\" dir=\"ltr\">Kuvittele olento tulevaisuuden ulottuvuudesta, joka on t\u00e4ynn\u00e4 kaukaisen, mystisen planeetan elinvoimaista energiaa. Sen v\u00e4ri on vihre\u00e4, mutta se ei ole tavallista tuntemaasi vihre\u00e4\u00e4, vaan se s\u00e4teilee lumoavaa hehkua, joka muistuttaa kuunvalossa kimaltelevaa smaragdinvihre\u00e4\u00e4. T\u00e4m\u00e4 salaper\u00e4inen olento, joka tunnetaan nimell\u00e4 Emerald Excitement, on laskeutunut Maahan ainutlaatuisen teht\u00e4v\u00e4n\u00e4\u00e4n her\u00e4tt\u00e4\u00e4 ja kiihdytt\u00e4\u00e4 fantasian yst\u00e4vien aistit kaikkialla. Muotoilu ei ainoastaan muistuta toisesta maailmasta kotoisin olevaa olentoa, vaan se ilment\u00e4\u00e4 vertaansa vailla olevaa muotoa, joka stimuloi mielikuvitusta.<\/p>\n<p class=\"text-body font-regular leading-[24px] pt-[9px] pb-[2px]\" dir=\"ltr\">Emerald Excitement Dildo ylitt\u00e4\u00e4 perinteisten seksilelujen maailman - se on immersiivinen kokemus, joka on suunniteltu viem\u00e4\u00e4n sinut fantasian ja ekstaasin maailmaan, jossa nautintosi on keskeist\u00e4. Se on valmistettu \u00e4\u00e4rimm\u00e4isell\u00e4 huolellisuudella ja huomiota yksityiskohtiin kiinnitt\u00e4en, ja sen rakenne on suunniteltu parantamaan jokaista intiimi\u00e4 hetke\u00e4, mik\u00e4 tekee siit\u00e4 todella poikkeuksellisen lis\u00e4yksen mihin tahansa kokoelmaan.<\/p>\n<h3 class=\"font-bold text-h4 leading-[30px] pt-[15px] pb-[2px] [&amp;_a]:underline-offset-[6px] [&amp;_.underline]:underline-offset-[6px]\" dir=\"ltr\">Tuotteen tekniset tiedot<\/h3>\n<ul class=\"pt-[9px] pb-[2px] pl-[24px] list-disc [&amp;_ul]:pt-[5px] pt-[5px]\">\n<li class=\"text-body font-regular leading-[24px] my-[5px] [&amp;&gt;ol]:!pt-0 [&amp;&gt;ol]:!pb-0 [&amp;&gt;ul]:!pt-0 [&amp;&gt;ul]:!pb-0\" value=\"1\"><b><strong class=\"font-bold\">Kokonaispituus<\/strong><\/b>: 30,3 cm, tarjoaa riitt\u00e4v\u00e4n ulottuvuuden syviin ja tyydytt\u00e4viin tuntemuksiin.<\/li>\n<li class=\"text-body font-regular leading-[24px] my-[5px] [&amp;&gt;ol]:!pt-0 [&amp;&gt;ol]:!pb-0 [&amp;&gt;ul]:!pt-0 [&amp;&gt;ul]:!pb-0\" value=\"2\"><b><strong class=\"font-bold\">Sis\u00e4\u00e4nliit\u00e4nn\u00e4n pituus<\/strong><\/b>: 24,7 cm, suunniteltu t\u00e4yteen tyydytykseen ja tutkimiseen.<\/li>\n<li class=\"text-body font-regular leading-[24px] my-[5px] [&amp;&gt;ol]:!pt-0 [&amp;&gt;ol]:!pb-0 [&amp;&gt;ul]:!pt-0 [&amp;&gt;ul]:!pb-0\" value=\"3\"><b><strong class=\"font-bold\">Ylin halkaisija<\/strong><\/b>: 4,8 cm, tarjoaa hienovaraisen esittelyn sen hienosta muodosta.<\/li>\n<li class=\"text-body font-regular leading-[24px] my-[5px] [&amp;&gt;ol]:!pt-0 [&amp;&gt;ol]:!pb-0 [&amp;&gt;ul]:!pt-0 [&amp;&gt;ul]:!pb-0\" value=\"4\"><b><strong class=\"font-bold\">Keskihalkaisija<\/strong><\/b>: 8,3 cm, t\u00e4ydellisemm\u00e4n ja syv\u00e4llisemm\u00e4n kokemuksen takaamiseksi.<\/li>\n<li class=\"text-body font-regular leading-[24px] my-[5px] [&amp;&gt;ol]:!pt-0 [&amp;&gt;ol]:!pb-0 [&amp;&gt;ul]:!pt-0 [&amp;&gt;ul]:!pb-0\" value=\"5\"><b><strong class=\"font-bold\">Pohjan halkaisija<\/strong><\/b>: 12,7 cm, takaa vakauden ja helppok\u00e4ytt\u00f6isyyden.<\/li>\n<li class=\"text-body font-regular leading-[24px] my-[5px] [&amp;&gt;ol]:!pt-0 [&amp;&gt;ol]:!pb-0 [&amp;&gt;ul]:!pt-0 [&amp;&gt;ul]:!pb-0\" value=\"6\"><b><strong class=\"font-bold\">Paino<\/strong><\/b>: 1589 grammaa, t\u00e4ydellisesti tasapainotettu mukavaan otteeseen.<\/li>\n<li class=\"text-body font-regular leading-[24px] my-[5px] [&amp;&gt;ol]:!pt-0 [&amp;&gt;ol]:!pb-0 [&amp;&gt;ul]:!pt-0 [&amp;&gt;ul]:!pb-0\" value=\"7\"><b><strong class=\"font-bold\">V\u00e4rit<\/strong><\/b>: Ainutlaatuinen sekoitus vihreit\u00e4, jotka kiehtovat ja kiehtovat.<\/li>\n<li class=\"text-body font-regular leading-[24px] my-[5px] [&amp;&gt;ol]:!pt-0 [&amp;&gt;ol]:!pb-0 [&amp;&gt;ul]:!pt-0 [&amp;&gt;ul]:!pb-0\" value=\"8\"><b><strong class=\"font-bold\">Materiaali<\/strong><\/b>: Ensiluokkainen platinasilikoni, joka takaa turvallisuuden, kest\u00e4vyyden ja ylellisen tuntuman.<\/li>\n<\/ul>\n<h3 class=\"font-bold text-h4 leading-[30px] pt-[15px] pb-[2px] [&amp;_a]:underline-offset-[6px] [&amp;_.underline]:underline-offset-[6px]\" dir=\"ltr\">Ainutlaatuiset ominaisuudet<\/h3>\n<ul class=\"pt-[9px] pb-[2px] pl-[24px] list-disc [&amp;_ul]:pt-[5px] pt-[5px]\">\n<li class=\"text-body font-regular leading-[24px] my-[5px] [&amp;&gt;ol]:!pt-0 [&amp;&gt;ol]:!pb-0 [&amp;&gt;ul]:!pt-0 [&amp;&gt;ul]:!pb-0\" value=\"1\"><b><strong class=\"font-bold\">Squirting-toiminto: <\/strong><\/b>Valmistaudu yhdess\u00e4 muukalaiskumppanisi kanssa<\/li>\n<li class=\"text-body font-regular leading-[24px] my-[5px] [&amp;&gt;ol]:!pt-0 [&amp;&gt;ol]:!pb-0 [&amp;&gt;ul]:!pt-0 [&amp;&gt;ul]:!pb-0\" value=\"1\"><b><strong class=\"font-bold\">Ensiluokkaista laatua:<\/strong><\/b> Valmistettu korkealaatuisesta Platinum-silikonista, joka on uskomattoman realistisen tuntuinen.<\/li>\n<li class=\"text-body font-regular leading-[24px] my-[5px] [&amp;&gt;ol]:!pt-0 [&amp;&gt;ol]:!pb-0 [&amp;&gt;ul]:!pt-0 [&amp;&gt;ul]:!pb-0\" value=\"2\"><b><strong class=\"font-bold\">El\u00e4v\u00e4t v\u00e4rit:<\/strong><\/b> Henke\u00e4salpaava vihreiden s\u00e4vyjen sekoitus<\/li>\n<li class=\"text-body font-regular leading-[24px] my-[5px] [&amp;&gt;ol]:!pt-0 [&amp;&gt;ol]:!pb-0 [&amp;&gt;ul]:!pt-0 [&amp;&gt;ul]:!pb-0\" value=\"3\"><b><strong class=\"font-bold\">Monipuolinen k\u00e4ytt\u00f6:<\/strong><\/b> T\u00e4ydellinen sek\u00e4 anaali- ett\u00e4 em\u00e4tinpeliin.<\/li>\n<\/ul>","protected":false},"excerpt":{"rendered":"<p>Kuvittele olento tulevaisuuden ulottuvuudesta, joka on t\u00e4ynn\u00e4 kaukaisen, mystisen planeetan elinvoimaista energiaa. V\u00e4ri on vihre\u00e4, mutta se ei ole tavallista tuntemaasi vihre\u00e4\u00e4, vaan se s\u00e4teilee lumoavaa hehkua, joka muistuttaa smaragdin kimaltelua kuunvalossa.<\/p>","protected":false},"featured_media":19010,"comment_status":"open","ping_status":"closed","template":"","meta":[],"product_brand":[767],"product_cat":[766,787],"product_tag":[],"class_list":{"0":"post-19011","1":"product","2":"type-product","3":"status-publish","4":"has-post-thumbnail","6":"product_brand-giant-space-intruders","7":"product_cat-dildos","8":"product_cat-monster-fantasy-dildos","10":"first","11":"instock","12":"sale","13":"taxable","14":"shipping-taxable","15":"purchasable","16":"product-type-simple"},"_links":{"self":[{"href":"https:\/\/stage.poppersparadise.eu\/fi\/wp-json\/wp\/v2\/product\/19011","targetHints":{"allow":["GET"]}}],"collection":[{"href":"https:\/\/stage.poppersparadise.eu\/fi\/wp-json\/wp\/v2\/product"}],"about":[{"href":"https:\/\/stage.poppersparadise.eu\/fi\/wp-json\/wp\/v2\/types\/product"}],"replies":[{"embeddable":true,"href":"https:\/\/stage.poppersparadise.eu\/fi\/wp-json\/wp\/v2\/comments?post=19011"}],"wp:featuredmedia":[{"embeddable":true,"href":"https:\/\/stage.poppersparadise.eu\/fi\/wp-json\/wp\/v2\/media\/19010"}],"wp:attachment":[{"href":"https:\/\/stage.poppersparadise.eu\/fi\/wp-json\/wp\/v2\/media?parent=19011"}],"wp:term":[{"taxonomy":"product_brand","embeddable":true,"href":"https:\/\/stage.poppersparadise.eu\/fi\/wp-json\/wp\/v2\/product_brand?post=19011"},{"taxonomy":"product_cat","embeddable":true,"href":"https:\/\/stage.poppersparadise.eu\/fi\/wp-json\/wp\/v2\/product_cat?post=19011"},{"taxonomy":"product_tag","embeddable":true,"href":"https:\/\/stage.poppersparadise.eu\/fi\/wp-json\/wp\/v2\/product_tag?post=19011"}],"curies":[{"name":"wp","href":"https:\/\/api.w.org\/{rel}","templated":true}]}}