{"id":19054,"date":"2025-06-27T17:32:14","date_gmt":"2025-06-27T15:32:14","guid":{"rendered":"https:\/\/stage.poppersparadise.eu\/product\/cosmic-curves-horse-dildo-m\/"},"modified":"2025-09-23T11:25:14","modified_gmt":"2025-09-23T09:25:14","slug":"kosminen-kayrat-hevonen-dildo-m","status":"publish","type":"product","link":"https:\/\/stage.poppersparadise.eu\/fi\/product\/kosminen-kayrat-hevonen-dildo-m\/","title":{"rendered":"Cosmic Curves Horse Dildo - M"},"content":{"rendered":"<h2 class=\"font-bold text-h3 leading-[36px] pt-[21px] pb-[2px] [&amp;_a]:underline-offset-[6px] [&amp;_.underline]:underline-offset-[6px]\" dir=\"ltr\">Tutustu avaruusolentojen ratsun kosmisiin vetovoimatekij\u00f6ihin.<\/h2>\n<p class=\"text-body font-regular leading-[24px] pt-[9px] pb-[2px]\" dir=\"ltr\">Vapauta taivaallinen taika <b><strong class=\"font-bold\">Cosmic Curves Alien Horse<\/strong><\/b> intiimeimmiss\u00e4 hetkiss\u00e4si. T\u00e4m\u00e4 poikkeuksellinen muotoilu, jossa yhdistyv\u00e4t salaper\u00e4isen kosmisen olennon juonittelu ja ihme, kutsuu sinut matkalle mielikuvituksen ylitt\u00e4viin maailmoihin. Kultaisen, pehme\u00e4n punaisen ja turkoosin s\u00e4vyjen lumoava yhdistelm\u00e4 edustaa universumin rajatonta kauneutta.<\/p>\n<p class=\"text-body font-regular leading-[24px] pt-[9px] pb-[2px]\" dir=\"ltr\">T\u00e4m\u00e4 rohkeille seikkailijoille ja fantasian yst\u00e4ville tehty ainutlaatuinen luomus on enemm\u00e4n kuin pelkk\u00e4 lis\u00e4varuste - se on portti vertaansa vailla olevaan iloon ja uteliaisuuteen. Cosmic Curves Alien Horse lupaa ennenn\u00e4kem\u00e4tt\u00f6m\u00e4n matkan t\u00e4htiin riippumatta siit\u00e4, l\u00e4hdetk\u00f6 yksin tutkimusmatkalle vai nautitko j\u00e4nnitt\u00e4vist\u00e4 roolipeleist\u00e4.<\/p>\n<h3>Tuotteen tekniset tiedot<\/h3>\n<ul>\n<li><b><strong>Kokonaispituus<\/strong><\/b>: Huomattava 25,3 cm, t\u00e4ydellinen syv\u00e4lle tutkimiseen.<\/li>\n<li><b><strong>Sis\u00e4\u00e4nliit\u00e4nn\u00e4n pituus<\/strong><\/b>: 20,6 cm puhdasta liikett\u00e4, joka on suunniteltu vertaansa vailla oleviin kokemuksiin.<\/li>\n<li><b><strong>Ylin halkaisija<\/strong><\/b>: 6,0 cm, ja sen sis\u00e4\u00e4ntulo on kutsuvan pehme\u00e4 ja avara.<\/li>\n<li><b><strong>Keskihalkaisija<\/strong><\/b>: Kiinte\u00e4 6,3 cm, joka tarjoaa tyydytt\u00e4v\u00e4n ymp\u00e4rysmitan pitk\u00e4kestoista nautintoa varten.<\/li>\n<li><b><strong>Pohjan halkaisija<\/strong><\/b>: Tukeva 12,3 cm, suunniteltu pit\u00e4m\u00e4\u00e4n ja k\u00e4ytt\u00e4m\u00e4\u00e4n tukevasti.<\/li>\n<li><b><strong>Paino<\/strong><\/b>: 903 grammaa, mik\u00e4 takaa lujan, el\u00e4v\u00e4n tuntuisen tuntuman jokaisella kosketuksella.<\/li>\n<li><b><strong>Materiaali<\/strong><\/b>: Ammattitaitoisesti valmistettu korkealaatuisesta platinasilikonista, joka takaa kest\u00e4vyyden ja realistisen rakenteen.<\/li>\n<li><b><strong>V\u00e4rit<\/strong><\/b>: Taiteellinen sekoitus kultaa, pehme\u00e4\u00e4 punaista ja turkoosia, joka edustaa kosmoksen majesteettisia ihmeit\u00e4.<\/li>\n<\/ul>\n<p class=\"text-body font-regular leading-[24px] pt-[9px] pb-[2px]\" dir=\"ltr\">Antaudu Cosmic Curves Alien Horse -hevosen vertaansa vailla olevalle laadulle ja omaleimaiselle muotoilulle. L\u00e4hde transsendenttiseen seikkailuun t\u00e4m\u00e4n mystisen, kaukaisimmista t\u00e4hdist\u00e4 per\u00e4isin olevan olennon kanssa.<\/p>","protected":false},"excerpt":{"rendered":"<p>L\u00f6yd\u00e4 Cosmic Curves Alien Horse - rohkea ja fantastinen ratsu, joka on suunniteltu galaktiseen hauskanpitoon.<\/p>","protected":false},"featured_media":19053,"comment_status":"open","ping_status":"closed","template":"","meta":[],"product_brand":[767],"product_cat":[766,787],"product_tag":[],"class_list":{"0":"post-19054","1":"product","2":"type-product","3":"status-publish","4":"has-post-thumbnail","6":"product_brand-giant-space-intruders","7":"product_cat-dildos","8":"product_cat-monster-fantasy-dildos","10":"first","11":"instock","12":"sale","13":"taxable","14":"shipping-taxable","15":"purchasable","16":"product-type-simple"},"_links":{"self":[{"href":"https:\/\/stage.poppersparadise.eu\/fi\/wp-json\/wp\/v2\/product\/19054","targetHints":{"allow":["GET"]}}],"collection":[{"href":"https:\/\/stage.poppersparadise.eu\/fi\/wp-json\/wp\/v2\/product"}],"about":[{"href":"https:\/\/stage.poppersparadise.eu\/fi\/wp-json\/wp\/v2\/types\/product"}],"replies":[{"embeddable":true,"href":"https:\/\/stage.poppersparadise.eu\/fi\/wp-json\/wp\/v2\/comments?post=19054"}],"wp:featuredmedia":[{"embeddable":true,"href":"https:\/\/stage.poppersparadise.eu\/fi\/wp-json\/wp\/v2\/media\/19053"}],"wp:attachment":[{"href":"https:\/\/stage.poppersparadise.eu\/fi\/wp-json\/wp\/v2\/media?parent=19054"}],"wp:term":[{"taxonomy":"product_brand","embeddable":true,"href":"https:\/\/stage.poppersparadise.eu\/fi\/wp-json\/wp\/v2\/product_brand?post=19054"},{"taxonomy":"product_cat","embeddable":true,"href":"https:\/\/stage.poppersparadise.eu\/fi\/wp-json\/wp\/v2\/product_cat?post=19054"},{"taxonomy":"product_tag","embeddable":true,"href":"https:\/\/stage.poppersparadise.eu\/fi\/wp-json\/wp\/v2\/product_tag?post=19054"}],"curies":[{"name":"wp","href":"https:\/\/api.w.org\/{rel}","templated":true}]}}