{"id":19098,"date":"2025-06-27T17:34:32","date_gmt":"2025-06-27T15:34:32","guid":{"rendered":"https:\/\/stage.poppersparadise.eu\/product\/asteroid-adventurer-dildo-l\/"},"modified":"2025-09-23T11:25:14","modified_gmt":"2025-09-23T09:25:14","slug":"asteroidi-seikkailija-dildo-l","status":"publish","type":"product","link":"https:\/\/stage.poppersparadise.eu\/fi\/product\/asteroidi-seikkailija-dildo-l\/","title":{"rendered":"Asteroidi seikkailija Dildo - L"},"content":{"rendered":"<h2 class=\"font-bold text-h3 leading-[36px] pt-[21px] pb-[2px] [&amp;_a]:underline-offset-[6px] [&amp;_.underline]:underline-offset-[6px]\" dir=\"ltr\">L\u00f6yd\u00e4 kosminen nautinto Asteroid Adventurer Dildon kanssa<\/h2>\n<p class=\"text-body font-regular leading-[24px] pt-[9px] pb-[2px]\" dir=\"ltr\">L\u00e4hde matkalle nautinnon uusiin ulottuvuuksiin ainutlaatuisesti suunnitellulla fantasiadildollamme, joka on saanut inspiraationsa myyttisist\u00e4 olentoista ja joka on valmistettu korkealaatuisesta platinasilikonista, jotta se tuntuisi el\u00e4v\u00e4lt\u00e4. Kuvittele kaukaiselta asteroidilta tullut olento, joka rikastuttaa maailmaamme muukalaisella ekstaasilla, joka t\u00e4ytt\u00e4\u00e4 maalliset toiveesi. T\u00e4m\u00e4 ei ole pelkk\u00e4 lelu; se on porttisi l\u00f6yt\u00e4m\u00e4tt\u00f6mien fantasioiden universumiin. Olitpa sitten l\u00e4hd\u00f6ss\u00e4 sooloseikkailuun tai tutkimassa yhteisi\u00e4 hetki\u00e4 kumppanin kanssa, t\u00e4m\u00e4 dildo on t\u00e4\u00e4ll\u00e4 tyydytt\u00e4m\u00e4ss\u00e4 syvimpi\u00e4, arvoituksellisimpia fantasioitasi.<\/p>\n<h3 class=\"font-bold text-h4 leading-[30px] pt-[15px] pb-[2px] [&amp;_a]:underline-offset-[6px] [&amp;_.underline]:underline-offset-[6px]\" dir=\"ltr\">Tuotteen tekniset tiedot<\/h3>\n<ul class=\"pt-[9px] pb-[2px] pl-[24px] list-disc [&amp;_ul]:pt-[5px] pt-[5px]\">\n<li class=\"text-body font-regular leading-[24px] my-[5px] [&amp;&gt;ol]:!pt-0 [&amp;&gt;ol]:!pb-0 [&amp;&gt;ul]:!pt-0 [&amp;&gt;ul]:!pb-0\" value=\"1\"><b><strong class=\"font-bold\">Kokonaispituus:<\/strong><\/b> 26,8 cm<\/li>\n<li class=\"text-body font-regular leading-[24px] my-[5px] [&amp;&gt;ol]:!pt-0 [&amp;&gt;ol]:!pb-0 [&amp;&gt;ul]:!pt-0 [&amp;&gt;ul]:!pb-0\" value=\"2\"><b><strong class=\"font-bold\">Sis\u00e4\u00e4nvedon pituus:<\/strong><\/b> 22,3 cm<\/li>\n<li class=\"text-body font-regular leading-[24px] my-[5px] [&amp;&gt;ol]:!pt-0 [&amp;&gt;ol]:!pb-0 [&amp;&gt;ul]:!pt-0 [&amp;&gt;ul]:!pb-0\" value=\"3\"><b><strong class=\"font-bold\">Ylempi halkaisija:<\/strong><\/b> 4,4 cm<\/li>\n<li class=\"text-body font-regular leading-[24px] my-[5px] [&amp;&gt;ol]:!pt-0 [&amp;&gt;ol]:!pb-0 [&amp;&gt;ul]:!pt-0 [&amp;&gt;ul]:!pb-0\" value=\"4\"><b><strong class=\"font-bold\">Keskihalkaisija:<\/strong><\/b> 7,5 cm<\/li>\n<li class=\"text-body font-regular leading-[24px] my-[5px] [&amp;&gt;ol]:!pt-0 [&amp;&gt;ol]:!pb-0 [&amp;&gt;ul]:!pt-0 [&amp;&gt;ul]:!pb-0\" value=\"5\"><b><strong class=\"font-bold\">Pohjan halkaisija:<\/strong><\/b> 12,8 cm<\/li>\n<li class=\"text-body font-regular leading-[24px] my-[5px] [&amp;&gt;ol]:!pt-0 [&amp;&gt;ol]:!pb-0 [&amp;&gt;ul]:!pt-0 [&amp;&gt;ul]:!pb-0\" value=\"6\"><b><strong class=\"font-bold\">Paino:<\/strong><\/b> 1376 grammaa<\/li>\n<li class=\"text-body font-regular leading-[24px] my-[5px] [&amp;&gt;ol]:!pt-0 [&amp;&gt;ol]:!pb-0 [&amp;&gt;ul]:!pt-0 [&amp;&gt;ul]:!pb-0\" value=\"7\"><b><strong class=\"font-bold\">V\u00e4rit:<\/strong><\/b> Lumoava sekoitus vihre\u00e4nsinist\u00e4, kultaa ja vaaleanpunaista...<\/li>\n<li class=\"text-body font-regular leading-[24px] my-[5px] [&amp;&gt;ol]:!pt-0 [&amp;&gt;ol]:!pb-0 [&amp;&gt;ul]:!pt-0 [&amp;&gt;ul]:!pb-0\" value=\"8\"><b><strong class=\"font-bold\">Materiaali:<\/strong><\/b> Laadukas platinasilikoni<\/li>\n<\/ul>\n<h3 class=\"font-bold text-h4 leading-[30px] pt-[15px] pb-[2px] [&amp;_a]:underline-offset-[6px] [&amp;_.underline]:underline-offset-[6px]\" dir=\"ltr\">Ainutlaatuiset ominaisuudet<\/h3>\n<ul class=\"pt-[9px] pb-[2px] pl-[24px] list-disc [&amp;_ul]:pt-[5px] pt-[5px]\">\n<li class=\"text-body font-regular leading-[24px] my-[5px] [&amp;&gt;ol]:!pt-0 [&amp;&gt;ol]:!pb-0 [&amp;&gt;ul]:!pt-0 [&amp;&gt;ul]:!pb-0\" value=\"1\"><b><strong class=\"font-bold\">Ensiluokkaista laatua:<\/strong><\/b> Valmistettu hienoimmasta platinasilikonista, joka antaa uskomattoman realistisen tuntuman.<\/li>\n<li class=\"text-body font-regular leading-[24px] my-[5px] [&amp;&gt;ol]:!pt-0 [&amp;&gt;ol]:!pb-0 [&amp;&gt;ul]:!pt-0 [&amp;&gt;ul]:!pb-0\" value=\"2\"><b><strong class=\"font-bold\">El\u00e4v\u00e4t v\u00e4rit:<\/strong><\/b> Henke\u00e4salpaava vihre\u00e4nsinisen, kullan ja vaaleanpunaisen yhdistelm\u00e4, joka lumoaa aistit.<\/li>\n<li class=\"text-body font-regular leading-[24px] my-[5px] [&amp;&gt;ol]:!pt-0 [&amp;&gt;ol]:!pb-0 [&amp;&gt;ul]:!pt-0 [&amp;&gt;ul]:!pb-0\" value=\"3\"><b><strong class=\"font-bold\">Monipuolinen k\u00e4ytt\u00f6:<\/strong><\/b> Ihanteellinen sek\u00e4 anaaliseen ett\u00e4 em\u00e4tinstimulaatioon, t\u00e4ydellinen kaikille fantasian yst\u00e4ville.<\/li>\n<\/ul>\n<h3 class=\"font-bold text-h4 leading-[30px] pt-[15px] pb-[2px] [&amp;_a]:underline-offset-[6px] [&amp;_.underline]:underline-offset-[6px]\" dir=\"ltr\">L\u00e4hde l\u00f6yt\u00f6retkelle uuteen nautinnon maailmaan.<\/h3>\n<p class=\"text-body font-regular leading-[24px] pt-[9px] pb-[2px]\" dir=\"ltr\">Halusitpa sitten pirist\u00e4\u00e4 asioita pariskuntana tai nauttia yksinpelist\u00e4 fantasiarakkaana, t\u00e4m\u00e4 kosminen kauneus on suunniteltu miellytt\u00e4m\u00e4\u00e4n. Suuri ja vaikuttava, myyttisten olentojen innoittama muotoilu lupaa visuaalisesti upean ja fyysisesti tyydytt\u00e4v\u00e4n kokemuksen.<\/p>","protected":false},"excerpt":{"rendered":"<p>Tutustu nautinnon uusiin ulottuvuuksiin ainutlaatuisesti suunnitellulla fantasiadildollamme, joka on saanut inspiraationsa myyttisist\u00e4 teemoista. Ammattitaitoisesti muotoiltu realistista ja monipuolista kokemusta varten.<\/p>","protected":false},"featured_media":19097,"comment_status":"open","ping_status":"closed","template":"","meta":[],"product_brand":[767],"product_cat":[766,787],"product_tag":[],"class_list":{"0":"post-19098","1":"product","2":"type-product","3":"status-publish","4":"has-post-thumbnail","6":"product_brand-giant-space-intruders","7":"product_cat-dildos","8":"product_cat-monster-fantasy-dildos","10":"first","11":"instock","12":"sale","13":"taxable","14":"shipping-taxable","15":"purchasable","16":"product-type-simple"},"_links":{"self":[{"href":"https:\/\/stage.poppersparadise.eu\/fi\/wp-json\/wp\/v2\/product\/19098","targetHints":{"allow":["GET"]}}],"collection":[{"href":"https:\/\/stage.poppersparadise.eu\/fi\/wp-json\/wp\/v2\/product"}],"about":[{"href":"https:\/\/stage.poppersparadise.eu\/fi\/wp-json\/wp\/v2\/types\/product"}],"replies":[{"embeddable":true,"href":"https:\/\/stage.poppersparadise.eu\/fi\/wp-json\/wp\/v2\/comments?post=19098"}],"wp:featuredmedia":[{"embeddable":true,"href":"https:\/\/stage.poppersparadise.eu\/fi\/wp-json\/wp\/v2\/media\/19097"}],"wp:attachment":[{"href":"https:\/\/stage.poppersparadise.eu\/fi\/wp-json\/wp\/v2\/media?parent=19098"}],"wp:term":[{"taxonomy":"product_brand","embeddable":true,"href":"https:\/\/stage.poppersparadise.eu\/fi\/wp-json\/wp\/v2\/product_brand?post=19098"},{"taxonomy":"product_cat","embeddable":true,"href":"https:\/\/stage.poppersparadise.eu\/fi\/wp-json\/wp\/v2\/product_cat?post=19098"},{"taxonomy":"product_tag","embeddable":true,"href":"https:\/\/stage.poppersparadise.eu\/fi\/wp-json\/wp\/v2\/product_tag?post=19098"}],"curies":[{"name":"wp","href":"https:\/\/api.w.org\/{rel}","templated":true}]}}