{"id":19164,"date":"2025-06-27T17:38:34","date_gmt":"2025-06-27T15:38:34","guid":{"rendered":"https:\/\/stage.poppersparadise.eu\/product\/starlight-stinger-dildo-m\/"},"modified":"2025-09-23T11:25:14","modified_gmt":"2025-09-23T09:25:14","slug":"starlight-stinger-dildo-m","status":"publish","type":"product","link":"https:\/\/stage.poppersparadise.eu\/fi\/product\/starlight-stinger-dildo-m\/","title":{"rendered":"Starlight Stinger Dildo - M"},"content":{"rendered":"<h2 class=\"font-bold text-h3 leading-[40px] pt-[21px] pb-[2px] [&amp;_a]:underline-offset-[6px] [&amp;_.underline]:underline-offset-[6px]\" dir=\"ltr\">Pitk\u00e4n matkan j\u00e4lkeen t\u00e4ss\u00e4 se on; Starlight Stinger Dildo<\/h2>\n<p class=\"text-body font-regular leading-[24px] pt-[9px] pb-[2px]\" dir=\"ltr\">Maahan on laskeutunut tuonpuoleinen luomus - Starlight Stinger. V\u00e4rikk\u00e4iden v\u00e4rien, laadukkaiden materiaalien ja monipuolisen muotoilun ansiosta t\u00e4m\u00e4 ei ole vain yksi dildo, vaan taivaallinen liittolainen, joka ruokkii halujasi ja tekee fantasioistasi totta.<\/p>\n<p class=\"text-body font-regular leading-[24px] pt-[9px] pb-[2px]\" dir=\"ltr\">Legendan mukaan Starlight Stinger ei ole mik\u00e4\u00e4n tavallinen esine. Se on per\u00e4isin kaukaisesta muukalaisesta galaksista, ja sill\u00e4 on selke\u00e4 teht\u00e4v\u00e4: se saa k\u00e4ytt\u00e4j\u00e4ns\u00e4 kokemaan vertaansa vailla olevaa nautintoa ja levitt\u00e4\u00e4 iloa minne tahansa se meneekin. T\u00e4m\u00e4 erityisesti seikkailunhaluisille pariskunnille ja yksin tutkimusmatkailijoille suunniteltu korkealaatuinen luomus on t\u00e4\u00e4ll\u00e4 viettelem\u00e4ss\u00e4, kiihottamassa ja sitouttamassa tavoilla, joita et koskaan osannut kuvitellakaan mahdolliseksi.<\/p>\n<h3 class=\"font-bold text-h4 leading-[30px] pt-[15px] pb-[2px] [&amp;_a]:underline-offset-[6px] [&amp;_.underline]:underline-offset-[6px]\" dir=\"ltr\">Miksi Starlight Stinger on ainutlaatuinen<\/h3>\n<p class=\"text-body font-regular leading-[24px] pt-[9px] pb-[2px]\" dir=\"ltr\">Starlight Stinger on valmistettu hienoimmasta platinasilikonista, ja se on suunniteltu tarjoamaan tuonpuoleisen mutta uskomattoman realistisen kokemuksen. Lumoava vihre\u00e4-sininen, kultainen ja violetti v\u00e4rimaailma tuo hetkiin visuaalisesti upean elementin, joka kiihottaa aistejasi jo ennen seikkailun alkua.<\/p>\n<p class=\"text-body font-regular leading-[24px] pt-[9px] pb-[2px]\" dir=\"ltr\">T\u00e4m\u00e4 monipuolinen lelu on t\u00e4ydellisen tasapainoinen sek\u00e4 em\u00e4ttimen ett\u00e4 anaalin stimulaatioon, joten se on t\u00e4ydellinen valinta kaikille, jotka haluavat tutkia aistillisuuttaan. Se on kest\u00e4v\u00e4, kehoyst\u00e4v\u00e4llinen ja tehty niille, jotka uskovat, ett\u00e4 nautinto ei tunne rajoja.<\/p>\n<h3 class=\"font-bold text-h4 leading-[30px] pt-[15px] pb-[2px] [&amp;_a]:underline-offset-[6px] [&amp;_.underline]:underline-offset-[6px]\" dir=\"ltr\">Tuotteen tekniset tiedot<\/h3>\n<ul class=\"pt-[9px] pb-[2px] pl-[24px] list-disc [&amp;_ul]:pt-[5px] pt-[5px]\">\n<li class=\"text-body font-regular leading-[24px] my-[5px] [&amp;&gt;ol]:!pt-0 [&amp;&gt;ol]:!pb-0 [&amp;&gt;ul]:!pt-0 [&amp;&gt;ul]:!pb-0\" value=\"1\"><b><strong class=\"font-bold\">Kokonaispituus<\/strong><\/b>: 21.0 cm<\/li>\n<li class=\"text-body font-regular leading-[24px] my-[5px] [&amp;&gt;ol]:!pt-0 [&amp;&gt;ol]:!pb-0 [&amp;&gt;ul]:!pt-0 [&amp;&gt;ul]:!pb-0\" value=\"2\"><b><strong class=\"font-bold\">Sis\u00e4\u00e4nliit\u00e4nn\u00e4n pituus<\/strong><\/b>: 15.5 cm<\/li>\n<li class=\"text-body font-regular leading-[24px] my-[5px] [&amp;&gt;ol]:!pt-0 [&amp;&gt;ol]:!pb-0 [&amp;&gt;ul]:!pt-0 [&amp;&gt;ul]:!pb-0\" value=\"3\"><b><strong class=\"font-bold\">Halkaisija k\u00e4rki<\/strong><\/b>: 5.4 cm<\/li>\n<li class=\"text-body font-regular leading-[24px] my-[5px] [&amp;&gt;ol]:!pt-0 [&amp;&gt;ol]:!pb-0 [&amp;&gt;ul]:!pt-0 [&amp;&gt;ul]:!pb-0\" value=\"4\"><b><strong class=\"font-bold\">Halkaisija keskiakseli<\/strong><\/b>: 6.0 cm<\/li>\n<li class=\"text-body font-regular leading-[24px] my-[5px] [&amp;&gt;ol]:!pt-0 [&amp;&gt;ol]:!pb-0 [&amp;&gt;ul]:!pt-0 [&amp;&gt;ul]:!pb-0\" value=\"5\"><b><strong class=\"font-bold\">Pohjan halkaisija<\/strong><\/b>: 12.5 cm<\/li>\n<li class=\"text-body font-regular leading-[24px] my-[5px] [&amp;&gt;ol]:!pt-0 [&amp;&gt;ol]:!pb-0 [&amp;&gt;ul]:!pt-0 [&amp;&gt;ul]:!pb-0\" value=\"6\"><b><strong class=\"font-bold\">Paino<\/strong><\/b>: 902 g<\/li>\n<li class=\"text-body font-regular leading-[24px] my-[5px] [&amp;&gt;ol]:!pt-0 [&amp;&gt;ol]:!pb-0 [&amp;&gt;ul]:!pt-0 [&amp;&gt;ul]:!pb-0\" value=\"7\"><b><strong class=\"font-bold\">Materiaali<\/strong><\/b>: Korkealaatuinen platinasilikoni<\/li>\n<li class=\"text-body font-regular leading-[24px] my-[5px] [&amp;&gt;ol]:!pt-0 [&amp;&gt;ol]:!pb-0 [&amp;&gt;ul]:!pt-0 [&amp;&gt;ul]:!pb-0\" value=\"8\"><b><strong class=\"font-bold\">V\u00e4ri<\/strong><\/b>: Taivaallinen sekoitus vihre\u00e4\u00e4, sinist\u00e4, kultaa ja violettia...<\/li>\n<li><b><strong class=\"font-bold\">Monipuolinen k\u00e4ytt\u00f6:<\/strong><\/b> Ihanteellinen sek\u00e4 anaaliseen ett\u00e4 em\u00e4tinstimulaatioon, t\u00e4ydellinen kaikille fantasian yst\u00e4ville.<\/li>\n<\/ul>\n<h3 class=\"font-bold text-h4 leading-[30px] pt-[15px] pb-[2px] [&amp;_a]:underline-offset-[6px] [&amp;_.underline]:underline-offset-[6px]\" dir=\"ltr\">Lopullinen nautintosi odottaa<\/h3>\n<p class=\"text-body font-regular leading-[24px] pt-[9px] pb-[2px]\" dir=\"ltr\">Starlight Stinger on tarkoitettu niille, jotka eiv\u00e4t pelk\u00e4\u00e4 sukeltaa eloisimpiin fantasioihinsa. Tuo universumin poikkeuksellinen energia makuuhuoneeseesi ja koe t\u00e4m\u00e4n tuonpuoleisen kumppanin taika. T\u00e4ydellinen kaikille, jotka haluavat tutkia rajojaan tai lis\u00e4t\u00e4 kokoelmiinsa ripauksen j\u00e4nnityst\u00e4.<\/p>\n<p class=\"text-body font-regular leading-[24px] pt-[9px] pb-[2px]\" dir=\"ltr\">Starlight Stinger toimitetaan huomaamattomassa, ymp\u00e4rist\u00f6yst\u00e4v\u00e4llisess\u00e4 pakkauksessa, ja se toimitetaan t\u00e4ysin yksityisyytt\u00e4si kunnioittaen. Riippumatta siit\u00e4, lenn\u00e4tk\u00f6 yksin vai tutkitko kumppanin kanssa, t\u00e4m\u00e4 kosminen lelu j\u00e4tt\u00e4\u00e4 varmasti unohtumattomia kokemuksia.<\/p>\n<p class=\"text-body font-regular leading-[24px] pt-[9px] pb-[2px]\" dir=\"ltr\">\u00c4l\u00e4 vain haaveile t\u00e4m\u00e4n maailman ulkopuolisesta nautinnosta - koe se.<\/p>","protected":false},"excerpt":{"rendered":"<p>Tutustu Starlight Stingeriin, joka on ensiluokkainen platinasta valmistettu silikonidildo, joka on suunniteltu kosmista nautintoa varten eloisilla v\u00e4reill\u00e4 ja vertaansa vailla olevalla laadulla.<\/p>","protected":false},"featured_media":19163,"comment_status":"open","ping_status":"closed","template":"","meta":[],"product_brand":[767],"product_cat":[766,787],"product_tag":[],"class_list":{"0":"post-19164","1":"product","2":"type-product","3":"status-publish","4":"has-post-thumbnail","6":"product_brand-giant-space-intruders","7":"product_cat-dildos","8":"product_cat-monster-fantasy-dildos","10":"first","11":"instock","12":"sale","13":"taxable","14":"shipping-taxable","15":"purchasable","16":"product-type-simple"},"_links":{"self":[{"href":"https:\/\/stage.poppersparadise.eu\/fi\/wp-json\/wp\/v2\/product\/19164","targetHints":{"allow":["GET"]}}],"collection":[{"href":"https:\/\/stage.poppersparadise.eu\/fi\/wp-json\/wp\/v2\/product"}],"about":[{"href":"https:\/\/stage.poppersparadise.eu\/fi\/wp-json\/wp\/v2\/types\/product"}],"replies":[{"embeddable":true,"href":"https:\/\/stage.poppersparadise.eu\/fi\/wp-json\/wp\/v2\/comments?post=19164"}],"wp:featuredmedia":[{"embeddable":true,"href":"https:\/\/stage.poppersparadise.eu\/fi\/wp-json\/wp\/v2\/media\/19163"}],"wp:attachment":[{"href":"https:\/\/stage.poppersparadise.eu\/fi\/wp-json\/wp\/v2\/media?parent=19164"}],"wp:term":[{"taxonomy":"product_brand","embeddable":true,"href":"https:\/\/stage.poppersparadise.eu\/fi\/wp-json\/wp\/v2\/product_brand?post=19164"},{"taxonomy":"product_cat","embeddable":true,"href":"https:\/\/stage.poppersparadise.eu\/fi\/wp-json\/wp\/v2\/product_cat?post=19164"},{"taxonomy":"product_tag","embeddable":true,"href":"https:\/\/stage.poppersparadise.eu\/fi\/wp-json\/wp\/v2\/product_tag?post=19164"}],"curies":[{"name":"wp","href":"https:\/\/api.w.org\/{rel}","templated":true}]}}