{"id":19186,"date":"2025-06-27T17:39:43","date_gmt":"2025-06-27T15:39:43","guid":{"rendered":"https:\/\/stage.poppersparadise.eu\/product\/saturnian-stallion-dildo-l\/"},"modified":"2025-09-23T11:25:14","modified_gmt":"2025-09-23T09:25:14","slug":"saturnian-ori-dildo-l","status":"publish","type":"product","link":"https:\/\/stage.poppersparadise.eu\/fi\/product\/saturnian-ori-dildo-l\/","title":{"rendered":"Saturnian ori Dildo - L"},"content":{"rendered":"<h2 class=\"font-bold text-h3 leading-[40px] pt-[21px] pb-[2px] [&amp;_a]:underline-offset-[6px] [&amp;_.underline]:underline-offset-[6px]\" dir=\"ltr\">Varo Saturnian ori dildoa<\/h2>\n<p class=\"text-body font-regular leading-[24px] pt-[9px] pb-[2px]\" dir=\"ltr\">Vapauta tuonpuoleinen nautinto Saturnian Stallion Dildolla, joka on k\u00e4sintehty mestariteos avaruuden syvyyksist\u00e4. Legendan mukaan Saturnian ori, salaper\u00e4inen olento, jolla on elinvoimainen teht\u00e4v\u00e4 asuttaa maailmankaikkeus, ilmestyi ensimm\u00e4isen kerran Maahan. Kosmisella vetovoimallaan ja vertaansa vailla olevalla muotoilullaan t\u00e4m\u00e4 dildo on valmis her\u00e4tt\u00e4m\u00e4\u00e4n kiihkeimm\u00e4t fantasianne henkiin.<\/p>\n<p class=\"text-body font-regular leading-[24px] pt-[9px] pb-[2px]\" dir=\"ltr\">Tutkitpa sitten yksin, etsit mausteita suhteeseesi tai tutkit syvimpi\u00e4 halujasi ulkomaalaisten kohtaamisiin, Saturnian Stallion Dildo takaa transsendenttisen kokemuksen kaikille seikkailunhaluisille pariskunnille, soolotutkijoille ja fantasian yst\u00e4ville.<\/p>\n<h3 class=\"font-bold text-h4 leading-[30px] pt-[15px] pb-[2px] [&amp;_a]:underline-offset-[6px] [&amp;_.underline]:underline-offset-[6px]\" dir=\"ltr\">Miksi valita Saturnian Stallion Dildo?<\/h3>\n<p class=\"text-body font-regular leading-[24px] pt-[9px] pb-[2px]\" dir=\"ltr\">Galaksien v\u00e4listen luomusten viettelev\u00e4n kauneuden innoittamana t\u00e4m\u00e4 ensiluokkainen dildo on valmistettu huolellisesti hienoimmasta platinaluokan silikonista. Sen pehme\u00e4, samettinen pinta tarjoaa ennenn\u00e4kem\u00e4tt\u00f6m\u00e4n realistisen tuntuman. Ruskean, harmaan ja kullan hohtava sekoitus heijastaa Saturnuksen renkaiden kosmista vieh\u00e4tyst\u00e4, mik\u00e4 tekee siit\u00e4 paitsi lelun my\u00f6s taiteellisen lis\u00e4yksen kokoelmiisi.<\/p>\n<h3 class=\"font-bold text-h4 leading-[30px] pt-[15px] pb-[2px] [&amp;_a]:underline-offset-[6px] [&amp;_.underline]:underline-offset-[6px]\" dir=\"ltr\">Tuotteen tekniset tiedot<\/h3>\n<ul class=\"pt-[9px] pb-[2px] pl-[24px] list-disc [&amp;_ul]:pt-[5px] pt-[5px]\">\n<li class=\"text-body font-regular leading-[24px] my-[5px] [&amp;&gt;ol]:!pt-0 [&amp;&gt;ol]:!pb-0 [&amp;&gt;ul]:!pt-0 [&amp;&gt;ul]:!pb-0\" value=\"1\"><b><strong class=\"font-bold\">Kokonaispituus:<\/strong><\/b> 29,5 cm<\/li>\n<li class=\"text-body font-regular leading-[24px] my-[5px] [&amp;&gt;ol]:!pt-0 [&amp;&gt;ol]:!pb-0 [&amp;&gt;ul]:!pt-0 [&amp;&gt;ul]:!pb-0\" value=\"2\"><b><strong class=\"font-bold\">Sis\u00e4\u00e4nvedon pituus:<\/strong><\/b> 22,5 cm<\/li>\n<li class=\"text-body font-regular leading-[24px] my-[5px] [&amp;&gt;ol]:!pt-0 [&amp;&gt;ol]:!pb-0 [&amp;&gt;ul]:!pt-0 [&amp;&gt;ul]:!pb-0\" value=\"3\"><b><strong class=\"font-bold\">K\u00e4rjen halkaisija:<\/strong><\/b> 5,5 cm<\/li>\n<li class=\"text-body font-regular leading-[24px] my-[5px] [&amp;&gt;ol]:!pt-0 [&amp;&gt;ol]:!pb-0 [&amp;&gt;ul]:!pt-0 [&amp;&gt;ul]:!pb-0\" value=\"4\"><b><strong class=\"font-bold\">Keskiosan halkaisija:<\/strong><\/b> 8,7 cm<\/li>\n<li class=\"text-body font-regular leading-[24px] my-[5px] [&amp;&gt;ol]:!pt-0 [&amp;&gt;ol]:!pb-0 [&amp;&gt;ul]:!pt-0 [&amp;&gt;ul]:!pb-0\" value=\"5\"><b><strong class=\"font-bold\">Pohjan halkaisija:<\/strong><\/b> 11,8 cm<\/li>\n<li class=\"text-body font-regular leading-[24px] my-[5px] [&amp;&gt;ol]:!pt-0 [&amp;&gt;ol]:!pb-0 [&amp;&gt;ul]:!pt-0 [&amp;&gt;ul]:!pb-0\" value=\"6\"><b><strong class=\"font-bold\">Paino:<\/strong><\/b> 1307 grammaa<\/li>\n<li class=\"text-body font-regular leading-[24px] my-[5px] [&amp;&gt;ol]:!pt-0 [&amp;&gt;ol]:!pb-0 [&amp;&gt;ul]:!pt-0 [&amp;&gt;ul]:!pb-0\" value=\"7\"><b><strong class=\"font-bold\">V\u00e4rit:<\/strong><\/b> Kaunis sekoitus ruskeaa, harmaata ja kultaa<\/li>\n<li class=\"text-body font-regular leading-[24px] my-[5px] [&amp;&gt;ol]:!pt-0 [&amp;&gt;ol]:!pb-0 [&amp;&gt;ul]:!pt-0 [&amp;&gt;ul]:!pb-0\" value=\"8\"><b><strong class=\"font-bold\">Materiaali:<\/strong><\/b> Ensiluokkainen platinaa sis\u00e4lt\u00e4v\u00e4 silikoni<\/li>\n<\/ul>\n<h3 class=\"font-bold text-h4 leading-[30px] pt-[15px] pb-[2px] [&amp;_a]:underline-offset-[6px] [&amp;_.underline]:underline-offset-[6px]\" dir=\"ltr\">Ainutlaatuiset ominaisuudet<\/h3>\n<ul class=\"pt-[9px] pb-[2px] pl-[24px] list-disc [&amp;_ul]:pt-[5px] pt-[5px]\">\n<li class=\"text-body font-regular leading-[24px] my-[5px] [&amp;&gt;ol]:!pt-0 [&amp;&gt;ol]:!pb-0 [&amp;&gt;ul]:!pt-0 [&amp;&gt;ul]:!pb-0\" value=\"1\"><b><strong class=\"font-bold\">Poikkeuksellinen laatu:<\/strong><\/b> Valmistettu platinasilikonista, joka takaa kest\u00e4vyyden ja hyperrealistisen tuntuman iholla.<\/li>\n<li class=\"text-body font-regular leading-[24px] my-[5px] [&amp;&gt;ol]:!pt-0 [&amp;&gt;ol]:!pb-0 [&amp;&gt;ul]:!pt-0 [&amp;&gt;ul]:!pb-0\" value=\"2\"><b><strong class=\"font-bold\">Eloisa muotoilu:<\/strong><\/b> Jokainen v\u00e4rikeh\u00e4 kertoo kosmisen tarinan ja yhdist\u00e4\u00e4 vaivattomasti estetiikan ja halun.<\/li>\n<li class=\"text-body font-regular leading-[24px] my-[5px] [&amp;&gt;ol]:!pt-0 [&amp;&gt;ol]:!pb-0 [&amp;&gt;ul]:!pt-0 [&amp;&gt;ul]:!pb-0\" value=\"3\"><b><strong class=\"font-bold\">Monipuolinen taikuus:<\/strong><\/b> T\u00e4ydellinen sek\u00e4 em\u00e4ttimen ett\u00e4 anaalin tutkimiseen, se vie jokaisen intiimin hetken seuraavalle tasolle.<\/li>\n<\/ul>\n<h3 class=\"font-bold text-h4 leading-[30px] pt-[15px] pb-[2px] [&amp;_a]:underline-offset-[6px] [&amp;_.underline]:underline-offset-[6px]\" dir=\"ltr\">Antaudu tarinalle<\/h3>\n<p class=\"text-body font-regular leading-[24px] pt-[9px] pb-[2px]\" dir=\"ltr\">Saturnuksen ori kiersi aikoinaan t\u00e4hti\u00e4, ja sit\u00e4 ajoi alkukantainen halu levitt\u00e4\u00e4 perint\u00f6\u00e4\u00e4n koko maailmankaikkeuteen. Nyt se kunnioittaa planeettaamme taivaallisella karismallaan. Sen teht\u00e4v\u00e4? Valloittaa miesten ja naisten syd\u00e4met, ruumiit ja mielikuvitus. Kutsu koolle t\u00e4m\u00e4n myyttisen pedon voimakas energia ja muuta fantasiasi galaktisiksi seikkailuiksi.<\/p>\n<p class=\"text-body font-regular leading-[24px] pt-[9px] pb-[2px]\" dir=\"ltr\">Astu rohkeasti uuteen nautinnon valtakuntaan, jossa jokainen tunne on viritetty maksimaaliseen nautintoon. Riippumatta siit\u00e4, tavoitteletko yhteisi\u00e4 hetki\u00e4 kumppanin kanssa vai tutkitko omia tuntemattomia alueitasi, Saturnian Stallion on t\u00e4\u00e4ll\u00e4 yhdist\u00e4m\u00e4ss\u00e4 sinut puhtaaseen tyydytykseen.<\/p>\n<p class=\"text-body font-regular leading-[24px] pt-[9px] pb-[2px]\" dir=\"ltr\">Valmistaudu tutkimaan nautinnon maailmankaikkeutta.<\/p>","protected":false},"excerpt":{"rendered":"<p>Uppoudu nautinnon maailmankaikkeuteen Saturnian Stallion Dildon kanssa, joka on valmistettu ensiluokkaisesta platinasilikonista, kosmisesta muotoilusta ja valmis fantasioihisi.<\/p>","protected":false},"featured_media":19185,"comment_status":"open","ping_status":"closed","template":"","meta":[],"product_brand":[767],"product_cat":[766,787],"product_tag":[],"class_list":{"0":"post-19186","1":"product","2":"type-product","3":"status-publish","4":"has-post-thumbnail","6":"product_brand-giant-space-intruders","7":"product_cat-dildos","8":"product_cat-monster-fantasy-dildos","10":"first","11":"instock","12":"sale","13":"taxable","14":"shipping-taxable","15":"purchasable","16":"product-type-simple"},"_links":{"self":[{"href":"https:\/\/stage.poppersparadise.eu\/fi\/wp-json\/wp\/v2\/product\/19186","targetHints":{"allow":["GET"]}}],"collection":[{"href":"https:\/\/stage.poppersparadise.eu\/fi\/wp-json\/wp\/v2\/product"}],"about":[{"href":"https:\/\/stage.poppersparadise.eu\/fi\/wp-json\/wp\/v2\/types\/product"}],"replies":[{"embeddable":true,"href":"https:\/\/stage.poppersparadise.eu\/fi\/wp-json\/wp\/v2\/comments?post=19186"}],"wp:featuredmedia":[{"embeddable":true,"href":"https:\/\/stage.poppersparadise.eu\/fi\/wp-json\/wp\/v2\/media\/19185"}],"wp:attachment":[{"href":"https:\/\/stage.poppersparadise.eu\/fi\/wp-json\/wp\/v2\/media?parent=19186"}],"wp:term":[{"taxonomy":"product_brand","embeddable":true,"href":"https:\/\/stage.poppersparadise.eu\/fi\/wp-json\/wp\/v2\/product_brand?post=19186"},{"taxonomy":"product_cat","embeddable":true,"href":"https:\/\/stage.poppersparadise.eu\/fi\/wp-json\/wp\/v2\/product_cat?post=19186"},{"taxonomy":"product_tag","embeddable":true,"href":"https:\/\/stage.poppersparadise.eu\/fi\/wp-json\/wp\/v2\/product_tag?post=19186"}],"curies":[{"name":"wp","href":"https:\/\/api.w.org\/{rel}","templated":true}]}}