{"id":20259,"date":"2025-08-04T14:53:21","date_gmt":"2025-08-04T12:53:21","guid":{"rendered":"https:\/\/stage.poppersparadise.eu\/?post_type=product&#038;p=20259"},"modified":"2025-09-14T23:08:48","modified_gmt":"2025-09-14T21:08:48","slug":"voodoo-10ml-poppers","status":"publish","type":"product","link":"https:\/\/stage.poppersparadise.eu\/fi\/product\/voodoo-10ml-poppers\/","title":{"rendered":"VooDoo 10ml"},"content":{"rendered":"<h2 class=\"wp-block-heading\">Voodoo 10ml poppers - ainutlaatuinen sekoitus voimakkaita makuja varten.<\/h2>\n\n\n\n<p>Voodoo 10ml poppers tarjoaa ainutlaatuisen aromikokemuksen ainutlaatuisen ainesosaseoksensa ansiosta. T\u00e4ss\u00e4 tehokkaassa koostumuksessa yhdistyv\u00e4t sek\u00e4 amyyli- ett\u00e4 propyylipoppereiden hy\u00f6dyt, mik\u00e4 tarjoaa pitk\u00e4kestoisen ja intensiivisen aromin. Ihanteellinen harrastajille, jotka etsiv\u00e4t laadukasta tuoksudiffuusoria, jolla on omaleimainen luonne.<\/p>\n\n\n\n<h3 class=\"wp-block-heading\">Voodoo 10ml poppersin t\u00e4rkeimm\u00e4t ominaisuudet<\/h3>\n\n\n\n<p>Koostumus koostuu isopropyylinitriitist\u00e4, isopentyylinitriitist\u00e4, isopropanolista ja isopentanolista. Pullon tilavuus on 10 ml, ja se tarjoaa ainutlaatuisen yhdistelm\u00e4n ainesosia voimakkaan tuoksukokemuksen aikaansaamiseksi.<\/p>\n\n\n\n<h3 class=\"wp-block-heading\">Miten k\u00e4yt\u00e4t Voodoo 10ml poppersia?<\/h3>\n\n\n\n<p>K\u00e4yt\u00e4 Voodoo 10ml poppersia vain hajusteiden hajottajana tai puhdistusliuottimena. Se ei sovellu ihmisravinnoksi eik\u00e4 sit\u00e4 saa hengitt\u00e4\u00e4. V\u00e4lt\u00e4 suoraa kosketusta ihon kanssa ja s\u00e4ilyt\u00e4 tuotetta viile\u00e4ss\u00e4, kuivassa paikassa, lasten ulottumattomissa. K\u00e4yt\u00e4 s\u00e4\u00e4steli\u00e4\u00e4sti, sill\u00e4 liiallinen k\u00e4ytt\u00f6 voi aiheuttaa ep\u00e4mukavuutta, kuten p\u00e4\u00e4ns\u00e4rky\u00e4.<\/p>\n\n\n\n<h3 class=\"wp-block-heading\">Miksi Voodoo 10ml poppers on suosikki<\/h3>\n\n\n\n<p>Voodoo 10ml poppers on voimakkaiden aromien yst\u00e4vien suosikki. Ainutlaatuisen sekoituskaavionsa ja korkealaatuisten ainesosiensa ansiosta t\u00e4m\u00e4 tuote tarjoaa erottuvan tuoksukokemuksen, jota rakastat kerta toisensa j\u00e4lkeen.<\/p>\n\n\n\n<h3 class=\"wp-block-heading\">Varoitukset<\/h3>\n\n\n\n<p>Helposti syttyv\u00e4 neste ja h\u00f6yry (H225).<br>Aiheuttaa iho- ja silm\u00e4-\u00e4rsytyst\u00e4 (H315\/H319).<br>Myrkyllist\u00e4 hengitettyn\u00e4 (H331).<br>Ei l\u00e4\u00e4ke. K\u00e4yt\u00e4 omalla vastuullasi.<\/p>\n\n\n\n<h3 class=\"wp-block-heading\">K\u00e4yt\u00e4<\/h3>\n\n\n\n<p>Tarkoitettu vain tuoksun hajustimeksi tai puhdistusliuottimeksi.<br>Ei sovellu ihmisravinnoksi eik\u00e4 sit\u00e4 saa hengitt\u00e4\u00e4.<\/p>\n\n\n\n<h3 class=\"wp-block-heading\">Varastointi<\/h3>\n\n\n\n<p>S\u00e4ilyt\u00e4 viile\u00e4ss\u00e4 ja kuivassa paikassa. S\u00e4ilytett\u00e4v\u00e4 lasten ulottumattomissa.<\/p>\n\n\n\n<h3 class=\"wp-block-heading\">Alkuper\u00e4maa<\/h3>\n\n\n\n<p>EU.<\/p>\n\n\n\n<p><\/p>","protected":false},"excerpt":{"rendered":"<p>Voodoo 10ml poppers \u2013 unieke mix voor krachtige aroma\u2019s Voodoo 10ml poppers biedt een unieke geurervaring dankzij de exclusieve mix van ingredi\u00ebnten. Deze krachtige formule combineert de voordelen van zowel amyl- als propyl-poppers, wat zorgt voor een langdurig en intens aroma. Ideaal voor liefhebbers die op zoek zijn naar een hoogwaardige geurverspreider met een onderscheidend [&hellip;]<\/p>","protected":false},"featured_media":20260,"comment_status":"open","ping_status":"closed","template":"","meta":[],"product_brand":[773],"product_cat":[34],"product_tag":[],"class_list":{"0":"post-20259","1":"product","2":"type-product","3":"status-publish","4":"has-post-thumbnail","6":"product_brand-jolt-push-poppers","7":"product_cat-kleine-flesjes-poppers","9":"first","10":"instock","11":"taxable","12":"shipping-taxable","13":"purchasable","14":"product-type-simple"},"_links":{"self":[{"href":"https:\/\/stage.poppersparadise.eu\/fi\/wp-json\/wp\/v2\/product\/20259","targetHints":{"allow":["GET"]}}],"collection":[{"href":"https:\/\/stage.poppersparadise.eu\/fi\/wp-json\/wp\/v2\/product"}],"about":[{"href":"https:\/\/stage.poppersparadise.eu\/fi\/wp-json\/wp\/v2\/types\/product"}],"replies":[{"embeddable":true,"href":"https:\/\/stage.poppersparadise.eu\/fi\/wp-json\/wp\/v2\/comments?post=20259"}],"wp:featuredmedia":[{"embeddable":true,"href":"https:\/\/stage.poppersparadise.eu\/fi\/wp-json\/wp\/v2\/media\/20260"}],"wp:attachment":[{"href":"https:\/\/stage.poppersparadise.eu\/fi\/wp-json\/wp\/v2\/media?parent=20259"}],"wp:term":[{"taxonomy":"product_brand","embeddable":true,"href":"https:\/\/stage.poppersparadise.eu\/fi\/wp-json\/wp\/v2\/product_brand?post=20259"},{"taxonomy":"product_cat","embeddable":true,"href":"https:\/\/stage.poppersparadise.eu\/fi\/wp-json\/wp\/v2\/product_cat?post=20259"},{"taxonomy":"product_tag","embeddable":true,"href":"https:\/\/stage.poppersparadise.eu\/fi\/wp-json\/wp\/v2\/product_tag?post=20259"}],"curies":[{"name":"wp","href":"https:\/\/api.w.org\/{rel}","templated":true}]}}