{"id":20705,"date":"2025-08-20T16:38:24","date_gmt":"2025-08-20T14:38:24","guid":{"rendered":"https:\/\/stage.poppersparadise.eu\/?post_type=product&#038;p=20705"},"modified":"2025-09-14T16:04:45","modified_gmt":"2025-09-14T14:04:45","slug":"amsterdam-hardcore-poppers-10ml","status":"publish","type":"product","link":"https:\/\/stage.poppersparadise.eu\/fi\/product\/amsterdam-hardcore-poppers-10ml\/","title":{"rendered":"Amsterdam Hardcore 10ml"},"content":{"rendered":"<h2 class=\"wp-block-heading\">Tutustu \u00e4\u00e4rimm\u00e4iseen rentoutumiseen Amsterdam Hardcore-tuoksudiffuusorin avulla.<\/h2>\n\n\n\n<p>Uppoudu vertaansa vailla olevaan rentoutumisen maailmaan eksklusiivisen Amsterdam Hardcore -tuoksudiffuusorin avulla. T\u00e4m\u00e4 erityisesti ainutlaatuista tuoksukokemusta etsiville suunniteltu tuoksudiffuusori tarjoaa intensiivisen ja pitk\u00e4kestoisen aromisekoituksen, joka muuttaa mink\u00e4 tahansa huoneen rauhalliseksi keitaaksi.<\/p>\n\n\n\n<h3 class=\"wp-block-heading\">Tuotteen tekniset tiedot<\/h3>\n\n\n\n<ul class=\"wp-block-list\">\n<li><strong>Nimi<\/strong>: Amsterdam Hardcore (yksinoikeuspainos)<\/li>\n\n\n\n<li><strong>Aktiivinen ainesosa<\/strong>: Isopentyylinitriitti<\/li>\n\n\n\n<li><strong>Sis\u00e4lt\u00f6<\/strong>: 10 ml<\/li>\n\n\n\n<li><strong>Hakemus<\/strong>: Ihanteellinen tuoksusumuttimien yst\u00e4ville ja sosiaalisiin tilaisuuksiin.<\/li>\n\n\n\n<li><strong>Aroma<\/strong>: Intensiivinen ja pitk\u00e4kestoinen<\/li>\n<\/ul>\n\n\n\n<h3 class=\"wp-block-heading\">Miksi valita Amsterdam Hardcore-tuoksudiffuusori?<\/h3>\n\n\n\n<ul class=\"wp-block-list\">\n<li><strong>Ainutlaatuinen tuoksukokemus<\/strong>: Luo rauhallinen ja rentouttava ilmapiiri mihin tahansa huoneeseen.<\/li>\n\n\n\n<li><strong>Pitk\u00e4kestoinen vaikutus<\/strong>: Aromien asteittainen voimistuminen takaa pitk\u00e4kestoisen tuoksun levi\u00e4misen.<\/li>\n\n\n\n<li><strong>Yksinomainen painos<\/strong>: Rajoitettu painos, joka sopii t\u00e4ydellisesti tuntijoille.<\/li>\n\n\n\n<li><strong>Erikoistarjoukset<\/strong>: Hy\u00f6dynn\u00e4 houkuttelevat alennukset irtotilauksista.<\/li>\n<\/ul>\n\n\n\n<h3 class=\"wp-block-heading\">T\u00e4rkeit\u00e4 k\u00e4ytt\u00f6tietoja<\/h3>\n\n\n\n<ul class=\"wp-block-list\">\n<li>T\u00e4m\u00e4 tuote on tarkoitettu k\u00e4ytett\u00e4v\u00e4ksi vain hajusteiden hajottajana tai puhdistusliuottimena.<\/li>\n\n\n\n<li>Se ei sovellu ihmisravinnoksi eik\u00e4 hengitett\u00e4v\u00e4ksi.<\/li>\n\n\n\n<li>V\u00e4lt\u00e4 suoraa ihokosketusta sen sy\u00f6vytt\u00e4vien ominaisuuksien vuoksi.<\/li>\n\n\n\n<li>S\u00e4ilyt\u00e4 viile\u00e4ss\u00e4, pime\u00e4ss\u00e4 paikassa ja sulje pullo tiiviisti k\u00e4yt\u00f6n j\u00e4lkeen.<\/li>\n<\/ul>\n\n\n\n<h3 class=\"wp-block-heading\">Varoitukset<\/h3>\n\n\n\n<ul class=\"wp-block-list\">\n<li>Helposti syttyv\u00e4 neste ja h\u00f6yry (H225)<\/li>\n\n\n\n<li>Aiheuttaa iho- ja silm\u00e4-\u00e4rsytyst\u00e4 (H315\/H319).<\/li>\n\n\n\n<li>Myrkyllist\u00e4 hengitettyn\u00e4 (H331)<\/li>\n\n\n\n<li>Ei ole l\u00e4\u00e4ke tai l\u00e4\u00e4kinn\u00e4llinen tuote<\/li>\n\n\n\n<li>K\u00e4yt\u00e4 vain ohjeiden mukaan<\/li>\n<\/ul>\n\n\n\n<h3 class=\"wp-block-heading\">Varastointi<\/h3>\n\n\n\n<ul class=\"wp-block-list\">\n<li>S\u00e4ilyt\u00e4 viile\u00e4ss\u00e4 ja kuivassa.<\/li>\n\n\n\n<li>S\u00e4ilytett\u00e4v\u00e4 lasten ulottumattomissa.<\/li>\n<\/ul>\n\n\n\n<h3 class=\"wp-block-heading\">Alkuper\u00e4maa<\/h3>\n\n\n\n<ul class=\"wp-block-list\">\n<li>Luxemburg<\/li>\n<\/ul>\n\n\n\n<p>\u00c4l\u00e4 missaa tilaisuutta kokea eksklusiivista Amsterdam Hardcore -tuoksudiffuusoria. Hy\u00f6dynn\u00e4 erityiset irtotavaralennuksemme ja jaa t\u00e4m\u00e4 ainutlaatuinen tuoksukokemus yst\u00e4vien kanssa tai nauti siit\u00e4 itse yh\u00e4 uudelleen ja uudelleen. Tilaa jo t\u00e4n\u00e4\u00e4n ja l\u00f6yd\u00e4 lopullinen rentoutuminen!<\/p>\n\n\n\n<p><\/p>","protected":false},"excerpt":{"rendered":"<p><strong><br \/>YHTEENSOPIVAT LIS\u00c4VARUSTEET:<\/strong><\/p>\n<ul>\n<li><a href=\"https:\/\/stage.poppersparadise.eu\/fi\/tuoteryhma\/tarvikkeet\/nuuskaajat-pienet\/\">Nuuskaajat Pieni<\/a><\/li>\n<li><a href=\"https:\/\/stage.poppersparadise.eu\/fi\/product\/xtrm-poppers-houder-zwart-small\/\">XTRM Poppers Pidike Pieni<\/a><\/li>\n<li><a href=\"https:\/\/stage.poppersparadise.eu\/fi\/product\/xtrm-poppers-keeper-pieni-10ml\/\">XTRM Poppers Pit\u00e4j\u00e4 pieni<\/a><\/li>\n<\/ul>","protected":false},"featured_media":20706,"comment_status":"open","ping_status":"closed","template":"","meta":[],"product_brand":[735],"product_cat":[34],"product_tag":[],"class_list":{"0":"post-20705","1":"product","2":"type-product","3":"status-publish","4":"has-post-thumbnail","6":"product_brand-amsterdam","7":"product_cat-kleine-flesjes-poppers","9":"first","10":"instock","11":"taxable","12":"shipping-taxable","13":"purchasable","14":"product-type-simple"},"_links":{"self":[{"href":"https:\/\/stage.poppersparadise.eu\/fi\/wp-json\/wp\/v2\/product\/20705","targetHints":{"allow":["GET"]}}],"collection":[{"href":"https:\/\/stage.poppersparadise.eu\/fi\/wp-json\/wp\/v2\/product"}],"about":[{"href":"https:\/\/stage.poppersparadise.eu\/fi\/wp-json\/wp\/v2\/types\/product"}],"replies":[{"embeddable":true,"href":"https:\/\/stage.poppersparadise.eu\/fi\/wp-json\/wp\/v2\/comments?post=20705"}],"wp:featuredmedia":[{"embeddable":true,"href":"https:\/\/stage.poppersparadise.eu\/fi\/wp-json\/wp\/v2\/media\/20706"}],"wp:attachment":[{"href":"https:\/\/stage.poppersparadise.eu\/fi\/wp-json\/wp\/v2\/media?parent=20705"}],"wp:term":[{"taxonomy":"product_brand","embeddable":true,"href":"https:\/\/stage.poppersparadise.eu\/fi\/wp-json\/wp\/v2\/product_brand?post=20705"},{"taxonomy":"product_cat","embeddable":true,"href":"https:\/\/stage.poppersparadise.eu\/fi\/wp-json\/wp\/v2\/product_cat?post=20705"},{"taxonomy":"product_tag","embeddable":true,"href":"https:\/\/stage.poppersparadise.eu\/fi\/wp-json\/wp\/v2\/product_tag?post=20705"}],"curies":[{"name":"wp","href":"https:\/\/api.w.org\/{rel}","templated":true}]}}