{"id":20864,"date":"2025-08-25T15:51:47","date_gmt":"2025-08-25T13:51:47","guid":{"rendered":"https:\/\/stage.poppersparadise.eu\/?post_type=product&#038;p=20864"},"modified":"2025-08-25T15:54:16","modified_gmt":"2025-08-25T13:54:16","slug":"5x-nenaliina-koodi-24ml-poppers","status":"publish","type":"product","link":"https:\/\/stage.poppersparadise.eu\/fi\/product\/5x-nenaliina-koodi-24ml-poppers\/","title":{"rendered":"5x Hanky Code 24ml + Gratis XTRM SNFFR"},"content":{"rendered":"<h2 class=\"wp-block-heading\">Hanki kaikki viisi eri v\u00e4ri\u00e4 Hanky Code Poppers (punainen, musta, sininen, keltainen ja harmaa) ja hy\u00f6dy seuraavista eduista\u00a0<strong>15 % alennus per pullo<\/strong>. <\/h2>\n\n\n\n<p>Lis\u00e4ksi saat\u00a0<strong>vapaa XTRM SNFFR<\/strong>\u00a09,95 euron arvosta tilauksen yhteydess\u00e4!<\/p>\n\n\n\n<h3 class=\"wp-block-heading\">Mik\u00e4 tekee t\u00e4st\u00e4 sarjasta niin erityisen?<\/h3>\n\n\n\n<ul class=\"wp-block-list\">\n<li><strong>Viisi ainutlaatuista v\u00e4ri\u00e4<\/strong>: Punainen, musta, sininen, keltainen ja harmaa, joissa kaikissa on ikonisen Hanky Code:n innoittama n\u00e4ytt\u00e4v\u00e4 muotoilu.<\/li>\n\n\n\n<li><strong>Vapaa XTRM SNFFR<\/strong>: 9,95 euron arvoinen k\u00e4tev\u00e4 ja tyylik\u00e4s lis\u00e4.<\/li>\n\n\n\n<li><strong>Alennus 15%<\/strong>: S\u00e4\u00e4st\u00e4 jokaisesta 24 ml:n pullosta.<\/li>\n<\/ul>\n\n\n\n<h3 class=\"wp-block-heading\">T\u00e4rkeit\u00e4 k\u00e4ytt\u00e4j\u00e4tietoja<\/h3>\n\n\n\n<ul class=\"wp-block-list\">\n<li>T\u00e4m\u00e4 tuote on tarkoitettu k\u00e4ytett\u00e4v\u00e4ksi vain hajusteiden hajottajana tai puhdistusliuottimena.<\/li>\n\n\n\n<li>Se ei sovellu ihmisravinnoksi eik\u00e4 hengitett\u00e4v\u00e4ksi.<\/li>\n\n\n\n<li>V\u00e4lt\u00e4 suoraa iho- tai silm\u00e4kosketusta sen sy\u00f6vytt\u00e4vien ominaisuuksien vuoksi.<\/li>\n\n\n\n<li>S\u00e4ilyt\u00e4 viile\u00e4ss\u00e4, pime\u00e4ss\u00e4 paikassa ja sulje pullo tiiviisti k\u00e4yt\u00f6n j\u00e4lkeen.<\/li>\n<\/ul>\n\n\n\n<h3 class=\"wp-block-heading\">Varoitukset<\/h3>\n\n\n\n<ul class=\"wp-block-list\">\n<li>Helposti syttyv\u00e4 neste ja h\u00f6yry (H225).<\/li>\n\n\n\n<li>Aiheuttaa iho- ja silm\u00e4-\u00e4rsytyst\u00e4 (H315\/H319).<\/li>\n\n\n\n<li>Myrkyllist\u00e4 hengitettyn\u00e4 (H331).<\/li>\n\n\n\n<li>Ei ole l\u00e4\u00e4ke tai l\u00e4\u00e4kevalmiste.<\/li>\n\n\n\n<li>K\u00e4yt\u00e4 vain ohjeiden mukaan.<\/li>\n<\/ul>\n\n\n\n<h3 class=\"wp-block-heading\">Varastointi<\/h3>\n\n\n\n<ul class=\"wp-block-list\">\n<li>S\u00e4ilyt\u00e4 viile\u00e4ss\u00e4 ja kuivassa.<\/li>\n\n\n\n<li>S\u00e4ilytett\u00e4v\u00e4 lasten ulottumattomissa.<\/li>\n<\/ul>\n\n\n\n<p><strong>Alkuper\u00e4maa<\/strong>: Luxemburg<\/p>\n\n\n\n<h3 class=\"wp-block-heading\">Tilaa Hanky Code Poppers-sarja jo t\u00e4n\u00e4\u00e4n.<\/h3>\n\n\n\n<p>T\u00e4m\u00e4 eksklusiivinen viiden Hanky Code Poppers:n sarja tuo kotiisi t\u00e4ydellisen kokoelman korkealaatuisia tuoksusumuttimia. Hy\u00f6dy&nbsp;<strong>15% alennus per pullo<\/strong>&nbsp;ja saada&nbsp;<strong>vapaa XTRM SNFFR<\/strong>. Tilaa jo t\u00e4n\u00e4\u00e4n ja selvit\u00e4, miksi t\u00e4m\u00e4 setti on tuoksusumuttimen yst\u00e4vien suosikki!<\/p>","protected":false},"excerpt":{"rendered":"<p>Ontvang alle vijf de verschillende kleuren Hanky Code Poppers (Rood, Zwart, Blauw, Geel en Grijs) en profiteer van een\u00a0korting van 15% per flesje. Bovendien krijg je een\u00a0gratis XTRM SNFFR\u00a0ter waarde van \u20ac9,95 bij je bestelling! Wat maakt deze set zo speciaal? Belangrijke gebruiksinformatie Waarschuwingen Opslag Land van herkomst: Luxemburg Bestel jouw Hanky Code Poppers Set [&hellip;]<\/p>","protected":false},"featured_media":20866,"comment_status":"open","ping_status":"closed","template":"","meta":[],"product_brand":[776],"product_cat":[33],"product_tag":[],"class_list":{"0":"post-20864","1":"product","2":"type-product","3":"status-publish","4":"has-post-thumbnail","6":"product_brand-hanky-code","7":"product_cat-party-packs","9":"first","10":"instock","11":"sale","12":"taxable","13":"shipping-taxable","14":"purchasable","15":"product-type-simple"},"_links":{"self":[{"href":"https:\/\/stage.poppersparadise.eu\/fi\/wp-json\/wp\/v2\/product\/20864","targetHints":{"allow":["GET"]}}],"collection":[{"href":"https:\/\/stage.poppersparadise.eu\/fi\/wp-json\/wp\/v2\/product"}],"about":[{"href":"https:\/\/stage.poppersparadise.eu\/fi\/wp-json\/wp\/v2\/types\/product"}],"replies":[{"embeddable":true,"href":"https:\/\/stage.poppersparadise.eu\/fi\/wp-json\/wp\/v2\/comments?post=20864"}],"wp:featuredmedia":[{"embeddable":true,"href":"https:\/\/stage.poppersparadise.eu\/fi\/wp-json\/wp\/v2\/media\/20866"}],"wp:attachment":[{"href":"https:\/\/stage.poppersparadise.eu\/fi\/wp-json\/wp\/v2\/media?parent=20864"}],"wp:term":[{"taxonomy":"product_brand","embeddable":true,"href":"https:\/\/stage.poppersparadise.eu\/fi\/wp-json\/wp\/v2\/product_brand?post=20864"},{"taxonomy":"product_cat","embeddable":true,"href":"https:\/\/stage.poppersparadise.eu\/fi\/wp-json\/wp\/v2\/product_cat?post=20864"},{"taxonomy":"product_tag","embeddable":true,"href":"https:\/\/stage.poppersparadise.eu\/fi\/wp-json\/wp\/v2\/product_tag?post=20864"}],"curies":[{"name":"wp","href":"https:\/\/api.w.org\/{rel}","templated":true}]}}