{"id":951,"date":"2024-10-08T16:52:38","date_gmt":"2024-10-08T14:52:38","guid":{"rendered":"https:\/\/stage.poppersparadise.eu\/product\/original-inhaler10ml\/"},"modified":"2025-09-01T23:45:08","modified_gmt":"2025-09-01T21:45:08","slug":"alkuperainen-inhalaattori-poppers-10ml","status":"publish","type":"product","link":"https:\/\/stage.poppersparadise.eu\/fi\/product\/alkuperainen-inhalaattori-poppers-10ml\/","title":{"rendered":"\u26a1Original &amp; sovitin\u26a110ml"},"content":{"rendered":"<h2 class=\"wp-block-heading\">Tutustu Original Classic Poppers 10ml:aan<\/h2>\n\n\n\n<p>Koe p\u00e4ivitetty tuoksukokemus Original Classic Poppers 10ml:n avulla. T\u00e4ss\u00e4 eksklusiivisessa julkaisussa yhdistyy legendaarisen PWD Rush Popperin perint\u00f6 modernilla twistill\u00e4. Mukana on ilmainen, innovatiivinen popper-sovitin, joka lis\u00e4\u00e4 mukavuutta, ja t\u00e4m\u00e4 tuote sopii erinomaisesti sek\u00e4 uusille tulokkaille ett\u00e4 kokeneille tuoksusumuttimen harrastajille.<\/p>\n\n\n\n<h3 class=\"wp-block-heading\">T\u00e4rkeimm\u00e4t ominaisuudet<\/h3>\n\n\n\n<ul class=\"wp-block-list\">\n<li><strong>Ilmainen poppers-sovitin<\/strong>: Helppo ja vaivaton kokemus.<\/li>\n\n\n\n<li><strong>Klassikon innoittamana<\/strong>: Moderni versio legendaarisesta PWD Rush Popperista.<\/li>\n\n\n\n<li><strong>Nopeavaikutteinen ja voimakas<\/strong>: Voimakkaaseen ja hienostuneeseen tuoksun levitt\u00e4miseen.<\/li>\n\n\n\n<li><strong>Laadukas muotoilu<\/strong>: Sis\u00e4lt\u00e4\u00e4 isopropyylinitriitti\u00e4, joka on huolellisesti muotoiltu pitk\u00e4kestoisen tuoksukokemuksen takaamiseksi.<\/li>\n<\/ul>\n\n\n\n<h3 class=\"wp-block-heading\">Tuotteen tekniset tiedot<\/h3>\n\n\n\n<ul class=\"wp-block-list\">\n<li><strong>Aktiivinen ainesosa<\/strong>: Isopropyylinitriitti<\/li>\n\n\n\n<li><strong>Volume<\/strong>: 10 ml<\/li>\n\n\n\n<li><strong>Mukana adapteri<\/strong>: Parempi k\u00e4ytett\u00e4vyys ja mukavuus.<\/li>\n<\/ul>\n\n\n\n<h3 class=\"wp-block-heading\">T\u00e4rkeit\u00e4 k\u00e4ytt\u00f6tietoja<\/h3>\n\n\n\n<ul class=\"wp-block-list\">\n<li>T\u00e4m\u00e4 tuote on tarkoitettu k\u00e4ytett\u00e4v\u00e4ksi vain hajusteiden hajottajana tai puhdistusliuottimena.<\/li>\n\n\n\n<li>Se ei sovellu ihmisravinnoksi eik\u00e4 hengitett\u00e4v\u00e4ksi.<\/li>\n\n\n\n<li>V\u00e4lt\u00e4 yhdistelm\u00e4\u00e4 erektioh\u00e4iri\u00f6l\u00e4\u00e4kkeiden kanssa.<\/li>\n\n\n\n<li>V\u00e4lt\u00e4 suoraa ihokosketusta sen sy\u00f6vytt\u00e4vien ominaisuuksien vuoksi.<\/li>\n\n\n\n<li>S\u00e4ilyt\u00e4 viile\u00e4ss\u00e4, pime\u00e4ss\u00e4 paikassa ja sulje pullo tiiviisti k\u00e4yt\u00f6n j\u00e4lkeen.<\/li>\n<\/ul>\n\n\n\n<h3 class=\"wp-block-heading\">Varoitukset<\/h3>\n\n\n\n<ul class=\"wp-block-list\">\n<li>Helposti syttyv\u00e4 neste ja h\u00f6yry (H225)<\/li>\n\n\n\n<li>Aiheuttaa iho- ja silm\u00e4-\u00e4rsytyst\u00e4 (H315\/H319).<\/li>\n\n\n\n<li>Myrkyllist\u00e4 hengitettyn\u00e4 (H331)<\/li>\n\n\n\n<li>Ei l\u00e4\u00e4kkeit\u00e4<\/li>\n\n\n\n<li>K\u00e4yt\u00e4 vain ohjeiden mukaan<\/li>\n<\/ul>\n\n\n\n<h3 class=\"wp-block-heading\">Varastointi<\/h3>\n\n\n\n<ul class=\"wp-block-list\">\n<li>S\u00e4ilyt\u00e4 viile\u00e4ss\u00e4 ja kuivassa.<\/li>\n\n\n\n<li>S\u00e4ilytett\u00e4v\u00e4 lasten ulottumattomissa.<\/li>\n<\/ul>\n\n\n\n<h3 class=\"wp-block-heading\">Alkuper\u00e4maa<\/h3>\n\n\n\n<ul class=\"wp-block-list\">\n<li>Luxemburg<\/li>\n<\/ul>","protected":false},"excerpt":{"rendered":"<p><strong><br \/>YHTEENSOPIVAT LIS\u00c4VARUSTEET:<\/strong><\/p>\n<ul>\n<li><a href=\"https:\/\/stage.poppersparadise.eu\/fi\/tuoteryhma\/tarvikkeet\/nuuskaajat-pienet\/\">Nuuskaajat Pieni<\/a><\/li>\n<li><a href=\"https:\/\/stage.poppersparadise.eu\/fi\/product\/xtrm-poppers-houder-zwart-small\/\">XTRM Poppers Pidike Pieni<\/a><\/li>\n<li><a href=\"https:\/\/stage.poppersparadise.eu\/fi\/product\/xtrm-poppers-keeper-pieni-10ml\/\">XTRM Poppers Pit\u00e4j\u00e4 pieni<\/a><\/li>\n<\/ul>","protected":false},"featured_media":655,"comment_status":"open","ping_status":"closed","template":"","meta":[],"product_brand":[748],"product_cat":[34],"product_tag":[],"class_list":{"0":"post-951","1":"product","2":"type-product","3":"status-publish","4":"has-post-thumbnail","6":"product_brand-original","7":"product_cat-kleine-flesjes-poppers","9":"first","10":"outofstock","11":"taxable","12":"shipping-taxable","13":"purchasable","14":"product-type-simple"},"_links":{"self":[{"href":"https:\/\/stage.poppersparadise.eu\/fi\/wp-json\/wp\/v2\/product\/951","targetHints":{"allow":["GET"]}}],"collection":[{"href":"https:\/\/stage.poppersparadise.eu\/fi\/wp-json\/wp\/v2\/product"}],"about":[{"href":"https:\/\/stage.poppersparadise.eu\/fi\/wp-json\/wp\/v2\/types\/product"}],"replies":[{"embeddable":true,"href":"https:\/\/stage.poppersparadise.eu\/fi\/wp-json\/wp\/v2\/comments?post=951"}],"wp:featuredmedia":[{"embeddable":true,"href":"https:\/\/stage.poppersparadise.eu\/fi\/wp-json\/wp\/v2\/media\/655"}],"wp:attachment":[{"href":"https:\/\/stage.poppersparadise.eu\/fi\/wp-json\/wp\/v2\/media?parent=951"}],"wp:term":[{"taxonomy":"product_brand","embeddable":true,"href":"https:\/\/stage.poppersparadise.eu\/fi\/wp-json\/wp\/v2\/product_brand?post=951"},{"taxonomy":"product_cat","embeddable":true,"href":"https:\/\/stage.poppersparadise.eu\/fi\/wp-json\/wp\/v2\/product_cat?post=951"},{"taxonomy":"product_tag","embeddable":true,"href":"https:\/\/stage.poppersparadise.eu\/fi\/wp-json\/wp\/v2\/product_tag?post=951"}],"curies":[{"name":"wp","href":"https:\/\/api.w.org\/{rel}","templated":true}]}}