{"id":10640,"date":"2024-10-13T19:06:57","date_gmt":"2024-10-13T19:06:57","guid":{"rendered":"https:\/\/stage.poppersparadise.eu\/product\/xtrm-snffr-double-large\/"},"modified":"2025-08-04T18:10:56","modified_gmt":"2025-08-04T16:10:56","slug":"xtrm-snffr-double-large","status":"publish","type":"product","link":"https:\/\/stage.poppersparadise.eu\/fr\/produit\/xtrm-snffr-double-large\/","title":{"rendered":"XTRM SNFFR Double Large"},"content":{"rendered":"<p><strong>L'inhalateur XTRM Sniffer est un accessoire de reniflage pour les nettoyeurs de cuir.<\/strong>. Avec cet accessoire, sniffer vous donne un rush absolument nouveau. Si intense, si pure, si excitante avec le plus gros hammer high que vous n'ayez jamais vu.<\/p>\n<p>Avec cet inhalateur XTRM Sniffer, votre nettoyant pour cuir est imm\u00e9diatement pr\u00eat \u00e0 l'emploi, plus besoin de t\u00e2tonner avec le bouchon \u00e0 vis. Plus besoin de coton ou de masque et beaucoup moins de risque de renverser le produit.<\/p>\n<p><strong>Et surtout, il n'y a pas d'effets secondaires. Pas de contact cutan\u00e9 d\u00e9sagr\u00e9able avec l'ar\u00f4me, pas d'irritation ou de rougeur de la peau.<\/strong><\/p>\n<ul>\n<li>XTRM Sniffer Double attachment : inhalateur \u00e0 double canon pour un coup de fouet in\u00e9dit<\/li>\n<li>Convient \u00e0 tous les grands flacons de nettoyant pour cuir<\/li>\n<li>L'effet est amplifi\u00e9 plusieurs fois<\/li>\n<li>Le syst\u00e8me d'inhalation re\u00e7oit un coup de fouet grandiose gr\u00e2ce \u00e0 la circulation multiple de l'ar\u00f4me.<\/li>\n<li>Pas d'irritation de la peau ni de rougeur du nez<\/li>\n<li>Les anciens ar\u00f4mes sont raviv\u00e9s par notre SNFFR et redeviennent aussi forts qu'avant.<\/li>\n<li>Pas de contact cutan\u00e9 d\u00e9sagr\u00e9able avec l'ar\u00f4me, pas d'irritation ou de rougeur de la peau<\/li>\n<li>Le plaisir au bout des doigts, plus de probl\u00e8me avec le bouchon \u00e0 vis<\/li>\n<li>100% fabriqu\u00e9 en Autriche (pas en Chine ou dans d'autres pays bon march\u00e9)<\/li>\n<li>L'inhalateur XTRM Sniffer est un accessoire de reniflage pour les nettoyeurs de cuir. Avec cet accessoire, sniffer vous donne un nouveau rush absolu. Si intense, si pure, si excitante avec le plus gros hammer high que vous n'ayez jamais vu.<\/li>\n<li>Avec cet inhalateur XTRM Sniffer, votre nettoyant pour cuir est imm\u00e9diatement pr\u00eat \u00e0 l'emploi, plus besoin de se battre avec le bouchon \u00e0 vis. Plus besoin de coton ou de masque et beaucoup moins de risque de renverser le produit.<\/li>\n<li>Et surtout, il n'y a pas d'effets secondaires. Pas de contact cutan\u00e9 d\u00e9sagr\u00e9able avec l'ar\u00f4me, pas d'irritation ou de rougeur de la peau.<\/li>\n<\/ul>\n<p><strong><br \/>Manuel de l'utilisateur<\/strong>L'inhalateur XTRM Sniffer n'aime pas le soleil, la chaleur, le froid ou les produits de nettoyage agressifs. Il est pr\u00e9f\u00e9rable de le laver apr\u00e8s chaque utilisation et de le remettre dans son emballage.<\/p>\n<h3>\"Tant de SNFFR que nous avons d\u00fb mettre de l'ordre dans nos affaires\"<br \/>D\u00e9sormais, il existe des tailles claires pour chaque bouteille : notre nouveau tableau des tailles XTRM SNFFR vous indique exactement ce qui vous convient - pas de devinettes, pas de t\u00e2tonnements\".<br \/><br \/><\/h3>\n\n\n<figure class=\"wp-block-table\"><table class=\"has-fixed-layout\"><thead><tr><th>Taille<\/th><th>Exemple&nbsp;<\/th><th>Description<\/th><\/tr><\/thead><tbody><tr><td><strong>XXS<\/strong><\/td><td><img decoding=\"async\" src=\"https:\/\/wholesale.xtrm.net\/TAP\/XXS.jpg\" alt=\"Bouteille XXS\"><\/td><td>Cr\u00e2ne Flacons de 24 ml<\/td><\/tr><tr><td><strong>XS<\/strong><\/td><td><img decoding=\"async\" src=\"https:\/\/wholesale.xtrm.net\/TAP\/XS.jpg\" alt=\"Bouteille XS\"><\/td><td>Fran\u00e7ais, Double Scorpio (USA), Everest, OXY - flacons minces en aluminium (10-15 ml)<\/td><\/tr><tr><td><strong>S<\/strong><\/td><td><img decoding=\"async\" src=\"https:\/\/wholesale.xtrm.net\/TAP\/SMALL.jpg\" alt=\"Bouteille de S\"><\/td><td>Rush, Amsterdam, flacons ovales XTRM, flacons Lockerroom larges (pas hauts), PWD 10ml, Funline 10ml<\/td><\/tr><tr><td><strong>M<\/strong><\/td><td><img decoding=\"async\" src=\"https:\/\/wholesale.xtrm.net\/TAP\/M.jpg\" alt=\"M Bouteille\"><\/td><td>Nouveaux grands flacons Lockerroom (30 ml) - auparavant \"Small\", maintenant Medium size<\/td><\/tr><tr><td><strong>L<\/strong><\/td><td><img decoding=\"async\" src=\"https:\/\/wholesale.xtrm.net\/TAP\/large.jpg\" alt=\"Bouteille L\"><\/td><td>Bouteilles r\u00e9tro carr\u00e9es (24-25 ml), par exemple Belgo, Funline, Lockerroom, certaines bouteilles am\u00e9ricaines<\/td><\/tr><tr><td><strong>XL<\/strong><\/td><td><img decoding=\"async\" src=\"https:\/\/wholesale.xtrm.net\/TAP\/xl.jpg\" alt=\"Bouteille XL\"><\/td><td>Nouvelles bouteilles en aluminium OXY et Lockerroom (grandes, rondes)<\/td><\/tr><tr><td><strong>2XL<\/strong><\/td><td><img decoding=\"async\" src=\"https:\/\/wholesale.xtrm.net\/TAP\/2xl.jpg\" alt=\"Bouteille 2XL\"><\/td><td>Flacons extra-larges en aluminium de 30 ml avec grande ouverture<\/td><\/tr><tr><td><strong>3XL<\/strong><\/td><td><img decoding=\"async\" src=\"https:\/\/wholesale.xtrm.net\/TAP\/3xl.jpg\" alt=\"Bouteille 3XL\"><\/td><td>Flacons en plastique Isoamyl, Everest 30 ml, flacons en verre \u00e0 large ouverture<\/td><\/tr><tr><td><strong>4XL<\/strong><\/td><td><img decoding=\"async\" src=\"https:\/\/wholesale.xtrm.net\/TAP\/4xl.jpg\" alt=\"Bouteille 4XL\"><\/td><td>XTRM bouteilles de 60-100 ml, telles que XTRM BEAST<\/td><\/tr><\/tbody><\/table><\/figure>","protected":false},"excerpt":{"rendered":"<p>L'inhalateur XTRM Sniffer est un accessoire de reniflage pour les nettoyeurs de cuir. Avec cet accessoire, sniffer vous donne un rush absolument nouveau. Si intense, si pur, si excitant avec le plus gros high de marteau que vous n'ayez jamais vu.<\/p>","protected":false},"featured_media":14752,"comment_status":"open","ping_status":"closed","template":"","meta":[],"product_brand":[752],"product_cat":[330,530],"product_tag":[528],"class_list":{"0":"post-10640","1":"product","2":"type-product","3":"status-publish","4":"has-post-thumbnail","6":"product_brand-xtrm","7":"product_cat-accessoires","8":"product_cat-sniffers-large","9":"product_tag-largesnnfr","11":"first","12":"instock","13":"taxable","14":"shipping-taxable","15":"purchasable","16":"product-type-simple"},"_links":{"self":[{"href":"https:\/\/stage.poppersparadise.eu\/fr\/wp-json\/wp\/v2\/product\/10640","targetHints":{"allow":["GET"]}}],"collection":[{"href":"https:\/\/stage.poppersparadise.eu\/fr\/wp-json\/wp\/v2\/product"}],"about":[{"href":"https:\/\/stage.poppersparadise.eu\/fr\/wp-json\/wp\/v2\/types\/product"}],"replies":[{"embeddable":true,"href":"https:\/\/stage.poppersparadise.eu\/fr\/wp-json\/wp\/v2\/comments?post=10640"}],"wp:featuredmedia":[{"embeddable":true,"href":"https:\/\/stage.poppersparadise.eu\/fr\/wp-json\/wp\/v2\/media\/14752"}],"wp:attachment":[{"href":"https:\/\/stage.poppersparadise.eu\/fr\/wp-json\/wp\/v2\/media?parent=10640"}],"wp:term":[{"taxonomy":"product_brand","embeddable":true,"href":"https:\/\/stage.poppersparadise.eu\/fr\/wp-json\/wp\/v2\/product_brand?post=10640"},{"taxonomy":"product_cat","embeddable":true,"href":"https:\/\/stage.poppersparadise.eu\/fr\/wp-json\/wp\/v2\/product_cat?post=10640"},{"taxonomy":"product_tag","embeddable":true,"href":"https:\/\/stage.poppersparadise.eu\/fr\/wp-json\/wp\/v2\/product_tag?post=10640"}],"curies":[{"name":"wp","href":"https:\/\/api.w.org\/{rel}","templated":true}]}}