{"id":10675,"date":"2024-10-13T19:07:15","date_gmt":"2024-10-13T19:07:15","guid":{"rendered":"https:\/\/stage.poppersparadise.eu\/product\/republik-ppprs-sniffer-cap-small\/"},"modified":"2025-09-22T15:59:06","modified_gmt":"2025-09-22T13:59:06","slug":"republik-ppprs-sniffer-cap-small","status":"publish","type":"product","link":"https:\/\/stage.poppersparadise.eu\/fr\/produit\/republik-ppprs-sniffer-cap-small\/","title":{"rendered":"Republik Poppers Sniffer Cap Small"},"content":{"rendered":"<h4 class=\"font-bold text-body leading-[24px] pt-[12px] pb-[2px] [&amp;_a]:underline-offset-[6px] [&amp;_.underline]:underline-offset-[6px]\" dir=\"ltr\">Am\u00e9liorez votre exp\u00e9rience avec l'adaptateur Poppers de Republik<\/h4>\n<p class=\"text-body font-regular leading-[24px] pt-[9px] pb-[2px]\" dir=\"ltr\">D\u00e9couvrez un nouveau niveau de commodit\u00e9 et de plaisir avec le tout nouvel adaptateur Poppers de Republik. Con\u00e7u pour votre confort et votre commodit\u00e9, cet adaptateur innovant transforme la fa\u00e7on dont vous utilisez vos poppers pr\u00e9f\u00e9r\u00e9s, en vous offrant une exp\u00e9rience transparente et exaltante.<\/p>\n<h4 class=\"font-bold text-body leading-[24px] pt-[12px] pb-[2px] [&amp;_a]:underline-offset-[6px] [&amp;_.underline]:underline-offset-[6px]\" dir=\"ltr\">Instructions importantes pour l'utilisation<\/h4>\n<ul class=\"pt-[9px] pb-[2px] pl-[24px] list-disc [&amp;_ul]:pt-[5px] pt-[5px]\">\n<li class=\"text-body font-regular leading-[24px] my-[5px] [&amp;&gt;ol]:!pt-0 [&amp;&gt;ol]:!pb-0 [&amp;&gt;ul]:!pt-0 [&amp;&gt;ul]:!pb-0\" value=\"1\">Maintenez toujours le flacon en position verticale et \u00e9vitez de le secouer.<\/li>\n<li class=\"text-body font-regular leading-[24px] my-[5px] [&amp;&gt;ol]:!pt-0 [&amp;&gt;ol]:!pb-0 [&amp;&gt;ul]:!pt-0 [&amp;&gt;ul]:!pb-0\" value=\"2\">Bien que l'adaptateur n'emp\u00eache pas les fuites ou l'\u00e9vaporation, il permet d'acc\u00e9der facilement aux poppers.<\/li>\n<li class=\"text-body font-regular leading-[24px] my-[5px] [&amp;&gt;ol]:!pt-0 [&amp;&gt;ol]:!pb-0 [&amp;&gt;ul]:!pt-0 [&amp;&gt;ul]:!pb-0\" value=\"4\">Lors de l'utilisation, veillez \u00e0 ne pas obstruer le petit trou d'air situ\u00e9 \u00e0 la base du bouchon.<\/li>\n<li class=\"text-body font-regular leading-[24px] my-[5px] [&amp;&gt;ol]:!pt-0 [&amp;&gt;ol]:!pb-0 [&amp;&gt;ul]:!pt-0 [&amp;&gt;ul]:!pb-0\" value=\"5\">Apr\u00e8s utilisation, replacez le bouchon d'origine et nettoyez l'adaptateur \u00e0 l'eau chaude pour pr\u00e9server sa dur\u00e9e de vie.<\/li>\n<\/ul>\n<h4 class=\"font-bold text-body leading-[24px] pt-[12px] pb-[2px] [&amp;_a]:underline-offset-[6px] [&amp;_.underline]:underline-offset-[6px]\" dir=\"ltr\">Compatibilit\u00e9 polyvalente<\/h4>\n<p class=\"text-body font-regular leading-[24px] pt-[9px] pb-[2px]\" dir=\"ltr\">L'adaptateur Poppers de Republik est compatible avec une large gamme de bouteilles, notamment<\/p>\n<ul class=\"pt-[9px] pb-[2px] pl-[24px] list-disc [&amp;_ul]:pt-[5px] pt-[5px]\">\n<li class=\"text-body font-regular leading-[24px] my-[5px] [&amp;&gt;ol]:!pt-0 [&amp;&gt;ol]:!pb-0 [&amp;&gt;ul]:!pt-0 [&amp;&gt;ul]:!pb-0\" value=\"1\">Tous les petits poppers<\/li>\n<li class=\"text-body font-regular leading-[24px] my-[5px] [&amp;&gt;ol]:!pt-0 [&amp;&gt;ol]:!pb-0 [&amp;&gt;ul]:!pt-0 [&amp;&gt;ul]:!pb-0\" value=\"2\">Poppers de taille moyenne (sauf la ligne Magnum)<\/li>\n<li class=\"text-body font-regular leading-[24px] my-[5px] [&amp;&gt;ol]:!pt-0 [&amp;&gt;ol]:!pb-0 [&amp;&gt;ul]:!pt-0 [&amp;&gt;ul]:!pb-0\" value=\"3\">Gros poppers ovales tels que Rush Ultra Strong, BareBuddy et Xtrash<\/li>\n<li class=\"text-body font-regular leading-[24px] my-[5px] [&amp;&gt;ol]:!pt-0 [&amp;&gt;ol]:!pb-0 [&amp;&gt;ul]:!pt-0 [&amp;&gt;ul]:!pb-0\" value=\"4\">Bouteilles longues telles que Highrise Ultra Strong<\/li>\n<li class=\"text-body font-regular leading-[24px] my-[5px] [&amp;&gt;ol]:!pt-0 [&amp;&gt;ol]:!pb-0 [&amp;&gt;ul]:!pt-0 [&amp;&gt;ul]:!pb-0\" value=\"5\">Bouteilles en aluminium comme Iron Fist<\/li>\n<li class=\"text-body font-regular leading-[24px] my-[5px] [&amp;&gt;ol]:!pt-0 [&amp;&gt;ol]:!pb-0 [&amp;&gt;ul]:!pt-0 [&amp;&gt;ul]:!pb-0\" value=\"6\">Bouteilles rondes XL telles que Radikal Rush et Amsterdam Revolution<\/li>\n<\/ul>\n<h4 class=\"font-bold text-body leading-[24px] pt-[12px] pb-[2px] [&amp;_a]:underline-offset-[6px] [&amp;_.underline]:underline-offset-[6px]\" dir=\"ltr\">Transformez votre exp\u00e9rience<\/h4>\n<p class=\"text-body font-regular leading-[24px] pt-[9px] pb-[2px]\" dir=\"ltr\">Dites adieu aux bouchons encombrants et aux \u00e9claboussures. L'adaptateur Poppers de Republik vous permet de profiter d'une exp\u00e9rience plus raffin\u00e9e et plus puissante. Am\u00e9liorez votre routine et faites en sorte que chaque moment en vaille la peine gr\u00e2ce \u00e0 cet accessoire essentiel.<\/p>","protected":false},"excerpt":{"rendered":"<p>D\u00e9couvrez un nouveau niveau de commodit\u00e9 et de plaisir avec le tout nouvel adaptateur pour p*ppers de Republik. Con\u00e7u pour votre confort et votre commodit\u00e9, cet adaptateur innovant transforme la fa\u00e7on dont vous utilisez vos p*ppers pr\u00e9f\u00e9r\u00e9s, en vous offrant une exp\u00e9rience transparente et excitante.<\/p>","protected":false},"featured_media":10674,"comment_status":"open","ping_status":"closed","template":"","meta":[],"product_brand":[],"product_cat":[330,529],"product_tag":[527],"class_list":{"0":"post-10675","1":"product","2":"type-product","3":"status-publish","4":"has-post-thumbnail","6":"product_cat-accessoires","7":"product_cat-sniffers-small","8":"product_tag-smallsnffr","10":"first","11":"instock","12":"taxable","13":"shipping-taxable","14":"purchasable","15":"product-type-simple"},"_links":{"self":[{"href":"https:\/\/stage.poppersparadise.eu\/fr\/wp-json\/wp\/v2\/product\/10675","targetHints":{"allow":["GET"]}}],"collection":[{"href":"https:\/\/stage.poppersparadise.eu\/fr\/wp-json\/wp\/v2\/product"}],"about":[{"href":"https:\/\/stage.poppersparadise.eu\/fr\/wp-json\/wp\/v2\/types\/product"}],"replies":[{"embeddable":true,"href":"https:\/\/stage.poppersparadise.eu\/fr\/wp-json\/wp\/v2\/comments?post=10675"}],"wp:featuredmedia":[{"embeddable":true,"href":"https:\/\/stage.poppersparadise.eu\/fr\/wp-json\/wp\/v2\/media\/10674"}],"wp:attachment":[{"href":"https:\/\/stage.poppersparadise.eu\/fr\/wp-json\/wp\/v2\/media?parent=10675"}],"wp:term":[{"taxonomy":"product_brand","embeddable":true,"href":"https:\/\/stage.poppersparadise.eu\/fr\/wp-json\/wp\/v2\/product_brand?post=10675"},{"taxonomy":"product_cat","embeddable":true,"href":"https:\/\/stage.poppersparadise.eu\/fr\/wp-json\/wp\/v2\/product_cat?post=10675"},{"taxonomy":"product_tag","embeddable":true,"href":"https:\/\/stage.poppersparadise.eu\/fr\/wp-json\/wp\/v2\/product_tag?post=10675"}],"curies":[{"name":"wp","href":"https:\/\/api.w.org\/{rel}","templated":true}]}}