{"id":12524,"date":"2024-11-13T21:12:11","date_gmt":"2024-11-13T20:12:11","guid":{"rendered":"https:\/\/stage.poppersparadise.eu\/?post_type=product&#038;p=12524"},"modified":"2025-08-18T16:42:19","modified_gmt":"2025-08-18T14:42:19","slug":"xtrm-gorilla-poppers-24ml","status":"publish","type":"product","link":"https:\/\/stage.poppersparadise.eu\/fr\/produit\/xtrm-gorilla-poppers-24ml\/","title":{"rendered":"XTRM Gorilla (The Best) 25ml"},"content":{"rendered":"<h2 class=\"wp-block-heading\">Le tout nouveau XTRM Gorilla 25ml Poppers !<\/h2>\n\n\n\n<p>D\u00e9velopp\u00e9e par les experts de XTRM, cette nouvelle ligne de diffuseurs de parfum offre une exp\u00e9rience in\u00e9gal\u00e9e. Pr\u00e9parez-vous \u00e0 vivre une exp\u00e9rience olfactive intense et puissante qui d\u00e9passera vos attentes.<\/p>\n\n\n\n<h3 class=\"wp-block-heading\">Puissance et intensit\u00e9 in\u00e9gal\u00e9es<\/h3>\n\n\n\n<p>Gr\u00e2ce \u00e0 la formule r\u00e9volutionnaire Power Double Pentyl, XTRM Gorilla 25ml Poppers offre une diffusion puissante et durable du parfum. Ce produit est sp\u00e9cialement con\u00e7u pour les connaisseurs \u00e0 la recherche d'une ambiance unique et sophistiqu\u00e9e.<\/p>\n\n\n\n<h3 class=\"wp-block-heading\">Caract\u00e9ristiques principales<\/h3>\n\n\n\n<p>Le Pentyl Double Power Extr\u00eame assure une diffusion intense du parfum qui impressionne.<\/p>\n\n\n\n<p>La technologie innovante Power Ball augmente l'efficacit\u00e9 de la formule pour une exp\u00e9rience parfum\u00e9e puissante et de longue dur\u00e9e.<\/p>\n\n\n\n<h3 class=\"wp-block-heading\">D\u00e9tails du produit<\/h3>\n\n\n\n<p>Formule : XTRM PENTYL - Nitrite de pentyle - CAS 463-04-7<\/p>\n\n\n\n<p>Contenu : 25 ml<\/p>\n\n\n\n<h3 class=\"wp-block-heading\">Important \u00e0 savoir<\/h3>\n\n\n\n<p>Ce produit est destin\u00e9 \u00e0 \u00eatre utilis\u00e9 uniquement comme diffuseur de parfum ou solvant de nettoyage. Il ne convient pas \u00e0 la consommation humaine ou \u00e0 l'inhalation. Conservez le produit dans un endroit frais et sombre et fermez herm\u00e9tiquement le flacon apr\u00e8s utilisation.<\/p>\n\n\n\n<h3 class=\"wp-block-heading\">Avertissements<\/h3>\n\n\n\n<ul class=\"wp-block-list\">\n<li>Liquide et vapeur hautement inflammables (H225)<\/li>\n\n\n\n<li>Provoque une irritation de la peau et des yeux (H315\/H319)<\/li>\n\n\n\n<li>Toxique par inhalation (H331)<\/li>\n\n\n\n<li>Pas de m\u00e9dicaments<\/li>\n\n\n\n<li>Utiliser uniquement selon les instructions<\/li>\n<\/ul>\n\n\n\n<h3 class=\"wp-block-heading\">Stockage<\/h3>\n\n\n\n<p>Conserver dans un endroit frais et sec. Tenir hors de port\u00e9e des enfants.<\/p>\n\n\n\n<h3 class=\"wp-block-heading\">Pays d'origine<\/h3>\n\n\n\n<p>Autriche<\/p>","protected":false},"excerpt":{"rendered":"<p><strong><br \/>ACCESSOIRES COMPATIBLES :<\/strong><\/p>\n<ul>\n<li><a href=\"https:\/\/stage.poppersparadise.eu\/fr\/categorie-de-produits\/accessoires\/renifleurs-petits\/\">Renifleurs Petit<\/a><\/li>\n<li><a href=\"https:\/\/stage.poppersparadise.eu\/fr\/produit\/xtrm-poppers-holder-oval-2\/\">XTRM Poppers Support ovale<\/a><\/li>\n<li><a href=\"https:\/\/stage.poppersparadise.eu\/fr\/produit\/xtrm-poppers-keeper-large-24ml-2\/\">XTRM Poppers Keeper Large<\/a><\/li>\n<\/ul>","protected":false},"featured_media":14676,"comment_status":"open","ping_status":"closed","template":"","meta":[],"product_brand":[752],"product_cat":[35],"product_tag":[],"class_list":{"0":"post-12524","1":"product","2":"type-product","3":"status-publish","4":"has-post-thumbnail","6":"product_brand-xtrm","7":"product_cat-grote-flesjes-poppers","9":"first","10":"instock","11":"taxable","12":"shipping-taxable","13":"purchasable","14":"product-type-simple"},"_links":{"self":[{"href":"https:\/\/stage.poppersparadise.eu\/fr\/wp-json\/wp\/v2\/product\/12524","targetHints":{"allow":["GET"]}}],"collection":[{"href":"https:\/\/stage.poppersparadise.eu\/fr\/wp-json\/wp\/v2\/product"}],"about":[{"href":"https:\/\/stage.poppersparadise.eu\/fr\/wp-json\/wp\/v2\/types\/product"}],"replies":[{"embeddable":true,"href":"https:\/\/stage.poppersparadise.eu\/fr\/wp-json\/wp\/v2\/comments?post=12524"}],"wp:featuredmedia":[{"embeddable":true,"href":"https:\/\/stage.poppersparadise.eu\/fr\/wp-json\/wp\/v2\/media\/14676"}],"wp:attachment":[{"href":"https:\/\/stage.poppersparadise.eu\/fr\/wp-json\/wp\/v2\/media?parent=12524"}],"wp:term":[{"taxonomy":"product_brand","embeddable":true,"href":"https:\/\/stage.poppersparadise.eu\/fr\/wp-json\/wp\/v2\/product_brand?post=12524"},{"taxonomy":"product_cat","embeddable":true,"href":"https:\/\/stage.poppersparadise.eu\/fr\/wp-json\/wp\/v2\/product_cat?post=12524"},{"taxonomy":"product_tag","embeddable":true,"href":"https:\/\/stage.poppersparadise.eu\/fr\/wp-json\/wp\/v2\/product_tag?post=12524"}],"curies":[{"name":"wp","href":"https:\/\/api.w.org\/{rel}","templated":true}]}}