{"id":12590,"date":"2024-11-16T23:21:11","date_gmt":"2024-11-16T22:21:11","guid":{"rendered":"https:\/\/stage.poppersparadise.eu\/?post_type=product&#038;p=12590"},"modified":"2025-09-19T16:29:15","modified_gmt":"2025-09-19T14:29:15","slug":"xtrm-kinky-snffr-leak-proof-double-small","status":"publish","type":"product","link":"https:\/\/stage.poppersparadise.eu\/fr\/produit\/xtrm-kinky-snffr-leak-proof-double-small\/","title":{"rendered":"XTRM Kinky SNFFR Double \u00e9tanche - Petit - Set"},"content":{"rendered":"<h2 class=\"font-bold text-h3 leading-[36px] pt-[21px] pb-[2px] [&amp;_a]:underline-offset-[6px] [&amp;_.underline]:underline-offset-[6px]\" dir=\"ltr\">XTRM KINKY SNFFR - Le plaisir ultime pour l'utilisateur s\u00e9rieux<\/h2>\n<p class=\"text-body font-regular leading-[24px] pt-[9px] pb-[2px]\" dir=\"ltr\">Vivez une exp\u00e9rience sans pr\u00e9c\u00e9dent avec le nouveau XTRM Kinky SNFFR Leak Proof Double - Small. Ce mod\u00e8le r\u00e9volutionnaire porte votre plaisir \u00e0 un niveau sup\u00e9rieur gr\u00e2ce \u00e0 ses caract\u00e9ristiques avanc\u00e9es.<\/p>\n<h3 class=\"font-bold text-h4 leading-[30px] pt-[15px] pb-[2px] [&amp;_a]:underline-offset-[6px] [&amp;_.underline]:underline-offset-[6px]\" dir=\"ltr\">Qu'est-ce qui rend le XTRM Kinky SNFFR Leak Proof Double - Small sp\u00e9cial ?<\/h3>\n<ul class=\"pt-[9px] pb-[2px] pl-[24px] list-disc [&amp;_ul]:pt-[5px] pt-[5px]\">\n<li class=\"text-body font-regular leading-[24px] my-[5px] [&amp;&gt;ol]:!pt-0 [&amp;&gt;ol]:!pb-0 [&amp;&gt;ul]:!pt-0 [&amp;&gt;ul]:!pb-0\" value=\"1\"><b><strong class=\"font-bold\">Une conception r\u00e9volutionnaire<\/strong><\/b>Le XTRM KINKY SNFFR est fabriqu\u00e9 en une seule pi\u00e8ce, sans aucune pi\u00e8ce d\u00e9tach\u00e9e susceptible de se d\u00e9placer. Il est con\u00e7u pour une facilit\u00e9 d'utilisation optimale.<\/li>\n<li class=\"text-body font-regular leading-[24px] my-[5px] [&amp;&gt;ol]:!pt-0 [&amp;&gt;ol]:!pb-0 [&amp;&gt;ul]:!pt-0 [&amp;&gt;ul]:!pb-0\" value=\"2\"><b><strong class=\"font-bold\">Joint d'\u00e9tanch\u00e9it\u00e9<\/strong><\/b>Le syst\u00e8me d'\u00e9tanch\u00e9it\u00e9 int\u00e9gr\u00e9 garantit que rien ne s'\u00e9chappe, ce qui vous assure une exp\u00e9rience s\u00fbre et pratique.<\/li>\n<li class=\"text-body font-regular leading-[24px] my-[5px] [&amp;&gt;ol]:!pt-0 [&amp;&gt;ol]:!pb-0 [&amp;&gt;ul]:!pt-0 [&amp;&gt;ul]:!pb-0\" value=\"3\"><b><strong class=\"font-bold\">Technologie Power Channel<\/strong><\/b>Le Turbo \u00e9tanche XTRM : Profitez d'un ar\u00f4me jusqu'\u00e0 cinq fois plus intense qu'avec le Turbo \u00e9tanche conventionnel XTRM.<\/li>\n<li class=\"text-body font-regular leading-[24px] my-[5px] [&amp;&gt;ol]:!pt-0 [&amp;&gt;ol]:!pb-0 [&amp;&gt;ul]:!pt-0 [&amp;&gt;ul]:!pb-0\" value=\"4\"><b><strong class=\"font-bold\">Coup de pied retard\u00e9<\/strong><\/b>Le produit est un produit d'une grande qualit\u00e9 : il procure une sensation unique avec un effet retard\u00e9 et puissant que vous n'\u00eates pas pr\u00eat d'oublier.<\/li>\n<li class=\"text-body font-regular leading-[24px] my-[5px] [&amp;&gt;ol]:!pt-0 [&amp;&gt;ol]:!pb-0 [&amp;&gt;ul]:!pt-0 [&amp;&gt;ul]:!pb-0\" value=\"5\"><b><strong class=\"font-bold\">Design \u00e9l\u00e9gant et pratique<\/strong><\/b>Le bouton-poussoir et le support sont contrast\u00e9s, ce qui permet de les ranger et de les transporter en toute s\u00e9curit\u00e9.<\/li>\n<li><strong>Contenu de l'emballage<\/strong>XTRM Kinky SNFFR Leak Proof Solo - Small &amp; un \u00e9tui assorti<\/li>\n<\/ul>\n<h3 class=\"font-bold text-h4 leading-[30px] pt-[15px] pb-[2px] [&amp;_a]:underline-offset-[6px] [&amp;_.underline]:underline-offset-[6px]\" dir=\"ltr\">Convient aux bouteilles suivantes :<\/h3>\n<ul class=\"pt-[9px] pb-[2px] pl-[24px] list-disc [&amp;_ul]:pt-[5px] pt-[5px]\">\n<li value=\"3\">Petits flacons de 9-10 ml<\/li>\n<li value=\"3\">Bouteilles ovales<\/li>\n<li value=\"3\">Bouteilles Iron Fist<\/li>\n<\/ul>\n<h3>\"Tant de SNFFR que nous avons d\u00fb mettre de l'ordre dans nos affaires\"<br \/>D\u00e9sormais, il existe des tailles claires pour chaque bouteille : notre nouveau tableau des tailles XTRM SNFFR vous indique exactement ce qui vous convient - pas de devinettes, pas de t\u00e2tonnements\".<br \/><br \/><\/h3>\n<figure class=\"wp-block-table\">\n<table class=\"has-fixed-layout\">\n<thead>\n<tr>\n<th>Taille<\/th>\n<th>Exemple\u00a0<\/th>\n<th>Description<\/th>\n<\/tr>\n<\/thead>\n<tbody>\n<tr>\n<td><strong>XXS<\/strong><\/td>\n<td><img decoding=\"async\" src=\"https:\/\/wholesale.xtrm.net\/TAP\/XXS.jpg\" alt=\"Bouteille XXS\" \/><\/td>\n<td>Cr\u00e2ne Flacons de 24 ml<\/td>\n<\/tr>\n<tr>\n<td><strong>XS<\/strong><\/td>\n<td><img decoding=\"async\" src=\"https:\/\/wholesale.xtrm.net\/TAP\/XS.jpg\" alt=\"Bouteille XS\" \/><\/td>\n<td>Fran\u00e7ais, Double Scorpio (USA), Everest, OXY - flacons minces en aluminium (10-15 ml)<\/td>\n<\/tr>\n<tr>\n<td><strong>S<\/strong><\/td>\n<td><img decoding=\"async\" src=\"https:\/\/wholesale.xtrm.net\/TAP\/SMALL.jpg\" alt=\"Bouteille de S\" \/><\/td>\n<td>Rush, Amsterdam, flacons ovales XTRM, flacons Lockerroom larges (pas hauts), PWD 10ml, Funline 10ml<\/td>\n<\/tr>\n<tr>\n<td><strong>M<\/strong><\/td>\n<td><img decoding=\"async\" src=\"https:\/\/wholesale.xtrm.net\/TAP\/M.jpg\" alt=\"M Bouteille\" \/><\/td>\n<td>Nouveaux grands flacons Lockerroom (30 ml) - auparavant \"Small\", maintenant Medium size<\/td>\n<\/tr>\n<tr>\n<td><strong>L<\/strong><\/td>\n<td><img decoding=\"async\" src=\"https:\/\/wholesale.xtrm.net\/TAP\/large.jpg\" alt=\"Bouteille L\" \/><\/td>\n<td>Bouteilles r\u00e9tro carr\u00e9es (24-25 ml), par exemple Belgo, Funline, Lockerroom, certaines bouteilles am\u00e9ricaines<\/td>\n<\/tr>\n<tr>\n<td><strong>XL<\/strong><\/td>\n<td><img decoding=\"async\" src=\"https:\/\/wholesale.xtrm.net\/TAP\/xl.jpg\" alt=\"Bouteille XL\" \/><\/td>\n<td>Nouvelles bouteilles en aluminium OXY et Lockerroom (grandes, rondes)<\/td>\n<\/tr>\n<tr>\n<td><strong>2XL<\/strong><\/td>\n<td><img decoding=\"async\" src=\"https:\/\/wholesale.xtrm.net\/TAP\/2xl.jpg\" alt=\"Bouteille 2XL\" \/><\/td>\n<td>Flacons extra-larges en aluminium de 30 ml avec grande ouverture<\/td>\n<\/tr>\n<tr>\n<td><strong>3XL<\/strong><\/td>\n<td><img decoding=\"async\" src=\"https:\/\/wholesale.xtrm.net\/TAP\/3xl.jpg\" alt=\"Bouteille 3XL\" \/><\/td>\n<td>Flacons en plastique Isoamyl, Everest 30 ml, flacons en verre \u00e0 large ouverture<\/td>\n<\/tr>\n<tr>\n<td><strong>4XL<\/strong><\/td>\n<td><img decoding=\"async\" src=\"https:\/\/wholesale.xtrm.net\/TAP\/4xl.jpg\" alt=\"Bouteille 4XL\" \/><\/td>\n<td>XTRM bouteilles de 60-100 ml, telles que XTRM BEAST<\/td>\n<\/tr>\n<\/tbody>\n<\/table>\n<\/figure>\n<h3><\/h3>\n\n\n<figure class=\"wp-block-video\"><video controls src=\"https:\/\/stage.poppersparadise.eu\/wp-content\/uploads\/2024\/11\/sylven_big.mp4\"><\/video><\/figure>","protected":false},"excerpt":{"rendered":"<p>Le tout nouveau parfum autrichien Kinky SNFFR Leak Proof by XTRM est enfin disponible et promet d'amener votre exp\u00e9rience olfactive \u00e0 un nouveau NIVEAU X.<\/p>","protected":false},"featured_media":17260,"comment_status":"open","ping_status":"closed","template":"","meta":[],"product_brand":[752],"product_cat":[330,529],"product_tag":[527],"class_list":{"0":"post-12590","1":"product","2":"type-product","3":"status-publish","4":"has-post-thumbnail","6":"product_brand-xtrm","7":"product_cat-accessoires","8":"product_cat-sniffers-small","9":"product_tag-smallsnffr","11":"first","12":"instock","13":"taxable","14":"shipping-taxable","15":"purchasable","16":"product-type-simple"},"_links":{"self":[{"href":"https:\/\/stage.poppersparadise.eu\/fr\/wp-json\/wp\/v2\/product\/12590","targetHints":{"allow":["GET"]}}],"collection":[{"href":"https:\/\/stage.poppersparadise.eu\/fr\/wp-json\/wp\/v2\/product"}],"about":[{"href":"https:\/\/stage.poppersparadise.eu\/fr\/wp-json\/wp\/v2\/types\/product"}],"replies":[{"embeddable":true,"href":"https:\/\/stage.poppersparadise.eu\/fr\/wp-json\/wp\/v2\/comments?post=12590"}],"wp:featuredmedia":[{"embeddable":true,"href":"https:\/\/stage.poppersparadise.eu\/fr\/wp-json\/wp\/v2\/media\/17260"}],"wp:attachment":[{"href":"https:\/\/stage.poppersparadise.eu\/fr\/wp-json\/wp\/v2\/media?parent=12590"}],"wp:term":[{"taxonomy":"product_brand","embeddable":true,"href":"https:\/\/stage.poppersparadise.eu\/fr\/wp-json\/wp\/v2\/product_brand?post=12590"},{"taxonomy":"product_cat","embeddable":true,"href":"https:\/\/stage.poppersparadise.eu\/fr\/wp-json\/wp\/v2\/product_cat?post=12590"},{"taxonomy":"product_tag","embeddable":true,"href":"https:\/\/stage.poppersparadise.eu\/fr\/wp-json\/wp\/v2\/product_tag?post=12590"}],"curies":[{"name":"wp","href":"https:\/\/api.w.org\/{rel}","templated":true}]}}