{"id":13011,"date":"2024-12-02T12:04:28","date_gmt":"2024-12-02T11:04:28","guid":{"rendered":"https:\/\/stage.poppersparadise.eu\/?post_type=product&#038;p=13011"},"modified":"2025-10-07T13:50:35","modified_gmt":"2025-10-07T11:50:35","slug":"sport-fucker-poppers-10ml","status":"publish","type":"product","link":"https:\/\/stage.poppersparadise.eu\/fr\/produit\/sport-fucker-poppers-10ml\/","title":{"rendered":"Sport Fucker 10ml"},"content":{"rendered":"<h2 class=\"wp-block-heading\">D\u00e9couvrez le Sport Fucker Poppers 10ml<\/h2>\n\n\n\n<p>Connu pour ses produits de haute qualit\u00e9, Sport Fucker pr\u00e9sente maintenant un diffuseur de parfum exclusif qui fait passer vos moments au niveau sup\u00e9rieur. Avec un ar\u00f4me raffin\u00e9 \u00e0 base de nitrite de pentyle, ce diffuseur de parfum offre une exp\u00e9rience olfactive unique et intense. Conditionn\u00e9 dans un flacon en verre pratique de 10 ml, ce produit est un choix parfait pour les occasions sp\u00e9ciales.<\/p>\n\n\n\n<h3 class=\"wp-block-heading\">Sp\u00e9cifications du produit<\/h3>\n\n\n\n<ul class=\"wp-block-list\">\n<li><strong>Marque<\/strong>Le sport, c'est l'affaire de tous : Sport Fucker<\/li>\n\n\n\n<li><strong>Ingr\u00e9dient actif<\/strong>Nitrite de pentyle<\/li>\n\n\n\n<li><strong>Contenu<\/strong>: 10ml<\/li>\n<\/ul>\n\n\n\n<h3 class=\"wp-block-heading\">Qu'est-ce qui fait la particularit\u00e9 des diffuseurs de parfum Sport Fucker ?<\/h3>\n\n\n\n<ul class=\"wp-block-list\">\n<li><strong>Am\u00e9lioration de l'ambiance<\/strong>: Id\u00e9al pour rehausser l'ambiance lors d'occasions sociales.<\/li>\n\n\n\n<li><strong>Utilisation confortable<\/strong>Les utilisateurs de l'Internet : Convient aussi bien aux d\u00e9butants qu'aux utilisateurs assidus.<\/li>\n<\/ul>\n\n\n\n<h3 class=\"wp-block-heading\">Pourquoi choisir le nitrite de pentyle ?<\/h3>\n\n\n\n<p>Le nitrite de pentyle est un choix populaire aux Pays-Bas en raison de son odeur douce et agr\u00e9able. Il offre une intensit\u00e9 similaire \u00e0 celle des autres nitrites, mais avec moins de risques d'effets ind\u00e9sirables. Il s'agit donc d'une option s\u00fbre et accessible \u00e0 tous.<\/p>\n\n\n\n<h3 class=\"wp-block-heading\">B\u00e9n\u00e9ficier de remises quantitatives<\/h3>\n\n\n\n<p>Plus vous achetez de bouteilles, plus la r\u00e9duction est importante !<\/p>\n\n\n\n<h3 class=\"wp-block-heading\">Important \u00e0 savoir<\/h3>\n\n\n\n<p>Ce produit est destin\u00e9 \u00e0 \u00eatre utilis\u00e9 uniquement comme diffuseur de parfum ou solvant de nettoyage. Il ne convient pas \u00e0 la consommation humaine ou \u00e0 l'inhalation. Conservez le produit dans un endroit frais et sombre et fermez herm\u00e9tiquement le flacon apr\u00e8s utilisation.<\/p>\n\n\n\n<h3 class=\"wp-block-heading\">Avertissements<\/h3>\n\n\n\n<ul class=\"wp-block-list\">\n<li>Liquide et vapeur hautement inflammables (H225).<\/li>\n\n\n\n<li>Provoque une irritation de la peau et des yeux (H315\/H319).<\/li>\n\n\n\n<li>Toxique par inhalation (H331).<\/li>\n\n\n\n<li>Pas de m\u00e9dicaments.<\/li>\n\n\n\n<li>Utiliser uniquement selon les instructions.<\/li>\n<\/ul>\n\n\n\n<h3 class=\"wp-block-heading\">Stockage<\/h3>\n\n\n\n<p>Conserver dans un endroit frais et sec. Tenir hors de port\u00e9e des enfants.<\/p>\n\n\n\n<h3 class=\"wp-block-heading\">Pays d'origine<\/h3>\n\n\n\n<p>France<\/p>\n\n\n\n<p><\/p>","protected":false},"excerpt":{"rendered":"<p><strong><br \/>ACCESSOIRES COMPATIBLES :<\/strong><\/p>\n<ul>\n<li><a href=\"https:\/\/stage.poppersparadise.eu\/fr\/categorie-de-produits\/accessoires\/renifleurs-petits\/\">Renifleurs Petit<\/a><\/li>\n<li><a href=\"https:\/\/stage.poppersparadise.eu\/fr\/produit\/xtrm-poppers-houder-zwart-small\/\">XTRM Poppers Support petit<\/a><\/li>\n<li><a href=\"https:\/\/stage.poppersparadise.eu\/fr\/produit\/xtrm-poppers-keeper-small-10ml-2\/\">XTRM Poppers Keeper Small<\/a><\/li>\n<\/ul>","protected":false},"featured_media":13012,"comment_status":"open","ping_status":"closed","template":"","meta":[],"product_brand":[],"product_cat":[482,34],"product_tag":[],"class_list":{"0":"post-13011","1":"product","2":"type-product","3":"status-publish","4":"has-post-thumbnail","6":"product_cat-aanbiedingen","7":"product_cat-kleine-flesjes-poppers","9":"first","10":"instock","11":"sale","12":"taxable","13":"shipping-taxable","14":"purchasable","15":"product-type-simple"},"_links":{"self":[{"href":"https:\/\/stage.poppersparadise.eu\/fr\/wp-json\/wp\/v2\/product\/13011","targetHints":{"allow":["GET"]}}],"collection":[{"href":"https:\/\/stage.poppersparadise.eu\/fr\/wp-json\/wp\/v2\/product"}],"about":[{"href":"https:\/\/stage.poppersparadise.eu\/fr\/wp-json\/wp\/v2\/types\/product"}],"replies":[{"embeddable":true,"href":"https:\/\/stage.poppersparadise.eu\/fr\/wp-json\/wp\/v2\/comments?post=13011"}],"wp:featuredmedia":[{"embeddable":true,"href":"https:\/\/stage.poppersparadise.eu\/fr\/wp-json\/wp\/v2\/media\/13012"}],"wp:attachment":[{"href":"https:\/\/stage.poppersparadise.eu\/fr\/wp-json\/wp\/v2\/media?parent=13011"}],"wp:term":[{"taxonomy":"product_brand","embeddable":true,"href":"https:\/\/stage.poppersparadise.eu\/fr\/wp-json\/wp\/v2\/product_brand?post=13011"},{"taxonomy":"product_cat","embeddable":true,"href":"https:\/\/stage.poppersparadise.eu\/fr\/wp-json\/wp\/v2\/product_cat?post=13011"},{"taxonomy":"product_tag","embeddable":true,"href":"https:\/\/stage.poppersparadise.eu\/fr\/wp-json\/wp\/v2\/product_tag?post=13011"}],"curies":[{"name":"wp","href":"https:\/\/api.w.org\/{rel}","templated":true}]}}