{"id":14656,"date":"2025-02-26T10:56:25","date_gmt":"2025-02-26T09:56:25","guid":{"rendered":"https:\/\/stage.poppersparadise.eu\/?post_type=product&#038;p=14656"},"modified":"2025-09-30T14:16:54","modified_gmt":"2025-09-30T12:16:54","slug":"xtrm-double-aroma-10ml","status":"publish","type":"product","link":"https:\/\/stage.poppersparadise.eu\/fr\/produit\/xtrm-double-aroma-10ml\/","title":{"rendered":"XTRM Double Aroma 10ml"},"content":{"rendered":"<h2 class=\"wp-block-heading\">D\u00e9couvrez la puissance de XTRM Double Aroma 10ml Poppers sans limites<\/h2>\n\n\n\n<p>D\u00e9couvrez pourquoi le XTRM est si appr\u00e9ci\u00e9 par les utilisateurs exp\u00e9riment\u00e9s. Notre formule exclusive XTRM Double Aroma 10ml Poppers avec Pentyl offre une exp\u00e9rience parfum\u00e9e forte, durable et unique avec une puissance double. La marque innovante XTRM, bien connue dans le milieu, fournit des produits de qualit\u00e9 sup\u00e9rieure depuis des ann\u00e9es et b\u00e9n\u00e9ficie de la confiance de milliers de clients dans le monde entier.<\/p>\n\n\n\n<h3 class=\"wp-block-heading\">Caract\u00e9ristiques principales :<\/h3>\n\n\n\n<ul class=\"wp-block-list\">\n<li><strong>Formule Pentyl \u00e0 double action<\/strong>Pour une exp\u00e9rience olfactive intense et puissante.<\/li>\n\n\n\n<li><strong>Effet durable<\/strong>La qualit\u00e9 de l'eau de vie : Elle garantit une exp\u00e9rience olfactive coh\u00e9rente.<\/li>\n\n\n\n<li><strong>Garantie contre les maux de t\u00eate<\/strong>Pour un plaisir sans effort et sans effets secondaires.<\/li>\n\n\n\n<li><strong>Taille compacte<\/strong>: Id\u00e9al pour les voyages et facile \u00e0 transporter.<\/li>\n<\/ul>\n\n\n\n<h3 class=\"wp-block-heading\">Comment cela fonctionne-t-il ?<\/h3>\n\n\n\n<p>Choisissez simplement votre XTRM Double Aroma 10ml Poppers et ajoutez-le \u00e0 votre panier. Parfait pour partager ou d\u00e9guster seul lors de moments privil\u00e9gi\u00e9s.<\/p>\n\n\n\n<h3 class=\"wp-block-heading\">Important \u00e0 savoir<\/h3>\n\n\n\n<p>Ces produits ne doivent \u00eatre utilis\u00e9s que comme diffuseurs de parfum ou solvants de nettoyage. Ils ne conviennent pas \u00e0 la consommation humaine et ne doivent pas \u00eatre inhal\u00e9s. Conservez les bouteilles dans un endroit frais et sombre et fermez-les herm\u00e9tiquement apr\u00e8s utilisation.<\/p>\n\n\n\n<h3 class=\"wp-block-heading\">Avertissements<\/h3>\n\n\n\n<ul class=\"wp-block-list\">\n<li>Liquide et vapeur hautement inflammables (H225).<\/li>\n\n\n\n<li>Provoque une irritation de la peau et des yeux (H315\/H319).<\/li>\n\n\n\n<li>Toxique par inhalation (H331).<\/li>\n\n\n\n<li>Utiliser uniquement selon les instructions.<\/li>\n<\/ul>\n\n\n\n<h3 class=\"wp-block-heading\">Stockage<\/h3>\n\n\n\n<p>Conserver dans un endroit frais et sec. Tenir hors de port\u00e9e des enfants.<\/p>\n\n\n\n<h3 class=\"wp-block-heading\">Pays d'origine<\/h3>\n\n\n\n<p>Autriche<\/p>","protected":false},"excerpt":{"rendered":"<p><strong><br \/>ACCESSOIRES COMPATIBLES :<\/strong><\/p>\n<ul>\n<li><a href=\"https:\/\/stage.poppersparadise.eu\/fr\/categorie-de-produits\/accessoires\/renifleurs-petits\/\">Renifleurs Petit<\/a><\/li>\n<li><a href=\"https:\/\/stage.poppersparadise.eu\/fr\/produit\/xtrm-poppers-houder-zwart-small\/\">XTRM Poppers Support petit<\/a><\/li>\n<li><a href=\"https:\/\/stage.poppersparadise.eu\/fr\/produit\/xtrm-poppers-keeper-small-10ml-2\/\">XTRM Poppers Keeper Small<\/a><\/li>\n<\/ul>","protected":false},"featured_media":14689,"comment_status":"open","ping_status":"closed","template":"","meta":[],"product_brand":[752],"product_cat":[34],"product_tag":[],"class_list":{"0":"post-14656","1":"product","2":"type-product","3":"status-publish","4":"has-post-thumbnail","6":"product_brand-xtrm","7":"product_cat-kleine-flesjes-poppers","9":"first","10":"instock","11":"taxable","12":"shipping-taxable","13":"purchasable","14":"product-type-simple"},"_links":{"self":[{"href":"https:\/\/stage.poppersparadise.eu\/fr\/wp-json\/wp\/v2\/product\/14656","targetHints":{"allow":["GET"]}}],"collection":[{"href":"https:\/\/stage.poppersparadise.eu\/fr\/wp-json\/wp\/v2\/product"}],"about":[{"href":"https:\/\/stage.poppersparadise.eu\/fr\/wp-json\/wp\/v2\/types\/product"}],"replies":[{"embeddable":true,"href":"https:\/\/stage.poppersparadise.eu\/fr\/wp-json\/wp\/v2\/comments?post=14656"}],"wp:featuredmedia":[{"embeddable":true,"href":"https:\/\/stage.poppersparadise.eu\/fr\/wp-json\/wp\/v2\/media\/14689"}],"wp:attachment":[{"href":"https:\/\/stage.poppersparadise.eu\/fr\/wp-json\/wp\/v2\/media?parent=14656"}],"wp:term":[{"taxonomy":"product_brand","embeddable":true,"href":"https:\/\/stage.poppersparadise.eu\/fr\/wp-json\/wp\/v2\/product_brand?post=14656"},{"taxonomy":"product_cat","embeddable":true,"href":"https:\/\/stage.poppersparadise.eu\/fr\/wp-json\/wp\/v2\/product_cat?post=14656"},{"taxonomy":"product_tag","embeddable":true,"href":"https:\/\/stage.poppersparadise.eu\/fr\/wp-json\/wp\/v2\/product_tag?post=14656"}],"curies":[{"name":"wp","href":"https:\/\/api.w.org\/{rel}","templated":true}]}}