{"id":14661,"date":"2025-02-26T11:10:13","date_gmt":"2025-02-26T10:10:13","guid":{"rendered":"https:\/\/stage.poppersparadise.eu\/?post_type=product&#038;p=14661"},"modified":"2025-08-16T12:18:51","modified_gmt":"2025-08-16T10:18:51","slug":"poppers-30ml-en-or-veritable-24-carats","status":"publish","type":"product","link":"https:\/\/stage.poppersparadise.eu\/fr\/produit\/poppers-30ml-en-or-veritable-24-carats\/","title":{"rendered":"XTRM 24 Karat Real Gold 30ml + Gouden SNFFR Cap"},"content":{"rendered":"<h2 class=\"wp-block-heading\">D\u00e9couvrez le puissant et unique 24 Karat Real Gold 30ml Poppers avec bouchon SNFFR en or.<\/h2>\n\n\n\n<p>Faites passer votre f\u00eate au niveau sup\u00e9rieur avec le 24 Karat Real Gold 30ml Poppers - une premi\u00e8re mondiale absolue avec de v\u00e9ritables paillettes d'or 24 carats ! Cette formule pentyl puissante, d\u00e9velopp\u00e9e par XTRM, est connue pour son ar\u00f4me puissant, son effet durable et son apparence \u00e9blouissante.<\/p>\n\n\n\n<h3 class=\"wp-block-heading\">Sp\u00e9cifications :<\/h3>\n\n\n\n<ul class=\"wp-block-list\">\n<li><strong>Formule unique<\/strong>Le Pentyl nitrite a des effets puissants et durables.<\/li>\n\n\n\n<li><strong>Or 24 carats<\/strong>: Contient des morceaux de feuilles d'or v\u00e9ritable.<\/li>\n\n\n\n<li><strong>Grand format<\/strong>: Flacon g\u00e9n\u00e9reux de 30 ml pour une utilisation prolong\u00e9e.<\/li>\n\n\n\n<li><strong>Qualit\u00e9 XTRM<\/strong>Le projet : Une marque innovante et \u00e9prouv\u00e9e dans le milieu.<\/li>\n\n\n\n<li><strong>Particuli\u00e8rement puissant<\/strong>D\u00e9velopp\u00e9 avec la formule exclusive XTRM SNFFR ALU XL Power.<\/li>\n\n\n\n<li><strong>Une grande exp\u00e9rience olfactive<\/strong>: Id\u00e9al pour les f\u00eates et les moments uniques.<\/li>\n<\/ul>\n\n\n\n<p>Cette bouteille n'est pas seulement une v\u00e9ritable nouveaut\u00e9, mais aussi une d\u00e9claration. Laissez-vous emporter par l'effet surprenant et attirez l'attention de tous avec cette bouteille d'or \u00e0 couper le souffle !<\/p>\n\n\n\n<h3 class=\"wp-block-heading\">Le cadeau id\u00e9al<\/h3>\n\n\n\n<p>Cette bouteille sophistiqu\u00e9e, livr\u00e9e avec un SNFFR dor\u00e9, est non seulement une d\u00e9licieuse g\u00e2terie pour vous-m\u00eame, mais aussi le cadeau id\u00e9al pour un ami qui aime l'aventure et le luxe. Avec son design \u00e9l\u00e9gant et son contenu unique, vous offrez un cadeau qui impressionnera et cr\u00e9era des souvenirs.<\/p>\n\n\n\n<h3 class=\"wp-block-heading\">Comment cela fonctionne-t-il ?<\/h3>\n\n\n\n<p>Choisissez simplement votre 24 Karat Real Gold 30ml Poppers et ajoutez-le \u00e0 votre panier. Parfait pour \u00eatre partag\u00e9 ou d\u00e9gust\u00e9 seul lors de moments particuliers.<\/p>\n\n\n\n<h3 class=\"wp-block-heading\">Important \u00e0 savoir<\/h3>\n\n\n\n<p>Ces produits ne doivent \u00eatre utilis\u00e9s que comme diffuseurs de parfum ou solvants de nettoyage. Ils ne conviennent pas \u00e0 la consommation humaine et ne doivent pas \u00eatre inhal\u00e9s. Conservez les bouteilles dans un endroit frais et sombre et fermez-les herm\u00e9tiquement apr\u00e8s utilisation.<\/p>\n\n\n\n<h3 class=\"wp-block-heading\">Avertissements<\/h3>\n\n\n\n<ul class=\"wp-block-list\">\n<li>Liquide et vapeur hautement inflammables (H225).<\/li>\n\n\n\n<li>Provoque une irritation de la peau et des yeux (H315\/H319).<\/li>\n\n\n\n<li>Toxique par inhalation (H331).<\/li>\n\n\n\n<li>Utiliser uniquement selon les instructions.<\/li>\n<\/ul>\n\n\n\n<h3 class=\"wp-block-heading\">Stockage<\/h3>\n\n\n\n<p>Conserver dans un endroit frais et sec. Tenir hors de port\u00e9e des enfants.<\/p>\n\n\n\n<h3 class=\"wp-block-heading\">Pays d'origine<\/h3>\n\n\n\n<p>Autriche<\/p>\n\n\n\n<figure class=\"wp-block-video\"><video controls muted src=\"https:\/\/stage.poppersparadise.eu\/wp-content\/uploads\/2025\/02\/24-Carat-Poppers.mp4\"><\/video><\/figure>","protected":false},"excerpt":{"rendered":"<p>Ontdek de krachtige en unieke 24 Karat Real Gold 30ml Poppers met gouden SNFFR Cap Breng je feest naar een hoger niveau met de 24 Karat Real Gold 30ml Poppers &#8211; een absolute wereldprimeur met echte 24-karaats goudvlokken! Deze krachtige pentylformule, ontwikkeld door XTRM, staat bekend om zijn sterke aroma, langdurige effect en oogverblindende uitstraling. [&hellip;]<\/p>","protected":false},"featured_media":14672,"comment_status":"open","ping_status":"closed","template":"","meta":[],"product_brand":[752],"product_cat":[35],"product_tag":[],"class_list":{"0":"post-14661","1":"product","2":"type-product","3":"status-publish","4":"has-post-thumbnail","6":"product_brand-xtrm","7":"product_cat-grote-flesjes-poppers","9":"first","10":"instock","11":"sale","12":"taxable","13":"shipping-taxable","14":"purchasable","15":"product-type-simple"},"_links":{"self":[{"href":"https:\/\/stage.poppersparadise.eu\/fr\/wp-json\/wp\/v2\/product\/14661","targetHints":{"allow":["GET"]}}],"collection":[{"href":"https:\/\/stage.poppersparadise.eu\/fr\/wp-json\/wp\/v2\/product"}],"about":[{"href":"https:\/\/stage.poppersparadise.eu\/fr\/wp-json\/wp\/v2\/types\/product"}],"replies":[{"embeddable":true,"href":"https:\/\/stage.poppersparadise.eu\/fr\/wp-json\/wp\/v2\/comments?post=14661"}],"wp:featuredmedia":[{"embeddable":true,"href":"https:\/\/stage.poppersparadise.eu\/fr\/wp-json\/wp\/v2\/media\/14672"}],"wp:attachment":[{"href":"https:\/\/stage.poppersparadise.eu\/fr\/wp-json\/wp\/v2\/media?parent=14661"}],"wp:term":[{"taxonomy":"product_brand","embeddable":true,"href":"https:\/\/stage.poppersparadise.eu\/fr\/wp-json\/wp\/v2\/product_brand?post=14661"},{"taxonomy":"product_cat","embeddable":true,"href":"https:\/\/stage.poppersparadise.eu\/fr\/wp-json\/wp\/v2\/product_cat?post=14661"},{"taxonomy":"product_tag","embeddable":true,"href":"https:\/\/stage.poppersparadise.eu\/fr\/wp-json\/wp\/v2\/product_tag?post=14661"}],"curies":[{"name":"wp","href":"https:\/\/api.w.org\/{rel}","templated":true}]}}