{"id":14776,"date":"2025-02-28T15:49:54","date_gmt":"2025-02-28T14:49:54","guid":{"rendered":"https:\/\/stage.poppersparadise.eu\/?post_type=product&#038;p=14776"},"modified":"2025-08-16T12:14:18","modified_gmt":"2025-08-16T10:14:18","slug":"poppers-triple-rise-up-3x25ml","status":"publish","type":"product","link":"https:\/\/stage.poppersparadise.eu\/fr\/produit\/poppers-triple-rise-up-3x25ml\/","title":{"rendered":"Triple Rise Up 25ml + Gratis XTRM SNFFR"},"content":{"rendered":"<h2 class=\"wp-block-heading\">D\u00e9couvrez notre Triple Rise Up Poppers 25ml + XTRM SNFFR gratuit<\/h2>\n\n\n\n<p>Vous ne savez pas quel est le mod\u00e8le Rise Up qui vous convient le mieux ? C'est l'occasion de les essayer tous ! Avec ce coffret exclusif, vous recevrez trois flacons de 25 ml ainsi qu'un SNFFR XTRM gratuit d'une valeur de 9,95 \u20ac. Parfait pour les amoureux qui veulent en savoir plus et profiter d'une exp\u00e9rience olfactive intense.<\/p>\n\n\n\n<h3 class=\"wp-block-heading\">Pourquoi choisir nos poppers ?<\/h3>\n\n\n\n<ul class=\"wp-block-list\">\n<li><strong>Cadeau gratuit<\/strong>: Recevez un XTRM SNFFR d'une valeur de \u20ac9.95 avec votre commande.<\/li>\n\n\n\n<li><strong>Formules extra pures<\/strong>Pour une exp\u00e9rience olfactive intense et unique.<\/li>\n\n\n\n<li><strong>Des ingr\u00e9dients puissants<\/strong>: Bas\u00e9 sur l'amyle et le pentyle pour diff\u00e9rents effets.<\/li>\n\n\n\n<li><strong>R\u00e9duction pour le personnel<\/strong>: \u00c9conomisez davantage en achetant plusieurs lots.<\/li>\n\n\n\n<li><strong>Un contenu g\u00e9n\u00e9reux<\/strong>3 flacons en verre de 25 ml.<\/li>\n<\/ul>\n\n\n\n<h3 class=\"wp-block-heading\">Comment cela fonctionne-t-il ?<\/h3>\n\n\n\n<p>Choisissez simplement votre set Triple Rise Up Poppers 25ml et ajoutez-le \u00e0 votre panier. Parfait pour partager ou d\u00e9guster seul lors de moments privil\u00e9gi\u00e9s.<\/p>\n\n\n\n<h3 class=\"wp-block-heading\">Important \u00e0 savoir<\/h3>\n\n\n\n<p>Ces produits ne doivent \u00eatre utilis\u00e9s que comme diffuseurs de parfum ou solvants de nettoyage. Ils ne conviennent pas \u00e0 la consommation humaine et ne doivent pas \u00eatre inhal\u00e9s. Conservez les bouteilles dans un endroit frais et sombre et fermez-les herm\u00e9tiquement apr\u00e8s utilisation.<\/p>\n\n\n\n<h3 class=\"wp-block-heading\">Avertissements<\/h3>\n\n\n\n<ul class=\"wp-block-list\">\n<li>Liquide et vapeur hautement inflammables (H225).<\/li>\n\n\n\n<li>Provoque une irritation de la peau et des yeux (H315\/H319).<\/li>\n\n\n\n<li>Toxique par inhalation (H331).<\/li>\n\n\n\n<li>Utiliser uniquement selon les instructions.<\/li>\n<\/ul>\n\n\n\n<h3 class=\"wp-block-heading\">Stockage<\/h3>\n\n\n\n<p>Conserver dans un endroit frais et sec. Tenir hors de port\u00e9e des enfants.<\/p>\n\n\n\n<h3 class=\"wp-block-heading\">Pays d'origine<\/h3>\n\n\n\n<p>L'UE.<\/p>\n\n\n\n<p><\/p>","protected":false},"excerpt":{"rendered":"<p>Profitez d\u00e8s maintenant de cette promotion temporaire<\/p>","protected":false},"featured_media":14778,"comment_status":"open","ping_status":"closed","template":"","meta":[],"product_brand":[750],"product_cat":[33],"product_tag":[],"class_list":{"0":"post-14776","1":"product","2":"type-product","3":"status-publish","4":"has-post-thumbnail","6":"product_brand-rise-up","7":"product_cat-party-packs","9":"first","10":"instock","11":"sale","12":"taxable","13":"shipping-taxable","14":"purchasable","15":"product-type-simple"},"_links":{"self":[{"href":"https:\/\/stage.poppersparadise.eu\/fr\/wp-json\/wp\/v2\/product\/14776","targetHints":{"allow":["GET"]}}],"collection":[{"href":"https:\/\/stage.poppersparadise.eu\/fr\/wp-json\/wp\/v2\/product"}],"about":[{"href":"https:\/\/stage.poppersparadise.eu\/fr\/wp-json\/wp\/v2\/types\/product"}],"replies":[{"embeddable":true,"href":"https:\/\/stage.poppersparadise.eu\/fr\/wp-json\/wp\/v2\/comments?post=14776"}],"wp:featuredmedia":[{"embeddable":true,"href":"https:\/\/stage.poppersparadise.eu\/fr\/wp-json\/wp\/v2\/media\/14778"}],"wp:attachment":[{"href":"https:\/\/stage.poppersparadise.eu\/fr\/wp-json\/wp\/v2\/media?parent=14776"}],"wp:term":[{"taxonomy":"product_brand","embeddable":true,"href":"https:\/\/stage.poppersparadise.eu\/fr\/wp-json\/wp\/v2\/product_brand?post=14776"},{"taxonomy":"product_cat","embeddable":true,"href":"https:\/\/stage.poppersparadise.eu\/fr\/wp-json\/wp\/v2\/product_cat?post=14776"},{"taxonomy":"product_tag","embeddable":true,"href":"https:\/\/stage.poppersparadise.eu\/fr\/wp-json\/wp\/v2\/product_tag?post=14776"}],"curies":[{"name":"wp","href":"https:\/\/api.w.org\/{rel}","templated":true}]}}