{"id":15493,"date":"2025-03-26T09:48:57","date_gmt":"2025-03-26T08:48:57","guid":{"rendered":"https:\/\/stage.poppersparadise.eu\/product\/black-label-extra-dik-glijmiddel-op-waterbasis-500-ml\/"},"modified":"2025-08-15T11:40:24","modified_gmt":"2025-08-15T09:40:24","slug":"fist-it-black-label-lubrifiant-extra-epais-a-base-deau-500-ml-2","status":"publish","type":"product","link":"https:\/\/stage.poppersparadise.eu\/fr\/produit\/fist-it-black-label-lubrifiant-extra-epais-a-base-deau-500-ml-2\/","title":{"rendered":"Fist-It Black Label Lubrifiant extra \u00e9pais \u00e0 base d'eau - 500 ml"},"content":{"rendered":"<h2 class=\"font-bold text-h3 leading-[40px] pt-[21px] pb-[2px] [&amp;_a]:underline-offset-[6px] [&amp;_.underline]:underline-offset-[6px]\" dir=\"ltr\">Profitez d'un confort ultime avec Fist It Black Label Extra Thick Lubricant - 500 ml<\/h2>\n<p class=\"text-body font-regular leading-[24px] pt-[9px] pb-[2px]\" dir=\"ltr\">Faites passer vos moments intimes au niveau sup\u00e9rieur avec le lubrifiant extra-\u00e9pais Fist It Black Label. Sp\u00e9cialement con\u00e7u pour un confort ultime lors d'explorations aventureuses. Gr\u00e2ce \u00e0 sa texture extra \u00e9paisse unique, ce lubrifiant assure une lubrification durable et luxueuse. Ce produit de 500 ml dans un contenant solide offre l'\u00e9quilibre parfait entre efficacit\u00e9 et commodit\u00e9.<\/p>\n<h3 class=\"font-bold text-h4 leading-[30px] pt-[15px] pb-[2px] [&amp;_a]:underline-offset-[6px] [&amp;_.underline]:underline-offset-[6px]\" dir=\"ltr\">Sp\u00e9cifications du produit<\/h3>\n<ul class=\"pt-[9px] pb-[2px] pl-[24px] list-inside list-disc pt-[5px]\">\n<li class=\"text-body font-regular leading-[24px] my-[5px] [&amp;&gt;ol]:!pt-0 [&amp;&gt;ol]:!pb-0 [&amp;&gt;ul]:!pt-0 [&amp;&gt;ul]:!pb-0\" value=\"1\"><b><strong class=\"font-bold\">Formule :<\/strong><\/b> A base d'eau et tr\u00e8s \u00e9pais pour une utilisation de longue dur\u00e9e.<\/li>\n<li class=\"text-body font-regular leading-[24px] my-[5px] [&amp;&gt;ol]:!pt-0 [&amp;&gt;ol]:!pb-0 [&amp;&gt;ul]:!pt-0 [&amp;&gt;ul]:!pb-0\" value=\"2\"><b><strong class=\"font-bold\">Texture :<\/strong><\/b> Luxueusement \u00e9pais pour une glisse et un plaisir maximum.<\/li>\n<li class=\"text-body font-regular leading-[24px] my-[5px] [&amp;&gt;ol]:!pt-0 [&amp;&gt;ol]:!pb-0 [&amp;&gt;ul]:!pt-0 [&amp;&gt;ul]:!pb-0\" value=\"3\"><b><strong class=\"font-bold\">Absence d'\u00e9l\u00e9ments perturbateurs :<\/strong><\/b> Sans graisse, incolore, inodore et sans go\u00fbt.<\/li>\n<li class=\"text-body font-regular leading-[24px] my-[5px] [&amp;&gt;ol]:!pt-0 [&amp;&gt;ol]:!pb-0 [&amp;&gt;ul]:!pt-0 [&amp;&gt;ul]:!pb-0\" value=\"4\"><b><strong class=\"font-bold\">Compatibilit\u00e9 :<\/strong><\/b> Convient aux pr\u00e9servatifs en latex.<\/li>\n<li class=\"text-body font-regular leading-[24px] my-[5px] [&amp;&gt;ol]:!pt-0 [&amp;&gt;ol]:!pb-0 [&amp;&gt;ul]:!pt-0 [&amp;&gt;ul]:!pb-0\" value=\"5\"><b><strong class=\"font-bold\">Quantit\u00e9 :<\/strong><\/b> 500 ml.<\/li>\n<li class=\"text-body font-regular leading-[24px] my-[5px] [&amp;&gt;ol]:!pt-0 [&amp;&gt;ol]:!pb-0 [&amp;&gt;ul]:!pt-0 [&amp;&gt;ul]:!pb-0\" value=\"6\"><b><strong class=\"font-bold\">Public cible :<\/strong><\/b> Parfait pour les adultes et les couples.<\/li>\n<\/ul>\n<h3 class=\"font-bold text-h4 leading-[30px] pt-[15px] pb-[2px] [&amp;_a]:underline-offset-[6px] [&amp;_.underline]:underline-offset-[6px]\" dir=\"ltr\">Ingr\u00e9dients<\/h3>\n<p class=\"text-body font-regular leading-[24px] pt-[9px] pb-[2px]\" dir=\"ltr\">EAU, GLYC\u00c9RINE, HYDROXY\u00c9THYLCELLULOSE, ACIDE CITRIQUE, BENZOATE DE SODIUM, SORBATE DE POTASSIUM, PENTYL\u00c8NE GLYCOL, SORBITOL, LACTATE DE SODIUM, UR\u00c9E, ACIDE LACTIQUE, S\u00c9RINE, HYDROXYDE DE SODIUM, CHLORURE DE SODIUM, ALLANTO\u00cfNE.<\/p>\n<p class=\"text-body font-regular leading-[24px] pt-[9px] pb-[2px]\" dir=\"ltr\">Faites l'exp\u00e9rience d'interactions plus fluides, plus s\u00fbres et plus agr\u00e9ables sans distraction. Faites confiance au lubrifiant extra-\u00e9pais Fist It Black Label pour transformer vos moments intimes.<\/p>","protected":false},"excerpt":{"rendered":"<p>Fist Il rendra vos sessions de fisting ou de fist-fucking plus faciles, meilleures et plus intenses. Notre collection propose diff\u00e9rents lubrifiants, notamment des relaxants anaux, des lubrifiants extra-\u00e9pais, des lubrifiants naturels et des lubrifiants anesth\u00e9siants. Chaque lubrifiant est con\u00e7u pour am\u00e9liorer votre exp\u00e9rience et augmenter votre plaisir.<\/p>","protected":false},"featured_media":16638,"comment_status":"open","ping_status":"closed","template":"","meta":[],"product_brand":[],"product_cat":[479,671],"product_tag":[],"class_list":{"0":"post-15493","1":"product","2":"type-product","3":"status-publish","4":"has-post-thumbnail","6":"product_cat-drogist","7":"product_cat-glijmiddelen","9":"first","10":"instock","11":"taxable","12":"shipping-taxable","13":"purchasable","14":"product-type-simple"},"_links":{"self":[{"href":"https:\/\/stage.poppersparadise.eu\/fr\/wp-json\/wp\/v2\/product\/15493","targetHints":{"allow":["GET"]}}],"collection":[{"href":"https:\/\/stage.poppersparadise.eu\/fr\/wp-json\/wp\/v2\/product"}],"about":[{"href":"https:\/\/stage.poppersparadise.eu\/fr\/wp-json\/wp\/v2\/types\/product"}],"replies":[{"embeddable":true,"href":"https:\/\/stage.poppersparadise.eu\/fr\/wp-json\/wp\/v2\/comments?post=15493"}],"wp:featuredmedia":[{"embeddable":true,"href":"https:\/\/stage.poppersparadise.eu\/fr\/wp-json\/wp\/v2\/media\/16638"}],"wp:attachment":[{"href":"https:\/\/stage.poppersparadise.eu\/fr\/wp-json\/wp\/v2\/media?parent=15493"}],"wp:term":[{"taxonomy":"product_brand","embeddable":true,"href":"https:\/\/stage.poppersparadise.eu\/fr\/wp-json\/wp\/v2\/product_brand?post=15493"},{"taxonomy":"product_cat","embeddable":true,"href":"https:\/\/stage.poppersparadise.eu\/fr\/wp-json\/wp\/v2\/product_cat?post=15493"},{"taxonomy":"product_tag","embeddable":true,"href":"https:\/\/stage.poppersparadise.eu\/fr\/wp-json\/wp\/v2\/product_tag?post=15493"}],"curies":[{"name":"wp","href":"https:\/\/api.w.org\/{rel}","templated":true}]}}