{"id":15510,"date":"2025-03-26T09:49:53","date_gmt":"2025-03-26T08:49:53","guid":{"rendered":"https:\/\/stage.poppersparadise.eu\/product\/black-label-poeder-glijmiddel-reisfles-500-ml\/"},"modified":"2025-08-15T11:42:11","modified_gmt":"2025-08-15T09:42:11","slug":"fist-it-black-label-powder-lubricant-travel-bottle-500-ml","status":"publish","type":"product","link":"https:\/\/stage.poppersparadise.eu\/fr\/produit\/fist-it-black-label-powder-lubricant-travel-bottle-500-ml\/","title":{"rendered":"Fist-It Bouteille de voyage de lubrifiant en poudre Black Label - 500ml"},"content":{"rendered":"<h2 class=\"font-bold text-h3 leading-[40px] pt-[21px] pb-[2px] [&amp;_a]:underline-offset-[6px] [&amp;_.underline]:underline-offset-[6px]\" dir=\"ltr\">Fist It Black Label Powder Lube - Bouteille de voyage - 500 ml<\/h2>\n<p class=\"text-body font-regular leading-[24px] pt-[9px] pb-[2px]\" dir=\"ltr\">Cet \u00e9l\u00e9gant flacon de voyage Fist It Black Label de 500 ml est le compagnon de voyage id\u00e9al pour le lubrifiant en poudre DIY ! Fabriqu\u00e9e \u00e0 partir de mat\u00e9riaux sans phtalates, cette bouteille allie style et s\u00e9curit\u00e9 pour toutes les occasions aventureuses. Gr\u00e2ce \u00e0 son design compact, il se glisse facilement dans votre sac, ce qui vous permet de m\u00e9langer votre gel soyeux pr\u00e9f\u00e9r\u00e9 n'importe o\u00f9. Le lavage est facile, car ce flacon peut \u00eatre lav\u00e9 au lave-vaisselle - pas de probl\u00e8me, pas de d\u00e9g\u00e2ts ! Que vous soyez en route pour une escapade romantique ou que vous souhaitiez faire monter l'excitation \u00e0 la maison, ce flacon de voyage vous permet d'\u00eatre toujours pr\u00eate pour des aventures spontan\u00e9es.<\/p>\n<h3 class=\"font-bold text-h4 leading-[30px] pt-[15px] pb-[2px] [&amp;_a]:underline-offset-[6px] [&amp;_.underline]:underline-offset-[6px]\" dir=\"ltr\">Sp\u00e9cifications du produit :<\/h3>\n<ul class=\"pt-[9px] pb-[2px] pl-[24px] list-inside list-disc pt-[5px]\">\n<li class=\"text-body font-regular leading-[24px] my-[5px] [&amp;&gt;ol]:!pt-0 [&amp;&gt;ol]:!pb-0 [&amp;&gt;ul]:!pt-0 [&amp;&gt;ul]:!pb-0\" value=\"1\">Contr\u00f4le pr\u00e9cis du contenu avec une capacit\u00e9 de 500 ml<\/li>\n<li class=\"text-body font-regular leading-[24px] my-[5px] [&amp;&gt;ol]:!pt-0 [&amp;&gt;ol]:!pb-0 [&amp;&gt;ul]:!pt-0 [&amp;&gt;ul]:!pb-0\" value=\"2\">Fabriqu\u00e9 \u00e0 partir de mat\u00e9riaux s\u00fbrs, sans phtalates<\/li>\n<li class=\"text-body font-regular leading-[24px] my-[5px] [&amp;&gt;ol]:!pt-0 [&amp;&gt;ol]:!pb-0 [&amp;&gt;ul]:!pt-0 [&amp;&gt;ul]:!pb-0\" value=\"3\">Compact et facile \u00e0 transporter<\/li>\n<li class=\"text-body font-regular leading-[24px] my-[5px] [&amp;&gt;ol]:!pt-0 [&amp;&gt;ol]:!pb-0 [&amp;&gt;ul]:!pt-0 [&amp;&gt;ul]:!pb-0\" value=\"4\">Lavable au lave-vaisselle pour un nettoyage rapide et facile<\/li>\n<li class=\"text-body font-regular leading-[24px] my-[5px] [&amp;&gt;ol]:!pt-0 [&amp;&gt;ol]:!pb-0 [&amp;&gt;ul]:!pt-0 [&amp;&gt;ul]:!pb-0\" value=\"5\">Parfait pour fabriquer son propre lubrifiant soyeux \u00e0 tout moment et en tout lieu<\/li>\n<\/ul>","protected":false},"excerpt":{"rendered":"<p>Fist Il rendra vos sessions de fisting ou de fist-fucking plus faciles, meilleures et plus intenses. Notre collection propose diff\u00e9rents lubrifiants, notamment des relaxants anaux, des lubrifiants extra-\u00e9pais, des lubrifiants naturels et des lubrifiants anesth\u00e9siants. Chaque lubrifiant est con\u00e7u pour am\u00e9liorer votre exp\u00e9rience et augmenter votre plaisir.<\/p>","protected":false},"featured_media":15509,"comment_status":"open","ping_status":"closed","template":"","meta":[],"product_brand":[],"product_cat":[479,671],"product_tag":[],"class_list":{"0":"post-15510","1":"product","2":"type-product","3":"status-publish","4":"has-post-thumbnail","6":"product_cat-drogist","7":"product_cat-glijmiddelen","9":"first","10":"instock","11":"taxable","12":"shipping-taxable","13":"purchasable","14":"product-type-simple"},"_links":{"self":[{"href":"https:\/\/stage.poppersparadise.eu\/fr\/wp-json\/wp\/v2\/product\/15510","targetHints":{"allow":["GET"]}}],"collection":[{"href":"https:\/\/stage.poppersparadise.eu\/fr\/wp-json\/wp\/v2\/product"}],"about":[{"href":"https:\/\/stage.poppersparadise.eu\/fr\/wp-json\/wp\/v2\/types\/product"}],"replies":[{"embeddable":true,"href":"https:\/\/stage.poppersparadise.eu\/fr\/wp-json\/wp\/v2\/comments?post=15510"}],"wp:featuredmedia":[{"embeddable":true,"href":"https:\/\/stage.poppersparadise.eu\/fr\/wp-json\/wp\/v2\/media\/15509"}],"wp:attachment":[{"href":"https:\/\/stage.poppersparadise.eu\/fr\/wp-json\/wp\/v2\/media?parent=15510"}],"wp:term":[{"taxonomy":"product_brand","embeddable":true,"href":"https:\/\/stage.poppersparadise.eu\/fr\/wp-json\/wp\/v2\/product_brand?post=15510"},{"taxonomy":"product_cat","embeddable":true,"href":"https:\/\/stage.poppersparadise.eu\/fr\/wp-json\/wp\/v2\/product_cat?post=15510"},{"taxonomy":"product_tag","embeddable":true,"href":"https:\/\/stage.poppersparadise.eu\/fr\/wp-json\/wp\/v2\/product_tag?post=15510"}],"curies":[{"name":"wp","href":"https:\/\/api.w.org\/{rel}","templated":true}]}}