{"id":15522,"date":"2025-03-26T09:50:32","date_gmt":"2025-03-26T08:50:32","guid":{"rendered":"https:\/\/stage.poppersparadise.eu\/product\/black-label-verdovend-glijmiddel-op-waterbasis-500-ml\/"},"modified":"2025-08-26T10:15:43","modified_gmt":"2025-08-26T08:15:43","slug":"fist-it-black-label-narcotic-lubrifiant-a-base-deau-500-ml","status":"publish","type":"product","link":"https:\/\/stage.poppersparadise.eu\/fr\/produit\/fist-it-black-label-narcotic-lubrifiant-a-base-deau-500-ml\/","title":{"rendered":"Fist-It Black Label Narcotic Lubrifiant \u00e0 base d'eau - 500 ml"},"content":{"rendered":"<h2 class=\"font-bold text-h3 leading-[40px] pt-[21px] pb-[2px] [&amp;_a]:underline-offset-[6px] [&amp;_.underline]:underline-offset-[6px]\" dir=\"ltr\">Fist It Black Label Numbing Lubricant - 500 ml<\/h2>\n<p class=\"text-body font-regular leading-[24px] pt-[9px] pb-[2px]\" dir=\"ltr\">Repoussez vos limites avec le <b><strong class=\"font-bold\">Fist It Black Label Numbing Lubricant - 500 ml<\/strong><\/b>. Ce lubrifiant de haute qualit\u00e9 est sp\u00e9cialement formul\u00e9 pour que vos aventures intimes atteignent de nouveaux sommets. Sa formule unique \u00e0 base d'eau est merveilleusement cr\u00e9meuse et offre \u00e0 la fois confort et plaisir intense. Parfait pour tous ceux qui recherchent une exp\u00e9rience s\u00fbre et luxueuse.<\/p>\n<h3 class=\"font-bold text-h4 leading-[30px] pt-[15px] pb-[2px] [&amp;_a]:underline-offset-[6px] [&amp;_.underline]:underline-offset-[6px]\" dir=\"ltr\">Sp\u00e9cifications :<\/h3>\n<ul class=\"pt-[9px] pb-[2px] pl-[24px] list-inside list-disc pt-[5px]\">\n<li class=\"text-body font-regular leading-[24px] my-[5px] [&amp;&gt;ol]:!pt-0 [&amp;&gt;ol]:!pb-0 [&amp;&gt;ul]:!pt-0 [&amp;&gt;ul]:!pb-0\" value=\"1\"><b><strong class=\"font-bold\">A base d'eau :<\/strong><\/b> S\u00fbr \u00e0 utiliser et facile \u00e0 laver.<\/li>\n<li class=\"text-body font-regular leading-[24px] my-[5px] [&amp;&gt;ol]:!pt-0 [&amp;&gt;ol]:!pb-0 [&amp;&gt;ul]:!pt-0 [&amp;&gt;ul]:!pb-0\" value=\"2\"><b><strong class=\"font-bold\">Convient aux hommes et aux femmes :<\/strong><\/b> Parfait pour une utilisation individuelle ou avec un partenaire.<\/li>\n<li class=\"text-body font-regular leading-[24px] my-[5px] [&amp;&gt;ol]:!pt-0 [&amp;&gt;ol]:!pb-0 [&amp;&gt;ul]:!pt-0 [&amp;&gt;ul]:!pb-0\" value=\"3\"><b><strong class=\"font-bold\">Compatible avec les pr\u00e9servatifs en latex :<\/strong><\/b> Sans danger pour les pr\u00e9servatifs.<\/li>\n<li class=\"text-body font-regular leading-[24px] my-[5px] [&amp;&gt;ol]:!pt-0 [&amp;&gt;ol]:!pb-0 [&amp;&gt;ul]:!pt-0 [&amp;&gt;ul]:!pb-0\" value=\"4\"><b><strong class=\"font-bold\">Emballage de 500 ml :<\/strong><\/b> Grande taille pour un plaisir durable.<\/li>\n<li class=\"text-body font-regular leading-[24px] my-[5px] [&amp;&gt;ol]:!pt-0 [&amp;&gt;ol]:!pb-0 [&amp;&gt;ul]:!pt-0 [&amp;&gt;ul]:!pb-0\" value=\"5\"><b><strong class=\"font-bold\">Sensation naturelle :<\/strong><\/b> Imite la texture pleine et lisse du sperme pour une sensation r\u00e9aliste.<\/li>\n<li class=\"text-body font-regular leading-[24px] my-[5px] [&amp;&gt;ol]:!pt-0 [&amp;&gt;ol]:!pb-0 [&amp;&gt;ul]:!pt-0 [&amp;&gt;ul]:!pb-0\" value=\"6\"><b><strong class=\"font-bold\">Consistance cr\u00e9meuse :<\/strong><\/b> Garantit une glisse sans effort et un confort maximal.<\/li>\n<\/ul>\n<h3 class=\"font-bold text-h4 leading-[30px] pt-[15px] pb-[2px] [&amp;_a]:underline-offset-[6px] [&amp;_.underline]:underline-offset-[6px]\" dir=\"ltr\">Ingr\u00e9dients :<\/h3>\n<p class=\"text-body font-regular leading-[24px] pt-[9px] pb-[2px]\" dir=\"ltr\">Aqua, Glyc\u00e8res, Copolym\u00e8re Styr\u00e8ne\/Acrylates, Ph\u00e9noxy\u00e9thanol, Propyl\u00e8ne Glycol, Acrylates\/C10-30 Alkyl Acrylate Crosspolymer, Gomme Xanthane, Menthol, Hydroxyde de sodium, Ethylhexylglyc\u00e9rine.<\/p>\n<p class=\"text-body font-regular leading-[24px] pt-[9px] pb-[2px]\" dir=\"ltr\">Avec la <b><strong class=\"font-bold\">Fist It Black Label Numbing Lubricant<\/strong><\/b> vous garantit une exp\u00e9rience exaltante et d\u00e9cadente - totalement s\u00fbre et formul\u00e9e par des professionnels. Parfait pour une soir\u00e9e d'exploration ludique et sensuelle.<\/p>","protected":false},"excerpt":{"rendered":"<p>Fist Il rendra vos sessions de fisting ou de fist-fucking plus faciles, meilleures et plus intenses. Notre collection propose diff\u00e9rents lubrifiants, notamment des relaxants anaux, des lubrifiants extra-\u00e9pais, des lubrifiants naturels et des lubrifiants anesth\u00e9siants. Chaque lubrifiant est con\u00e7u pour am\u00e9liorer votre exp\u00e9rience et augmenter votre plaisir.<\/p>","protected":false},"featured_media":16636,"comment_status":"open","ping_status":"closed","template":"","meta":[],"product_brand":[],"product_cat":[479,671],"product_tag":[],"class_list":{"0":"post-15522","1":"product","2":"type-product","3":"status-publish","4":"has-post-thumbnail","6":"product_cat-drogist","7":"product_cat-glijmiddelen","9":"first","10":"instock","11":"taxable","12":"shipping-taxable","13":"purchasable","14":"product-type-simple"},"_links":{"self":[{"href":"https:\/\/stage.poppersparadise.eu\/fr\/wp-json\/wp\/v2\/product\/15522","targetHints":{"allow":["GET"]}}],"collection":[{"href":"https:\/\/stage.poppersparadise.eu\/fr\/wp-json\/wp\/v2\/product"}],"about":[{"href":"https:\/\/stage.poppersparadise.eu\/fr\/wp-json\/wp\/v2\/types\/product"}],"replies":[{"embeddable":true,"href":"https:\/\/stage.poppersparadise.eu\/fr\/wp-json\/wp\/v2\/comments?post=15522"}],"wp:featuredmedia":[{"embeddable":true,"href":"https:\/\/stage.poppersparadise.eu\/fr\/wp-json\/wp\/v2\/media\/16636"}],"wp:attachment":[{"href":"https:\/\/stage.poppersparadise.eu\/fr\/wp-json\/wp\/v2\/media?parent=15522"}],"wp:term":[{"taxonomy":"product_brand","embeddable":true,"href":"https:\/\/stage.poppersparadise.eu\/fr\/wp-json\/wp\/v2\/product_brand?post=15522"},{"taxonomy":"product_cat","embeddable":true,"href":"https:\/\/stage.poppersparadise.eu\/fr\/wp-json\/wp\/v2\/product_cat?post=15522"},{"taxonomy":"product_tag","embeddable":true,"href":"https:\/\/stage.poppersparadise.eu\/fr\/wp-json\/wp\/v2\/product_tag?post=15522"}],"curies":[{"name":"wp","href":"https:\/\/api.w.org\/{rel}","templated":true}]}}