{"id":15573,"date":"2025-03-26T10:17:07","date_gmt":"2025-03-26T09:17:07","guid":{"rendered":"https:\/\/stage.poppersparadise.eu\/product\/verdovend-glijmiddel-1000-ml\/"},"modified":"2025-09-11T12:26:54","modified_gmt":"2025-09-11T10:26:54","slug":"lubrifiant-engourdissant-fist-it-1000-ml","status":"publish","type":"product","link":"https:\/\/stage.poppersparadise.eu\/fr\/produit\/lubrifiant-engourdissant-fist-it-1000-ml\/","title":{"rendered":"Fist-it Lubrifiant Narcotique - 1000 ml"},"content":{"rendered":"<h2 class=\"font-bold text-h3 leading-[40px] pt-[21px] pb-[2px] [&amp;_a]:underline-offset-[6px] [&amp;_.underline]:underline-offset-[6px]\" dir=\"ltr\">Fist-it Narcotic Lubricant - 1000 ml - Cr\u00e8me anale narcotique<\/h2>\n<p class=\"text-body font-regular leading-[24px] pt-[9px] pb-[2px]\" dir=\"ltr\">D\u00e9couvrezFist-it Anaesthetic Lubricant - 1000 ml, la cr\u00e8me anale anesth\u00e9siante sp\u00e9ciale qui rend le fisting plus facile et plus confortable. Ce lubrifiant \u00e0 base d'eau et de menthol d\u00e9tend l'anus en quelques minutes et procure une douceur durable, sans sensation collante. Profitez d'une utilisation s\u00fbre et agr\u00e9able sans compromis sur la qualit\u00e9.<\/p>\n<h3 class=\"font-bold text-h4 leading-[30px] pt-[15px] pb-[2px] [&amp;_a]:underline-offset-[6px] [&amp;_.underline]:underline-offset-[6px]\" dir=\"ltr\">Sp\u00e9cifications<\/h3>\n<ul class=\"pt-[9px] pb-[2px] pl-[24px] list-inside list-disc pt-[5px]\">\n<li class=\"text-body font-regular leading-[24px] my-[5px] [&amp;&gt;ol]:!pt-0 [&amp;&gt;ol]:!pb-0 [&amp;&gt;ul]:!pt-0 [&amp;&gt;ul]:!pb-0\" value=\"1\"><b><strong class=\"font-bold\">Type :<\/strong><\/b> Cr\u00e8me anale anesth\u00e9siante, convient comme lubrifiant pour le fisting<\/li>\n<li class=\"text-body font-regular leading-[24px] my-[5px] [&amp;&gt;ol]:!pt-0 [&amp;&gt;ol]:!pb-0 [&amp;&gt;ul]:!pt-0 [&amp;&gt;ul]:!pb-0\" value=\"2\"><b><strong class=\"font-bold\">Impact :<\/strong><\/b> Narcotique, agit pendant environ 45 minutes<\/li>\n<li class=\"text-body font-regular leading-[24px] my-[5px] [&amp;&gt;ol]:!pt-0 [&amp;&gt;ol]:!pb-0 [&amp;&gt;ul]:!pt-0 [&amp;&gt;ul]:!pb-0\" value=\"3\"><b><strong class=\"font-bold\">Texture :<\/strong><\/b> Non collant, douceur durable<\/li>\n<li class=\"text-body font-regular leading-[24px] my-[5px] [&amp;&gt;ol]:!pt-0 [&amp;&gt;ol]:!pb-0 [&amp;&gt;ul]:!pt-0 [&amp;&gt;ul]:!pb-0\" value=\"4\"><b><strong class=\"font-bold\">La s\u00e9curit\u00e9 :<\/strong><\/b> A utiliser avec des pr\u00e9servatifs et des gants<\/li>\n<li class=\"text-body font-regular leading-[24px] my-[5px] [&amp;&gt;ol]:!pt-0 [&amp;&gt;ol]:!pb-0 [&amp;&gt;ul]:!pt-0 [&amp;&gt;ul]:!pb-0\" value=\"5\"><b><strong class=\"font-bold\">Couleur :<\/strong><\/b> Blanc<\/li>\n<li class=\"text-body font-regular leading-[24px] my-[5px] [&amp;&gt;ol]:!pt-0 [&amp;&gt;ol]:!pb-0 [&amp;&gt;ul]:!pt-0 [&amp;&gt;ul]:!pb-0\" value=\"6\"><b><strong class=\"font-bold\">Quantit\u00e9s :<\/strong><\/b> 300 ml, 500 ml, 1000 ml<\/li>\n<li class=\"text-body font-regular leading-[24px] my-[5px] [&amp;&gt;ol]:!pt-0 [&amp;&gt;ol]:!pb-0 [&amp;&gt;ul]:!pt-0 [&amp;&gt;ul]:!pb-0\" value=\"7\"><b><strong class=\"font-bold\">Emballage :<\/strong><\/b> Refermable, hygi\u00e9nique<\/li>\n<\/ul>\n<h3 class=\"font-bold text-h4 leading-[30px] pt-[15px] pb-[2px] [&amp;_a]:underline-offset-[6px] [&amp;_.underline]:underline-offset-[6px]\" dir=\"ltr\">Utilisation<\/h3>\n<p class=\"text-body font-regular leading-[24px] pt-[9px] pb-[2px]\" dir=\"ltr\">Appliquer une petite quantit\u00e9 de cr\u00e8me sur l'anus et masser doucement. Attendez environ 5 minutes pour que l'effet anesth\u00e9siant soit complet. Arr\u00eater imm\u00e9diatement en cas de rougeur, de br\u00fblure ou de douleur. Ne pas appliquer sur une peau ab\u00eem\u00e9e.<\/p>\n<p class=\"text-body font-regular leading-[24px] pt-[9px] pb-[2px]\" dir=\"ltr\">Ingr\u00e9dients :<\/p>\n<ul class=\"pt-[9px] pb-[2px] pl-[24px] list-inside list-disc pt-[5px]\">\n<li class=\"text-body font-regular leading-[24px] my-[5px] [&amp;&gt;ol]:!pt-0 [&amp;&gt;ol]:!pb-0 [&amp;&gt;ul]:!pt-0 [&amp;&gt;ul]:!pb-0\" value=\"1\">Aqua, glyc\u00e9rine, propyl\u00e8ne glycol, hydroxy\u00e9thylcellulose, alcool d\u00e9natur\u00e9, benzoate de sodium, menthol, sorbate de potassium, hydroxyde de sodium, acide citrique.<\/li>\n<\/ul>","protected":false},"excerpt":{"rendered":"<p>Fist Il rendra vos sessions de fisting ou de fist-fucking plus faciles, meilleures et plus intenses. Notre collection propose diff\u00e9rents lubrifiants, notamment des relaxants anaux, des lubrifiants extra-\u00e9pais, des lubrifiants naturels et des lubrifiants anesth\u00e9siants. Chaque lubrifiant est con\u00e7u pour am\u00e9liorer votre exp\u00e9rience et augmenter votre plaisir.<\/p>","protected":false},"featured_media":15572,"comment_status":"open","ping_status":"closed","template":"","meta":[],"product_brand":[],"product_cat":[479,671],"product_tag":[],"class_list":{"0":"post-15573","1":"product","2":"type-product","3":"status-publish","4":"has-post-thumbnail","6":"product_cat-drogist","7":"product_cat-glijmiddelen","9":"first","10":"instock","11":"taxable","12":"shipping-taxable","13":"purchasable","14":"product-type-simple"},"_links":{"self":[{"href":"https:\/\/stage.poppersparadise.eu\/fr\/wp-json\/wp\/v2\/product\/15573","targetHints":{"allow":["GET"]}}],"collection":[{"href":"https:\/\/stage.poppersparadise.eu\/fr\/wp-json\/wp\/v2\/product"}],"about":[{"href":"https:\/\/stage.poppersparadise.eu\/fr\/wp-json\/wp\/v2\/types\/product"}],"replies":[{"embeddable":true,"href":"https:\/\/stage.poppersparadise.eu\/fr\/wp-json\/wp\/v2\/comments?post=15573"}],"wp:featuredmedia":[{"embeddable":true,"href":"https:\/\/stage.poppersparadise.eu\/fr\/wp-json\/wp\/v2\/media\/15572"}],"wp:attachment":[{"href":"https:\/\/stage.poppersparadise.eu\/fr\/wp-json\/wp\/v2\/media?parent=15573"}],"wp:term":[{"taxonomy":"product_brand","embeddable":true,"href":"https:\/\/stage.poppersparadise.eu\/fr\/wp-json\/wp\/v2\/product_brand?post=15573"},{"taxonomy":"product_cat","embeddable":true,"href":"https:\/\/stage.poppersparadise.eu\/fr\/wp-json\/wp\/v2\/product_cat?post=15573"},{"taxonomy":"product_tag","embeddable":true,"href":"https:\/\/stage.poppersparadise.eu\/fr\/wp-json\/wp\/v2\/product_tag?post=15573"}],"curies":[{"name":"wp","href":"https:\/\/api.w.org\/{rel}","templated":true}]}}