{"id":16008,"date":"2025-04-11T08:50:03","date_gmt":"2025-04-11T06:50:03","guid":{"rendered":"https:\/\/stage.poppersparadise.eu\/?post_type=product&#038;p=16008"},"modified":"2025-09-18T15:04:33","modified_gmt":"2025-09-18T13:04:33","slug":"juicd-party-pack-5-x-24ml","status":"publish","type":"product","link":"https:\/\/stage.poppersparadise.eu\/fr\/produit\/juicd-party-pack-5-x-24ml\/","title":{"rendered":"Juic'D Party Pack 5 x 24ml + Gratuit XTRM SNFFR"},"content":{"rendered":"<h2 class=\"wp-block-heading\">Cr\u00e9ez votre propre Juic'D Party Pack 5 x 24ml poppers<\/h2>\n\n\n\n<p>Compl\u00e9tez votre f\u00eate avec le Juic'D Party Pack 5 x 24ml poppers ! Choisissez vous-m\u00eame cinq bouteilles parmi notre large s\u00e9lection de variantes Juic'D et donnez \u00e0 votre f\u00eate une touche personnelle. \u00c0 l'achat de ce pack, vous recevrez un <strong>XTRM SNFFR gratuit d'une valeur de \u20ac9.95 et 15% de r\u00e9duction suppl\u00e9mentaire par bouteille<\/strong>. Parfait pour les f\u00eates ou pour essayer diff\u00e9rentes variations.<\/p>\n\n\n\n<h3 class=\"wp-block-heading\">Choisissez parmi vos vari\u00e9t\u00e9s pr\u00e9f\u00e9r\u00e9es<\/h3>\n\n\n\n<ul class=\"wp-block-list\">\n<li>Juic'D Black Label 24ml<\/li>\n\n\n\n<li>Juic'D Gold Label 24ml<\/li>\n\n\n\n<li>Juic'D Platinum 24ml<\/li>\n\n\n\n<li>Juic'D Plus 24ml<\/li>\n\n\n\n<li>Juic'D Maximum 24ml<\/li>\n\n\n\n<li>Juic'D Original 24ml<\/li>\n<\/ul>\n\n\n\n<h3 class=\"wp-block-heading\">Principales caract\u00e9ristiques du Juic'D Party Pack<\/h3>\n\n\n\n<p>S\u00e9lection personnalis\u00e9e : cr\u00e9ez votre propre paquet avec cinq bouteilles de 24 ml de notre vaste liste.<br>Suppl\u00e9ment gratuit : Inclut un XTRM SNFFR (d'une valeur de \u20ac9.95) avec votre commande.<br>R\u00e9duction unique : b\u00e9n\u00e9ficiez d'une r\u00e9duction suppl\u00e9mentaire de 15 % par bouteille lorsque vous achetez ce forfait.<br>Utilisation polyvalente : id\u00e9al pour les f\u00eates ou pour explorer diff\u00e9rentes variantes.<\/p>\n\n\n\n<h3 class=\"wp-block-heading\">Comment utilisez-vous le Juic'D Party Pack ?<\/h3>\n\n\n\n<p>N'utilisez les poppers du Juic'D Party Pack que comme diffuseurs de parfum ou solvants de nettoyage. Ils ne conviennent pas \u00e0 la consommation humaine et ne doivent pas \u00eatre inhal\u00e9s. Conservez les bouteilles au frais et \u00e0 l'abri de la lumi\u00e8re pour en pr\u00e9server la qualit\u00e9 et fermez-les herm\u00e9tiquement apr\u00e8s utilisation.<\/p>\n\n\n\n<h3 class=\"wp-block-heading\">Pourquoi le Juic'D Party Pack est un favori<\/h3>\n\n\n\n<p>Le Juic'D Party Pack offre une flexibilit\u00e9 et une valeur ultimes. En choisissant vous-m\u00eame vos variantes pr\u00e9f\u00e9r\u00e9es et en b\u00e9n\u00e9ficiant d'un XTRM SNFFR gratuit et d'une remise suppl\u00e9mentaire, ce pack est parfait pour les passionn\u00e9s \u00e0 la recherche de vari\u00e9t\u00e9 et d'avantages.<\/p>\n\n\n\n<h3 class=\"wp-block-heading\">Avertissements<\/h3>\n\n\n\n<p>Liquide et vapeur hautement inflammables (H225).<br>Provoque une irritation de la peau et des yeux (H315\/H319).<br>Toxique par inhalation (H331).<br>Ce n'est pas un m\u00e9dicament. A utiliser \u00e0 vos risques et p\u00e9rils.<\/p>\n\n\n\n<h3 class=\"wp-block-heading\">Utilisation<\/h3>\n\n\n\n<p>Uniquement destin\u00e9 \u00e0 servir de diffuseur de parfum ou de solvant de nettoyage.<br>Ne convient pas \u00e0 la consommation humaine et ne doit pas \u00eatre inhal\u00e9.<\/p>\n\n\n\n<h3 class=\"wp-block-heading\">Stockage<\/h3>\n\n\n\n<p>Conserver dans un endroit frais et sec. Tenir hors de port\u00e9e des enfants.<\/p>\n\n\n\n<h3 class=\"wp-block-heading\">Pays d'origine<\/h3>\n\n\n\n<p>L'UE.<\/p>\n\n\n\n<p>Avec le Juic'D Party Pack 5 x 24ml poppers, composez votre pack de f\u00eate ultime. D\u00e9couvrez d\u00e8s aujourd'hui vos produits pr\u00e9f\u00e9r\u00e9s et rendez vos f\u00eates inoubliables !<\/p>","protected":false},"excerpt":{"rendered":"<p><strong><br \/>ACCESSOIRES COMPATIBLES :<\/strong><\/p>\n<ul>\n<li><a href=\"https:\/\/stage.poppersparadise.eu\/fr\/categorie-de-produits\/accessoires\/renifleurs-de-grande-taille\/\">Renifleurs Large<\/a><\/li>\n<li><a href=\"https:\/\/stage.poppersparadise.eu\/fr\/produit\/xtrm-poppers-holder-large\/\">XTRM Poppers Support Large<\/a><\/li>\n<li><a href=\"https:\/\/stage.poppersparadise.eu\/fr\/produit\/xtrm-poppers-keeper-large-24ml-2\/\">XTRM Poppers Keeper Large<\/a><\/li>\n<\/ul>","protected":false},"featured_media":16012,"comment_status":"open","ping_status":"closed","template":"","meta":[],"product_brand":[743],"product_cat":[33],"product_tag":[],"class_list":{"0":"post-16008","1":"product","2":"type-product","3":"status-publish","4":"has-post-thumbnail","6":"product_brand-juicd","7":"product_cat-party-packs","9":"first","10":"instock","11":"sale","12":"taxable","13":"shipping-taxable","14":"purchasable","15":"product-type-simple"},"_links":{"self":[{"href":"https:\/\/stage.poppersparadise.eu\/fr\/wp-json\/wp\/v2\/product\/16008","targetHints":{"allow":["GET"]}}],"collection":[{"href":"https:\/\/stage.poppersparadise.eu\/fr\/wp-json\/wp\/v2\/product"}],"about":[{"href":"https:\/\/stage.poppersparadise.eu\/fr\/wp-json\/wp\/v2\/types\/product"}],"replies":[{"embeddable":true,"href":"https:\/\/stage.poppersparadise.eu\/fr\/wp-json\/wp\/v2\/comments?post=16008"}],"wp:featuredmedia":[{"embeddable":true,"href":"https:\/\/stage.poppersparadise.eu\/fr\/wp-json\/wp\/v2\/media\/16012"}],"wp:attachment":[{"href":"https:\/\/stage.poppersparadise.eu\/fr\/wp-json\/wp\/v2\/media?parent=16008"}],"wp:term":[{"taxonomy":"product_brand","embeddable":true,"href":"https:\/\/stage.poppersparadise.eu\/fr\/wp-json\/wp\/v2\/product_brand?post=16008"},{"taxonomy":"product_cat","embeddable":true,"href":"https:\/\/stage.poppersparadise.eu\/fr\/wp-json\/wp\/v2\/product_cat?post=16008"},{"taxonomy":"product_tag","embeddable":true,"href":"https:\/\/stage.poppersparadise.eu\/fr\/wp-json\/wp\/v2\/product_tag?post=16008"}],"curies":[{"name":"wp","href":"https:\/\/api.w.org\/{rel}","templated":true}]}}