{"id":16013,"date":"2025-04-11T09:40:10","date_gmt":"2025-04-11T07:40:10","guid":{"rendered":"https:\/\/stage.poppersparadise.eu\/?post_type=product&#038;p=16013"},"modified":"2025-09-18T15:03:01","modified_gmt":"2025-09-18T13:03:01","slug":"pack-cosmic-power-party","status":"publish","type":"product","link":"https:\/\/stage.poppersparadise.eu\/fr\/produit\/pack-cosmic-power-party\/","title":{"rendered":"Cosmic Power Party Pack 5 x 24ml + Gratis XTRM SNFFR"},"content":{"rendered":"<h2 class=\"wp-block-heading\">Cr\u00e9ez votre propre Cosmic Power Party Pack 5 x 24ml poppers - votre f\u00eate, votre choix !<\/h2>\n\n\n\n<p>Compl\u00e9tez votre f\u00eate avec le&nbsp;<strong>Cosmic Power Party Pack 5 x 24ml poppers<\/strong>! Choisissez vos cinq bouteilles parmi notre vaste s\u00e9lection de vari\u00e9t\u00e9s Cosmic Power et ajoutez une touche personnelle \u00e0 votre exp\u00e9rience. Gr\u00e2ce \u00e0 ce forfait, vous pourrez non seulement d\u00e9guster vos vari\u00e9t\u00e9s pr\u00e9f\u00e9r\u00e9es, mais vous recevrez \u00e9galement une carte de fid\u00e9lit\u00e9 de l'Union europ\u00e9enne. <strong>XTRM SNFFR gratuit d'une valeur de \u20ac9.95 plus 15% de r\u00e9duction suppl\u00e9mentaire par bouteille<\/strong>. Parfait pour les f\u00eates ou pour essayer diff\u00e9rentes variations !<\/p>\n\n\n\n<h3 class=\"wp-block-heading\">Choisissez parmi vos vari\u00e9t\u00e9s pr\u00e9f\u00e9r\u00e9es :<\/h3>\n\n\n\n<ul class=\"wp-block-list\">\n<li><strong>Super Rush Cosmic Power 24ml<\/strong><\/li>\n\n\n\n<li><strong>Amsterdam Xxx Cosmic Power 24ml<\/strong><\/li>\n\n\n\n<li><strong>Meta Cosmic Power 24ml<\/strong><\/li>\n\n\n\n<li><strong>Rush Cosmic Power 24ml<\/strong><\/li>\n<\/ul>\n\n\n\n<h3 class=\"wp-block-heading\">Principales caract\u00e9ristiques du Party Pack Cosmic Power<\/h3>\n\n\n\n<ul class=\"wp-block-list\">\n<li><strong>S\u00e9lection personnelle<\/strong>La carte de fid\u00e9lit\u00e9 : Composez votre propre colis avec cinq flacons de 24 ml de notre vaste liste.<\/li>\n\n\n\n<li><strong>Suppl\u00e9ment gratuit<\/strong>: Joignez \u00e0 votre commande un XTRM SNFFR (d'une valeur de 9,95 \u20ac).<\/li>\n\n\n\n<li><strong>Remise unique<\/strong>Les prix sont calcul\u00e9s sur la base d'un taux d'actualisation de 15 % par bouteille pour l'achat de ce forfait.<\/li>\n\n\n\n<li><strong>Utilisation polyvalente<\/strong>: Id\u00e9al pour les f\u00eates ou pour explorer diff\u00e9rentes variantes.<\/li>\n<\/ul>\n\n\n\n<h3 class=\"wp-block-heading\">Comment utiliser le Party Pack Cosmic Power.<\/h3>\n\n\n\n<p>Les poppers du Party Pack Cosmic Power ne doivent \u00eatre utilis\u00e9s que comme diffuseurs de parfum ou solvants de nettoyage. Ils ne conviennent pas \u00e0 la consommation humaine et ne doivent pas \u00eatre inhal\u00e9s. Conservez les bouteilles au frais et \u00e0 l'abri de la lumi\u00e8re pour en pr\u00e9server la qualit\u00e9 et fermez-les herm\u00e9tiquement apr\u00e8s usage.<\/p>\n\n\n\n<h3 class=\"wp-block-heading\">Pourquoi le Party Pack Cosmic Power est un favori<\/h3>\n\n\n\n<p>Le Party Pack Cosmic Power offre une flexibilit\u00e9 et une valeur ultimes. En choisissant vous-m\u00eame vos variantes pr\u00e9f\u00e9r\u00e9es et en b\u00e9n\u00e9ficiant d'un XTRM SNFFR gratuit et d'une remise suppl\u00e9mentaire, ce pack est parfait pour les passionn\u00e9s \u00e0 la recherche de vari\u00e9t\u00e9 et d'avantages.<\/p>\n\n\n\n<h3 class=\"wp-block-heading\">Avertissements<\/h3>\n\n\n\n<ul class=\"wp-block-list\">\n<li>Liquide et vapeur hautement inflammables (H225).<\/li>\n\n\n\n<li>Provoque une irritation de la peau et des yeux (H315\/H319).<\/li>\n\n\n\n<li>Toxique par inhalation (H331).<\/li>\n\n\n\n<li>Ce n'est pas un m\u00e9dicament. A utiliser \u00e0 vos risques et p\u00e9rils.<\/li>\n<\/ul>\n\n\n\n<h3 class=\"wp-block-heading\">Utilisation<\/h3>\n\n\n\n<p>Uniquement destin\u00e9 \u00e0 servir de diffuseur de parfum ou de solvant de nettoyage.<br>Ne convient pas \u00e0 la consommation humaine et ne doit pas \u00eatre inhal\u00e9.<\/p>\n\n\n\n<h3 class=\"wp-block-heading\">Stockage<\/h3>\n\n\n\n<p>Conserver dans un endroit frais et sec. Tenir hors de port\u00e9e des enfants.<\/p>\n\n\n\n<h3 class=\"wp-block-heading\">Pays d'origine<\/h3>\n\n\n\n<p>L'UE.<\/p>\n\n\n\n<p>Avec le Party Pack Cosmic Power 5 x 24ml poppers, composez votre pack de f\u00eate ultime. D\u00e9couvrez vos favoris d\u00e8s aujourd'hui et rendez chaque f\u00eate inoubliable ! \ud83c\udf89<\/p>\n\n\n\n<p><\/p>","protected":false},"excerpt":{"rendered":"<p><strong><br \/>ACCESSOIRES COMPATIBLES :<\/strong><\/p>\n<ul>\n<li><a href=\"https:\/\/stage.poppersparadise.eu\/fr\/categorie-de-produits\/accessoires\/renifleurs-de-grande-taille\/\">Renifleurs Large<\/a><\/li>\n<li><a href=\"https:\/\/stage.poppersparadise.eu\/fr\/produit\/xtrm-poppers-holder-large\/\">XTRM Poppers Support Large<\/a><\/li>\n<li><a href=\"https:\/\/stage.poppersparadise.eu\/fr\/produit\/xtrm-poppers-keeper-large-24ml-2\/\">XTRM Poppers Keeper Large<\/a><\/li>\n<\/ul>","protected":false},"featured_media":16014,"comment_status":"open","ping_status":"closed","template":"","meta":[],"product_brand":[740],"product_cat":[33],"product_tag":[],"class_list":{"0":"post-16013","1":"product","2":"type-product","3":"status-publish","4":"has-post-thumbnail","6":"product_brand-cosmic-power","7":"product_cat-party-packs","9":"first","10":"instock","11":"sale","12":"taxable","13":"shipping-taxable","14":"purchasable","15":"product-type-simple"},"_links":{"self":[{"href":"https:\/\/stage.poppersparadise.eu\/fr\/wp-json\/wp\/v2\/product\/16013","targetHints":{"allow":["GET"]}}],"collection":[{"href":"https:\/\/stage.poppersparadise.eu\/fr\/wp-json\/wp\/v2\/product"}],"about":[{"href":"https:\/\/stage.poppersparadise.eu\/fr\/wp-json\/wp\/v2\/types\/product"}],"replies":[{"embeddable":true,"href":"https:\/\/stage.poppersparadise.eu\/fr\/wp-json\/wp\/v2\/comments?post=16013"}],"wp:featuredmedia":[{"embeddable":true,"href":"https:\/\/stage.poppersparadise.eu\/fr\/wp-json\/wp\/v2\/media\/16014"}],"wp:attachment":[{"href":"https:\/\/stage.poppersparadise.eu\/fr\/wp-json\/wp\/v2\/media?parent=16013"}],"wp:term":[{"taxonomy":"product_brand","embeddable":true,"href":"https:\/\/stage.poppersparadise.eu\/fr\/wp-json\/wp\/v2\/product_brand?post=16013"},{"taxonomy":"product_cat","embeddable":true,"href":"https:\/\/stage.poppersparadise.eu\/fr\/wp-json\/wp\/v2\/product_cat?post=16013"},{"taxonomy":"product_tag","embeddable":true,"href":"https:\/\/stage.poppersparadise.eu\/fr\/wp-json\/wp\/v2\/product_tag?post=16013"}],"curies":[{"name":"wp","href":"https:\/\/api.w.org\/{rel}","templated":true}]}}