{"id":16516,"date":"2025-04-30T13:10:15","date_gmt":"2025-04-30T11:10:15","guid":{"rendered":"https:\/\/stage.poppersparadise.eu\/?post_type=product&#038;p=16516"},"modified":"2025-10-01T22:59:19","modified_gmt":"2025-10-01T20:59:19","slug":"twisted-beast-gape-boy-colour-super-amyl-30ml-2","status":"publish","type":"product","link":"https:\/\/stage.poppersparadise.eu\/fr\/produit\/twisted-beast-gape-boy-colour-super-amyl-30ml-2\/","title":{"rendered":"Twisted Beast Gape Boy Color Super Amyl 30ml"},"content":{"rendered":"<h2 class=\"wp-block-heading\">Twisted Beast Gape Boy Color Super Amyl 30ml poppers - puissant, aventureux et premium<\/h2>\n\n\n\n<p>Les poppers Twisted Beast Gape Boy Color Super Amyl 30ml sont sp\u00e9cialement con\u00e7us pour les utilisateurs \u00e0 la recherche d'une exp\u00e9rience olfactive puissante. Avec une formule de nitrite d'amyle de premi\u00e8re qualit\u00e9 et une capacit\u00e9 g\u00e9n\u00e9reuse de 30 ml, ce produit offre une exp\u00e9rience olfactive intense.<\/p>\n\n\n\n<h3 class=\"wp-block-heading\">Caract\u00e9ristiques principales du Twisted Beast Gape Boy Color Super Amyl 30ml<\/h3>\n\n\n\n<ul class=\"wp-block-list\">\n<li><strong>Formule puissante<\/strong>Les parfums sont diffus\u00e9s rapidement et intens\u00e9ment gr\u00e2ce \u00e0 la pr\u00e9sence de nitrite d'amyle.<\/li>\n\n\n\n<li><strong>Un contenu g\u00e9n\u00e9reux<\/strong>Le format 30ml permet une utilisation prolong\u00e9e et un impact maximal.<\/li>\n\n\n\n<li><strong>Emballage durable<\/strong>: Flacon en aluminium pr\u00e9servant la fra\u00eecheur et la force de l'ar\u00f4me.<\/li>\n<\/ul>\n\n\n\n<h3 class=\"wp-block-heading\">Pourquoi Twisted Beast est un favori<\/h3>\n\n\n\n<p>Les poppers Twisted Beast Gape Boy Color Super Amyl 30ml associent une formule puissante \u00e0 une conception robuste et conviviale. Appr\u00e9ci\u00e9 pour sa fiabilit\u00e9 et son intensit\u00e9, ce produit est un choix parfait pour ceux qui recherchent une exp\u00e9rience olfactive de premier ordre.<\/p>\n\n\n\n<h3 class=\"wp-block-heading\">Comment utiliser Twisted Beast Gape Boy Color Super Amyl 30ml ?<\/h3>\n\n\n\n<p>Utiliser le Twisted Beast Gape Boy Color Super Amyl 30ml uniquement comme diffuseur de parfum ou solvant de nettoyage. Il ne convient pas \u00e0 la consommation humaine et ne doit pas \u00eatre inhal\u00e9. Conserver le produit dans un endroit frais et sec et bien refermer le flacon apr\u00e8s utilisation.<\/p>\n\n\n\n<h3 class=\"wp-block-heading\">Avertissements<\/h3>\n\n\n\n<ul class=\"wp-block-list\">\n<li>Liquide et vapeur hautement inflammables (H225).<\/li>\n\n\n\n<li>Provoque une irritation de la peau et des yeux (H315\/H319).<\/li>\n\n\n\n<li>Toxique par inhalation (H331).<\/li>\n\n\n\n<li>Ce n'est pas un m\u00e9dicament. A utiliser \u00e0 vos risques et p\u00e9rils.<\/li>\n<\/ul>\n\n\n\n<h3 class=\"wp-block-heading\">Utilisation<\/h3>\n\n\n\n<p>Uniquement destin\u00e9 \u00e0 servir de diffuseur de parfum ou de solvant de nettoyage.<br>Ne convient pas \u00e0 la consommation humaine et ne doit pas \u00eatre inhal\u00e9.<\/p>\n\n\n\n<h3 class=\"wp-block-heading\">Stockage<\/h3>\n\n\n\n<p>Conserver dans un endroit frais et sec. Tenir hors de port\u00e9e des enfants.<\/p>\n\n\n\n<h3 class=\"wp-block-heading\">Pays d'origine<\/h3>\n\n\n\n<p>France.<\/p>\n\n\n\n<p><\/p>","protected":false},"excerpt":{"rendered":"<p><strong><br \/>ACCESSOIRES COMPATIBLES :<\/strong><\/p>\n<ul>\n<li><a href=\"https:\/\/stage.poppersparadise.eu\/fr\/categorie-de-produits\/accessoires\/renifleurs-petits\/\">Renifleurs Petit<\/a><\/li>\n<\/ul>","protected":false},"featured_media":16517,"comment_status":"open","ping_status":"closed","template":"","meta":[],"product_brand":[580],"product_cat":[35],"product_tag":[],"class_list":{"0":"post-16516","1":"product","2":"type-product","3":"status-publish","4":"has-post-thumbnail","6":"product_brand-twisted-beast","7":"product_cat-grote-flesjes-poppers","9":"first","10":"instock","11":"taxable","12":"shipping-taxable","13":"purchasable","14":"product-type-simple"},"_links":{"self":[{"href":"https:\/\/stage.poppersparadise.eu\/fr\/wp-json\/wp\/v2\/product\/16516","targetHints":{"allow":["GET"]}}],"collection":[{"href":"https:\/\/stage.poppersparadise.eu\/fr\/wp-json\/wp\/v2\/product"}],"about":[{"href":"https:\/\/stage.poppersparadise.eu\/fr\/wp-json\/wp\/v2\/types\/product"}],"replies":[{"embeddable":true,"href":"https:\/\/stage.poppersparadise.eu\/fr\/wp-json\/wp\/v2\/comments?post=16516"}],"wp:featuredmedia":[{"embeddable":true,"href":"https:\/\/stage.poppersparadise.eu\/fr\/wp-json\/wp\/v2\/media\/16517"}],"wp:attachment":[{"href":"https:\/\/stage.poppersparadise.eu\/fr\/wp-json\/wp\/v2\/media?parent=16516"}],"wp:term":[{"taxonomy":"product_brand","embeddable":true,"href":"https:\/\/stage.poppersparadise.eu\/fr\/wp-json\/wp\/v2\/product_brand?post=16516"},{"taxonomy":"product_cat","embeddable":true,"href":"https:\/\/stage.poppersparadise.eu\/fr\/wp-json\/wp\/v2\/product_cat?post=16516"},{"taxonomy":"product_tag","embeddable":true,"href":"https:\/\/stage.poppersparadise.eu\/fr\/wp-json\/wp\/v2\/product_tag?post=16516"}],"curies":[{"name":"wp","href":"https:\/\/api.w.org\/{rel}","templated":true}]}}