{"id":16867,"date":"2025-05-08T18:22:56","date_gmt":"2025-05-08T16:22:56","guid":{"rendered":"https:\/\/stage.poppersparadise.eu\/?post_type=product&#038;p=16867"},"modified":"2025-08-04T18:11:13","modified_gmt":"2025-08-04T16:11:13","slug":"lubrifiant-en-poudre-2","status":"publish","type":"product","link":"https:\/\/stage.poppersparadise.eu\/fr\/produit\/lubrifiant-en-poudre-2\/","title":{"rendered":"Lubrifiant en poudre - 8.1 oz \/ 230 gr Lubrifiant \u00e0 base d'eau"},"content":{"rendered":"<h2 class=\"font-bold text-h3 leading-[40px] pt-[21px] pb-[2px] [&amp;_a]:underline-offset-[6px] [&amp;_.underline]:underline-offset-[6px]\" dir=\"ltr\">Multipliez les moments d'intimit\u00e9 gr\u00e2ce \u00e0 la poudre \u00e0 lubrifier DIY<\/h2>\n<p class=\"text-body font-regular leading-[24px] pt-[9px] pb-[2px]\" dir=\"ltr\">Transformez votre toucher avec notre formule personnalisable Powder Lube DIY qui transforme la poudre en lubrifiant. Con\u00e7ue pour ceux qui aiment la touche cr\u00e9ative : il suffit de m\u00e9langer cette poudre \u00e0 de l'eau pour cr\u00e9er une texture lubrifiante soyeuse et personnalis\u00e9e. Totalement inodore et sans go\u00fbt, elle vous permet de vous concentrer sur ce qui compte vraiment. L\u00e9ger et facile \u00e0 transporter, il est parfait pour les aventures en d\u00e9placement. De plus, il se rince facilement, ce qui simplifie le nettoyage apr\u00e8s utilisation. Id\u00e9al pour l'exploration en solo et le plaisir partag\u00e9, ce lubrifiant polyvalent s'adapte \u00e0 toutes les occasions intimes.<\/p>\n<h3 class=\"font-bold text-h4 leading-[30px] pt-[15px] pb-[2px] [&amp;_a]:underline-offset-[6px] [&amp;_.underline]:underline-offset-[6px]\" dir=\"ltr\">Sp\u00e9cifications du produit :<\/h3>\n<ul class=\"pt-[9px] pb-[2px] pl-[24px] list-inside list-disc pt-[5px]\">\n<li class=\"text-body font-regular leading-[24px] my-[5px] [&amp;&gt;ol]:!pt-0 [&amp;&gt;ol]:!pb-0 [&amp;&gt;ul]:!pt-0 [&amp;&gt;ul]:!pb-0\" value=\"1\">Formule poudre DIY pour une texture lubrifiante personnalisable<\/li>\n<li class=\"text-body font-regular leading-[24px] my-[5px] [&amp;&gt;ol]:!pt-0 [&amp;&gt;ol]:!pb-0 [&amp;&gt;ul]:!pt-0 [&amp;&gt;ul]:!pb-0\" value=\"2\">Compl\u00e8tement sans go\u00fbt ni odeur pour une exp\u00e9rience sans perturbation<\/li>\n<li class=\"text-body font-regular leading-[24px] my-[5px] [&amp;&gt;ol]:!pt-0 [&amp;&gt;ol]:!pb-0 [&amp;&gt;ul]:!pt-0 [&amp;&gt;ul]:!pb-0\" value=\"3\">Compact et facile \u00e0 transporter, il est facile \u00e0 m\u00e9langer o\u00f9 et quand vous le souhaitez.<\/li>\n<li class=\"text-body font-regular leading-[24px] my-[5px] [&amp;&gt;ol]:!pt-0 [&amp;&gt;ol]:!pb-0 [&amp;&gt;ul]:!pt-0 [&amp;&gt;ul]:!pb-0\" value=\"4\">Facile \u00e0 rincer, pour un nettoyage sans effort apr\u00e8s utilisation<\/li>\n<li class=\"text-body font-regular leading-[24px] my-[5px] [&amp;&gt;ol]:!pt-0 [&amp;&gt;ol]:!pb-0 [&amp;&gt;ul]:!pt-0 [&amp;&gt;ul]:!pb-0\" value=\"5\">Convient \u00e0 la fois au jeu en solo et au jeu \u00e0 deux, pour plus de confort et de polyvalence.<\/li>\n<li value=\"5\">Ingr\u00e9dients : POLYACRYLATE DE SODIUM<\/li>\n<\/ul>\n\n\n<p><\/p>","protected":false},"excerpt":{"rendered":"<p>Fist Il rendra vos sessions de fisting ou de fist-fucking plus faciles, meilleures et plus intenses. Notre collection propose diff\u00e9rents lubrifiants, notamment des relaxants anaux, des lubrifiants extra-\u00e9pais, des lubrifiants naturels et des lubrifiants anesth\u00e9siants. Chaque lubrifiant est con\u00e7u pour am\u00e9liorer votre exp\u00e9rience et augmenter votre plaisir.<\/p>","protected":false},"featured_media":16868,"comment_status":"open","ping_status":"closed","template":"","meta":[],"product_brand":[],"product_cat":[479,671],"product_tag":[],"class_list":{"0":"post-16867","1":"product","2":"type-product","3":"status-publish","4":"has-post-thumbnail","6":"product_cat-drogist","7":"product_cat-glijmiddelen","9":"first","10":"instock","11":"taxable","12":"shipping-taxable","13":"purchasable","14":"product-type-simple"},"_links":{"self":[{"href":"https:\/\/stage.poppersparadise.eu\/fr\/wp-json\/wp\/v2\/product\/16867","targetHints":{"allow":["GET"]}}],"collection":[{"href":"https:\/\/stage.poppersparadise.eu\/fr\/wp-json\/wp\/v2\/product"}],"about":[{"href":"https:\/\/stage.poppersparadise.eu\/fr\/wp-json\/wp\/v2\/types\/product"}],"replies":[{"embeddable":true,"href":"https:\/\/stage.poppersparadise.eu\/fr\/wp-json\/wp\/v2\/comments?post=16867"}],"wp:featuredmedia":[{"embeddable":true,"href":"https:\/\/stage.poppersparadise.eu\/fr\/wp-json\/wp\/v2\/media\/16868"}],"wp:attachment":[{"href":"https:\/\/stage.poppersparadise.eu\/fr\/wp-json\/wp\/v2\/media?parent=16867"}],"wp:term":[{"taxonomy":"product_brand","embeddable":true,"href":"https:\/\/stage.poppersparadise.eu\/fr\/wp-json\/wp\/v2\/product_brand?post=16867"},{"taxonomy":"product_cat","embeddable":true,"href":"https:\/\/stage.poppersparadise.eu\/fr\/wp-json\/wp\/v2\/product_cat?post=16867"},{"taxonomy":"product_tag","embeddable":true,"href":"https:\/\/stage.poppersparadise.eu\/fr\/wp-json\/wp\/v2\/product_tag?post=16867"}],"curies":[{"name":"wp","href":"https:\/\/api.w.org\/{rel}","templated":true}]}}