{"id":16872,"date":"2025-05-08T18:35:27","date_gmt":"2025-05-08T16:35:27","guid":{"rendered":"https:\/\/stage.poppersparadise.eu\/?post_type=product&#038;p=16872"},"modified":"2025-10-05T15:42:24","modified_gmt":"2025-10-05T13:42:24","slug":"lubrifiant-anal","status":"publish","type":"product","link":"https:\/\/stage.poppersparadise.eu\/fr\/produit\/lubrifiant-anal\/","title":{"rendered":"Get In - Lubrifiant anal - 5 fl oz \/ 150 ml"},"content":{"rendered":"<h2 class=\"font-bold text-h3 leading-[40px] pt-[21px] pb-[2px] [&amp;_a]:underline-offset-[6px] [&amp;_.underline]:underline-offset-[6px]\" dir=\"ltr\">Con\u00e7u pour une exp\u00e9rience confortable et agr\u00e9able,<\/h2>\n<p class=\"text-body font-regular leading-[24px] pt-[9px] pb-[2px]\" dir=\"ltr\">Get In Anal Lube est une formule de haute qualit\u00e9, \u00e0 base d'eau, sp\u00e9cialement con\u00e7ue pour l'usage anal. L'embout de pr\u00e9cision rend l'application facile et pr\u00e9cise, tandis que le flacon compressible assure un dosage contr\u00f4l\u00e9, \u00e0 chaque fois. Combinez-le avec le nettoyant pour jouets Clean In pour un nettoyage facile et efficace apr\u00e8s utilisation.<\/p>\n<h3 class=\"font-bold text-h4 leading-[30px] pt-[15px] pb-[2px] [&amp;_a]:underline-offset-[6px] [&amp;_.underline]:underline-offset-[6px]\" dir=\"ltr\">Caract\u00e9ristiques principales<\/h3>\n<ul class=\"pt-[9px] pb-[2px] pl-[24px] list-inside list-disc pt-[5px]\">\n<li class=\"text-body font-regular leading-[24px] my-[5px] [&amp;&gt;ol]:!pt-0 [&amp;&gt;ol]:!pb-0 [&amp;&gt;ul]:!pt-0 [&amp;&gt;ul]:!pb-0\" value=\"1\"><b><strong class=\"font-bold\">Formule \u00e0 base d'eau<\/strong><\/b> pour une lubrification douce et r\u00e9guli\u00e8re<\/li>\n<li class=\"text-body font-regular leading-[24px] my-[5px] [&amp;&gt;ol]:!pt-0 [&amp;&gt;ol]:!pb-0 [&amp;&gt;ul]:!pt-0 [&amp;&gt;ul]:!pb-0\" value=\"2\">Compatible avec <b><strong class=\"font-bold\">Clean In toy cleaner<\/strong><\/b> pour une hygi\u00e8ne simple<\/li>\n<li class=\"text-body font-regular leading-[24px] my-[5px] [&amp;&gt;ol]:!pt-0 [&amp;&gt;ol]:!pb-0 [&amp;&gt;ul]:!pt-0 [&amp;&gt;ul]:!pb-0\" value=\"3\">Con\u00e7u avec un <b><strong class=\"font-bold\">embout de pr\u00e9cision facile \u00e0 utiliser<\/strong><\/b> pour une application pr\u00e9cise<\/li>\n<li class=\"text-body font-regular leading-[24px] my-[5px] [&amp;&gt;ol]:!pt-0 [&amp;&gt;ol]:!pb-0 [&amp;&gt;ul]:!pt-0 [&amp;&gt;ul]:!pb-0\" value=\"4\"><b><strong class=\"font-bold\">Bouteille \u00e0 presser<\/strong><\/b> pour le contr\u00f4le et la commodit\u00e9<\/li>\n<li class=\"text-body font-regular leading-[24px] my-[5px] [&amp;&gt;ol]:!pt-0 [&amp;&gt;ol]:!pb-0 [&amp;&gt;ul]:!pt-0 [&amp;&gt;ul]:!pb-0\" value=\"5\">Fabriqu\u00e9 avec <b><strong class=\"font-bold\">des ingr\u00e9dients de haute qualit\u00e9<\/strong><\/b> pour la s\u00e9curit\u00e9 et le confort<\/li>\n<li class=\"text-body font-regular leading-[24px] my-[5px] [&amp;&gt;ol]:!pt-0 [&amp;&gt;ol]:!pb-0 [&amp;&gt;ul]:!pt-0 [&amp;&gt;ul]:!pb-0\" value=\"6\"><b><strong class=\"font-bold\">Contenu<\/strong><\/b>150 ml (5 fl oz)<\/li>\n<\/ul>\n<h3 class=\"font-bold text-h4 leading-[30px] pt-[15px] pb-[2px] [&amp;_a]:underline-offset-[6px] [&amp;_.underline]:underline-offset-[6px]\" dir=\"ltr\">Ingr\u00e9dients<\/h3>\n<p class=\"text-body font-regular leading-[24px] pt-[9px] pb-[2px]\" dir=\"ltr\">EAU, GLYC\u00c9RINE, HYDROXY\u00c9THYLCELLULOSE, ACIDE CITRIQUE, BENZOATE DE SODIUM, SORBATE DE POTASSIUM, PENTYL\u00c8NE GLYCOL, SORBITOL, LACTATE DE SODIUM, UR\u00c9E, ACIDE LACTIQUE, S\u00c9RINE, HYDROXYDE DE SODIUM, CHLORURE DE SODIUM, ALLANTO\u00cfNE.<\/p>\n\n\n<p><\/p>","protected":false},"excerpt":{"rendered":"<p>Fist Il rendra vos sessions de fisting ou de fist-fucking plus faciles, meilleures et plus intenses. Notre collection propose diff\u00e9rents lubrifiants, notamment des relaxants anaux, des lubrifiants extra-\u00e9pais, des lubrifiants naturels et des lubrifiants anesth\u00e9siants. Chaque lubrifiant est con\u00e7u pour am\u00e9liorer votre exp\u00e9rience et augmenter votre plaisir.<\/p>","protected":false},"featured_media":16873,"comment_status":"open","ping_status":"closed","template":"","meta":[],"product_brand":[],"product_cat":[479,671],"product_tag":[],"class_list":{"0":"post-16872","1":"product","2":"type-product","3":"status-publish","4":"has-post-thumbnail","6":"product_cat-drogist","7":"product_cat-glijmiddelen","9":"first","10":"instock","11":"taxable","12":"shipping-taxable","13":"purchasable","14":"product-type-simple"},"_links":{"self":[{"href":"https:\/\/stage.poppersparadise.eu\/fr\/wp-json\/wp\/v2\/product\/16872","targetHints":{"allow":["GET"]}}],"collection":[{"href":"https:\/\/stage.poppersparadise.eu\/fr\/wp-json\/wp\/v2\/product"}],"about":[{"href":"https:\/\/stage.poppersparadise.eu\/fr\/wp-json\/wp\/v2\/types\/product"}],"replies":[{"embeddable":true,"href":"https:\/\/stage.poppersparadise.eu\/fr\/wp-json\/wp\/v2\/comments?post=16872"}],"wp:featuredmedia":[{"embeddable":true,"href":"https:\/\/stage.poppersparadise.eu\/fr\/wp-json\/wp\/v2\/media\/16873"}],"wp:attachment":[{"href":"https:\/\/stage.poppersparadise.eu\/fr\/wp-json\/wp\/v2\/media?parent=16872"}],"wp:term":[{"taxonomy":"product_brand","embeddable":true,"href":"https:\/\/stage.poppersparadise.eu\/fr\/wp-json\/wp\/v2\/product_brand?post=16872"},{"taxonomy":"product_cat","embeddable":true,"href":"https:\/\/stage.poppersparadise.eu\/fr\/wp-json\/wp\/v2\/product_cat?post=16872"},{"taxonomy":"product_tag","embeddable":true,"href":"https:\/\/stage.poppersparadise.eu\/fr\/wp-json\/wp\/v2\/product_tag?post=16872"}],"curies":[{"name":"wp","href":"https:\/\/api.w.org\/{rel}","templated":true}]}}