{"id":17016,"date":"2025-05-14T22:04:55","date_gmt":"2025-05-14T20:04:55","guid":{"rendered":"https:\/\/stage.poppersparadise.eu\/?post_type=product&#038;p=17016"},"modified":"2025-09-01T10:48:58","modified_gmt":"2025-09-01T08:48:58","slug":"everest-green-24ml-poppers","status":"publish","type":"product","link":"https:\/\/stage.poppersparadise.eu\/fr\/produit\/everest-green-24ml-poppers\/","title":{"rendered":"Everest Green 24ml"},"content":{"rendered":"<h2 class=\"wp-block-heading\">Everest Green 24ml poppers - puissants, \u00e0 base de plantes et de qualit\u00e9 sup\u00e9rieure<\/h2>\n\n\n\n<p>Everest Green 24ml poppers est un choix innovant pour les utilisateurs qui recherchent une exp\u00e9rience olfactive puissante avec une formule \u00e0 base de plantes. Fabriqu\u00e9 \u00e0 partir de nitrite d'amyle, ce produit offre une diffusion rapide et intense du parfum. Le flacon g\u00e9n\u00e9reux de 24 ml est parfait pour une utilisation \u00e0 long terme et id\u00e9al pour les utilisateurs exp\u00e9riment\u00e9s \u00e0 la recherche d'une exp\u00e9rience haut de gamme.<\/p>\n\n\n\n<h3 class=\"wp-block-heading\">Caract\u00e9ristiques principales du Everest Green 24ml<\/h3>\n\n\n\n<ul class=\"wp-block-list\">\n<li><strong>Formule v\u00e9g\u00e9tale<\/strong>Les parfums sont diffus\u00e9s de mani\u00e8re efficace gr\u00e2ce au nitrite d'amyle.<\/li>\n\n\n\n<li><strong>Taille g\u00e9n\u00e9reuse<\/strong>Flacon de 24 ml, id\u00e9al pour une utilisation \u00e0 long terme.<\/li>\n\n\n\n<li><strong>Haute qualit\u00e9<\/strong>Everest Aromas est connu pour ses produits fiables et de qualit\u00e9.<\/li>\n\n\n\n<li><strong>Rapide et intense<\/strong>Les parfums : Con\u00e7us pour une exp\u00e9rience olfactive imm\u00e9diate et puissante.<\/li>\n\n\n\n<li><strong>Sp\u00e9cialement pour les utilisateurs exp\u00e9riment\u00e9s<\/strong>Le parfum : Parfait pour ceux qui recherchent une exp\u00e9rience olfactive de premier ordre.<\/li>\n<\/ul>\n\n\n\n<h3 class=\"wp-block-heading\">Pourquoi Everest Poppers est un favori<\/h3>\n\n\n\n<p>Everest est une marque leader dans le monde des poppers, appr\u00e9ci\u00e9e pour ses formules puissantes, sa qualit\u00e9 constante et son emballage innovant. Les flacons herm\u00e9tiques garantissent la fra\u00eecheur et l'efficacit\u00e9 du contenu, offrant aux utilisateurs une exp\u00e9rience de premier ordre \u00e0 chaque fois.<\/p>\n\n\n\n<h3 class=\"wp-block-heading\">Comment utiliser Everest Green 24ml ?<\/h3>\n\n\n\n<p>Utiliser le Everest Green 24ml uniquement comme dispersant de parfum ou solvant de nettoyage. Il ne convient pas \u00e0 la consommation humaine et ne doit pas \u00eatre inhal\u00e9. Conserver le produit dans un endroit frais et sec et bien refermer le flacon apr\u00e8s utilisation.<\/p>\n\n\n\n<h3 class=\"wp-block-heading\">Avertissements<\/h3>\n\n\n\n<ul class=\"wp-block-list\">\n<li>Liquide et vapeur hautement inflammables (H225).<\/li>\n\n\n\n<li>Provoque une irritation de la peau et des yeux (H315\/H319).<\/li>\n\n\n\n<li>Toxique par inhalation (H331).<\/li>\n\n\n\n<li>Ce n'est pas un m\u00e9dicament. A utiliser \u00e0 vos risques et p\u00e9rils.<\/li>\n<\/ul>\n\n\n\n<h3 class=\"wp-block-heading\">Utilisation<\/h3>\n\n\n\n<p>Uniquement destin\u00e9 \u00e0 servir de diffuseur de parfum ou de solvant de nettoyage.<br>Ne convient pas \u00e0 la consommation humaine et ne doit pas \u00eatre inhal\u00e9.<\/p>\n\n\n\n<h3 class=\"wp-block-heading\">Stockage<\/h3>\n\n\n\n<p>Conserver dans un endroit frais et sec. Tenir hors de port\u00e9e des enfants.<\/p>\n\n\n\n<h3 class=\"wp-block-heading\">Pays d'origine<\/h3>\n\n\n\n<p>France.<\/p>\n\n\n\n<p><\/p>","protected":false},"excerpt":{"rendered":"<p><strong><br \/>ACCESSOIRES COMPATIBLES :<\/strong><\/p>\n<ul>\n<li><a href=\"https:\/\/stage.poppersparadise.eu\/fr\/categorie-de-produits\/accessoires\/renifleurs-de-grande-taille\/\">Renifleurs Large<\/a><\/li>\n<li><a href=\"https:\/\/stage.poppersparadise.eu\/fr\/produit\/xtrm-poppers-holder-large\/\">XTRM Poppers Support Large<\/a><\/li>\n<li><a href=\"https:\/\/stage.poppersparadise.eu\/fr\/produit\/xtrm-poppers-keeper-large-24ml-2\/\">XTRM Poppers Keeper Large<\/a><\/li>\n<\/ul>","protected":false},"featured_media":17017,"comment_status":"open","ping_status":"closed","template":"","meta":[],"product_brand":[585],"product_cat":[35],"product_tag":[],"class_list":{"0":"post-17016","1":"product","2":"type-product","3":"status-publish","4":"has-post-thumbnail","6":"product_brand-everest","7":"product_cat-grote-flesjes-poppers","9":"first","10":"instock","11":"taxable","12":"shipping-taxable","13":"purchasable","14":"product-type-simple"},"_links":{"self":[{"href":"https:\/\/stage.poppersparadise.eu\/fr\/wp-json\/wp\/v2\/product\/17016","targetHints":{"allow":["GET"]}}],"collection":[{"href":"https:\/\/stage.poppersparadise.eu\/fr\/wp-json\/wp\/v2\/product"}],"about":[{"href":"https:\/\/stage.poppersparadise.eu\/fr\/wp-json\/wp\/v2\/types\/product"}],"replies":[{"embeddable":true,"href":"https:\/\/stage.poppersparadise.eu\/fr\/wp-json\/wp\/v2\/comments?post=17016"}],"wp:featuredmedia":[{"embeddable":true,"href":"https:\/\/stage.poppersparadise.eu\/fr\/wp-json\/wp\/v2\/media\/17017"}],"wp:attachment":[{"href":"https:\/\/stage.poppersparadise.eu\/fr\/wp-json\/wp\/v2\/media?parent=17016"}],"wp:term":[{"taxonomy":"product_brand","embeddable":true,"href":"https:\/\/stage.poppersparadise.eu\/fr\/wp-json\/wp\/v2\/product_brand?post=17016"},{"taxonomy":"product_cat","embeddable":true,"href":"https:\/\/stage.poppersparadise.eu\/fr\/wp-json\/wp\/v2\/product_cat?post=17016"},{"taxonomy":"product_tag","embeddable":true,"href":"https:\/\/stage.poppersparadise.eu\/fr\/wp-json\/wp\/v2\/product_tag?post=17016"}],"curies":[{"name":"wp","href":"https:\/\/api.w.org\/{rel}","templated":true}]}}