{"id":17035,"date":"2025-05-15T09:40:53","date_gmt":"2025-05-15T07:40:53","guid":{"rendered":"https:\/\/stage.poppersparadise.eu\/?post_type=product&#038;p=17035"},"modified":"2025-09-21T14:27:45","modified_gmt":"2025-09-21T12:27:45","slug":"everest-hard-15ml-poppers","status":"publish","type":"product","link":"https:\/\/stage.poppersparadise.eu\/fr\/produit\/everest-hard-15ml-poppers\/","title":{"rendered":"Everest Hard 15ml"},"content":{"rendered":"<h2 class=\"wp-block-heading\">Everest Hard 15ml poppers - puissant, intense et premium<\/h2>\n\n\n\n<p>Everest Hard 15ml poppers est sp\u00e9cialement con\u00e7u pour les utilisateurs \u00e0 la recherche d'une exp\u00e9rience olfactive puissante et intense. Gr\u00e2ce \u00e0 sa formule \u00e0 base de nitrite d'amyle de premi\u00e8re qualit\u00e9, ce produit offre une combinaison unique de propri\u00e9t\u00e9s revigorantes et relaxantes. Il est parfait pour cr\u00e9er une atmosph\u00e8re \u00e9nergique et euphorique, que vous vous d\u00e9tendiez \u00e0 la maison ou que vous c\u00e9l\u00e9briez une occasion sp\u00e9ciale.<\/p>\n\n\n\n<h3 class=\"wp-block-heading\">Caract\u00e9ristiques principales de Everest Hard 15ml<\/h3>\n\n\n\n<ul class=\"wp-block-list\">\n<li><strong>Formule extra-forte<\/strong>: Sp\u00e9cialement con\u00e7u pour une diffusion plus intense des parfums.<\/li>\n\n\n\n<li><strong>Composition de haute qualit\u00e9<\/strong>: Contient du nitrite d'amyle pour une force maximale et une fra\u00eecheur durable.<\/li>\n\n\n\n<li><strong>Atmosph\u00e8re \u00e9nergique<\/strong>: Id\u00e9al pour cr\u00e9er une ambiance vivifiante et euphorique.<\/li>\n\n\n\n<li><strong>Qualit\u00e9 sup\u00e9rieure<\/strong>Everest Aromas est connu pour ses produits fiables et de haute qualit\u00e9.<\/li>\n\n\n\n<li><strong>Taille compacte<\/strong>Flacon pratique de 15 ml, parfait pour une utilisation pratique.<\/li>\n<\/ul>\n\n\n\n<h3 class=\"wp-block-heading\">Pourquoi Everest Poppers est un favori<\/h3>\n\n\n\n<p>Everest est une marque leader dans le monde des poppers, appr\u00e9ci\u00e9e pour ses formules puissantes, sa qualit\u00e9 constante et son emballage innovant. Les flacons herm\u00e9tiques garantissent la fra\u00eecheur et l'efficacit\u00e9 du contenu, offrant aux utilisateurs une exp\u00e9rience de premier ordre \u00e0 chaque fois.<\/p>\n\n\n\n<h3 class=\"wp-block-heading\">Comment utiliser Everest Hard 15ml ?<\/h3>\n\n\n\n<p>Utiliser le Everest Hard 15ml uniquement comme diffuseur de parfum ou solvant de nettoyage. Il ne convient pas \u00e0 la consommation humaine et ne doit pas \u00eatre inhal\u00e9. Conserver le produit dans un endroit frais et sec et bien refermer le flacon apr\u00e8s utilisation.<\/p>\n\n\n\n<h3 class=\"wp-block-heading\">Avertissements<\/h3>\n\n\n\n<ul class=\"wp-block-list\">\n<li>Liquide et vapeur hautement inflammables (H225).<\/li>\n\n\n\n<li>Provoque une irritation de la peau et des yeux (H315\/H319).<\/li>\n\n\n\n<li>Toxique par inhalation (H331).<\/li>\n\n\n\n<li>Ce n'est pas un m\u00e9dicament. A utiliser \u00e0 vos risques et p\u00e9rils.<\/li>\n<\/ul>\n\n\n\n<h3 class=\"wp-block-heading\">Utilisation<\/h3>\n\n\n\n<p>Uniquement destin\u00e9 \u00e0 servir de diffuseur de parfum ou de solvant de nettoyage.<br>Ne convient pas \u00e0 la consommation humaine et ne doit pas \u00eatre inhal\u00e9.<\/p>\n\n\n\n<h3 class=\"wp-block-heading\">Stockage<\/h3>\n\n\n\n<p>Conserver dans un endroit frais et sec. Tenir hors de port\u00e9e des enfants.<\/p>\n\n\n\n<h3 class=\"wp-block-heading\">Pays d'origine<\/h3>\n\n\n\n<p>France.<\/p>\n\n\n\n<p><\/p>","protected":false},"excerpt":{"rendered":"<p><strong><br \/>ACCESSOIRES COMPATIBLES :<\/strong><\/p>\n<ul>\n<li><a href=\"https:\/\/stage.poppersparadise.eu\/fr\/categorie-de-produits\/accessoires\/renifleurs-xs\/\">Renifleurs XS<\/a><\/li>\n<\/ul>","protected":false},"featured_media":17038,"comment_status":"open","ping_status":"closed","template":"","meta":[],"product_brand":[585],"product_cat":[34],"product_tag":[],"class_list":{"0":"post-17035","1":"product","2":"type-product","3":"status-publish","4":"has-post-thumbnail","6":"product_brand-everest","7":"product_cat-kleine-flesjes-poppers","9":"first","10":"instock","11":"taxable","12":"shipping-taxable","13":"purchasable","14":"product-type-simple"},"_links":{"self":[{"href":"https:\/\/stage.poppersparadise.eu\/fr\/wp-json\/wp\/v2\/product\/17035","targetHints":{"allow":["GET"]}}],"collection":[{"href":"https:\/\/stage.poppersparadise.eu\/fr\/wp-json\/wp\/v2\/product"}],"about":[{"href":"https:\/\/stage.poppersparadise.eu\/fr\/wp-json\/wp\/v2\/types\/product"}],"replies":[{"embeddable":true,"href":"https:\/\/stage.poppersparadise.eu\/fr\/wp-json\/wp\/v2\/comments?post=17035"}],"wp:featuredmedia":[{"embeddable":true,"href":"https:\/\/stage.poppersparadise.eu\/fr\/wp-json\/wp\/v2\/media\/17038"}],"wp:attachment":[{"href":"https:\/\/stage.poppersparadise.eu\/fr\/wp-json\/wp\/v2\/media?parent=17035"}],"wp:term":[{"taxonomy":"product_brand","embeddable":true,"href":"https:\/\/stage.poppersparadise.eu\/fr\/wp-json\/wp\/v2\/product_brand?post=17035"},{"taxonomy":"product_cat","embeddable":true,"href":"https:\/\/stage.poppersparadise.eu\/fr\/wp-json\/wp\/v2\/product_cat?post=17035"},{"taxonomy":"product_tag","embeddable":true,"href":"https:\/\/stage.poppersparadise.eu\/fr\/wp-json\/wp\/v2\/product_tag?post=17035"}],"curies":[{"name":"wp","href":"https:\/\/api.w.org\/{rel}","templated":true}]}}