{"id":17295,"date":"2025-05-21T19:06:39","date_gmt":"2025-05-21T17:06:39","guid":{"rendered":"https:\/\/stage.poppersparadise.eu\/?post_type=product&#038;p=17295"},"modified":"2025-08-12T10:21:36","modified_gmt":"2025-08-12T08:21:36","slug":"rush-black-fire-24ml-poppers","status":"publish","type":"product","link":"https:\/\/stage.poppersparadise.eu\/fr\/produit\/rush-black-fire-24ml-poppers\/","title":{"rendered":"Rush Black Fire 24ml"},"content":{"rendered":"<h2 class=\"wp-block-heading\">Rush Black Fire 24ml poppers - puissance et intensit\u00e9 \u00e0 la fois<\/h2>\n\n\n\n<p>Rush Black Fire 24ml poppers est un choix embl\u00e9matique pour ceux qui recherchent une exp\u00e9rience olfactive puissante et intense. Avec un ar\u00f4me familier de propyle et une base de nitrite de pentyle, ce produit offre une exp\u00e9rience olfactive unique, parfaite pour les utilisateurs exp\u00e9riment\u00e9s qui veulent un petit plus.<\/p>\n\n\n\n<h3 class=\"wp-block-heading\">Caract\u00e9ristiques du Rush Black Fire<\/h3>\n\n\n\n<ul class=\"wp-block-list\">\n<li><strong>Formule de l'ancienne \u00e9dition<\/strong>: Un ar\u00f4me de propyl embl\u00e9matique qui agit instantan\u00e9ment.<\/li>\n\n\n\n<li><strong>Extra fort<\/strong>La diffusion des parfums : Sp\u00e9cialement con\u00e7ue pour une diffusion puissante des parfums.<\/li>\n\n\n\n<li><strong>Nitrite de pentyle base<\/strong>Pour une exp\u00e9rience olfactive sophistiqu\u00e9e.<\/li>\n\n\n\n<li><strong>Taille compacte<\/strong>La dur\u00e9e de vie de l'huile de palme et de l'huile d'olive est d'environ deux ans.<\/li>\n\n\n\n<li><strong>L'avantage du volume<\/strong>: \u00c9conomisez davantage sur les commandes plus importantes.<\/li>\n<\/ul>\n\n\n\n<h3 class=\"wp-block-heading\">Comment utiliser Rush Black Fire ?<\/h3>\n\n\n\n<p>Utiliser Rush Black Fire uniquement comme diffuseur de parfum ou solvant de nettoyage. Il ne convient pas \u00e0 la consommation humaine et ne doit pas \u00eatre inhal\u00e9. Conserver le produit dans un endroit frais et sec et bien refermer le flacon apr\u00e8s utilisation.<\/p>\n\n\n\n<h3 class=\"wp-block-heading\">Pourquoi le Rush Black Fire est-il un favori ?<\/h3>\n\n\n\n<p>Sa formule puissante, son contenu g\u00e9n\u00e9reux et sa qualit\u00e9 fiable font de ce produit un favori parmi les amateurs de diffuseurs de parfum. Il offre une exp\u00e9rience olfactive intense, parfaite pour les moments particuliers.<\/p>\n\n\n\n<h3 class=\"wp-block-heading\">Avertissements<\/h3>\n\n\n\n<p>Liquide et vapeur hautement inflammables (H225).<br>Provoque une irritation de la peau et des yeux (H315\/H319).<br>Toxique par inhalation (H331).<br>Ce n'est pas un m\u00e9dicament. A utiliser \u00e0 vos risques et p\u00e9rils.<\/p>\n\n\n\n<h3 class=\"wp-block-heading\">Utilisation<\/h3>\n\n\n\n<p>Uniquement destin\u00e9 \u00e0 servir de diffuseur de parfum ou de solvant de nettoyage.<br>Ne convient pas \u00e0 la consommation humaine et ne doit pas \u00eatre inhal\u00e9.<\/p>\n\n\n\n<h3 class=\"wp-block-heading\">Stockage<\/h3>\n\n\n\n<p>Conserver dans un endroit frais et sec. Tenir hors de port\u00e9e des enfants.<\/p>\n\n\n\n<h3 class=\"wp-block-heading\">Pays d'origine<\/h3>\n\n\n\n<p>France.<\/p>","protected":false},"excerpt":{"rendered":"<p><strong><br \/>ACCESSOIRES COMPATIBLES :<\/strong><\/p>\n<ul>\n<li><a href=\"https:\/\/stage.poppersparadise.eu\/fr\/categorie-de-produits\/accessoires\/renifleurs-de-grande-taille\/\">Renifleurs Large<\/a><\/li>\n<li><a href=\"https:\/\/stage.poppersparadise.eu\/fr\/produit\/xtrm-poppers-holder-large\/\">XTRM Poppers Support Large<\/a><\/li>\n<li><a href=\"https:\/\/stage.poppersparadise.eu\/fr\/produit\/xtrm-poppers-keeper-large-24ml-2\/\">XTRM Poppers Keeper Large<\/a><\/li>\n<\/ul>","protected":false},"featured_media":17296,"comment_status":"open","ping_status":"closed","template":"","meta":[],"product_brand":[751],"product_cat":[35],"product_tag":[],"class_list":{"0":"post-17295","1":"product","2":"type-product","3":"status-publish","4":"has-post-thumbnail","6":"product_brand-rush","7":"product_cat-grote-flesjes-poppers","9":"first","10":"instock","11":"taxable","12":"shipping-taxable","13":"purchasable","14":"product-type-simple"},"_links":{"self":[{"href":"https:\/\/stage.poppersparadise.eu\/fr\/wp-json\/wp\/v2\/product\/17295","targetHints":{"allow":["GET"]}}],"collection":[{"href":"https:\/\/stage.poppersparadise.eu\/fr\/wp-json\/wp\/v2\/product"}],"about":[{"href":"https:\/\/stage.poppersparadise.eu\/fr\/wp-json\/wp\/v2\/types\/product"}],"replies":[{"embeddable":true,"href":"https:\/\/stage.poppersparadise.eu\/fr\/wp-json\/wp\/v2\/comments?post=17295"}],"wp:featuredmedia":[{"embeddable":true,"href":"https:\/\/stage.poppersparadise.eu\/fr\/wp-json\/wp\/v2\/media\/17296"}],"wp:attachment":[{"href":"https:\/\/stage.poppersparadise.eu\/fr\/wp-json\/wp\/v2\/media?parent=17295"}],"wp:term":[{"taxonomy":"product_brand","embeddable":true,"href":"https:\/\/stage.poppersparadise.eu\/fr\/wp-json\/wp\/v2\/product_brand?post=17295"},{"taxonomy":"product_cat","embeddable":true,"href":"https:\/\/stage.poppersparadise.eu\/fr\/wp-json\/wp\/v2\/product_cat?post=17295"},{"taxonomy":"product_tag","embeddable":true,"href":"https:\/\/stage.poppersparadise.eu\/fr\/wp-json\/wp\/v2\/product_tag?post=17295"}],"curies":[{"name":"wp","href":"https:\/\/api.w.org\/{rel}","templated":true}]}}