{"id":17340,"date":"2025-05-22T21:16:22","date_gmt":"2025-05-22T19:16:22","guid":{"rendered":"https:\/\/stage.poppersparadise.eu\/?post_type=product&#038;p=17340"},"modified":"2025-10-03T19:12:04","modified_gmt":"2025-10-03T17:12:04","slug":"renifleur-denergie-black-caviar-vortex","status":"publish","type":"product","link":"https:\/\/stage.poppersparadise.eu\/fr\/produit\/renifleur-denergie-black-caviar-vortex\/","title":{"rendered":"Renifleur de puissance Vortex Black Caviar - Petit"},"content":{"rendered":"<h2 class=\"wp-block-heading\"><strong>Le Sniffer le plus puissant et le plus \u00e9l\u00e9gant du march\u00e9<\/strong><\/h2>\n\n\n\n<p>Voici le Black Caviar Vortex Power Sniffer - Small, la solution innovante pour renifler sans effort et en toute s\u00e9curit\u00e9. Notre renifleur allie luxe et performance, pour vous faire passer \u00e0 la vitesse sup\u00e9rieure. Gr\u00e2ce \u00e0 sa construction 100% \u00e9tanche et herm\u00e9tique, vous pouvez compter sur la puret\u00e9 et l'efficacit\u00e9 de chaque sniff. Pas d'\u00e9claboussures, pas d'ennuis.<\/p>\n\n\n\n<h3 class=\"wp-block-heading\">Voyez-le en action<\/h3>\n\n\n\n<figure class=\"wp-block-video\"><video controls src=\"https:\/\/stage.poppersparadise.eu\/wp-content\/uploads\/2025\/05\/Actie.mp4\"><\/video><\/figure>\n\n\n\n<h3 class=\"wp-block-heading\"><br>L'essence du Beakr - o\u00f9 la sophistication et l'artisanat se confondent<\/h3>\n\n\n\n<p>Les produits de <strong>Beakr<\/strong> ont \u00e9t\u00e9 d\u00e9velopp\u00e9s et fabriqu\u00e9s avec le plus grand soin aux \u00c9tats-Unis, selon les normes de qualit\u00e9 les plus strictes. Le Beakr est connu pour sa pr\u00e9cision et sa fiabilit\u00e9 - et vous le remarquerez \u00e0 chaque bouff\u00e9e. Id\u00e9al pour ceux qui recherchent une exp\u00e9rience intense et constante de haut niveau.<\/p>\n\n\n\n<h3 class=\"wp-block-heading\">Pourquoi choisir le Black Caviar Vortex Power Sniffer ?<\/h3>\n\n\n\n<ul class=\"wp-block-list\">\n<li><strong>Ne plus jamais renverser :<\/strong> La technologie brevet\u00e9e du cadran assure une \u00e9tanch\u00e9it\u00e9 parfaite, pour ne pas en perdre une goutte.<\/li>\n\n\n\n<li><strong>Tr\u00e8s solide :<\/strong> B\u00e9n\u00e9ficiez d'une puissance constante gr\u00e2ce \u00e0 la technologie Vortex Power. L'air est comprim\u00e9 de mani\u00e8re optimale pour un reniflement puissant, jusqu'\u00e0 la derni\u00e8re goutte.<\/li>\n\n\n\n<li><strong>Un son unique<\/strong>: Le son \"pop\" que vous entendez d\u00e8s que vous le poussez en position ouverte vous donne envie de le renifler imm\u00e9diatement.<\/li>\n\n\n\n<li><strong>Ne jamais br\u00fbler :<\/strong> La conception permet d'\u00e9loigner le liquide de l'embout. Prot\u00e9gez vos narines des br\u00fblures d\u00e9sagr\u00e9ables.<\/li>\n<\/ul>\n\n\n\n<h3 class=\"wp-block-heading\">Caract\u00e9ristiques uniques<\/h3>\n\n\n\n<ul class=\"wp-block-list\">\n<li><strong>Durabilit\u00e9 moul\u00e9e par injection :<\/strong> Beaucoup plus solide et fiable que le plastique imprim\u00e9 en 3D.<\/li>\n\n\n\n<li><strong>Options de couleurs :<\/strong> Disponible en 5 couleurs vibrantes - Black Caviar, Red Rush, Royal Purple, Pretty in Pink et Greedy Green.<\/li>\n\n\n\n<li><strong>Compact et polyvalent :<\/strong> Convient aux flacons de 10 ml, aux flacons en aluminium Iron Fist, aux flacons ovales de 24 ml et aux flacons Tall\/Slim.<\/li>\n<\/ul>\n\n\n\n<h3 class=\"wp-block-heading\">Sp\u00e9cifications<\/h3>\n\n\n\n<ul class=\"wp-block-list\">\n<li><strong>\u00c9tanche :<\/strong> 100% garanti<\/li>\n\n\n\n<li><strong>Fermeture :<\/strong> Etanch\u00e9it\u00e9 \u00e0 l'air gr\u00e2ce \u00e0 la technologie brevet\u00e9e du bouton rotatif<\/li>\n\n\n\n<li><strong>Qualit\u00e9 des mat\u00e9riaux :<\/strong> Plastique moul\u00e9 par injection de premi\u00e8re qualit\u00e9<\/li>\n\n\n\n<li><strong>Couleurs :<\/strong> 5 options \u00e9l\u00e9gantes<\/li>\n<\/ul>\n\n\n\n<h3 class=\"wp-block-heading\">Des couleurs inspir\u00e9es par votre style<\/h3>\n\n\n\n<ul class=\"wp-block-list\">\n<li><strong><a href=\"https:\/\/stage.poppersparadise.eu\/fr\/produit\/renifleur-denergie-au-caviar-noir\/\">Caviar noir<\/a><\/strong>: Classique, \u00e9l\u00e9gant et ind\u00e9modable. Optez pour la sophistication avec cette luxueuse finition noire.<\/li>\n\n\n\n<li><strong><a href=\"https:\/\/stage.poppersparadise.eu\/fr\/produit\/red-rush-power-sniffer\/\">Rouge Rush<\/a><\/strong>: Ardente et audacieuse, cette teinte rouge puissante donne une touche \u00e9nergique \u00e0 votre exp\u00e9rience.<\/li>\n\n\n\n<li><strong><a href=\"https:\/\/stage.poppersparadise.eu\/fr\/produit\/red-rush-power-sniffer-copy\/\">Pourpre royal<\/a><\/strong>Majestueux et myst\u00e9rieux, une couleur qui d\u00e9gage de la classe pour les go\u00fbts les plus exigeants.<\/li>\n\n\n\n<li><strong><a href=\"https:\/\/stage.poppersparadise.eu\/fr\/produit\/renifleur-de-puissance-joli-et-rose\/\">Jolie en rose<\/a><\/strong>: L\u00e9ger, enjou\u00e9 et charmant. Ajoutez une touche de gaiet\u00e9 avec cette magnifique couleur rose.<\/li>\n\n\n\n<li><strong><a href=\"https:\/\/stage.poppersparadise.eu\/fr\/produit\/greedy-green-vortex-power-sniffer-renifleur-denergie\/\">Vert gourmand<\/a><\/strong>: Frais, vibrant et accrocheur. Parfait pour ceux qui aiment se d\u00e9marquer avec style.<\/li>\n<\/ul>\n\n\n\n<h3 class=\"wp-block-heading\">Offre temporaire de lancement<\/h3>\n\n\n\n<p>Il n'y a pas de meilleur moment pour am\u00e9liorer votre exp\u00e9rience. Profitez d\u00e8s maintenant de notre <strong>20 % de remise de lancement<\/strong> sur le renifleur de puissance Black Caviar Vortex. N'attendez pas trop longtemps, cette offre est temporaire !<\/p>\n\n\n\n<p><strong>Commandez d\u00e8s maintenant le Black Caviar Vortex Power Sniffer et d\u00e9couvrez par vous-m\u00eame pourquoi il s'agit du meilleur Sniffer disponible.<\/strong><\/p>","protected":false},"excerpt":{"rendered":"<p><strong>Disponible \u00e0 partir du 1er juin <\/strong> Voici le Black Caviar Power Sniffer, la solution innovante pour renifler sans effort et en toute s\u00e9curit\u00e9. Notre renifleur allie luxe et performance, pour vous faire passer \u00e0 la vitesse sup\u00e9rieure. Gr\u00e2ce \u00e0 sa construction 100% \u00e9tanche et herm\u00e9tique, vous pouvez compter sur la puret\u00e9 et l'efficacit\u00e9 ultimes de chaque sniff. Pas d'\u00e9claboussures, pas d'ennuis.<\/p>","protected":false},"featured_media":17570,"comment_status":"open","ping_status":"closed","template":"","meta":[],"product_brand":[753],"product_cat":[330,529],"product_tag":[],"class_list":{"0":"post-17340","1":"product","2":"type-product","3":"status-publish","4":"has-post-thumbnail","6":"product_brand-beakr","7":"product_cat-accessoires","8":"product_cat-sniffers-small","10":"first","11":"instock","12":"sale","13":"taxable","14":"shipping-taxable","15":"purchasable","16":"product-type-simple"},"_links":{"self":[{"href":"https:\/\/stage.poppersparadise.eu\/fr\/wp-json\/wp\/v2\/product\/17340","targetHints":{"allow":["GET"]}}],"collection":[{"href":"https:\/\/stage.poppersparadise.eu\/fr\/wp-json\/wp\/v2\/product"}],"about":[{"href":"https:\/\/stage.poppersparadise.eu\/fr\/wp-json\/wp\/v2\/types\/product"}],"replies":[{"embeddable":true,"href":"https:\/\/stage.poppersparadise.eu\/fr\/wp-json\/wp\/v2\/comments?post=17340"}],"wp:featuredmedia":[{"embeddable":true,"href":"https:\/\/stage.poppersparadise.eu\/fr\/wp-json\/wp\/v2\/media\/17570"}],"wp:attachment":[{"href":"https:\/\/stage.poppersparadise.eu\/fr\/wp-json\/wp\/v2\/media?parent=17340"}],"wp:term":[{"taxonomy":"product_brand","embeddable":true,"href":"https:\/\/stage.poppersparadise.eu\/fr\/wp-json\/wp\/v2\/product_brand?post=17340"},{"taxonomy":"product_cat","embeddable":true,"href":"https:\/\/stage.poppersparadise.eu\/fr\/wp-json\/wp\/v2\/product_cat?post=17340"},{"taxonomy":"product_tag","embeddable":true,"href":"https:\/\/stage.poppersparadise.eu\/fr\/wp-json\/wp\/v2\/product_tag?post=17340"}],"curies":[{"name":"wp","href":"https:\/\/api.w.org\/{rel}","templated":true}]}}