{"id":18338,"date":"2025-06-11T11:00:23","date_gmt":"2025-06-11T09:00:23","guid":{"rendered":"https:\/\/stage.poppersparadise.eu\/?post_type=product&#038;p=18338"},"modified":"2025-09-01T21:25:47","modified_gmt":"2025-09-01T19:25:47","slug":"activator-butanol-24ml-poppers","status":"publish","type":"product","link":"https:\/\/stage.poppersparadise.eu\/fr\/produit\/activator-butanol-24ml-poppers\/","title":{"rendered":"Activator Butanol Slim 24ml"},"content":{"rendered":"<h2 class=\"wp-block-heading\">Activator Butanol 24ml poppers - sophistication et confort dans un flacon g\u00e9n\u00e9reux<\/h2>\n\n\n\n<p>Activator Butanol 24ml poppers est le choix id\u00e9al pour ceux qui recherchent une exp\u00e9rience olfactive douce et contr\u00f4l\u00e9e. Avec une formule unique de butanol-nitrite, ce produit offre un effet plus doux, parfait pour les nouveaux venus comme pour les utilisateurs r\u00e9guliers. Le flacon g\u00e9n\u00e9reux de 24 ml garantit une utilisation durable et une qualit\u00e9 fiable.<\/p>\n\n\n\n<figure class=\"wp-block-video\"><video controls src=\"https:\/\/stage.poppersparadise.eu\/wp-content\/uploads\/2025\/06\/8fde117b63d34625ad8b40f498cc39b6.HD-720p-4.5Mbps-47365342.mp4\"><\/video><\/figure>\n\n\n\n<h3 class=\"wp-block-heading\"><br>Caract\u00e9ristiques principales de Activator Butanol<\/h3>\n\n\n\n<ul class=\"wp-block-list\">\n<li><strong>Formule unique de butanol-nitrite<\/strong>La fragrance est douce et homog\u00e8ne.<\/li>\n\n\n\n<li><strong>Un contenu g\u00e9n\u00e9reux<\/strong>Flacon de 24 ml, id\u00e9al pour une utilisation \u00e0 long terme.<\/li>\n\n\n\n<li><strong>Confortable et fiable<\/strong>Le choix classique pour ceux qui recherchent la sophistication.<\/li>\n\n\n\n<li><strong>Moins tranchant<\/strong>Les produits de la cat\u00e9gorie \"Amyl\" sont plus doux que les produits de la cat\u00e9gorie \"Amyl\", parfaits pour les d\u00e9butants et les utilisateurs chevronn\u00e9s.<\/li>\n\n\n\n<li><strong>Bouteille con\u00e7ue<\/strong>Le flacon contient jusqu'\u00e0 30 ml, il est donc normal qu'il n'apparaisse pas compl\u00e8tement rempli.<\/li>\n<\/ul>\n\n\n\n<h3 class=\"wp-block-heading\">Comment utiliser le Butanol Activator ?<\/h3>\n\n\n\n<p>Le butanol Activator ne doit \u00eatre utilis\u00e9 que comme dispersant de parfum ou solvant de nettoyage. Il ne convient pas \u00e0 la consommation humaine et ne doit pas \u00eatre inhal\u00e9. Conservez le produit dans un endroit frais et sombre afin de pr\u00e9server sa qualit\u00e9 et fermez herm\u00e9tiquement le flacon apr\u00e8s utilisation.<\/p>\n\n\n\n<h3 class=\"wp-block-heading\">Pourquoi Activator Butanol est un favori<\/h3>\n\n\n\n<p>Activator Butanol est un choix classique parmi les diffuseurs de parfum. Son action douce et sa qualit\u00e9 fiable font de ce produit un favori pour ceux qui recherchent une exp\u00e9rience olfactive sophistiqu\u00e9e et durable.<\/p>\n\n\n\n<h3 class=\"wp-block-heading\">Avertissements<\/h3>\n\n\n\n<p>Liquide et vapeur hautement inflammables (H225).<br>Provoque une irritation de la peau et des yeux (H315\/H319).<br>Toxique par inhalation (H331).<br>Ce n'est pas un m\u00e9dicament. A utiliser \u00e0 vos risques et p\u00e9rils.<\/p>\n\n\n\n<h3 class=\"wp-block-heading\">Utilisation<\/h3>\n\n\n\n<p>Uniquement destin\u00e9 \u00e0 servir de diffuseur de parfum ou de solvant de nettoyage.<br>Ne convient pas \u00e0 la consommation humaine et ne doit pas \u00eatre inhal\u00e9.<\/p>\n\n\n\n<h3 class=\"wp-block-heading\">Stockage<\/h3>\n\n\n\n<p>Conserver dans un endroit frais et sec. Tenir hors de port\u00e9e des enfants.<\/p>\n\n\n\n<h3 class=\"wp-block-heading\">Pays d'origine<\/h3>\n\n\n\n<p>L'UE.<\/p>","protected":false},"excerpt":{"rendered":"<p><strong><br \/>ACCESSOIRES COMPATIBLES :<\/strong><\/p>\n<ul>\n<li><a href=\"https:\/\/stage.poppersparadise.eu\/fr\/categorie-de-produits\/accessoires\/renifleurs-petits\/\">Renifleurs Petit<\/a><\/li>\n<\/ul>","protected":false},"featured_media":18342,"comment_status":"open","ping_status":"closed","template":"","meta":[],"product_brand":[759],"product_cat":[35],"product_tag":[705],"class_list":{"0":"post-18338","1":"product","2":"type-product","3":"status-publish","4":"has-post-thumbnail","6":"product_brand-activator","7":"product_cat-grote-flesjes-poppers","8":"product_tag-tube","10":"first","11":"instock","12":"taxable","13":"shipping-taxable","14":"purchasable","15":"product-type-simple"},"_links":{"self":[{"href":"https:\/\/stage.poppersparadise.eu\/fr\/wp-json\/wp\/v2\/product\/18338","targetHints":{"allow":["GET"]}}],"collection":[{"href":"https:\/\/stage.poppersparadise.eu\/fr\/wp-json\/wp\/v2\/product"}],"about":[{"href":"https:\/\/stage.poppersparadise.eu\/fr\/wp-json\/wp\/v2\/types\/product"}],"replies":[{"embeddable":true,"href":"https:\/\/stage.poppersparadise.eu\/fr\/wp-json\/wp\/v2\/comments?post=18338"}],"wp:featuredmedia":[{"embeddable":true,"href":"https:\/\/stage.poppersparadise.eu\/fr\/wp-json\/wp\/v2\/media\/18342"}],"wp:attachment":[{"href":"https:\/\/stage.poppersparadise.eu\/fr\/wp-json\/wp\/v2\/media?parent=18338"}],"wp:term":[{"taxonomy":"product_brand","embeddable":true,"href":"https:\/\/stage.poppersparadise.eu\/fr\/wp-json\/wp\/v2\/product_brand?post=18338"},{"taxonomy":"product_cat","embeddable":true,"href":"https:\/\/stage.poppersparadise.eu\/fr\/wp-json\/wp\/v2\/product_cat?post=18338"},{"taxonomy":"product_tag","embeddable":true,"href":"https:\/\/stage.poppersparadise.eu\/fr\/wp-json\/wp\/v2\/product_tag?post=18338"}],"curies":[{"name":"wp","href":"https:\/\/api.w.org\/{rel}","templated":true}]}}