{"id":18767,"date":"2025-06-20T21:36:41","date_gmt":"2025-06-20T19:36:41","guid":{"rendered":"https:\/\/stage.poppersparadise.eu\/?post_type=product&#038;p=18767"},"modified":"2025-09-04T19:41:23","modified_gmt":"2025-09-04T17:41:23","slug":"mouchoir-en-bandana-rouge-du-rodeur-bleu","status":"publish","type":"product","link":"https:\/\/stage.poppersparadise.eu\/fr\/produit\/mouchoir-en-bandana-rouge-du-rodeur-bleu\/","title":{"rendered":"Prowler Hanky Blauw"},"content":{"rendered":"<h2 class=\"wp-block-heading\">Le bandana\/mouchoir bleu Prowler RED est plus qu'un simple morceau de tissu - c'est une d\u00e9claration audacieuse qui met en valeur votre style et votre personnalit\u00e9. <\/h2>\n\n\n\n<p>Que vous recherchiez la mode, le symbolisme ou la fonctionnalit\u00e9, ce bandana combine tout cela. Exprimez vos pr\u00e9f\u00e9rences de mani\u00e8re non verbale et portez-le avec fiert\u00e9, \u00e0 gauche comme \u00e0 droite.<\/p>\n\n\n\n<p><strong>Sp\u00e9cifications du produit :<\/strong><\/p>\n\n\n\n<ul class=\"wp-block-list\">\n<li><strong>Mat\u00e9riau :<\/strong> 100% coton de premi\u00e8re qualit\u00e9 pour un confort et une durabilit\u00e9 ultimes.<\/li>\n\n\n\n<li><strong>Dimensions :<\/strong> 55 x 55 cm (22 x 22 pouces) - id\u00e9al pour diverses options de transport.<\/li>\n\n\n\n<li><strong>Couleurs :<\/strong> Disponible en diff\u00e9rentes nuances, chaque couleur a une signification symbolique unique.<\/li>\n\n\n\n<li><strong>Entretien :<\/strong> Facile d'entretien, il est lavable en machine et peut \u00eatre s\u00e9ch\u00e9 au s\u00e8che-linge.<\/li>\n\n\n\n<li><strong>Provenance :<\/strong> Import\u00e9s et soigneusement s\u00e9lectionn\u00e9s pour leur qualit\u00e9 sup\u00e9rieure.<\/li>\n\n\n\n<li><strong>Utilisation :<\/strong> Il peut servir d'accessoire de mode, d'outil pratique ou de symbole expressif.<\/li>\n\n\n\n<li><strong>Durabilit\u00e9 suppl\u00e9mentaire :<\/strong> Les couleurs sont inalt\u00e9rables et con\u00e7ues pour une utilisation \u00e0 long terme.<\/li>\n\n\n\n<li><strong>Symbolisme :<\/strong> Le bleu a une signification unique ; d\u00e9couvrez comment vous pouvez l'utiliser.<\/li>\n\n\n\n<li><strong>Placement :<\/strong> Portez \u00e0 gauche ou \u00e0 droite pour communiquer vos pr\u00e9f\u00e9rences en toute discr\u00e9tion.<\/li>\n<\/ul>\n\n\n\n<p><strong>Hanky Code Bleu<\/strong><\/p>\n\n\n\n<ul class=\"wp-block-list\">\n<li><strong>Port\u00e9 \u00e0 gauche :<\/strong> Haut de page<\/li>\n\n\n\n<li><strong>Port\u00e9 \u00e0 droite :<\/strong> Le fond<\/li>\n<\/ul>\n\n\n\n<p>Compl\u00e9tez votre style avec le Bandana\/Hanky bleu Prowler RED et utilisez-le pour vous exprimer. Que vous le portiez comme un accessoire puissant ou comme un symbole, votre choix en dit long. Choisissez consciemment, portez-le avec fiert\u00e9 et montrez qui vous \u00eates.<\/p>\n\n\n\n<p><\/p>","protected":false},"excerpt":{"rendered":"<p>De Blauwe Prowler RED Bandana\/Hanky is meer dan een stuk stof \u2013 het is een gedurfd statement dat jouw stijl \u00e9n persoonlijkheid benadrukt. Of je nu mode, symboliek of functionaliteit zoekt, deze bandana combineert het allemaal. Geef jouw voorkeuren non-verbaal weer en draag het met trots, links of rechts. Productspecificaties: Hanky Code Blauw Maak jouw [&hellip;]<\/p>","protected":false},"featured_media":18732,"comment_status":"open","ping_status":"closed","template":"","meta":[],"product_brand":[761],"product_cat":[330,762],"product_tag":[],"class_list":{"0":"post-18767","1":"product","2":"type-product","3":"status-publish","4":"has-post-thumbnail","6":"product_brand-prowler-red","7":"product_cat-accessoires","8":"product_cat-hanky-code","10":"first","11":"instock","12":"taxable","13":"shipping-taxable","14":"purchasable","15":"product-type-simple"},"_links":{"self":[{"href":"https:\/\/stage.poppersparadise.eu\/fr\/wp-json\/wp\/v2\/product\/18767","targetHints":{"allow":["GET"]}}],"collection":[{"href":"https:\/\/stage.poppersparadise.eu\/fr\/wp-json\/wp\/v2\/product"}],"about":[{"href":"https:\/\/stage.poppersparadise.eu\/fr\/wp-json\/wp\/v2\/types\/product"}],"replies":[{"embeddable":true,"href":"https:\/\/stage.poppersparadise.eu\/fr\/wp-json\/wp\/v2\/comments?post=18767"}],"wp:featuredmedia":[{"embeddable":true,"href":"https:\/\/stage.poppersparadise.eu\/fr\/wp-json\/wp\/v2\/media\/18732"}],"wp:attachment":[{"href":"https:\/\/stage.poppersparadise.eu\/fr\/wp-json\/wp\/v2\/media?parent=18767"}],"wp:term":[{"taxonomy":"product_brand","embeddable":true,"href":"https:\/\/stage.poppersparadise.eu\/fr\/wp-json\/wp\/v2\/product_brand?post=18767"},{"taxonomy":"product_cat","embeddable":true,"href":"https:\/\/stage.poppersparadise.eu\/fr\/wp-json\/wp\/v2\/product_cat?post=18767"},{"taxonomy":"product_tag","embeddable":true,"href":"https:\/\/stage.poppersparadise.eu\/fr\/wp-json\/wp\/v2\/product_tag?post=18767"}],"curies":[{"name":"wp","href":"https:\/\/api.w.org\/{rel}","templated":true}]}}